{"id":1840,"date":"2020-04-22T20:02:54","date_gmt":"2020-04-22T20:02:54","guid":{"rendered":"https:\/\/39403733.servicio-online.net\/?post_type=product&#038;p=1840"},"modified":"2020-05-25T02:33:21","modified_gmt":"2020-05-25T02:33:21","slug":"galletas-mantecados-y-pestinos","status":"publish","type":"product","link":"https:\/\/miurltemporal.com/main/latahonadecarmen.es\/producto\/galletas-mantecados-y-pestinos\/","title":{"rendered":"Galletas, mantecados y pesti\u00f1os"},"content":{"rendered":"<p>Galletas de avena, galletas de almendra, mantecados y pesti\u00f1os<\/p>\n","protected":false},"excerpt":{"rendered":"Galletas de avena, galletas de almendra, mantecados y pesti\u00f1os","protected":false},"featured_media":1626,"comment_status":"open","ping_status":"closed","template":"","meta":[],"product_cat":[66],"product_tag":[],"yoast_head":"<!-- This site is optimized with the Yoast SEO plugin v19.6 - https:\/\/yoast.com\/wordpress\/plugins\/seo\/ -->\n<title>Galletas, mantecados y pesti\u00f1os - La Tahona de Carmen: Panader\u00eda artesanal en Madrid<\/title>\n<meta name=\"robots\" content=\"index, follow, max-snippet:-1, max-image-preview:large, max-video-preview:-1\" \/>\n<link rel=\"canonical\" href=\"https:\/\/miurltemporal.com/main/latahonadecarmen.es\/producto\/galletas-mantecados-y-pestinos\/\" \/>\n<meta property=\"og:locale\" content=\"es_ES\" \/>\n<meta property=\"og:type\" content=\"article\" \/>\n<meta property=\"og:title\" content=\"Galletas, mantecados y pesti\u00f1os - La Tahona de Carmen: Panader\u00eda artesanal en Madrid\" \/>\n<meta property=\"og:description\" content=\"Galletas de avena, galletas de almendra, mantecados y pesti\u00f1os\" \/>\n<meta property=\"og:url\" content=\"https:\/\/miurltemporal.com/main/latahonadecarmen.es\/producto\/galletas-mantecados-y-pestinos\/\" \/>\n<meta property=\"og:site_name\" content=\"La Tahona de Carmen: Panader\u00eda artesanal en Madrid\" \/>\n<meta property=\"article:modified_time\" content=\"2020-05-25T02:33:21+00:00\" \/>\n<meta property=\"og:image\" content=\"https:\/\/miurltemporal.com/main/latahonadecarmen.es\/wp-content\/uploads\/2020\/04\/GALLETAS-DE-AVENA-GALLENAS-DE-ALMENDRA-MANTECADOS-Y-PESTI\u00d1OS-scaled.jpg\" \/>\n\t<meta property=\"og:image:width\" content=\"2560\" \/>\n\t<meta property=\"og:image:height\" content=\"1920\" \/>\n\t<meta property=\"og:image:type\" content=\"image\/jpeg\" \/>\n<meta name=\"twitter:card\" content=\"summary_large_image\" \/>\n<script type=\"application\/ld+json\" class=\"yoast-schema-graph\">{\"@context\":\"https:\/\/schema.org\",\"@graph\":[{\"@type\":\"WebPage\",\"@id\":\"https:\/\/latahonadecarmen.es\/producto\/galletas-mantecados-y-pestinos\/\",\"url\":\"https:\/\/latahonadecarmen.es\/producto\/galletas-mantecados-y-pestinos\/\",\"name\":\"Galletas, mantecados y pesti\u00f1os - La Tahona de Carmen: Panader\u00eda artesanal en Madrid\",\"isPartOf\":{\"@id\":\"https:\/\/latahonadecarmen.es\/#website\"},\"datePublished\":\"2020-04-22T20:02:54+00:00\",\"dateModified\":\"2020-05-25T02:33:21+00:00\",\"breadcrumb\":{\"@id\":\"https:\/\/latahonadecarmen.es\/producto\/galletas-mantecados-y-pestinos\/#breadcrumb\"},\"inLanguage\":\"es\",\"potentialAction\":[{\"@type\":\"ReadAction\",\"target\":[\"https:\/\/latahonadecarmen.es\/producto\/galletas-mantecados-y-pestinos\/\"]}]},{\"@type\":\"BreadcrumbList\",\"@id\":\"https:\/\/latahonadecarmen.es\/producto\/galletas-mantecados-y-pestinos\/#breadcrumb\",\"itemListElement\":[{\"@type\":\"ListItem\",\"position\":1,\"name\":\"Portada\",\"item\":\"https:\/\/latahonadecarmen.es\/\"},{\"@type\":\"ListItem\",\"position\":2,\"name\":\"SHOP\",\"item\":\"https:\/\/latahonadecarmen.es\/shop-2\/\"},{\"@type\":\"ListItem\",\"position\":3,\"name\":\"Galletas, mantecados y pesti\u00f1os\"}]},{\"@type\":\"WebSite\",\"@id\":\"https:\/\/latahonadecarmen.es\/#website\",\"url\":\"https:\/\/latahonadecarmen.es\/\",\"name\":\"La Tahona de Carmen: Panader\u00eda artesanal en Madrid\",\"description\":\"Panader\u00eda artesanal en Madrid, en la tahona de Carmen elaboramos pan con nuestras manos sin adulterar la naturalidad de los ingredientes. Recibe tu muestra gratuita, panader\u00eda a domicilio en boadilla del monte, Majadahonda, pozuelo de alarc\u00f3n.\",\"potentialAction\":[{\"@type\":\"SearchAction\",\"target\":{\"@type\":\"EntryPoint\",\"urlTemplate\":\"https:\/\/latahonadecarmen.es\/?s={search_term_string}\"},\"query-input\":\"required name=search_term_string\"}],\"inLanguage\":\"es\"}]}<\/script>\n<!-- \/ Yoast SEO plugin. -->","yoast_head_json":{"title":"Galletas, mantecados y pesti\u00f1os - La Tahona de Carmen: Panader\u00eda artesanal en Madrid","robots":{"index":"index","follow":"follow","max-snippet":"max-snippet:-1","max-image-preview":"max-image-preview:large","max-video-preview":"max-video-preview:-1"},"canonical":"https:\/\/miurltemporal.com/main/latahonadecarmen.es\/producto\/galletas-mantecados-y-pestinos\/","og_locale":"es_ES","og_type":"article","og_title":"Galletas, mantecados y pesti\u00f1os - La Tahona de Carmen: Panader\u00eda artesanal en Madrid","og_description":"Galletas de avena, galletas de almendra, mantecados y pesti\u00f1os","og_url":"https:\/\/miurltemporal.com/main/latahonadecarmen.es\/producto\/galletas-mantecados-y-pestinos\/","og_site_name":"La Tahona de Carmen: Panader\u00eda artesanal en Madrid","article_modified_time":"2020-05-25T02:33:21+00:00","og_image":[{"width":2560,"height":1920,"url":"https:\/\/miurltemporal.com/main/latahonadecarmen.es\/wp-content\/uploads\/2020\/04\/GALLETAS-DE-AVENA-GALLENAS-DE-ALMENDRA-MANTECADOS-Y-PESTI\u00d1OS-scaled.jpg","type":"image\/jpeg"}],"twitter_card":"summary_large_image","schema":{"@context":"https:\/\/schema.org","@graph":[{"@type":"WebPage","@id":"https:\/\/miurltemporal.com/main/latahonadecarmen.es\/producto\/galletas-mantecados-y-pestinos\/","url":"https:\/\/miurltemporal.com/main/latahonadecarmen.es\/producto\/galletas-mantecados-y-pestinos\/","name":"Galletas, mantecados y pesti\u00f1os - La Tahona de Carmen: Panader\u00eda artesanal en Madrid","isPartOf":{"@id":"https:\/\/miurltemporal.com/main/latahonadecarmen.es\/#website"},"datePublished":"2020-04-22T20:02:54+00:00","dateModified":"2020-05-25T02:33:21+00:00","breadcrumb":{"@id":"https:\/\/miurltemporal.com/main/latahonadecarmen.es\/producto\/galletas-mantecados-y-pestinos\/#breadcrumb"},"inLanguage":"es","potentialAction":[{"@type":"ReadAction","target":["https:\/\/latahonadecarmen.es\/producto\/galletas-mantecados-y-pestinos\/"]}]},{"@type":"BreadcrumbList","@id":"https:\/\/miurltemporal.com/main/latahonadecarmen.es\/producto\/galletas-mantecados-y-pestinos\/#breadcrumb","itemListElement":[{"@type":"ListItem","position":1,"name":"Portada","item":"https:\/\/miurltemporal.com/main/latahonadecarmen.es\/"},{"@type":"ListItem","position":2,"name":"SHOP","item":"https:\/\/miurltemporal.com/main/latahonadecarmen.es\/shop-2\/"},{"@type":"ListItem","position":3,"name":"Galletas, mantecados y pesti\u00f1os"}]},{"@type":"WebSite","@id":"https:\/\/miurltemporal.com/main/latahonadecarmen.es\/#website","url":"https:\/\/miurltemporal.com/main/latahonadecarmen.es\/","name":"La Tahona de Carmen: Panader\u00eda artesanal en Madrid","description":"Panader\u00eda artesanal en Madrid, en la tahona de Carmen elaboramos pan con nuestras manos sin adulterar la naturalidad de los ingredientes. Recibe tu muestra gratuita, panader\u00eda a domicilio en boadilla del monte, Majadahonda, pozuelo de alarc\u00f3n.","potentialAction":[{"@type":"SearchAction","target":{"@type":"EntryPoint","urlTemplate":"https:\/\/miurltemporal.com/main/latahonadecarmen.es\/?s={search_term_string}"},"query-input":"required name=search_term_string"}],"inLanguage":"es"}]}},"_links":{"self":[{"href":"https:\/\/miurltemporal.com/main/latahonadecarmen.es\/wp-json\/wp\/v2\/product\/1840"}],"collection":[{"href":"https:\/\/miurltemporal.com/main/latahonadecarmen.es\/wp-json\/wp\/v2\/product"}],"about":[{"href":"https:\/\/miurltemporal.com/main/latahonadecarmen.es\/wp-json\/wp\/v2\/types\/product"}],"replies":[{"embeddable":true,"href":"https:\/\/miurltemporal.com/main/latahonadecarmen.es\/wp-json\/wp\/v2\/comments?post=1840"}],"wp:featuredmedia":[{"embeddable":true,"href":"https:\/\/miurltemporal.com/main/latahonadecarmen.es\/wp-json\/wp\/v2\/media\/1626"}],"wp:attachment":[{"href":"https:\/\/miurltemporal.com/main/latahonadecarmen.es\/wp-json\/wp\/v2\/media?parent=1840"}],"wp:term":[{"taxonomy":"product_cat","embeddable":true,"href":"https:\/\/miurltemporal.com/main/latahonadecarmen.es\/wp-json\/wp\/v2\/product_cat?post=1840"},{"taxonomy":"product_tag","embeddable":true,"href":"https:\/\/miurltemporal.com/main/latahonadecarmen.es\/wp-json\/wp\/v2\/product_tag?post=1840"}],"curies":[{"name":"wp","href":"https:\/\/api.w.org\/{rel}","templated":true}]}}