{"id":3685,"date":"2023-12-27T11:52:44","date_gmt":"2023-12-27T11:52:44","guid":{"rendered":"https:\/\/miurltemporal.com/main/joyitasdeacero.es\/?post_type=product&#038;p=3685"},"modified":"2025-06-20T18:42:30","modified_gmt":"2025-06-20T18:42:30","slug":"ear-cuff-doble-dorado","status":"publish","type":"product","link":"https:\/\/miurltemporal.com/main/joyitasdeacero.es\/producto\/ear-cuff-doble-dorado\/","title":{"rendered":"Ear Cuff Doble Dorado"},"content":{"rendered":"<p>Este Ear Cuff de dos bandas es el accesorio ideal para darle ese toque actual a tu oreja. No necesita agujeros para poder lucirlo. P\u00f3ntelo junto a tus pendientes favoritos y crea una combinaci\u00f3n ideal. Fabricado con acero inoxidable y ba\u00f1o de oro de alta calidad que garantiza una durabilidad excepcional. 100% Waterproof<\/p>\n<ul>\n<li><strong>Material: <\/strong>Acero<\/li>\n<li><strong>Acabado: <\/strong>Ba\u00f1o de oro<\/li>\n<li><strong>Medidas: <\/strong>5mm<\/li>\n<\/ul>\n","protected":false},"excerpt":{"rendered":"<p>Este Ear Cuff de dos bandas es el accesorio ideal para darle ese toque actual a tu oreja. No necesita agujeros para poder lucirlo. P\u00f3ntelo junto a tus pendientes favoritos y crea una combinaci\u00f3n ideal. Fabricado con acero inoxidable y ba\u00f1o de oro de alta calidad que garantiza una durabilidad excepcional. 100% Waterproof Material: Acero [&hellip;]<\/p>\n","protected":false},"featured_media":1840,"comment_status":"closed","ping_status":"closed","template":"","meta":{"_seopress_robots_primary_cat":"none","_seopress_titles_title":"","_seopress_titles_desc":"Este Ear Cuff de dos bandas es el accesorio ideal para darle ese toque actual a tu oreja. No necesita agujeros para poder lucirlo.","_seopress_robots_index":""},"product_brand":[],"product_cat":[58],"product_tag":[39],"class_list":{"0":"post-3685","1":"product","2":"type-product","3":"status-publish","4":"has-post-thumbnail","6":"product_cat-varios","7":"product_tag-bano-oro","9":"first","10":"instock","11":"shipping-taxable","12":"purchasable","13":"product-type-simple"},"_links":{"self":[{"href":"https:\/\/miurltemporal.com/main/joyitasdeacero.es\/wp-json\/wp\/v2\/product\/3685","targetHints":{"allow":["GET"]}}],"collection":[{"href":"https:\/\/miurltemporal.com/main/joyitasdeacero.es\/wp-json\/wp\/v2\/product"}],"about":[{"href":"https:\/\/miurltemporal.com/main/joyitasdeacero.es\/wp-json\/wp\/v2\/types\/product"}],"replies":[{"embeddable":true,"href":"https:\/\/miurltemporal.com/main/joyitasdeacero.es\/wp-json\/wp\/v2\/comments?post=3685"}],"wp:featuredmedia":[{"embeddable":true,"href":"https:\/\/miurltemporal.com/main/joyitasdeacero.es\/wp-json\/wp\/v2\/media\/1840"}],"wp:attachment":[{"href":"https:\/\/miurltemporal.com/main/joyitasdeacero.es\/wp-json\/wp\/v2\/media?parent=3685"}],"wp:term":[{"taxonomy":"product_brand","embeddable":true,"href":"https:\/\/miurltemporal.com/main/joyitasdeacero.es\/wp-json\/wp\/v2\/product_brand?post=3685"},{"taxonomy":"product_cat","embeddable":true,"href":"https:\/\/miurltemporal.com/main/joyitasdeacero.es\/wp-json\/wp\/v2\/product_cat?post=3685"},{"taxonomy":"product_tag","embeddable":true,"href":"https:\/\/miurltemporal.com/main/joyitasdeacero.es\/wp-json\/wp\/v2\/product_tag?post=3685"}],"curies":[{"name":"wp","href":"https:\/\/api.w.org\/{rel}","templated":true}]}}