{"id":17707,"date":"2026-04-21T16:54:48","date_gmt":"2026-04-21T16:54:48","guid":{"rendered":"https:\/\/miurltemporal.com/main/joyitasdeacero.es\/?post_type=product&#038;p=17707"},"modified":"2026-04-21T16:54:49","modified_gmt":"2026-04-21T16:54:49","slug":"pendientes-acero-brillos-multicolor","status":"publish","type":"product","link":"https:\/\/miurltemporal.com/main/joyitasdeacero.es\/producto\/pendientes-acero-brillos-multicolor\/","title":{"rendered":"Pendientes Acero Brillos Multicolor"},"content":{"rendered":"<p data-start=\"0\" data-end=\"261\">Pendientes elegantes con dise\u00f1o moderno y lleno de color. Estos aros en <strong data-start=\"72\" data-end=\"92\">acero inoxidable<\/strong> est\u00e1n disponibles en acabado <strong data-start=\"122\" data-end=\"143\">dorado y plateado<\/strong>, e incorporan un charm circular con delicadas circonitas multicolor que aportan luz y sofisticaci\u00f3n a cualquier look.<\/p>\n<p data-start=\"263\" data-end=\"447\">Su estilo vers\u00e1til los hace perfectos tanto para el d\u00eda a d\u00eda como para ocasiones especiales. Son ligeros, c\u00f3modos y resistentes, ideales para acompa\u00f1arte siempre sin perder su brillo.<\/p>\n<p data-start=\"449\" data-end=\"467\">\u2728 Caracter\u00edsticas:<\/p>\n<ul data-start=\"468\" data-end=\"675\">\n<li data-section-id=\"8jf40q\" data-start=\"468\" data-end=\"504\">Acero inoxidable de alta calidad<\/li>\n<li data-section-id=\"mm5xbl\" data-start=\"505\" data-end=\"541\">Disponibles en dorado y plateado<\/li>\n<li data-section-id=\"1u19z6y\" data-start=\"542\" data-end=\"583\">Charm colgante con piedras multicolor<\/li>\n<li data-section-id=\"1elfn87\" data-start=\"584\" data-end=\"610\">Dise\u00f1o ligero y c\u00f3modo<\/li>\n<li data-section-id=\"1g67s4m\" data-start=\"611\" data-end=\"635\">Cierre de aro seguro<\/li>\n<li data-section-id=\"1d7o9xt\" data-start=\"636\" data-end=\"675\">Resistentes al agua y al uso diario<\/li>\n<\/ul>\n<p data-start=\"677\" data-end=\"784\" data-is-last-node=\"\" data-is-only-node=\"\">Un accesorio actual, femenino y f\u00e1cil de combinar. El toque de color perfecto para elevar cualquier outfit.<\/p>\n","protected":false},"excerpt":{"rendered":"<p>Pendientes elegantes con dise\u00f1o moderno y lleno de color. Estos aros en acero inoxidable est\u00e1n disponibles en acabado dorado y plateado, e incorporan un charm circular con delicadas circonitas multicolor que aportan luz y sofisticaci\u00f3n a cualquier look. Su estilo vers\u00e1til los hace perfectos tanto para el d\u00eda a d\u00eda como para ocasiones especiales. Son [&hellip;]<\/p>\n","protected":false},"featured_media":17710,"comment_status":"closed","ping_status":"closed","template":"","meta":{"_seopress_robots_primary_cat":"","_seopress_titles_title":"","_seopress_titles_desc":"","_seopress_robots_index":""},"product_brand":[],"product_cat":[32],"product_tag":[],"class_list":{"0":"post-17707","1":"product","2":"type-product","3":"status-publish","4":"has-post-thumbnail","6":"product_cat-pendientes","8":"first","9":"instock","10":"shipping-taxable","11":"purchasable","12":"product-type-variable"},"_links":{"self":[{"href":"https:\/\/miurltemporal.com/main/joyitasdeacero.es\/wp-json\/wp\/v2\/product\/17707","targetHints":{"allow":["GET"]}}],"collection":[{"href":"https:\/\/miurltemporal.com/main/joyitasdeacero.es\/wp-json\/wp\/v2\/product"}],"about":[{"href":"https:\/\/miurltemporal.com/main/joyitasdeacero.es\/wp-json\/wp\/v2\/types\/product"}],"replies":[{"embeddable":true,"href":"https:\/\/miurltemporal.com/main/joyitasdeacero.es\/wp-json\/wp\/v2\/comments?post=17707"}],"wp:featuredmedia":[{"embeddable":true,"href":"https:\/\/miurltemporal.com/main/joyitasdeacero.es\/wp-json\/wp\/v2\/media\/17710"}],"wp:attachment":[{"href":"https:\/\/miurltemporal.com/main/joyitasdeacero.es\/wp-json\/wp\/v2\/media?parent=17707"}],"wp:term":[{"taxonomy":"product_brand","embeddable":true,"href":"https:\/\/miurltemporal.com/main/joyitasdeacero.es\/wp-json\/wp\/v2\/product_brand?post=17707"},{"taxonomy":"product_cat","embeddable":true,"href":"https:\/\/miurltemporal.com/main/joyitasdeacero.es\/wp-json\/wp\/v2\/product_cat?post=17707"},{"taxonomy":"product_tag","embeddable":true,"href":"https:\/\/miurltemporal.com/main/joyitasdeacero.es\/wp-json\/wp\/v2\/product_tag?post=17707"}],"curies":[{"name":"wp","href":"https:\/\/api.w.org\/{rel}","templated":true}]}}