{"id":17696,"date":"2026-04-21T16:22:57","date_gmt":"2026-04-21T16:22:57","guid":{"rendered":"https:\/\/miurltemporal.com/main/joyitasdeacero.es\/?post_type=product&#038;p=17696"},"modified":"2026-04-21T16:59:03","modified_gmt":"2026-04-21T16:59:03","slug":"collar-brillos-multicolor","status":"publish","type":"product","link":"https:\/\/miurltemporal.com/main/joyitasdeacero.es\/producto\/collar-brillos-multicolor\/","title":{"rendered":"Collar Brillos Multicolor"},"content":{"rendered":"<p data-start=\"0\" data-end=\"281\">Dale protagonismo a tu estilo con este collar elegante y vers\u00e1til, dise\u00f1ado para aportar un toque de luz a cualquier look. Su delicada cadena de acabado pulido sostiene un colgante redondo decorado con peque\u00f1as piedras de colores, creando un dise\u00f1o moderno y lleno de personalidad.<\/p>\n<p data-start=\"283\" data-end=\"518\">Disponible en acabado dorado y plateado, es la pieza perfecta tanto para el d\u00eda a d\u00eda como para ocasiones especiales. Su dise\u00f1o atemporal lo convierte en un imprescindible que combina f\u00e1cilmente con otros accesorios o luce por s\u00ed solo.<\/p>\n<p data-start=\"520\" data-end=\"619\">Fabricado en acero inoxidable, es resistente, duradero y mantiene su brillo con el paso del tiempo.<\/p>\n<p data-start=\"621\" data-end=\"639\">\u2728 Caracter\u00edsticas:<\/p>\n<ul data-start=\"640\" data-end=\"781\">\n<li data-section-id=\"vxeln8\" data-start=\"640\" data-end=\"670\">Material: Acero inoxidable<\/li>\n<li data-section-id=\"qeev9i\" data-start=\"671\" data-end=\"702\">Acabados: Dorado y plateado<\/li>\n<li data-section-id=\"lru8at\" data-start=\"703\" data-end=\"739\">Colgante con detalles multicolor<\/li>\n<li data-section-id=\"12qqwih\" data-start=\"740\" data-end=\"781\">Cierre ajustable para mayor comodidad<\/li>\n<\/ul>\n<p data-start=\"783\" data-end=\"884\" data-is-last-node=\"\" data-is-only-node=\"\">Un collar pensado para mujeres que buscan elegancia sin renunciar a un toque de color y originalidad.<\/p>\n","protected":false},"excerpt":{"rendered":"<p>Dale protagonismo a tu estilo con este collar elegante y vers\u00e1til, dise\u00f1ado para aportar un toque de luz a cualquier look. Su delicada cadena de acabado pulido sostiene un colgante redondo decorado con peque\u00f1as piedras de colores, creando un dise\u00f1o moderno y lleno de personalidad. Disponible en acabado dorado y plateado, es la pieza perfecta [&hellip;]<\/p>\n","protected":false},"featured_media":17699,"comment_status":"closed","ping_status":"closed","template":"","meta":{"_seopress_robots_primary_cat":"none","_seopress_titles_title":"","_seopress_titles_desc":"","_seopress_robots_index":""},"product_brand":[],"product_cat":[33],"product_tag":[],"class_list":{"0":"post-17696","1":"product","2":"type-product","3":"status-publish","4":"has-post-thumbnail","6":"product_cat-collares","8":"first","9":"instock","10":"shipping-taxable","11":"purchasable","12":"product-type-variable"},"_links":{"self":[{"href":"https:\/\/miurltemporal.com/main/joyitasdeacero.es\/wp-json\/wp\/v2\/product\/17696","targetHints":{"allow":["GET"]}}],"collection":[{"href":"https:\/\/miurltemporal.com/main/joyitasdeacero.es\/wp-json\/wp\/v2\/product"}],"about":[{"href":"https:\/\/miurltemporal.com/main/joyitasdeacero.es\/wp-json\/wp\/v2\/types\/product"}],"replies":[{"embeddable":true,"href":"https:\/\/miurltemporal.com/main/joyitasdeacero.es\/wp-json\/wp\/v2\/comments?post=17696"}],"wp:featuredmedia":[{"embeddable":true,"href":"https:\/\/miurltemporal.com/main/joyitasdeacero.es\/wp-json\/wp\/v2\/media\/17699"}],"wp:attachment":[{"href":"https:\/\/miurltemporal.com/main/joyitasdeacero.es\/wp-json\/wp\/v2\/media?parent=17696"}],"wp:term":[{"taxonomy":"product_brand","embeddable":true,"href":"https:\/\/miurltemporal.com/main/joyitasdeacero.es\/wp-json\/wp\/v2\/product_brand?post=17696"},{"taxonomy":"product_cat","embeddable":true,"href":"https:\/\/miurltemporal.com/main/joyitasdeacero.es\/wp-json\/wp\/v2\/product_cat?post=17696"},{"taxonomy":"product_tag","embeddable":true,"href":"https:\/\/miurltemporal.com/main/joyitasdeacero.es\/wp-json\/wp\/v2\/product_tag?post=17696"}],"curies":[{"name":"wp","href":"https:\/\/api.w.org\/{rel}","templated":true}]}}