{"id":17672,"date":"2026-04-21T14:52:06","date_gmt":"2026-04-21T14:52:06","guid":{"rendered":"https:\/\/miurltemporal.com/main/joyitasdeacero.es\/?post_type=product&#038;p=17672"},"modified":"2026-04-21T16:24:42","modified_gmt":"2026-04-21T16:24:42","slug":"conjunto-pulsera-y-collar-amor-que-perdura-acero-inoxidable","status":"publish","type":"product","link":"https:\/\/miurltemporal.com/main/joyitasdeacero.es\/producto\/conjunto-pulsera-y-collar-amor-que-perdura-acero-inoxidable\/","title":{"rendered":"Conjunto Pulsera y Collar Amor Que Perdura Acero Inoxidable"},"content":{"rendered":"<h3 align=\"left\" data-pm-slice=\"1 1 []\">Conjunto Pulsera Y Collar Amor Que perdura<\/h3>\n<p>\u2728 <strong>Sorprende a mam\u00e1<\/strong> con un detalle lleno de significado. Nuestro conjunto de collar y pulsera de acero inoxidable representa el amor eterno con un delicado colgante en forma de coraz\u00f3n. Un dise\u00f1o elegante, moderno y atemporal que combina con cualquier estilo, perfecto para el d\u00eda a d\u00eda o ocasiones especiales.<\/p>\n<h3 align=\"left\">Dise\u00f1o y Material<\/h3>\n<ul>\n<li><strong>Acabado dorado y plateado<\/strong>.<\/li>\n<li><strong>Acero inoxidable<\/strong>: resistente al agua y al uso diario.<\/li>\n<li>No pierde el color ni el brillo.<\/li>\n<li>Ideal como regalo especial para el D\u00eda de la Madre.<\/li>\n<\/ul>\n<h3 align=\"left\">Significado y Uso<\/h3>\n<p>Este conjunto no es solo una joya\u2026 es un s\u00edmbolo de amor, conexi\u00f3n y recuerdos que duran para siempre. Haz que este D\u00eda de la Madre sea inolvidable.<\/p>\n<p>&nbsp;<\/p>\n","protected":false},"excerpt":{"rendered":"<p>Conjunto Pulsera Y Collar Amor Que perdura \u2728 Sorprende a mam\u00e1 con un detalle lleno de significado. Nuestro conjunto de collar y pulsera de acero inoxidable representa el amor eterno con un delicado colgante en forma de coraz\u00f3n. Un dise\u00f1o elegante, moderno y atemporal que combina con cualquier estilo, perfecto para el d\u00eda a d\u00eda [&hellip;]<\/p>\n","protected":false},"featured_media":17675,"comment_status":"closed","ping_status":"closed","template":"","meta":{"_seopress_robots_primary_cat":"none","_seopress_titles_title":"","_seopress_titles_desc":"","_seopress_robots_index":""},"product_brand":[],"product_cat":[33,34],"product_tag":[],"class_list":{"0":"post-17672","1":"product","2":"type-product","3":"status-publish","4":"has-post-thumbnail","6":"product_cat-collares","7":"product_cat-pulseras","9":"first","10":"instock","11":"sale","12":"shipping-taxable","13":"purchasable","14":"product-type-variable"},"_links":{"self":[{"href":"https:\/\/miurltemporal.com/main/joyitasdeacero.es\/wp-json\/wp\/v2\/product\/17672","targetHints":{"allow":["GET"]}}],"collection":[{"href":"https:\/\/miurltemporal.com/main/joyitasdeacero.es\/wp-json\/wp\/v2\/product"}],"about":[{"href":"https:\/\/miurltemporal.com/main/joyitasdeacero.es\/wp-json\/wp\/v2\/types\/product"}],"replies":[{"embeddable":true,"href":"https:\/\/miurltemporal.com/main/joyitasdeacero.es\/wp-json\/wp\/v2\/comments?post=17672"}],"wp:featuredmedia":[{"embeddable":true,"href":"https:\/\/miurltemporal.com/main/joyitasdeacero.es\/wp-json\/wp\/v2\/media\/17675"}],"wp:attachment":[{"href":"https:\/\/miurltemporal.com/main/joyitasdeacero.es\/wp-json\/wp\/v2\/media?parent=17672"}],"wp:term":[{"taxonomy":"product_brand","embeddable":true,"href":"https:\/\/miurltemporal.com/main/joyitasdeacero.es\/wp-json\/wp\/v2\/product_brand?post=17672"},{"taxonomy":"product_cat","embeddable":true,"href":"https:\/\/miurltemporal.com/main/joyitasdeacero.es\/wp-json\/wp\/v2\/product_cat?post=17672"},{"taxonomy":"product_tag","embeddable":true,"href":"https:\/\/miurltemporal.com/main/joyitasdeacero.es\/wp-json\/wp\/v2\/product_tag?post=17672"}],"curies":[{"name":"wp","href":"https:\/\/api.w.org\/{rel}","templated":true}]}}