{"id":15301,"date":"2025-11-10T12:18:26","date_gmt":"2025-11-10T12:18:26","guid":{"rendered":"https:\/\/miurltemporal.com/main/joyitasdeacero.es\/?post_type=product&#038;p=15301"},"modified":"2026-03-04T10:46:03","modified_gmt":"2026-03-04T10:46:03","slug":"prady-set-de-regalo-pink-butterfly","status":"publish","type":"product","link":"https:\/\/miurltemporal.com/main/joyitasdeacero.es\/producto\/prady-set-de-regalo-pink-butterfly\/","title":{"rendered":"Prady Set de Regalo Pink Butterfly"},"content":{"rendered":"<p>&nbsp;<\/p>\n<p><strong>set de regalo Pink Butterfly de Prady<\/strong> es un estuche completo para el cuidado corporal en el contexto de las inspiraciones de Prady).<\/p>\n<p>Caracter\u00edsticas Principales<\/p>\n<ul>\n<li><strong>Marca:<\/strong> Prady<\/li>\n<li><strong>Aroma:<\/strong> Pink Butterfly, una fragancia de la familia olfativa oriental floral.<\/li>\n<li><strong>Inspiraci\u00f3n:<\/strong> Se inspira en el perfume de alta gama para ofrecer una opci\u00f3n asequible con un aroma similar.<\/li>\n<li><strong>Contenido del Set:<\/strong> El pack incluye los tres productos que mencionas para una rutina de cuidado corporal completa:Gel de ba\u00f1o (Shower Gel) de 100 ml.Body Splash (Bruma corporal) de 75 ml.Eau de toilette (Agua de colonia) de 50 ml.<\/li>\n<\/ul>\n<ul>\n<li><\/li>\n<\/ul>\n<p>Perfil Olfativo<\/p>\n<p>La fragancia se caracteriza por ser dulce, vibrante y envolvente. Las notas olfativas clave incluyen:<\/p>\n<ul>\n<li><strong>Notas de Salida:<\/strong> Pitahaya.<\/li>\n<li><strong>Notas de Coraz\u00f3n:<\/strong> Peon\u00eda roja y frangipani.<\/li>\n<li><strong>Notas de Fondo:<\/strong> Vainilla y pachul\u00ed.<\/li>\n<\/ul>\n<ul>\n<li><\/li>\n<\/ul>\n<p>Este set est\u00e1 dise\u00f1ado para regalar o para disfrutar de un ritual de autocuidado diario, combinando limpieza y fragancia duradera.<\/p>\n<p>&nbsp;<\/p>\n","protected":false},"excerpt":{"rendered":"<p>&nbsp; set de regalo Pink Butterfly de Prady es un estuche completo para el cuidado corporal en el contexto de las inspiraciones de Prady). Caracter\u00edsticas Principales Marca: Prady Aroma: Pink Butterfly, una fragancia de la familia olfativa oriental floral. Inspiraci\u00f3n: Se inspira en el perfume de alta gama para ofrecer una opci\u00f3n asequible con un [&hellip;]<\/p>\n","protected":false},"featured_media":15304,"comment_status":"closed","ping_status":"closed","template":"","meta":{"_seopress_robots_primary_cat":"none","_seopress_titles_title":"Prady Set de Regalo Pink Butterfly - Joyitas de Acero","_seopress_titles_desc":"Set de regalo Pink Butterfly de Prady es un estuche completo para el cuidado corporal en el contexto de las inspiraciones de Prady","_seopress_robots_index":""},"product_brand":[],"product_cat":[68,157],"product_tag":[],"class_list":{"0":"post-15301","1":"product","2":"type-product","3":"status-publish","4":"has-post-thumbnail","6":"product_cat-la-gaviota","7":"product_cat-prady","9":"first","10":"instock","11":"shipping-taxable","12":"purchasable","13":"product-type-simple"},"_links":{"self":[{"href":"https:\/\/miurltemporal.com/main/joyitasdeacero.es\/wp-json\/wp\/v2\/product\/15301","targetHints":{"allow":["GET"]}}],"collection":[{"href":"https:\/\/miurltemporal.com/main/joyitasdeacero.es\/wp-json\/wp\/v2\/product"}],"about":[{"href":"https:\/\/miurltemporal.com/main/joyitasdeacero.es\/wp-json\/wp\/v2\/types\/product"}],"replies":[{"embeddable":true,"href":"https:\/\/miurltemporal.com/main/joyitasdeacero.es\/wp-json\/wp\/v2\/comments?post=15301"}],"wp:featuredmedia":[{"embeddable":true,"href":"https:\/\/miurltemporal.com/main/joyitasdeacero.es\/wp-json\/wp\/v2\/media\/15304"}],"wp:attachment":[{"href":"https:\/\/miurltemporal.com/main/joyitasdeacero.es\/wp-json\/wp\/v2\/media?parent=15301"}],"wp:term":[{"taxonomy":"product_brand","embeddable":true,"href":"https:\/\/miurltemporal.com/main/joyitasdeacero.es\/wp-json\/wp\/v2\/product_brand?post=15301"},{"taxonomy":"product_cat","embeddable":true,"href":"https:\/\/miurltemporal.com/main/joyitasdeacero.es\/wp-json\/wp\/v2\/product_cat?post=15301"},{"taxonomy":"product_tag","embeddable":true,"href":"https:\/\/miurltemporal.com/main/joyitasdeacero.es\/wp-json\/wp\/v2\/product_tag?post=15301"}],"curies":[{"name":"wp","href":"https:\/\/api.w.org\/{rel}","templated":true}]}}