{"id":7214,"date":"2024-08-26T09:01:46","date_gmt":"2024-08-26T09:01:46","guid":{"rendered":"https:\/\/miurltemporal.com/main/joyitasdeacero.es\/?page_id=7214"},"modified":"2026-03-28T18:00:51","modified_gmt":"2026-03-28T18:00:51","slug":"ropa","status":"publish","type":"page","link":"https:\/\/miurltemporal.com/main/joyitasdeacero.es\/ropa\/","title":{"rendered":"Ropa"},"content":{"rendered":"\t\t<div data-elementor-type=\"wp-page\" data-elementor-id=\"7214\" class=\"elementor elementor-7214\" data-elementor-post-type=\"page\">\n\t\t\t\t\t\t<section class=\"elementor-section elementor-top-section elementor-element elementor-element-6244e6ae elementor-section-height-min-height elementor-section-boxed elementor-section-height-default elementor-section-items-middle\" data-id=\"6244e6ae\" data-element_type=\"section\" data-e-type=\"section\" data-settings=\"{&quot;background_background&quot;:&quot;classic&quot;}\">\n\t\t\t\t\t\t\t<div class=\"elementor-background-overlay\"><\/div>\n\t\t\t\t\t\t\t<div class=\"elementor-container elementor-column-gap-default\">\n\t\t\t\t\t<div class=\"elementor-column elementor-col-100 elementor-top-column elementor-element elementor-element-3e0453e\" data-id=\"3e0453e\" data-element_type=\"column\" data-e-type=\"column\">\n\t\t\t<div class=\"elementor-widget-wrap\">\n\t\t\t\t\t\t\t<\/div>\n\t\t<\/div>\n\t\t\t\t\t<\/div>\n\t\t<\/section>\n\t\t\t\t<section class=\"elementor-section elementor-top-section elementor-element elementor-element-2885a2140 elementor-section-boxed elementor-section-height-default elementor-section-height-default\" data-id=\"2885a2140\" data-element_type=\"section\" data-e-type=\"section\">\n\t\t\t\t\t\t<div class=\"elementor-container elementor-column-gap-default\">\n\t\t\t\t\t<div class=\"elementor-column elementor-col-50 elementor-top-column elementor-element elementor-element-3e496ffe elementor-invisible\" data-id=\"3e496ffe\" data-element_type=\"column\" data-e-type=\"column\" data-settings=\"{&quot;animation&quot;:&quot;fadeIn&quot;}\">\n\t\t\t<div class=\"elementor-widget-wrap elementor-element-populated\">\n\t\t\t\t\t\t<div class=\"elementor-element elementor-element-3861b274 elementor-widget elementor-widget-heading\" data-id=\"3861b274\" data-element_type=\"widget\" data-e-type=\"widget\" data-widget_type=\"heading.default\">\n\t\t\t\t<div class=\"elementor-widget-container\">\n\t\t\t\t\t<h1 class=\"elementor-heading-title elementor-size-default\">Ropa<\/h1>\t\t\t\t<\/div>\n\t\t\t\t<\/div>\n\t\t\t\t<div class=\"elementor-element elementor-element-17666aa eael-product-gallery-column-mobile-2 eael-product-gallery-column-3 elementor-widget elementor-widget-eael-woo-product-gallery\" data-id=\"17666aa\" data-element_type=\"widget\" data-e-type=\"widget\" data-settings=\"{&quot;eael_product_gallery_column_mobile&quot;:&quot;2&quot;,&quot;eael_product_gallery_column&quot;:&quot;3&quot;}\" data-widget_type=\"eael-woo-product-gallery.default\">\n\t\t\t\t<div class=\"elementor-widget-container\">\n\t\t\t\t\t\n        <div class=\"eael-product-gallery eael-product-preset-4 masonry eael-terms-layout-horizontal\" id=\"eael-product-gallery\" data-widget-id=\"17666aa\" data-page-id=\"7214\" data-nonce=\"f913b0e514\" >\n\t\t\t<ul class=\"eael-cat-tab\" data-layout=\"masonry\" data-template=\"{&quot;dir&quot;:&quot;lite&quot;,&quot;file_name&quot;:&quot;preset-4.php&quot;,&quot;name&quot;:&quot;Woo-Product-Gallery&quot;}\" data-nonce=\"f913b0e514\" data-page-id=\"7214\" data-widget-id=\"17666aa\" data-widget=\"17666aa\" data-class=\"Essential_Addons_Elementor\\Elements\\Woo_Product_Gallery\" data-args=\"post_type=product&amp;post_status%5B0%5D=publish&amp;post_status%5B1%5D=pending&amp;post_status%5B2%5D=future&amp;posts_per_page=6&amp;order=desc&amp;offset=0&amp;tax_query%5Brelation%5D=AND&amp;tax_query%5B0%5D%5Btaxonomy%5D=product_visibility&amp;tax_query%5B0%5D%5Bfield%5D=name&amp;tax_query%5B0%5D%5Bterms%5D%5B0%5D=exclude-from-search&amp;tax_query%5B0%5D%5Bterms%5D%5B1%5D=exclude-from-catalog&amp;tax_query%5B0%5D%5Boperator%5D=NOT+IN&amp;tax_query%5B1%5D%5Brelation%5D=OR&amp;tax_query%5B1%5D%5B0%5D%5Btaxonomy%5D=product_cat&amp;tax_query%5B1%5D%5B0%5D%5Bfield%5D=term_id&amp;tax_query%5B1%5D%5B0%5D%5Bterms%5D=72&amp;tax_query%5B1%5D%5B0%5D%5Boperator%5D=IN&amp;orderby=date&amp;meta_query%5Brelation%5D=AND\" data-page=\"1\"><li><a href=\"javascript:;\" data-page=\"1\" data-taxonomy=\"product_cat\" data-terms='[\"ropa\"]' data-id=\"72\" class=\"post-list-filter-item \">Ropa<\/a><\/li><\/ul>\n            <div class=\"woocommerce\">\n\t\t\t\t<ul class=\"products eael-post-appender eael-post-appender-17666aa\" data-layout-mode=\"masonry\" data-ssi-desktop=\"yes\" ><li class=\"product \">\n        <div class=\"eael-product-wrap\" data-src=\"https:\/\/miurltemporal.com/main/joyitasdeacero.es\/wp-content\/uploads\/2026\/04\/WhatsApp-Image-2026-04-14-at-19.49.35-1-169x300.jpeg\" data-src-hover=\"https:\/\/miurltemporal.com/main/joyitasdeacero.es\/wp-content\/uploads\/2026\/04\/WhatsApp-Image-2026-04-14-at-19.49.35-169x300.jpeg\" >\n    <a href=\"https:\/\/miurltemporal.com/main/joyitasdeacero.es\/producto\/vestido-largo-lunares\/\" class=\"woocommerce-LoopProduct-link woocommerce-loop-product__link\"><img fetchpriority=\"high\" decoding=\"async\" width=\"169\" height=\"300\" src=\"https:\/\/miurltemporal.com/main/joyitasdeacero.es\/wp-content\/uploads\/2026\/04\/WhatsApp-Image-2026-04-14-at-19.49.35-1-169x300.jpeg\" class=\"attachment-medium size-medium\" alt=\"Vestido Largo Lunares\" loading=\"eager\" srcset=\"https:\/\/miurltemporal.com/main/joyitasdeacero.es\/wp-content\/uploads\/2026\/04\/WhatsApp-Image-2026-04-14-at-19.49.35-1-169x300.jpeg 169w, https:\/\/miurltemporal.com/main/joyitasdeacero.es\/wp-content\/uploads\/2026\/04\/WhatsApp-Image-2026-04-14-at-19.49.35-1-577x1024.jpeg 577w, https:\/\/miurltemporal.com/main/joyitasdeacero.es\/wp-content\/uploads\/2026\/04\/WhatsApp-Image-2026-04-14-at-19.49.35-1-600x1066.jpeg 600w, https:\/\/miurltemporal.com/main/joyitasdeacero.es\/wp-content\/uploads\/2026\/04\/WhatsApp-Image-2026-04-14-at-19.49.35-1.jpeg 768w\" sizes=\"(max-width: 169px) 100vw, 169px\" \/><\/a><h2 class=\"woocommerce-loop-product__title\">Vestido Largo Lunares<\/h2><div class=\"eael-product-price\"><del><span class=\"woocommerce-Price-amount amount\"><bdi>13,50&nbsp;<span class=\"woocommerce-Price-currencySymbol\">&euro;<\/span><\/bdi><\/span><\/del><br><ins><span class=\"woocommerce-Price-amount amount\"><bdi>12,15&nbsp;<span class=\"woocommerce-Price-currencySymbol\">&euro;<\/span><\/bdi><\/span><\/ins><\/div>    <\/div>\n<\/li><\/ul>            <div class=\"eael-load-more-button-wrap eael-infinity-scroll\" data-offset=\"-200\">\n                <button class=\"hide-load-more eael-load-more-button\" id=\"eael-load-more-btn-17666aa\" data-widget-id=\"17666aa\" data-widget=\"17666aa\" data-page-id=\"7214\" data-template=\"{&quot;dir&quot;:&quot;lite&quot;,&quot;file_name&quot;:&quot;preset-4.php&quot;,&quot;name&quot;:&quot;Woo-Product-Gallery&quot;}\" data-class=\"Essential_Addons_Elementor\\Elements\\Woo_Product_Gallery\" data-layout=\"masonry\" data-page=\"1\" data-args=\"post_type=product&amp;post_status%5B0%5D=publish&amp;post_status%5B1%5D=pending&amp;post_status%5B2%5D=future&amp;posts_per_page=6&amp;order=desc&amp;offset=0&amp;tax_query%5Brelation%5D=AND&amp;tax_query%5B0%5D%5Btaxonomy%5D=product_visibility&amp;tax_query%5B0%5D%5Bfield%5D=name&amp;tax_query%5B0%5D%5Bterms%5D%5B0%5D=exclude-from-search&amp;tax_query%5B0%5D%5Bterms%5D%5B1%5D=exclude-from-catalog&amp;tax_query%5B0%5D%5Boperator%5D=NOT+IN&amp;tax_query%5B1%5D%5Brelation%5D=OR&amp;tax_query%5B1%5D%5B0%5D%5Btaxonomy%5D=product_cat&amp;tax_query%5B1%5D%5B0%5D%5Bfield%5D=term_id&amp;tax_query%5B1%5D%5B0%5D%5Bterms%5D=72&amp;tax_query%5B1%5D%5B0%5D%5Boperator%5D=IN&amp;orderby=date&amp;meta_query%5Brelation%5D=AND\" data-max-page=\"1\">\n                    <span class=\"eael-btn-loader button__loader\"><\/span>\n                    <span class=\"eael_load_more_text\"><\/span>\n                <\/button>\n            <\/div>\n                        <\/div>\n        <\/div>\n        <script type=\"text\/javascript\">\n\t\t\tjQuery(document).ready(function ($) {\n\t\t\t\tvar $scope = jQuery(\".elementor-element-17666aa\");\n\t\t\t\tvar $products = $('.products', $scope);\n\t\t\t\tvar $layout_mode = $products.data('layout-mode');\n\n\t\t\t\tif ($layout_mode === 'masonry') {\n\t\t\t\t\t\/\/ init isotope\n\t\t\t\t\tvar $isotope_products = $products.isotope({ itemSelector: \"li.product\", layoutMode: $layout_mode, percentPosition: true });\n\t\t\t\t\t$isotope_products.imagesLoaded().progress(function () {\n\t\t\t\t\t\t$isotope_products.isotope('layout');\n\t\t\t\t\t})\n\n\t\t\t\t\t$(window).on('resize', function () {\n\t\t\t\t\t\t$isotope_products.isotope('layout');\n\t\t\t\t\t});\n\t\t\t\t}\n\t\t\t});\n        <\/script>\n\t\t\t\t\t\t<\/div>\n\t\t\t\t<\/div>\n\t\t\t\t<div class=\"elementor-element elementor-element-78395da elementor-widget elementor-widget-heading\" data-id=\"78395da\" data-element_type=\"widget\" data-e-type=\"widget\" data-widget_type=\"heading.default\">\n\t\t\t\t<div class=\"elementor-widget-container\">\n\t\t\t\t\t<h1 class=\"elementor-heading-title elementor-size-default\">Ropa de mujer<\/h1>\t\t\t\t<\/div>\n\t\t\t\t<\/div>\n\t\t\t\t<div class=\"elementor-element elementor-element-238e8b6 elementor-widget elementor-widget-heading\" data-id=\"238e8b6\" data-element_type=\"widget\" data-e-type=\"widget\" data-widget_type=\"heading.default\">\n\t\t\t\t<div class=\"elementor-widget-container\">\n\t\t\t\t\t<h2 class=\"elementor-heading-title elementor-size-default\">Descubre la colecci\u00f3n de ropa de mujer en Joyitas de Acero<\/h2>\t\t\t\t<\/div>\n\t\t\t\t<\/div>\n\t\t\t\t<div class=\"elementor-element elementor-element-3df803d elementor-widget elementor-widget-text-editor\" data-id=\"3df803d\" data-element_type=\"widget\" data-e-type=\"widget\" data-widget_type=\"text-editor.default\">\n\t\t\t\t<div class=\"elementor-widget-container\">\n\t\t\t\t\t\t\t\t\t<p class=\"p1\">Sum\u00e9rgete en un universo de moda y estilo con nuestra selecci\u00f3n exclusiva de <strong>ropa para mujer<\/strong> en Joyitas de Acero. Desde delicadas faldas hasta c\u00f3modos pantalones fluidos para mujer, y una variedad de <a href=\"https:\/\/miurltemporal.com/main/joyitasdeacero.es\/calzado\">calzado<\/a>. Encuentra aqu\u00ed todo lo necesario para armar looks espectaculares que reflejen tu esencia \u00fanica, con la mejor ropa de moda.<\/p><p class=\"p1\">En Joyitas de Acero, sabemos que la moda es una extensi\u00f3n de tu personalidad, y queremos ofrecerte la oportunidad de mostrar tu estilo \u00fanico. Nuestra selecci\u00f3n de <strong>ropa mujer online<\/strong> abarca desde piezas cl\u00e1sicas y atemporales hasta las tendencias m\u00e1s actuales, para que siempre encuentres algo que se ajuste a tu estilo, ya sea <strong>ropa original para mujer<\/strong> o <strong>prendas de moda casual<\/strong>.<\/p>\t\t\t\t\t\t\t\t<\/div>\n\t\t\t\t<\/div>\n\t\t\t\t<div class=\"elementor-element elementor-element-78e9dc1 elementor-widget elementor-widget-heading\" data-id=\"78e9dc1\" data-element_type=\"widget\" data-e-type=\"widget\" data-widget_type=\"heading.default\">\n\t\t\t\t<div class=\"elementor-widget-container\">\n\t\t\t\t\t<h2 class=\"elementor-heading-title elementor-size-default\">Estilo, comodidad y calidad en cada prenda<\/h2>\t\t\t\t<\/div>\n\t\t\t\t<\/div>\n\t\t\t\t<div class=\"elementor-element elementor-element-08246f0 elementor-widget elementor-widget-text-editor\" data-id=\"08246f0\" data-element_type=\"widget\" data-e-type=\"widget\" data-widget_type=\"text-editor.default\">\n\t\t\t\t<div class=\"elementor-widget-container\">\n\t\t\t\t\t\t\t\t\t<p class=\"p1\">Nuestro compromiso en Joyitas de Acero es brindarte ropa que no solo se vea bien, sino que tambi\u00e9n te haga sentir incre\u00edble. Trabajamos con materiales de alta calidad y nos enfocamos en los detalles, para garantizar que cada pieza de <strong>ropa urbana mujer<\/strong> que elijas supere tus expectativas. Ya sea que busques un conjunto elegante para una ocasi\u00f3n especial o un <strong>outfit casual de mujer<\/strong> para el d\u00eda a d\u00eda, aqu\u00ed encontrar\u00e1s opciones perfectas para cada momento.<\/p>\t\t\t\t\t\t\t\t<\/div>\n\t\t\t\t<\/div>\n\t\t\t\t<div class=\"elementor-element elementor-element-db9c135 elementor-widget elementor-widget-heading\" data-id=\"db9c135\" data-element_type=\"widget\" data-e-type=\"widget\" data-widget_type=\"heading.default\">\n\t\t\t\t<div class=\"elementor-widget-container\">\n\t\t\t\t\t<h2 class=\"elementor-heading-title elementor-size-default\">Encuentra la prenda perfecta para ti<\/h2>\t\t\t\t<\/div>\n\t\t\t\t<\/div>\n\t\t\t\t<div class=\"elementor-element elementor-element-795e1ce elementor-widget elementor-widget-text-editor\" data-id=\"795e1ce\" data-element_type=\"widget\" data-e-type=\"widget\" data-widget_type=\"text-editor.default\">\n\t\t\t\t<div class=\"elementor-widget-container\">\n\t\t\t\t\t\t\t\t\t<p class=\"p1\">Tanto si eres una entusiasta de la moda como si simplemente buscas ropa c\u00f3moda y funcional para tu rutina diaria, en Joyitas de Acero tenemos la prenda ideal para ti. Descubre nuestra variedad de <strong>ropa de mujer online<\/strong> y empieza a renovar tu armario con piezas que realmente representen qui\u00e9n eres. Nuestra colecci\u00f3n incluye desde <strong>camisetas mujer elegantes<\/strong> hasta <strong>pantalones de mujer<\/strong> para un look desenfadado y actual.<\/p>\t\t\t\t\t\t\t\t<\/div>\n\t\t\t\t<\/div>\n\t\t\t\t<div class=\"elementor-element elementor-element-b2cb74f elementor-widget elementor-widget-heading\" data-id=\"b2cb74f\" data-element_type=\"widget\" data-e-type=\"widget\" data-widget_type=\"heading.default\">\n\t\t\t\t<div class=\"elementor-widget-container\">\n\t\t\t\t\t<h2 class=\"elementor-heading-title elementor-size-default\">Define tu estilo personal<\/h2>\t\t\t\t<\/div>\n\t\t\t\t<\/div>\n\t\t\t\t<div class=\"elementor-element elementor-element-133bd99 elementor-widget elementor-widget-text-editor\" data-id=\"133bd99\" data-element_type=\"widget\" data-e-type=\"widget\" data-widget_type=\"text-editor.default\">\n\t\t\t\t<div class=\"elementor-widget-container\">\n\t\t\t\t\t\t\t\t\t<p class=\"p1\">En el vasto mundo de la <strong>moda mujer<\/strong>, puede ser todo un desaf\u00edo encontrar prendas que realmente te representen. En Joyitas de Acero, entendemos esta dificultad y por eso hemos creado una colecci\u00f3n pensada para ayudarte a descubrir y definir tu propio estilo. Ya sea que te inclines por la <strong>ropa moderna mujer<\/strong> o prefieras algo m\u00e1s cl\u00e1sico, aqu\u00ed encontrar\u00e1s lo que necesitas para destacar.<\/p>\t\t\t\t\t\t\t\t<\/div>\n\t\t\t\t<\/div>\n\t\t\t\t<div class=\"elementor-element elementor-element-39dae2c elementor-widget elementor-widget-heading\" data-id=\"39dae2c\" data-element_type=\"widget\" data-e-type=\"widget\" data-widget_type=\"heading.default\">\n\t\t\t\t<div class=\"elementor-widget-container\">\n\t\t\t\t\t<h2 class=\"elementor-heading-title elementor-size-default\">Compra moda mujer online con facilidad<\/h2>\t\t\t\t<\/div>\n\t\t\t\t<\/div>\n\t\t\t\t<div class=\"elementor-element elementor-element-11a205a elementor-widget elementor-widget-text-editor\" data-id=\"11a205a\" data-element_type=\"widget\" data-e-type=\"widget\" data-widget_type=\"text-editor.default\">\n\t\t\t\t<div class=\"elementor-widget-container\">\n\t\t\t\t\t\t\t\t\t<p class=\"p1\">En Joyitas de Acero, <strong>comprar ropa de mujer<\/strong> es una experiencia sencilla y conveniente. Ofrecemos las \u00faltimas tendencias en moda, con la comodidad de hacer tu compra desde la comodidad de tu hogar, sin filas y en cualquier momento que prefieras. Nuestra <strong>tienda de ropa mujer online<\/strong> est\u00e1 disponible las 24 horas del d\u00eda, los 7 d\u00edas de la semana. Y si necesitas asistencia, nuestro equipo est\u00e1 a un clic de distancia para responder cualquier duda.<\/p>\t\t\t\t\t\t\t\t<\/div>\n\t\t\t\t<\/div>\n\t\t\t\t<div class=\"elementor-element elementor-element-562c34b elementor-widget elementor-widget-heading\" data-id=\"562c34b\" data-element_type=\"widget\" data-e-type=\"widget\" data-widget_type=\"heading.default\">\n\t\t\t\t<div class=\"elementor-widget-container\">\n\t\t\t\t\t<h2 class=\"elementor-heading-title elementor-size-default\">Mantente al d\u00eda con las \u00faltimas novedades<\/h2>\t\t\t\t<\/div>\n\t\t\t\t<\/div>\n\t\t\t\t<div class=\"elementor-element elementor-element-c10519d elementor-widget elementor-widget-text-editor\" data-id=\"c10519d\" data-element_type=\"widget\" data-e-type=\"widget\" data-widget_type=\"text-editor.default\">\n\t\t\t\t<div class=\"elementor-widget-container\">\n\t\t\t\t\t\t\t\t\t<p class=\"p1\">En Joyitas de Acero, constantemente renovamos nuestra selecci\u00f3n de <strong>moda para mujer<\/strong> con nuevas prendas, para que siempre encuentres algo fresco y emocionante. No pierdas de vista nuestras novedades sigui\u00e9ndonos en redes sociales como <a href=\"https:\/\/www.instagram.com\/joyitasdeacero.es\/\" target=\"_blank\" rel=\"nofollow noopener\">Instagram<\/a>, <a href=\"https:\/\/www.facebook.com\/people\/joyitasdeaceroes\/61553259069986\" target=\"_blank\" rel=\"nofollow noopener\">Facebook<\/a> o <a href=\"https:\/\/www.tiktok.com\/@joyitasdeacero.es\" target=\"_blank\" rel=\"nofollow noopener\">TikTok<\/a>. As\u00ed, estar\u00e1s siempre al tanto de las nuevas incorporaciones en nuestra tienda de ropa de mujer online y no te perder\u00e1s ninguna tendencia. \u00a1Descubre lo \u00faltimo en moda con nosotros!<\/p>\t\t\t\t\t\t\t\t<\/div>\n\t\t\t\t<\/div>\n\t\t\t\t\t<\/div>\n\t\t<\/div>\n\t\t\t\t<div class=\"elementor-column elementor-col-50 elementor-top-column elementor-element elementor-element-71915df5 elementor-invisible\" data-id=\"71915df5\" data-element_type=\"column\" data-e-type=\"column\" data-settings=\"{&quot;animation&quot;:&quot;fadeIn&quot;,&quot;animation_delay&quot;:100}\">\n\t\t\t<div class=\"elementor-widget-wrap elementor-element-populated\">\n\t\t\t\t\t\t<div class=\"elementor-element elementor-element-2bc312e elementor-shape-rounded elementor-grid-0 e-grid-align-center elementor-widget elementor-widget-social-icons\" data-id=\"2bc312e\" data-element_type=\"widget\" data-e-type=\"widget\" data-widget_type=\"social-icons.default\">\n\t\t\t\t<div class=\"elementor-widget-container\">\n\t\t\t\t\t\t\t<div class=\"elementor-social-icons-wrapper elementor-grid\" role=\"list\">\n\t\t\t\t\t\t\t<span class=\"elementor-grid-item\" role=\"listitem\">\n\t\t\t\t\t<a class=\"elementor-icon elementor-social-icon elementor-social-icon-instagram elementor-animation-bounce-in elementor-repeater-item-f81765b\" href=\"https:\/\/www.instagram.com\/joyitasdeacero.es\/\" target=\"_blank\">\n\t\t\t\t\t\t<span class=\"elementor-screen-only\">Instagram<\/span>\n\t\t\t\t\t\t<svg aria-hidden=\"true\" class=\"e-font-icon-svg e-fab-instagram\" viewBox=\"0 0 448 512\" xmlns=\"http:\/\/www.w3.org\/2000\/svg\"><path d=\"M224.1 141c-63.6 0-114.9 51.3-114.9 114.9s51.3 114.9 114.9 114.9S339 319.5 339 255.9 287.7 141 224.1 141zm0 189.6c-41.1 0-74.7-33.5-74.7-74.7s33.5-74.7 74.7-74.7 74.7 33.5 74.7 74.7-33.6 74.7-74.7 74.7zm146.4-194.3c0 14.9-12 26.8-26.8 26.8-14.9 0-26.8-12-26.8-26.8s12-26.8 26.8-26.8 26.8 12 26.8 26.8zm76.1 27.2c-1.7-35.9-9.9-67.7-36.2-93.9-26.2-26.2-58-34.4-93.9-36.2-37-2.1-147.9-2.1-184.9 0-35.8 1.7-67.6 9.9-93.9 36.1s-34.4 58-36.2 93.9c-2.1 37-2.1 147.9 0 184.9 1.7 35.9 9.9 67.7 36.2 93.9s58 34.4 93.9 36.2c37 2.1 147.9 2.1 184.9 0 35.9-1.7 67.7-9.9 93.9-36.2 26.2-26.2 34.4-58 36.2-93.9 2.1-37 2.1-147.8 0-184.8zM398.8 388c-7.8 19.6-22.9 34.7-42.6 42.6-29.5 11.7-99.5 9-132.1 9s-102.7 2.6-132.1-9c-19.6-7.8-34.7-22.9-42.6-42.6-11.7-29.5-9-99.5-9-132.1s-2.6-102.7 9-132.1c7.8-19.6 22.9-34.7 42.6-42.6 29.5-11.7 99.5-9 132.1-9s102.7-2.6 132.1 9c19.6 7.8 34.7 22.9 42.6 42.6 11.7 29.5 9 99.5 9 132.1s2.7 102.7-9 132.1z\"><\/path><\/svg>\t\t\t\t\t<\/a>\n\t\t\t\t<\/span>\n\t\t\t\t\t\t\t<span class=\"elementor-grid-item\" role=\"listitem\">\n\t\t\t\t\t<a class=\"elementor-icon elementor-social-icon elementor-social-icon-facebook elementor-animation-bounce-in elementor-repeater-item-005a834\" href=\"https:\/\/www.facebook.com\/people\/joyitasdeaceroes\/61553259069986\" target=\"_blank\">\n\t\t\t\t\t\t<span class=\"elementor-screen-only\">Facebook<\/span>\n\t\t\t\t\t\t<svg aria-hidden=\"true\" class=\"e-font-icon-svg e-fab-facebook\" viewBox=\"0 0 512 512\" xmlns=\"http:\/\/www.w3.org\/2000\/svg\"><path d=\"M504 256C504 119 393 8 256 8S8 119 8 256c0 123.78 90.69 226.38 209.25 245V327.69h-63V256h63v-54.64c0-62.15 37-96.48 93.67-96.48 27.14 0 55.52 4.84 55.52 4.84v61h-31.28c-30.8 0-40.41 19.12-40.41 38.73V256h68.78l-11 71.69h-57.78V501C413.31 482.38 504 379.78 504 256z\"><\/path><\/svg>\t\t\t\t\t<\/a>\n\t\t\t\t<\/span>\n\t\t\t\t\t\t\t<span class=\"elementor-grid-item\" role=\"listitem\">\n\t\t\t\t\t<a class=\"elementor-icon elementor-social-icon elementor-social-icon-tiktok elementor-animation-bounce-in elementor-repeater-item-a613252\" href=\"https:\/\/www.tiktok.com\/@joyitasdeacero.es\" target=\"_blank\">\n\t\t\t\t\t\t<span class=\"elementor-screen-only\">Tiktok<\/span>\n\t\t\t\t\t\t<svg aria-hidden=\"true\" class=\"e-font-icon-svg e-fab-tiktok\" viewBox=\"0 0 448 512\" xmlns=\"http:\/\/www.w3.org\/2000\/svg\"><path d=\"M448,209.91a210.06,210.06,0,0,1-122.77-39.25V349.38A162.55,162.55,0,1,1,185,188.31V278.2a74.62,74.62,0,1,0,52.23,71.18V0l88,0a121.18,121.18,0,0,0,1.86,22.17h0A122.18,122.18,0,0,0,381,102.39a121.43,121.43,0,0,0,67,20.14Z\"><\/path><\/svg>\t\t\t\t\t<\/a>\n\t\t\t\t<\/span>\n\t\t\t\t\t<\/div>\n\t\t\t\t\t\t<\/div>\n\t\t\t\t<\/div>\n\t\t\t\t<div class=\"elementor-element elementor-element-1b10f13 elementor-widget elementor-widget-heading\" data-id=\"1b10f13\" data-element_type=\"widget\" data-e-type=\"widget\" data-widget_type=\"heading.default\">\n\t\t\t\t<div class=\"elementor-widget-container\">\n\t\t\t\t\t<h2 class=\"elementor-heading-title elementor-size-default\">Tus joyitas en tu casa <\/h2>\t\t\t\t<\/div>\n\t\t\t\t<\/div>\n\t\t\t\t<div class=\"elementor-element elementor-element-4c9fcee elementor-widget elementor-widget-image\" data-id=\"4c9fcee\" data-element_type=\"widget\" data-e-type=\"widget\" data-widget_type=\"image.default\">\n\t\t\t\t<div class=\"elementor-widget-container\">\n\t\t\t\t\t\t\t\t\t\t\t\t\t\t\t\t<a href=\"https:\/\/miurltemporal.com/main/joyitasdeacero.es\/wp-content\/uploads\/2024\/01\/cajitas.jpg\" data-elementor-open-lightbox=\"yes\" data-elementor-lightbox-title=\"Cajitas de Joyitas\" data-e-action-hash=\"#elementor-action%3Aaction%3Dlightbox%26settings%3DeyJpZCI6Mzg4MSwidXJsIjoiaHR0cHM6XC9cL2pveWl0YXNkZWFjZXJvLmVzXC93cC1jb250ZW50XC91cGxvYWRzXC8yMDI0XC8wMVwvY2FqaXRhcy5qcGcifQ%3D%3D\">\n\t\t\t\t\t\t\t<img decoding=\"async\" width=\"588\" height=\"473\" src=\"https:\/\/miurltemporal.com/main/joyitasdeacero.es\/wp-content\/uploads\/2024\/01\/cajitas.jpg\" class=\"attachment-large size-large wp-image-3881\" alt=\"Joyitas de Acero\" srcset=\"https:\/\/miurltemporal.com/main/joyitasdeacero.es\/wp-content\/uploads\/2024\/01\/cajitas.jpg 588w, https:\/\/miurltemporal.com/main/joyitasdeacero.es\/wp-content\/uploads\/2024\/01\/cajitas-300x241.jpg 300w\" sizes=\"(max-width: 588px) 100vw, 588px\" \/>\t\t\t\t\t\t\t\t<\/a>\n\t\t\t\t\t\t\t\t\t\t\t\t\t\t\t<\/div>\n\t\t\t\t<\/div>\n\t\t\t\t<div class=\"elementor-element elementor-element-1b68294 elementor-widget elementor-widget-heading\" data-id=\"1b68294\" data-element_type=\"widget\" data-e-type=\"widget\" data-widget_type=\"heading.default\">\n\t\t\t\t<div class=\"elementor-widget-container\">\n\t\t\t\t\t<h2 class=\"elementor-heading-title elementor-size-default\">en 24\/48h<\/h2>\t\t\t\t<\/div>\n\t\t\t\t<\/div>\n\t\t\t\t\t<\/div>\n\t\t<\/div>\n\t\t\t\t\t<\/div>\n\t\t<\/section>\n\t\t\t\t<\/div>\n\t\t","protected":false},"excerpt":{"rendered":"<p>Ropa Ropa No se ha encontrado ning\u00fan producto Ropa de mujer Descubre la colecci\u00f3n de ropa de mujer en Joyitas de Acero Sum\u00e9rgete en un universo de moda y estilo con nuestra selecci\u00f3n exclusiva de ropa para mujer en Joyitas de Acero. Desde delicadas faldas hasta c\u00f3modos pantalones fluidos para mujer, y una variedad de [&hellip;]<\/p>\n","protected":false},"author":1,"featured_media":0,"parent":0,"menu_order":0,"comment_status":"closed","ping_status":"closed","template":"elementor_header_footer","meta":{"_seopress_robots_primary_cat":"","_seopress_titles_title":"Ropa de Mujer %%sep%% %%sitetitle%% %%sep%% Joyitas de Mora","_seopress_titles_desc":"Nuestra ropa de mujer son piezas exclusivas, joyitas de moda para ti, c\u00f3modas, sofisticadas, elegantes. Descubre lo que tenemos, tu estilo lo creas tu","_seopress_robots_index":"","footnotes":""},"class_list":["post-7214","page","type-page","status-publish","hentry"],"_links":{"self":[{"href":"https:\/\/miurltemporal.com/main/joyitasdeacero.es\/wp-json\/wp\/v2\/pages\/7214","targetHints":{"allow":["GET"]}}],"collection":[{"href":"https:\/\/miurltemporal.com/main/joyitasdeacero.es\/wp-json\/wp\/v2\/pages"}],"about":[{"href":"https:\/\/miurltemporal.com/main/joyitasdeacero.es\/wp-json\/wp\/v2\/types\/page"}],"author":[{"embeddable":true,"href":"https:\/\/miurltemporal.com/main/joyitasdeacero.es\/wp-json\/wp\/v2\/users\/1"}],"replies":[{"embeddable":true,"href":"https:\/\/miurltemporal.com/main/joyitasdeacero.es\/wp-json\/wp\/v2\/comments?post=7214"}],"version-history":[{"count":3,"href":"https:\/\/miurltemporal.com/main/joyitasdeacero.es\/wp-json\/wp\/v2\/pages\/7214\/revisions"}],"predecessor-version":[{"id":17405,"href":"https:\/\/miurltemporal.com/main/joyitasdeacero.es\/wp-json\/wp\/v2\/pages\/7214\/revisions\/17405"}],"wp:attachment":[{"href":"https:\/\/miurltemporal.com/main/joyitasdeacero.es\/wp-json\/wp\/v2\/media?parent=7214"}],"curies":[{"name":"wp","href":"https:\/\/api.w.org\/{rel}","templated":true}]}}