{"id":3408,"date":"2023-12-26T11:41:00","date_gmt":"2023-12-26T11:41:00","guid":{"rendered":"https:\/\/miurltemporal.com/main/joyitasdeacero.es\/?page_id=3408"},"modified":"2026-02-11T18:41:59","modified_gmt":"2026-02-11T18:41:59","slug":"materiales","status":"publish","type":"page","link":"https:\/\/miurltemporal.com/main/joyitasdeacero.es\/materiales\/","title":{"rendered":"Materiales"},"content":{"rendered":"\t\t<div data-elementor-type=\"wp-page\" data-elementor-id=\"3408\" class=\"elementor elementor-3408\" data-elementor-post-type=\"page\">\n\t\t\t\t\t\t<section class=\"elementor-section elementor-top-section elementor-element elementor-element-6f96879d elementor-section-boxed elementor-section-height-default elementor-section-height-default\" data-id=\"6f96879d\" data-element_type=\"section\" data-e-type=\"section\">\n\t\t\t\t\t\t<div class=\"elementor-container elementor-column-gap-wide\">\n\t\t\t\t\t<div class=\"elementor-column elementor-col-50 elementor-top-column elementor-element elementor-element-51954091\" data-id=\"51954091\" data-element_type=\"column\" data-e-type=\"column\">\n\t\t\t<div class=\"elementor-widget-wrap elementor-element-populated\">\n\t\t\t\t\t\t<section class=\"elementor-section elementor-inner-section elementor-element elementor-element-4c5c760c elementor-section-boxed elementor-section-height-default elementor-section-height-default\" data-id=\"4c5c760c\" data-element_type=\"section\" data-e-type=\"section\">\n\t\t\t\t\t\t<div class=\"elementor-container elementor-column-gap-default\">\n\t\t\t\t\t<div class=\"elementor-column elementor-col-50 elementor-inner-column elementor-element elementor-element-1845623f elementor-hidden-mobile\" data-id=\"1845623f\" data-element_type=\"column\" data-e-type=\"column\">\n\t\t\t<div class=\"elementor-widget-wrap elementor-element-populated\">\n\t\t\t\t\t\t<div class=\"elementor-element elementor-element-6daf667a elementor-widget elementor-widget-image\" data-id=\"6daf667a\" data-element_type=\"widget\" data-e-type=\"widget\" data-settings=\"{&quot;motion_fx_motion_fx_scrolling&quot;:&quot;yes&quot;,&quot;motion_fx_range&quot;:&quot;viewport&quot;,&quot;motion_fx_devices&quot;:[&quot;desktop&quot;,&quot;tablet&quot;,&quot;mobile&quot;]}\" data-widget_type=\"image.default\">\n\t\t\t\t<div class=\"elementor-widget-container\">\n\t\t\t\t\t\t\t\t\t\t\t\t\t\t\t<img fetchpriority=\"high\" decoding=\"async\" width=\"800\" height=\"1000\" src=\"https:\/\/miurltemporal.com/main/joyitasdeacero.es\/wp-content\/uploads\/2023\/12\/Pendientes-oro_0022__MG_3707-copia-2-819x1024.jpg\" class=\"attachment-large size-large wp-image-2704\" alt=\"Pendiente de acero - Joyitas de Acero\" srcset=\"https:\/\/miurltemporal.com/main/joyitasdeacero.es\/wp-content\/uploads\/2023\/12\/Pendientes-oro_0022__MG_3707-copia-2-819x1024.jpg 819w, https:\/\/miurltemporal.com/main/joyitasdeacero.es\/wp-content\/uploads\/2023\/12\/Pendientes-oro_0022__MG_3707-copia-2-240x300.jpg 240w, https:\/\/miurltemporal.com/main/joyitasdeacero.es\/wp-content\/uploads\/2023\/12\/Pendientes-oro_0022__MG_3707-copia-2-768x960.jpg 768w, https:\/\/miurltemporal.com/main/joyitasdeacero.es\/wp-content\/uploads\/2023\/12\/Pendientes-oro_0022__MG_3707-copia-2-600x750.jpg 600w, https:\/\/miurltemporal.com/main/joyitasdeacero.es\/wp-content\/uploads\/2023\/12\/Pendientes-oro_0022__MG_3707-copia-2.jpg 1080w\" sizes=\"(max-width: 800px) 100vw, 800px\" \/>\t\t\t\t\t\t\t\t\t\t\t\t\t\t\t<\/div>\n\t\t\t\t<\/div>\n\t\t\t\t<div class=\"elementor-element elementor-element-6f7cb465 elementor-widget elementor-widget-image\" data-id=\"6f7cb465\" data-element_type=\"widget\" data-e-type=\"widget\" data-settings=\"{&quot;motion_fx_motion_fx_scrolling&quot;:&quot;yes&quot;,&quot;motion_fx_range&quot;:&quot;viewport&quot;,&quot;motion_fx_devices&quot;:[&quot;desktop&quot;,&quot;tablet&quot;,&quot;mobile&quot;]}\" data-widget_type=\"image.default\">\n\t\t\t\t<div class=\"elementor-widget-container\">\n\t\t\t\t\t\t\t\t\t\t\t\t\t\t\t<img decoding=\"async\" width=\"800\" height=\"533\" src=\"https:\/\/miurltemporal.com/main/joyitasdeacero.es\/wp-content\/uploads\/2023\/12\/Materiales_1-1024x682.jpg\" class=\"attachment-large size-large wp-image-3415\" alt=\"Materiales - Joyitas de Acero\" srcset=\"https:\/\/miurltemporal.com/main/joyitasdeacero.es\/wp-content\/uploads\/2023\/12\/Materiales_1-1024x682.jpg 1024w, https:\/\/miurltemporal.com/main/joyitasdeacero.es\/wp-content\/uploads\/2023\/12\/Materiales_1-300x200.jpg 300w, https:\/\/miurltemporal.com/main/joyitasdeacero.es\/wp-content\/uploads\/2023\/12\/Materiales_1-768x511.jpg 768w, https:\/\/miurltemporal.com/main/joyitasdeacero.es\/wp-content\/uploads\/2023\/12\/Materiales_1-1320x879.jpg 1320w, https:\/\/miurltemporal.com/main/joyitasdeacero.es\/wp-content\/uploads\/2023\/12\/Materiales_1-600x400.jpg 600w, https:\/\/miurltemporal.com/main/joyitasdeacero.es\/wp-content\/uploads\/2023\/12\/Materiales_1.jpg 1365w\" sizes=\"(max-width: 800px) 100vw, 800px\" \/>\t\t\t\t\t\t\t\t\t\t\t\t\t\t\t<\/div>\n\t\t\t\t<\/div>\n\t\t\t\t<div class=\"elementor-element elementor-element-dc1d43b elementor-widget elementor-widget-image\" data-id=\"dc1d43b\" data-element_type=\"widget\" data-e-type=\"widget\" data-settings=\"{&quot;motion_fx_motion_fx_scrolling&quot;:&quot;yes&quot;,&quot;motion_fx_range&quot;:&quot;viewport&quot;,&quot;motion_fx_devices&quot;:[&quot;desktop&quot;,&quot;tablet&quot;,&quot;mobile&quot;]}\" data-widget_type=\"image.default\">\n\t\t\t\t<div class=\"elementor-widget-container\">\n\t\t\t\t\t\t\t\t\t\t\t\t\t\t\t<img decoding=\"async\" width=\"800\" height=\"1000\" src=\"https:\/\/miurltemporal.com/main/joyitasdeacero.es\/wp-content\/uploads\/2023\/12\/Anillo-oro-_0026__MG_3426-copia-819x1024.jpg\" class=\"attachment-large size-large wp-image-983\" alt=\"Anillo de acero con ba\u00f1o de oro - Joyitas de Acero\" srcset=\"https:\/\/miurltemporal.com/main/joyitasdeacero.es\/wp-content\/uploads\/2023\/12\/Anillo-oro-_0026__MG_3426-copia-819x1024.jpg 819w, https:\/\/miurltemporal.com/main/joyitasdeacero.es\/wp-content\/uploads\/2023\/12\/Anillo-oro-_0026__MG_3426-copia-240x300.jpg 240w, https:\/\/miurltemporal.com/main/joyitasdeacero.es\/wp-content\/uploads\/2023\/12\/Anillo-oro-_0026__MG_3426-copia-768x960.jpg 768w, https:\/\/miurltemporal.com/main/joyitasdeacero.es\/wp-content\/uploads\/2023\/12\/Anillo-oro-_0026__MG_3426-copia-600x750.jpg 600w, https:\/\/miurltemporal.com/main/joyitasdeacero.es\/wp-content\/uploads\/2023\/12\/Anillo-oro-_0026__MG_3426-copia.jpg 1080w\" sizes=\"(max-width: 800px) 100vw, 800px\" \/>\t\t\t\t\t\t\t\t\t\t\t\t\t\t\t<\/div>\n\t\t\t\t<\/div>\n\t\t\t\t\t<\/div>\n\t\t<\/div>\n\t\t\t\t<div class=\"elementor-column elementor-col-50 elementor-inner-column elementor-element elementor-element-57b3b636 elementor-hidden-tablet elementor-hidden-mobile\" data-id=\"57b3b636\" data-element_type=\"column\" data-e-type=\"column\">\n\t\t\t<div class=\"elementor-widget-wrap elementor-element-populated\">\n\t\t\t\t\t\t<div class=\"elementor-element elementor-element-7626115e elementor-widget elementor-widget-image\" data-id=\"7626115e\" data-element_type=\"widget\" data-e-type=\"widget\" data-settings=\"{&quot;motion_fx_motion_fx_scrolling&quot;:&quot;yes&quot;,&quot;motion_fx_range&quot;:&quot;viewport&quot;,&quot;motion_fx_devices&quot;:[&quot;desktop&quot;,&quot;tablet&quot;,&quot;mobile&quot;]}\" data-widget_type=\"image.default\">\n\t\t\t\t<div class=\"elementor-widget-container\">\n\t\t\t\t\t\t\t\t\t\t\t\t\t\t\t<img loading=\"lazy\" decoding=\"async\" width=\"731\" height=\"1024\" src=\"https:\/\/miurltemporal.com/main/joyitasdeacero.es\/wp-content\/uploads\/2023\/12\/Materiales_2-731x1024.jpg\" class=\"attachment-large size-large wp-image-3414\" alt=\"Materiales - Joyitas de Acero\" srcset=\"https:\/\/miurltemporal.com/main/joyitasdeacero.es\/wp-content\/uploads\/2023\/12\/Materiales_2-731x1024.jpg 731w, https:\/\/miurltemporal.com/main/joyitasdeacero.es\/wp-content\/uploads\/2023\/12\/Materiales_2-214x300.jpg 214w, https:\/\/miurltemporal.com/main/joyitasdeacero.es\/wp-content\/uploads\/2023\/12\/Materiales_2-768x1075.jpg 768w, https:\/\/miurltemporal.com/main/joyitasdeacero.es\/wp-content\/uploads\/2023\/12\/Materiales_2-600x840.jpg 600w, https:\/\/miurltemporal.com/main/joyitasdeacero.es\/wp-content\/uploads\/2023\/12\/Materiales_2.jpg 952w\" sizes=\"(max-width: 731px) 100vw, 731px\" \/>\t\t\t\t\t\t\t\t\t\t\t\t\t\t\t<\/div>\n\t\t\t\t<\/div>\n\t\t\t\t<div class=\"elementor-element elementor-element-778fc882 elementor-widget elementor-widget-image\" data-id=\"778fc882\" data-element_type=\"widget\" data-e-type=\"widget\" data-settings=\"{&quot;motion_fx_motion_fx_scrolling&quot;:&quot;yes&quot;,&quot;motion_fx_range&quot;:&quot;viewport&quot;,&quot;motion_fx_devices&quot;:[&quot;desktop&quot;,&quot;tablet&quot;,&quot;mobile&quot;]}\" data-widget_type=\"image.default\">\n\t\t\t\t<div class=\"elementor-widget-container\">\n\t\t\t\t\t\t\t\t\t\t\t\t\t\t\t<img loading=\"lazy\" decoding=\"async\" width=\"800\" height=\"1000\" src=\"https:\/\/miurltemporal.com/main/joyitasdeacero.es\/wp-content\/uploads\/2023\/12\/Pendientes-oro_0001__MG_4384-copia-2-819x1024.jpg\" class=\"attachment-large size-large wp-image-2553\" alt=\"Pendiente de acero con ba\u00f1o de oro - Joyitas de Acero\" srcset=\"https:\/\/miurltemporal.com/main/joyitasdeacero.es\/wp-content\/uploads\/2023\/12\/Pendientes-oro_0001__MG_4384-copia-2-819x1024.jpg 819w, https:\/\/miurltemporal.com/main/joyitasdeacero.es\/wp-content\/uploads\/2023\/12\/Pendientes-oro_0001__MG_4384-copia-2-240x300.jpg 240w, https:\/\/miurltemporal.com/main/joyitasdeacero.es\/wp-content\/uploads\/2023\/12\/Pendientes-oro_0001__MG_4384-copia-2-768x960.jpg 768w, https:\/\/miurltemporal.com/main/joyitasdeacero.es\/wp-content\/uploads\/2023\/12\/Pendientes-oro_0001__MG_4384-copia-2-600x750.jpg 600w, https:\/\/miurltemporal.com/main/joyitasdeacero.es\/wp-content\/uploads\/2023\/12\/Pendientes-oro_0001__MG_4384-copia-2.jpg 1080w\" sizes=\"(max-width: 800px) 100vw, 800px\" \/>\t\t\t\t\t\t\t\t\t\t\t\t\t\t\t<\/div>\n\t\t\t\t<\/div>\n\t\t\t\t<div class=\"elementor-element elementor-element-dafbfc5 elementor-widget elementor-widget-image\" data-id=\"dafbfc5\" data-element_type=\"widget\" data-e-type=\"widget\" data-settings=\"{&quot;motion_fx_motion_fx_scrolling&quot;:&quot;yes&quot;,&quot;motion_fx_range&quot;:&quot;viewport&quot;,&quot;motion_fx_devices&quot;:[&quot;desktop&quot;,&quot;tablet&quot;,&quot;mobile&quot;]}\" data-widget_type=\"image.default\">\n\t\t\t\t<div class=\"elementor-widget-container\">\n\t\t\t\t\t\t\t\t\t\t\t\t\t\t\t<img loading=\"lazy\" decoding=\"async\" width=\"626\" height=\"1024\" src=\"https:\/\/miurltemporal.com/main/joyitasdeacero.es\/wp-content\/uploads\/2023\/12\/Materiales_3-626x1024.jpg\" class=\"attachment-large size-large wp-image-3413\" alt=\"Materiales - Joyitas de Acero\" srcset=\"https:\/\/miurltemporal.com/main/joyitasdeacero.es\/wp-content\/uploads\/2023\/12\/Materiales_3-626x1024.jpg 626w, https:\/\/miurltemporal.com/main/joyitasdeacero.es\/wp-content\/uploads\/2023\/12\/Materiales_3-183x300.jpg 183w, https:\/\/miurltemporal.com/main/joyitasdeacero.es\/wp-content\/uploads\/2023\/12\/Materiales_3-600x981.jpg 600w, https:\/\/miurltemporal.com/main/joyitasdeacero.es\/wp-content\/uploads\/2023\/12\/Materiales_3.jpg 669w\" sizes=\"(max-width: 626px) 100vw, 626px\" \/>\t\t\t\t\t\t\t\t\t\t\t\t\t\t\t<\/div>\n\t\t\t\t<\/div>\n\t\t\t\t\t<\/div>\n\t\t<\/div>\n\t\t\t\t\t<\/div>\n\t\t<\/section>\n\t\t\t\t\t<\/div>\n\t\t<\/div>\n\t\t\t\t<div class=\"elementor-column elementor-col-50 elementor-top-column elementor-element elementor-element-6fda4797\" data-id=\"6fda4797\" data-element_type=\"column\" data-e-type=\"column\">\n\t\t\t<div class=\"elementor-widget-wrap elementor-element-populated\">\n\t\t\t\t\t\t<div class=\"elementor-element elementor-element-7c5765e2 elementor-widget elementor-widget-heading\" data-id=\"7c5765e2\" data-element_type=\"widget\" data-e-type=\"widget\" data-widget_type=\"heading.default\">\n\t\t\t\t<div class=\"elementor-widget-container\">\n\t\t\t\t\t<h2 class=\"elementor-heading-title elementor-size-default\">Materiales y cuidados de nuestras<\/h2>\t\t\t\t<\/div>\n\t\t\t\t<\/div>\n\t\t\t\t<div class=\"elementor-element elementor-element-3c7fb257 elementor-widget elementor-widget-heading\" data-id=\"3c7fb257\" data-element_type=\"widget\" data-e-type=\"widget\" data-widget_type=\"heading.default\">\n\t\t\t\t<div class=\"elementor-widget-container\">\n\t\t\t\t\t<h2 class=\"elementor-heading-title elementor-size-default\">Joyitas de Acero<\/h2>\t\t\t\t<\/div>\n\t\t\t\t<\/div>\n\t\t\t\t<div class=\"elementor-element elementor-element-f29e1b0 elementor-widget elementor-widget-heading\" data-id=\"f29e1b0\" data-element_type=\"widget\" data-e-type=\"widget\" data-widget_type=\"heading.default\">\n\t\t\t\t<div class=\"elementor-widget-container\">\n\t\t\t\t\t<h1 class=\"elementor-heading-title elementor-size-default\">\u00bfC\u00f3mo cuidar las joyas de acero?<\/h1>\t\t\t\t<\/div>\n\t\t\t\t<\/div>\n\t\t\t\t<div class=\"elementor-element elementor-element-0d62dd4 elementor-widget elementor-widget-text-editor\" data-id=\"0d62dd4\" data-element_type=\"widget\" data-e-type=\"widget\" data-widget_type=\"text-editor.default\">\n\t\t\t\t<div class=\"elementor-widget-container\">\n\t\t\t\t\t\t\t\t\t<p class=\"s3\">Nuestros productos combinan la durabilidad del acero inoxidable con un dise\u00f1o sofisticado y contempor\u00e1neo. Todas nuestras joyitas est\u00e1n dise\u00f1adas para la mujer moderna que busca un toque de glamour en su estilo diario.<\/p><h4 class=\"s3\"><span class=\"s5\">Acero inoxidable<\/span><\/h4><p class=\"s3\"><span class=\"s6\">Es un metal de elevada pureza, resistente, <\/span><span class=\"s6\">hipoalerg\u00e9nico<\/span><span class=\"s6\"> y con gran dureza y por lo tanto durabilidad. Perfecto para el uso diario. No se manc<\/span><span class=\"s6\">ha ni se oxida con el agua. <\/span><\/p><h4 class=\"s3\"><span class=\"s5\">Acero inoxidable <\/span><span class=\"s5\">dorado<\/span><\/h4><p class=\"s3\"><span class=\"s6\">Son piezas hechas de acero inoxidable, pero con <\/span><span class=\"s6\">ba\u00f1o de <strong>oro de 14\/18k<\/strong><\/span><strong><span class=\"s6\">.<\/span><\/strong><\/p><p class=\"s3\"><span class=\"s6\">Ten en cuenta que el ba\u00f1o de oro acaba desapareciendo con el tiempo y quedara una joya de acero plateada. Puedes alargar su duraci\u00f3n con un uso adecuado<\/span><\/p><h2 style=\"font-size: 25px;\">Cuidados para Tus Joyitas De Acero<\/h2><h3 style=\"font-size: 20px;\"><span class=\"s8\">Joyas De Acero Plateadas:<\/span><\/h3><ol><li><span class=\"s9\">Guarda tus joyas de forma individual alejadas de objetos afilados para evitar que se rayen. Lo ideal \u00a0es que las conserves en la bolsita o caja que te mandamos en Joyitas De Acero.<\/span><\/li><li><span class=\"s9\">\u00a0Limpia la suciedad o la grasa acumulada con un pa\u00f1o suave, preferiblemente de <\/span><span class=\"s9\">microfibra<\/span><span class=\"s9\"> para evitar que tus joyas se oscurezcan, realiza esta operaci\u00f3n como m\u00ednimo un par de veces al mes.<\/span><\/li><\/ol><h3 style=\"font-size: 20px;\">Joyas De Acero Doradas:<\/h3><p><span class=\"s9\">Para <\/span><span class=\"s9\">que el ba\u00f1o <\/span><span class=\"s9\">te dure el m\u00e1ximo tiempo posible sigue estos \u00a0pasos adicionales:<\/span><\/p><ol><li><span class=\"s9\">Evita el contacto directo con productos qu\u00edmicos (lociones, perfumes, etc.), ya que estos contribuyen con la decoloraci\u00f3n. Lo recomendable es primero aplicarte el perfume, loci\u00f3n, maquillaje o cualquier cosm\u00e9tico, esperar unos minutos, y posteriormente colocarte tus joyas.<\/span><\/li><\/ol><div>\u00a0<\/div><h6 class=\"s11\"><strong><span class=\"s5\">\u00bfPuedo entrar a la piscina o al mar con mis joyas de acero inoxidable?<\/span><\/strong><\/h6><p class=\"s3\"><span class=\"s12\">Solo si es una actividad que realizas de vez en cuando. Las piscinas normalmente tienen cloro y el agua de mar tiene sal, ambos son elementos que a largo plazo pueden afectar el color dorado de las piezas.<\/span> <span class=\"s12\">Dicho esto, si es una actividad que solo realizas de vez en cuando, puedes utilizar tus piezas sin preocuparte.<\/span><\/p><h6 class=\"s11\"><strong><span class=\"s5\">\u00bfPuedo hacer ejercicio con mis joyas de acero inoxidable?<\/span><\/strong><\/h6><p class=\"s3\"><span class=\"s12\">Si, el acero inoxidable es la mejor opci\u00f3n al momento de elegir una joya que utilices durante tus rutinas. A\u00fan as\u00ed, el sudor puedo opacar el brillo<\/span><span class=\"s12\"> y desgastar el color dorado<\/span><span class=\"s12\">, por lo que \u00a0al f<\/span><span class=\"s12\">inalizar tu rutina, limpia el sudor y seca <\/span><span class=\"s12\">la piezas<\/span><span class=\"s12\"> de joyer\u00eda.<\/span><\/p><h6 class=\"s3\"><strong><span class=\"s13\">Limpieza de tus Joyitas de Acero<\/span><\/strong><\/h6><p class=\"s3\"><span class=\"s12\">La forma m\u00e1s f\u00e1cil de <strong>limpiar joyas de acero inoxidable<\/strong> es utilizar un poco de agua tibia y jab\u00f3n. Recuerda utilizar un jab\u00f3n suave (o de pH neutro), evita los jabones <\/span><span class=\"s12\">antibacteriales<\/span><span class=\"s12\">.<\/span><\/p><ol><li class=\"s3\"><span class=\"s12\">Sumerge las joyas de acero en un recipiente que contenga una mezcla de jab\u00f3n suave y agua tibia y d\u00e9jelas reposar durante unos minutos.<\/span><\/li><li class=\"s3\"><span class=\"s12\">Con un pa\u00f1o suave (o de <\/span><span class=\"s12\">microfibra<\/span><span class=\"s12\">) frota las joyas. Para las zonas de dif\u00edcil acceso, como las ranuras o los grabados, puedes utilizar un cepillo de dientes de cerdas suaves.<\/span><\/li><li class=\"s3\">Una vez que hayas limpiado a fondo tu joya, aseg\u00farate de haber secado la pieza con otro pa\u00f1o asegur\u00e1ndote de no dejar restos de jab\u00f3n o agua.<\/li><\/ol><p>Confiamos que te acompa\u00f1en mucho tiempo y te den ese toque especial en tu d\u00eda a d\u00eda<\/p>\t\t\t\t\t\t\t\t<\/div>\n\t\t\t\t<\/div>\n\t\t\t\t<div class=\"elementor-element elementor-element-22efda48 elementor-hidden-desktop elementor-hidden-tablet elementor-hidden-mobile elementor-widget elementor-widget-text-editor\" data-id=\"22efda48\" data-element_type=\"widget\" data-e-type=\"widget\" data-widget_type=\"text-editor.default\">\n\t\t\t\t<div class=\"elementor-widget-container\">\n\t\t\t\t\t\t\t\t\t<div class=\"flex-shrink-0 flex flex-col relative items-end\"><div class=\"pt-0.5\"><div class=\"flex-shrink-0 flex flex-col relative items-end\"><div><div class=\"pt-0.5\">\u00a0<\/div><\/div><\/div><div class=\"relative flex w-full flex-col lg:w-[calc(100%-115px)] agent-turn\"><div class=\"flex-col gap-1 md:gap-3\"><div class=\"flex flex-grow flex-col max-w-full\"><div class=\"min-h-[20px] text-message flex flex-col items-start gap-3 whitespace-pre-wrap break-words [.text-message+&amp;]:mt-5 overflow-x-auto\" data-message-author-role=\"assistant\" data-message-id=\"b5d0f2d5-e374-4fd7-91ad-2e8dac599c36\"><div class=\"markdown prose w-full break-words dark:prose-invert dark\"><p>Nuestros productos combinan la durabilidad del acero inoxidable con un dise\u00f1o sofisticado y contempor\u00e1neo. Todas nuestras joyitas est\u00e1n dise\u00f1adas para la mujer moderna que busca un toque de glamour en su estilo diario.<\/p><\/div><h4><span class=\"s3\">Waterproof<\/span><span class=\"s2\">\u00a0<\/span><\/h4><p class=\"s4\"><span class=\"s2\">Las nuevas joyas de acero se han convertido en una alternativa a la alta joyer\u00eda. Son <\/span><span class=\"s3\">joyas <\/span><strong><span class=\"s3\">waterproof<\/span><\/strong><span class=\"s2\">\u00a0(resistentes al agua), fabricadas en acero y ba\u00f1adas en <strong>oro <\/strong><\/span><strong><span class=\"s2\">14 o 18k. <\/span><\/strong><\/p><p class=\"s4\"><span class=\"s2\">Tienen<\/span><span class=\"s2\"> una mayor resistencia y durabilidad a la corrosi\u00f3n, el sudor y al desgaste del color. Esto te permitir\u00e1 llevarlas siempre puestas. <\/span><span class=\"s2\">Son <\/span><span class=\"s2\">piezas<\/span><span class=\"s2\"> todoterreno, perfectas para esos d\u00edas <\/span><span class=\"s2\">intensos<\/span><\/p><p class=\"s4\"><span class=\"s2\">Estos dise\u00f1os no pierden su color ni su brillo aunque las lleves puestas todo el d\u00eda. Incluso, si te resulta c\u00f3modo, puedes dormir con ellas porque no van a estropearse.<\/span><\/p><p class=\"s4\"><span class=\"s2\">Son perfectas para el verano ya que no tendr\u00e1s que prescindir de ellas en la playa porque puedes mojarlas sin que pierdan su color. Incluso puedes practicar deporte o realizar actividades acu\u00e1ticas sin miedo a que su brillo desaparezca.<\/span><\/p><p class=\"s4\"><span class=\"s2\">En Joyitas De Acero <\/span><span class=\"s2\">encontras<\/span><span class=\"s2\"> las mejores<\/span> <span class=\"s3\">\u00a0joyas resistentes al agua con <\/span><span class=\"s3\">dise\u00f1os modernos <\/span><span class=\"s2\">para encuentres tu estilo y puedan acompa\u00f1arte en tus aventuras diarias.<\/span><\/p><div class=\"markdown prose w-full break-words dark:prose-invert dark\"><h4>Materiales de Alta Calidad<\/h4><p>Fabricadas con acero inoxidable de primera calidad, garant\u00eda de resistencia a la corrosi\u00f3n y durabilidad a largo plazo.<\/p><h4>Al detalle<\/h4><p>Nuestras joyitas est\u00e1n confeccionadas con todo detalle y atenci\u00f3n al dise\u00f1o para crear piezas equilibradas y elegantes, que resalten tu feminidad con un toque contempor\u00e1neo.<\/p><h4>Cierre Seguro y Ajustable<\/h4><p>Todoso nuestros productos cuentan con \u00a0cierres seguros, que se ajustan perfectamente, brindando comodidad y seguridad.\u00a0<\/p><h4>Versatilidad de Estilo<\/h4><p>La versatilidad de nuestras Joyitas de Acero, las convierten en el complemento perfecto para cualquier ocasi\u00f3n. Ya sea para una reuni\u00f3n formal, una salida casual o simplemente para agregar un toque de glamour a tu atuendo diario, nuestros productos se adaptan con facilidad a cualquier situaci\u00f3n.<\/p><h4>Embalaje Exclusivo<\/h4><p>Nuestras Joyitas de Acero se entregan en un elegante estuche realzando la experiencia de desempaquetar y revelar esta joya \u00fanica. Es una opci\u00f3n ideal para regalos especiales, garantizando una presentaci\u00f3n impecable desde el momento en que se recibe.<\/p><p>\u00a0<\/p><\/div><\/div><\/div><\/div><\/div><\/div><\/div>\t\t\t\t\t\t\t\t<\/div>\n\t\t\t\t<\/div>\n\t\t\t\t\t<\/div>\n\t\t<\/div>\n\t\t\t\t\t<\/div>\n\t\t<\/section>\n\t\t\t\t<section class=\"elementor-section elementor-top-section elementor-element elementor-element-9aa0535 elementor-section-height-min-height elementor-section-boxed elementor-section-height-default elementor-section-items-middle\" data-id=\"9aa0535\" data-element_type=\"section\" data-e-type=\"section\" data-settings=\"{&quot;background_background&quot;:&quot;classic&quot;}\">\n\t\t\t\t\t\t\t<div class=\"elementor-background-overlay\"><\/div>\n\t\t\t\t\t\t\t<div class=\"elementor-container elementor-column-gap-default\">\n\t\t\t\t\t<div class=\"elementor-column elementor-col-100 elementor-top-column elementor-element elementor-element-59c4b33\" data-id=\"59c4b33\" data-element_type=\"column\" data-e-type=\"column\">\n\t\t\t<div class=\"elementor-widget-wrap elementor-element-populated\">\n\t\t\t\t\t\t<div class=\"elementor-element elementor-element-af1845d elementor-widget elementor-widget-heading\" data-id=\"af1845d\" data-element_type=\"widget\" data-e-type=\"widget\" data-widget_type=\"heading.default\">\n\t\t\t\t<div class=\"elementor-widget-container\">\n\t\t\t\t\t<h2 class=\"elementor-heading-title elementor-size-default\">Cositas nuevas en la tienda<\/h2>\t\t\t\t<\/div>\n\t\t\t\t<\/div>\n\t\t\t\t\t<\/div>\n\t\t<\/div>\n\t\t\t\t\t<\/div>\n\t\t<\/section>\n\t\t\t\t<section class=\"elementor-section elementor-top-section elementor-element elementor-element-52b29c6 elementor-section-boxed elementor-section-height-default elementor-section-height-default\" data-id=\"52b29c6\" data-element_type=\"section\" data-e-type=\"section\">\n\t\t\t\t\t\t<div class=\"elementor-container elementor-column-gap-default\">\n\t\t\t\t\t<div class=\"elementor-column elementor-col-100 elementor-top-column elementor-element elementor-element-f3e36ca\" data-id=\"f3e36ca\" data-element_type=\"column\" data-e-type=\"column\">\n\t\t\t<div class=\"elementor-widget-wrap\">\n\t\t\t\t\t\t\t<\/div>\n\t\t<\/div>\n\t\t\t\t\t<\/div>\n\t\t<\/section>\n\t\t\t\t<\/div>\n\t\t","protected":false},"excerpt":{"rendered":"<p>Materiales y cuidados de nuestras Joyitas de Acero \u00bfC\u00f3mo cuidar las joyas de acero? Nuestros productos combinan la durabilidad del acero inoxidable con un dise\u00f1o sofisticado y contempor\u00e1neo. Todas nuestras joyitas est\u00e1n dise\u00f1adas para la mujer moderna que busca un toque de glamour en su estilo diario. Acero inoxidable Es un metal de elevada pureza, [&hellip;]<\/p>\n","protected":false},"author":1,"featured_media":0,"parent":0,"menu_order":0,"comment_status":"closed","ping_status":"closed","template":"elementor_header_footer","meta":{"_seopress_robots_primary_cat":"","_seopress_titles_title":"\u00bfC\u00f3mo cuidar las joyas de acero? %%sep%% %%sitetitle%%","_seopress_titles_desc":"Te queremos ense\u00f1ar con unos sencillos pasos c\u00f3mo cuidar las joyas de acero que compres en nuestra tienda de Joyitas de Acero para que mantengan durante a\u00f1os","_seopress_robots_index":"","footnotes":""},"class_list":["post-3408","page","type-page","status-publish","hentry"],"_links":{"self":[{"href":"https:\/\/miurltemporal.com/main/joyitasdeacero.es\/wp-json\/wp\/v2\/pages\/3408","targetHints":{"allow":["GET"]}}],"collection":[{"href":"https:\/\/miurltemporal.com/main/joyitasdeacero.es\/wp-json\/wp\/v2\/pages"}],"about":[{"href":"https:\/\/miurltemporal.com/main/joyitasdeacero.es\/wp-json\/wp\/v2\/types\/page"}],"author":[{"embeddable":true,"href":"https:\/\/miurltemporal.com/main/joyitasdeacero.es\/wp-json\/wp\/v2\/users\/1"}],"replies":[{"embeddable":true,"href":"https:\/\/miurltemporal.com/main/joyitasdeacero.es\/wp-json\/wp\/v2\/comments?post=3408"}],"version-history":[{"count":0,"href":"https:\/\/miurltemporal.com/main/joyitasdeacero.es\/wp-json\/wp\/v2\/pages\/3408\/revisions"}],"wp:attachment":[{"href":"https:\/\/miurltemporal.com/main/joyitasdeacero.es\/wp-json\/wp\/v2\/media?parent=3408"}],"curies":[{"name":"wp","href":"https:\/\/api.w.org\/{rel}","templated":true}]}}