{"id":1750,"date":"2023-12-11T12:41:23","date_gmt":"2023-12-11T12:41:23","guid":{"rendered":"https:\/\/miurltemporal.com/main/joyitasdeacero.es\/?page_id=1750"},"modified":"2024-02-15T07:04:59","modified_gmt":"2024-02-15T07:04:59","slug":"politica-de-cookies","status":"publish","type":"page","link":"https:\/\/miurltemporal.com/main/joyitasdeacero.es\/politica-de-cookies\/","title":{"rendered":"P\u00f3litica de Cookies"},"content":{"rendered":"\t\t<div data-elementor-type=\"wp-page\" data-elementor-id=\"1750\" class=\"elementor elementor-1750\" data-elementor-post-type=\"page\">\n\t\t\t\t<div class=\"elementor-element elementor-element-706d7067 e-flex e-con-boxed e-con e-parent\" data-id=\"706d7067\" data-element_type=\"container\" data-e-type=\"container\">\n\t\t\t\t\t<div class=\"e-con-inner\">\n\t\t\t\t<div class=\"elementor-element elementor-element-4f3a4be elementor-widget elementor-widget-heading\" data-id=\"4f3a4be\" data-element_type=\"widget\" data-e-type=\"widget\" data-widget_type=\"heading.default\">\n\t\t\t\t<div class=\"elementor-widget-container\">\n\t\t\t\t\t<h2 class=\"elementor-heading-title elementor-size-default\">Pol\u00edtica de cookies<\/h2>\t\t\t\t<\/div>\n\t\t\t\t<\/div>\n\t\t\t\t<div class=\"elementor-element elementor-element-5f89b97a elementor-widget elementor-widget-text-editor\" data-id=\"5f89b97a\" data-element_type=\"widget\" data-e-type=\"widget\" data-widget_type=\"text-editor.default\">\n\t\t\t\t<div class=\"elementor-widget-container\">\n\t\t\t\t\t\t\t\t\t\n<div id=\"left-area\">\n<article id=\"post-39106\" class=\"post-39106 page type-page status-publish hentry\">\n<div class=\"entry-content\">\n<h4>Qu\u00e9 son las cookies?<\/h4>\n<p>Este sitio web utiliza cookies y\/o tecnolog\u00edas similares que almacenan y recuperan informaci\u00f3n cuando navegas. En general, estas tecnolog\u00edas pueden servir para finalidades muy diversas, como, por ejemplo, reconocerte como usuario, obtener informaci\u00f3n sobre tus h\u00e1bitos de navegaci\u00f3n, o personalizar la forma en que se muestra el contenido. Los usos concretos que hacemos de estas tecnolog\u00edas se describen a continuaci\u00f3n.<\/p>\n<h4>\u00bfPara qu\u00e9 utiliza las cookies esta p\u00e1gina web y cu\u00e1les son?<\/h4>\n<p>Esta p\u00e1gina web utiliza las cookies para una serie de finalidades, incluidas:<\/p>\n<p>\u00b7\u00a0\u00a0\u00a0\u00a0\u00a0 De an\u00e1lisis: son aquellas cookies que bien, tratadas por nosotros o por terceros, nos permiten cuantificar el n\u00famero de usuarios y as\u00ed realizar la medici\u00f3n y an\u00e1lisis estad\u00edstico de la utilizaci\u00f3n que hacen los usuarios del servicio. Para ello se analiza su navegaci\u00f3n en nuestra p\u00e1gina web con el fin de mejorar la experiencia del usuario.<\/p>\n<p>\u00b7\u00a0\u00a0\u00a0\u00a0\u00a0 Publicitarias comportamentales: son aquellas cookies que bien, tratadas por nosotros o por terceros, permiten analizar los h\u00e1bitos de navegaci\u00f3n de los usuarios en Internet para poder mostrarles publicidad relacionada con su perfil de navegaci\u00f3n.<\/p>\n<p>La identificaci\u00f3n de qui\u00e9n utiliza las cookies de este sitio web, as\u00ed como los detalles de las mismas, se indican a continuaci\u00f3n:<\/p>\n<p><img fetchpriority=\"high\" decoding=\"async\" class=\"alignleft size-full wp-image-104868\" src=\"https:\/\/lagaviotaonline.com\/wp-content\/uploads\/2022\/03\/Captura-de-pantalla-2022-03-15-a-las-10.08.52.png\" sizes=\"(min-width: 0px) and (max-width: 480px) 480px, (min-width: 481px) 797px, 100vw\" srcset=\"https:\/\/lagaviotaonline.com\/wp-content\/uploads\/2022\/03\/Captura-de-pantalla-2022-03-15-a-las-10.08.52.png 797w, https:\/\/lagaviotaonline.com\/wp-content\/uploads\/2022\/03\/Captura-de-pantalla-2022-03-15-a-las-10.08.52-480x129.png 480w\" alt=\"\" width=\"797\" height=\"214\" \/><\/p>\n<p>\u00a0<\/p>\n<p>\u00a0<\/p>\n<p>\u00a0<\/p>\n<p>\u00a0<\/p>\n<p>\u00a0<\/p>\n<p><strong>Nota:<\/strong> Las cookies de tipo \u2018Propias\u2019 son utilizadas s\u00f3lo por el propietario de esta web y las cookies \u2018De terceros\u2019 son utilizadas, por el prestador del servicio que est\u00e1 detallado en la tabla anterior.<\/p>\n<p>Puede informarse de las transferencias a terceros pa\u00edses que, en su caso, realizan los terceros identificados en esta pol\u00edtica de cookies en sus correspondientes pol\u00edticas (ver los enlaces facilitados en el apartado \u2018M\u00e1s informaci\u00f3n\u2019 de la tabla anterior).<\/p>\n<p>\u00a0<\/p>\n<h4>\u00bfC\u00f3mo puedo desactivar o eliminar estas cookies?<\/h4>\n<p>Puede usted permitir o bloquear las cookies, as\u00ed como borrar sus datos de navegaci\u00f3n (incluidas las cookies) desde el navegador que usted utiliza. Consulte las opciones e instrucciones que ofrece su navegador para ello. Tenga en cuenta que si acepta las cookies de terceros, deber\u00e1 eliminarlas desde las opciones del navegador o desde el sistema ofrecido por el propio tercero.<\/p>\n<p>A continuaci\u00f3n tiene disponibles los enlaces con la informaci\u00f3n para gestionar las cookies de los navegadores m\u00e1s utilizados:<\/p>\n<p><strong>Firefox<\/strong><\/p>\n<p><a href=\"http:\/\/support.mozilla.org\/es\/kb\/habilitar-y-deshabilitar-cookies-que-los-sitios-we\" target=\"_blank\" rel=\"noopener\">http:\/\/support.mozilla.org\/es\/kb\/habilitar-y-deshabilitar-cookies-que-los-sitios-we<\/a><\/p>\n<p><strong>Chrome<\/strong><\/p>\n<p><a href=\"http:\/\/support.google.com\/chrome\/bin\/answer.py?hl=es&amp;answer=95647\" target=\"_blank\" rel=\"noopener\">http:\/\/support.google.com\/chrome\/bin\/answer.py?hl=es&amp;answer=95647<\/a><\/p>\n<p><strong>Internet Explorer<\/strong><\/p>\n<p><a href=\"https:\/\/support.microsoft.com\/es-es\/help\/278835\/how-to-delete-cookie-files-in-internet-explorer\" target=\"_blank\" rel=\"noopener\">https:\/\/support.microsoft.com\/es-es\/help\/278835\/how-to-delete-cookie-files-in-internet-explorer<\/a><\/p>\n<p><strong>Microsoft Edge<\/strong><\/p>\n<p><a href=\"https:\/\/support.microsoft.com\/es-es\/help\/4027947\/microsoft-edge-delete-cookies\" target=\"_blank\" rel=\"noopener\">https:\/\/support.microsoft.com\/es-es\/help\/4027947\/microsoft-edge-delete-cookies<\/a><\/p>\n<p><strong>Safari<\/strong><\/p>\n<p><a href=\"http:\/\/support.apple.com\/kb\/ph5042\" target=\"_blank\" rel=\"noopener\">http:\/\/support.apple.com\/kb\/ph5042<\/a><\/p>\n<p><strong>Opera<\/strong><\/p>\n<p><a href=\"http:\/\/help.opera.com\/Windows\/11.50\/es-ES\/cookies.html\" target=\"_blank\" rel=\"noopener\">http:\/\/help.opera.com\/Windows\/11.50\/es-ES\/cookies.html<\/a><\/p>\n<p><strong>Otros navegadores<\/strong><\/p>\n<p>Consulte la documentaci\u00f3n del navegador que tenga instalado.<\/p>\n<p>\u00a0<\/p>\n<h4>Complemento de inhabilitaci\u00f3n para navegadores de Google Analytics<\/h4>\n<p>Si desea rechazar las cookies anal\u00edticas de Google Analytics en todos los navegadores, de forma que no se env\u00ede informaci\u00f3n suya a Google Analytics, puede descargar un complemento que realiza esta funci\u00f3n desde este enlace: https:\/\/tools.google.com\/dlpage\/gaoptout.<\/p>\n<p>\u00a0<\/p>\n<h4>Ejercicio de derechos<\/h4>\n<p>Puede conocer y ejercer sus derechos en materia de protecci\u00f3n de datos personales accediendo a la Pol\u00edtica de Privacidad de esta web.<\/p>\n<\/div>\n<\/article>\n<\/div>\n<div id=\"sidebar\">\n<div id=\"woocommerce_widget_cart-2\" class=\"et_pb_widget woocommerce widget_shopping_cart\">\n<div class=\"widget_shopping_cart_content\">\n<p class=\"woocommerce-mini-cart__empty-message\">\u00a0<\/p>\n<\/div>\n<\/div>\n<div id=\"block-2\" class=\"et_pb_widget widget_block widget_text\">\u00a0<\/div>\n<\/div>\n\t\t\t\t\t\t\t\t<\/div>\n\t\t\t\t<\/div>\n\t\t\t\t\t<\/div>\n\t\t\t\t<\/div>\n\t\t\t\t<\/div>\n\t\t","protected":false},"excerpt":{"rendered":"<p>Pol\u00edtica de cookies Qu\u00e9 son las cookies? Este sitio web utiliza cookies y\/o tecnolog\u00edas similares que almacenan y recuperan informaci\u00f3n cuando navegas. En general, estas tecnolog\u00edas pueden servir para finalidades muy diversas, como, por ejemplo, reconocerte como usuario, obtener informaci\u00f3n sobre tus h\u00e1bitos de navegaci\u00f3n, o personalizar la forma en que se muestra el contenido. [&hellip;]<\/p>\n","protected":false},"author":1,"featured_media":0,"parent":0,"menu_order":0,"comment_status":"closed","ping_status":"closed","template":"","meta":{"_seopress_robots_primary_cat":"","_seopress_titles_title":"","_seopress_titles_desc":"","_seopress_robots_index":"","footnotes":""},"class_list":["post-1750","page","type-page","status-publish","hentry"],"_links":{"self":[{"href":"https:\/\/miurltemporal.com/main/joyitasdeacero.es\/wp-json\/wp\/v2\/pages\/1750","targetHints":{"allow":["GET"]}}],"collection":[{"href":"https:\/\/miurltemporal.com/main/joyitasdeacero.es\/wp-json\/wp\/v2\/pages"}],"about":[{"href":"https:\/\/miurltemporal.com/main/joyitasdeacero.es\/wp-json\/wp\/v2\/types\/page"}],"author":[{"embeddable":true,"href":"https:\/\/miurltemporal.com/main/joyitasdeacero.es\/wp-json\/wp\/v2\/users\/1"}],"replies":[{"embeddable":true,"href":"https:\/\/miurltemporal.com/main/joyitasdeacero.es\/wp-json\/wp\/v2\/comments?post=1750"}],"version-history":[{"count":0,"href":"https:\/\/miurltemporal.com/main/joyitasdeacero.es\/wp-json\/wp\/v2\/pages\/1750\/revisions"}],"wp:attachment":[{"href":"https:\/\/miurltemporal.com/main/joyitasdeacero.es\/wp-json\/wp\/v2\/media?parent=1750"}],"curies":[{"name":"wp","href":"https:\/\/api.w.org\/{rel}","templated":true}]}}