{"id":1742,"date":"2023-12-11T12:37:34","date_gmt":"2023-12-11T12:37:34","guid":{"rendered":"https:\/\/miurltemporal.com/main/joyitasdeacero.es\/?page_id=1742"},"modified":"2025-07-16T09:49:26","modified_gmt":"2025-07-16T09:49:26","slug":"politica-de-envios","status":"publish","type":"page","link":"https:\/\/miurltemporal.com/main/joyitasdeacero.es\/politica-de-envios\/","title":{"rendered":"Pol\u00edtica de env\u00edos"},"content":{"rendered":"\t\t<div data-elementor-type=\"wp-page\" data-elementor-id=\"1742\" class=\"elementor elementor-1742\" data-elementor-post-type=\"page\">\n\t\t\t\t<div class=\"elementor-element elementor-element-706d7067 e-flex e-con-boxed e-con e-parent\" data-id=\"706d7067\" data-element_type=\"container\" data-e-type=\"container\">\n\t\t\t\t\t<div class=\"e-con-inner\">\n\t\t\t\t<div class=\"elementor-element elementor-element-4f3a4be elementor-widget elementor-widget-heading\" data-id=\"4f3a4be\" data-element_type=\"widget\" data-e-type=\"widget\" data-widget_type=\"heading.default\">\n\t\t\t\t<div class=\"elementor-widget-container\">\n\t\t\t\t\t<h2 class=\"elementor-heading-title elementor-size-default\">Pol\u00edtica de env\u00edos\/devoluciones<\/h2>\t\t\t\t<\/div>\n\t\t\t\t<\/div>\n\t\t\t\t<div class=\"elementor-element elementor-element-5f89b97a elementor-widget elementor-widget-text-editor\" data-id=\"5f89b97a\" data-element_type=\"widget\" data-e-type=\"widget\" data-widget_type=\"text-editor.default\">\n\t\t\t\t<div class=\"elementor-widget-container\">\n\t\t\t\t\t\t\t\t\t\n<h4>ENV\u00cdO DE PEDIDO<\/h4>\n<p>Los env\u00edos tienen un coste de 5\u20ac en pen\u00ednsula (incluido portugal) Para envios a Baleares, Canarias,Ceuta y Melilla preguntar por mail.<\/p>\n<p>Sigue leyendo para saber m\u00e1s de nuestra pol\u00edtica de env\u00edos y devoluciones.<br \/>Los gastos de env\u00edo son gratis a toda la pen\u00ednsula a partir de 50 Euros ,mediante la agencia de transporte correos Express. Si, en cualquier caso, hay gastos de aduana se pagar\u00e1n aparte por parte del cliente.<br \/>Los gastos del env\u00edo se pagar\u00e1n junto con el importe final del pedido. Los pedidos ser\u00e1n suministrados por Correos Express en domicilio. Los plazos de env\u00edo ser\u00e1n: 24-48h en peninsula,72 horas para Baleares\u00a0 y 48\/72 horas Portugal,siempre que el producto est\u00e9 disponible. Los plazos de entrega se computan sobre los d\u00edas laborables -de lunes a viernes- puesto que la compa\u00f1\u00eda de mensajer\u00eda no realiza entregas en s\u00e1bados, domingos ni festivos. La titular de esta tienda no se hace responsable del mal funcionamiento de este servicio.<\/p>\n<h4>RECEPCI\u00d3N DEL PEDIDO<\/h4>\n<p>El cliente recibir\u00e1 el pedido en la direcci\u00f3n consignada al efecto. En caso de que exista un error en la direcci\u00f3n consignada,La Gaviota. declina toda responsabilidad, debiendo ponerse en contacto el cliente directamente con la empresa de mensajer\u00eda a fin de que le facilite los datos correctos de recepci\u00f3n del pedido y, en su caso, asumir los gastos adicionales que se pudieran haber causado.<br \/>El usuario destinatario del pedido rechazar\u00e1 cualquier paquete que le llegue abierto. La Gaviota. no se har\u00e1 responsable de la falta de contenido de cualquier paquete recibido abierto y aceptado y firmado por el cliente.<br \/>El cliente se compromete a garantizar que haya siempre una persona disponible para la entrega, o para la r\u00e1pida retirada de la mercanc\u00eda de la empresa de mensajer\u00eda. El cliente es responsable de la recogida de un paquete no entregado a domicilio.<br \/>La Gaviota. no se har\u00e1 cargo EN NING\u00daN CASO de impuestos de aduanas del tipo que sean (aranceles, impuestos especiales comunitarios u otros impuestos ) que puedan generarse en los env\u00edos fuera de la Pen\u00ednsula y Baleares y\/o del Estado Espa\u00f1ol. Por tanto si se generan, ir\u00e1n a cargo del cliente.<\/p>\n<h4>POL\u00cdTICA DE DEVOLUCIONES Y CAMBIOS.<\/h4>\n<p>La Gaviota. establece el siguiente procedimiento de devoluci\u00f3n detallado a continuaci\u00f3n:<br \/>El cliente dispondr\u00e1 de un plazo de 30 d\u00edas h\u00e1biles desde el momento de su recepci\u00f3n para notificar la devoluci\u00f3n de su pedido o parte del mismo. Esta notificaci\u00f3n ha de generarse enviando un e-mail a lagaviotaonline@hotmail.com.<br \/>En el e-mail debe especificar el c\u00f3digo del producto, los datos de cliente, tel\u00e9fono de contacto y los motivos de la devoluci\u00f3n.<br \/>El producto debe estar en perfecto estado y con su embalaje y etiquetado original. La devoluci\u00f3n no podr\u00e1 tener lugar en ning\u00fan caso si los productos suministrados fueron manifiestamente objeto de uso, o si el envoltorio ha sido vulnerado de alguna manera. No debe presentar escrituras, pegatinas o cinta de embalaje:<\/p>\n<blockquote>\n<p><strong>1. <\/strong>El producto debe conservar todos los accesorios con los que ha sido servido y sean propios de la marca.<\/p>\n<p><strong>2. <\/strong>El comprador\/a se har\u00e1 carg\u00f3 de los costes directos de devoluci\u00f3n del producto cuando no realice la devoluci\u00f3n directa en tienda. Deber\u00e1 retornar el producto a La Gaviota C\/ Pintores n\u00ba30 bajo 10003 Caceres, haci\u00e9ndolo llegar por un servicio de mensajer\u00eda o a trav\u00e9s de Correos.<\/p>\n<p><strong>3. <\/strong>El producto debe estar en perfecto estado y con su embalaje y etiquetado original. La devoluci\u00f3n no podr\u00e1 tener lugar en ning\u00fan caso si los productos suministrados fueron manifiestamente objeto de uso, o si el envoltorio de la marca ha sido vulnerado de alguna manera.<\/p>\n<p><strong>4.\u00a0<\/strong>Si se solicita un cambio o devoluci\u00f3n en alguno de los productos de un pedido con env\u00edo gratuito (Pedido mayor de 40\u20ac), y el valor de los productos no devueltos es inferior a 40\u20ac, se aplicar\u00e1 una tarifa de env\u00edo para cubrir el costo del producto devuelto. Esta tarifa se deducir\u00e1 del reembolso o se reflejar\u00e1 en la nueva transacci\u00f3n, seg\u00fan corresponda.<\/p>\n<p style=\"padding-left: 40px;\"><em><strong>*<\/strong>Esta pol\u00edtica nos ayuda a mantener la promoci\u00f3n de env\u00edo gratuito para pedidos generales mientras manejamos las circunstancias espec\u00edficas de cambios de productos. Queremos asegurarnos de que disfrutes de la mejor experiencia de compra posible.<\/em><\/p>\n<p>\u00a0<\/p>\n<\/blockquote>\n<p>El producto y su envoltorio original no debe presentar escrituras, pegatinas o cinta de embalaje.<br \/>Si se trata de un cambio, por error en la elecci\u00f3n de talla o color o en cualquiera de las opciones del producto, el usuario comprador se har\u00e1 cargo de los gastos de env\u00edo de vuelta a nuestra oficina.<br \/>Si se trata de una devoluci\u00f3n, POR UN ERROR NUESTRO, al enviar un producto distinto al solicitado, La Gaviota asume cualquier tipo de coste de transporte (no se asumir\u00e1 dicho coste en el caso de que al hacer el cambio se desee a\u00f1adir al paquete nuevos productos, puesto que se considera nueva compra).<br \/>En cualquier otro caso de devoluci\u00f3n (no motivado por un error nuestro) los gastos de transporte correr\u00e1n a cargo del usuario comprador; tan pronto recibida la devoluci\u00f3n se har\u00e1 el abono de la compra,mediante la v\u00eda de pago que se haya utilizado o ingreso en cuenta proporcionada por el cliente.<\/p>\n<h4>CONTACTA CON NOSOTROS<\/h4>\n<p>Para resolver cualquier duda que tengas sobre tu pedido, sobre las presentes \u201cCONDICIONES DE COMPRA\u201d o \u201cCONDICIONES GENERALES\u201d, o bien realizar cualquier reclamaci\u00f3n, devoluci\u00f3n o sugerencia, puedes dirigirte a la siguiente direcci\u00f3n de correo electr\u00f3nico: lagaviotaonline@hotmail.com o tambi\u00e9n en nuestro tel\u00e9fono 625388203<\/p>\n<p>\u00a0<\/p>\n<p>\u00a0<\/p>\n<h4>MODIFICACI\u00d3N DE LAS CONDICIONES DE COMPRA<\/h4>\n<p>La Gaviota. se reserva el derecho de modificar, limitar o cancelar las \u201cCONDICIONES DE COMPRA\u201do las \u201cCONDICIONES GENERALES\u201d en cualquier momento y sin previo aviso, mediante la incorporaci\u00f3n en la p\u00e1gina web de las nuevas condiciones. Las \u201cCONDICIONES DE COMPRA\u201d y \u201cCONDICIONES GENERALES\u201d aplicables ser\u00e1n las vigentes en el momento de CONFIRMAR la compara realizada.<\/p>\n<h4>CUMPLIMIENTO DEL CONTRATO DE COMPRAVENTA<\/h4>\n<p>Las obligaciones establecidas en las presentes \u201cCONDICIONES DE COMPRA\u201d as\u00ed como lo dispuesto en las \u201cCONDICIONES GENERALES\u201d, ser\u00e1n de obligado cumplimiento, tanto por La Gaviota como por todo usuario comprador que CONFIRME la compraventa de los productos de esta p\u00e1gina web, constituyendo las \u201cCONDICIONES DE COMPRA\u201d y las \u201cCONDICIONES GENERALES\u201d el contrato de compraventa valido y aplicable entre las partes.<\/p>\n\t\t\t\t\t\t\t\t<\/div>\n\t\t\t\t<\/div>\n\t\t\t\t\t<\/div>\n\t\t\t\t<\/div>\n\t\t\t\t<\/div>\n\t\t","protected":false},"excerpt":{"rendered":"<p>Pol\u00edtica de env\u00edos\/devoluciones ENV\u00cdO DE PEDIDO Los env\u00edos tienen un coste de 5\u20ac en pen\u00ednsula (incluido portugal) Para envios a Baleares, Canarias,Ceuta y Melilla preguntar por mail. Sigue leyendo para saber m\u00e1s de nuestra pol\u00edtica de env\u00edos y devoluciones.Los gastos de env\u00edo son gratis a toda la pen\u00ednsula a partir de 50 Euros ,mediante la [&hellip;]<\/p>\n","protected":false},"author":1,"featured_media":0,"parent":0,"menu_order":0,"comment_status":"closed","ping_status":"closed","template":"","meta":{"_seopress_robots_primary_cat":"","_seopress_titles_title":"","_seopress_titles_desc":"","_seopress_robots_index":"","footnotes":""},"class_list":["post-1742","page","type-page","status-publish","hentry"],"_links":{"self":[{"href":"https:\/\/miurltemporal.com/main/joyitasdeacero.es\/wp-json\/wp\/v2\/pages\/1742","targetHints":{"allow":["GET"]}}],"collection":[{"href":"https:\/\/miurltemporal.com/main/joyitasdeacero.es\/wp-json\/wp\/v2\/pages"}],"about":[{"href":"https:\/\/miurltemporal.com/main/joyitasdeacero.es\/wp-json\/wp\/v2\/types\/page"}],"author":[{"embeddable":true,"href":"https:\/\/miurltemporal.com/main/joyitasdeacero.es\/wp-json\/wp\/v2\/users\/1"}],"replies":[{"embeddable":true,"href":"https:\/\/miurltemporal.com/main/joyitasdeacero.es\/wp-json\/wp\/v2\/comments?post=1742"}],"version-history":[{"count":0,"href":"https:\/\/miurltemporal.com/main/joyitasdeacero.es\/wp-json\/wp\/v2\/pages\/1742\/revisions"}],"wp:attachment":[{"href":"https:\/\/miurltemporal.com/main/joyitasdeacero.es\/wp-json\/wp\/v2\/media?parent=1742"}],"curies":[{"name":"wp","href":"https:\/\/api.w.org\/{rel}","templated":true}]}}