{"id":4323,"date":"2024-02-20T05:13:51","date_gmt":"2024-02-20T05:13:51","guid":{"rendered":"https:\/\/miurltemporal.com/main/elmonjelpa.es\/?page_id=4323"},"modified":"2024-03-18T19:51:40","modified_gmt":"2024-03-18T19:51:40","slug":"taberna-monje-carta","status":"publish","type":"page","link":"https:\/\/miurltemporal.com/main/elmonjelpa.es\/taberna-monje-carta\/","title":{"rendered":"Selector Idiomas La Taberna de El Monje"},"content":{"rendered":"\t\t<div data-elementor-type=\"wp-page\" data-elementor-id=\"4323\" class=\"elementor elementor-4323\" data-elementor-post-type=\"page\">\n\t\t\t\t<div class=\"elementor-element elementor-element-70d8dda e-con-full e-flex e-con e-parent\" data-id=\"70d8dda\" data-element_type=\"container\" data-e-type=\"container\" data-settings=\"{&quot;background_background&quot;:&quot;classic&quot;}\">\n\t\t<div class=\"elementor-element elementor-element-1162562 e-con-full animated-fast e-flex e-con e-child\" data-id=\"1162562\" data-element_type=\"container\" data-e-type=\"container\" data-settings=\"{&quot;animation&quot;:&quot;none&quot;}\">\n\t\t\t\t<div class=\"elementor-element elementor-element-97d3c8f elementor-widget elementor-widget-image\" data-id=\"97d3c8f\" data-element_type=\"widget\" data-e-type=\"widget\" data-settings=\"{&quot;_animation&quot;:&quot;none&quot;}\" data-widget_type=\"image.default\">\n\t\t\t\t<div class=\"elementor-widget-container\">\n\t\t\t\t\t\t\t\t\t\t\t\t\t\t\t<img fetchpriority=\"high\" decoding=\"async\" width=\"800\" height=\"834\" src=\"https:\/\/miurltemporal.com/main/elmonjelpa.es\/wp-content\/uploads\/2021\/01\/LA-TABERNA-DEL-MONJE-LOGO-SIN-FONDO.webp\" class=\"attachment-large size-large wp-image-212\" alt=\"la taberna del monje logo\" srcset=\"https:\/\/miurltemporal.com/main/elmonjelpa.es\/wp-content\/uploads\/2021\/01\/LA-TABERNA-DEL-MONJE-LOGO-SIN-FONDO.webp 982w, https:\/\/miurltemporal.com/main/elmonjelpa.es\/wp-content\/uploads\/2021\/01\/LA-TABERNA-DEL-MONJE-LOGO-SIN-FONDO-288x300.webp 288w, https:\/\/miurltemporal.com/main/elmonjelpa.es\/wp-content\/uploads\/2021\/01\/LA-TABERNA-DEL-MONJE-LOGO-SIN-FONDO-768x801.webp 768w\" sizes=\"(max-width: 800px) 100vw, 800px\" \/>\t\t\t\t\t\t\t\t\t\t\t\t\t\t\t<\/div>\n\t\t\t\t<\/div>\n\t\t\t\t<\/div>\n\t\t<div class=\"elementor-element elementor-element-36e4f43 e-con-full e-flex e-con e-child\" data-id=\"36e4f43\" data-element_type=\"container\" data-e-type=\"container\" data-settings=\"{&quot;background_background&quot;:&quot;classic&quot;}\">\n\t\t\t\t<div class=\"elementor-element elementor-element-3ba5a43 elementor-invisible elementor-widget elementor-widget-heading\" data-id=\"3ba5a43\" data-element_type=\"widget\" data-e-type=\"widget\" data-settings=\"{&quot;_animation&quot;:&quot;fadeInUp&quot;,&quot;_animation_delay&quot;:250}\" data-widget_type=\"heading.default\">\n\t\t\t\t<div class=\"elementor-widget-container\">\n\t\t\t\t\t<h2 class=\"elementor-heading-title elementor-size-default\">Selecciona tu idioma para visualizar el men\u00fa:<\/h2>\t\t\t\t<\/div>\n\t\t\t\t<\/div>\n\t\t\t\t<\/div>\n\t\t<div class=\"elementor-element elementor-element-fce66ed e-con-full e-flex e-con e-child\" data-id=\"fce66ed\" data-element_type=\"container\" data-e-type=\"container\">\n\t\t<a class=\"elementor-element elementor-element-c5aa0f6 e-con-full e-flex elementor-invisible e-con e-child\" data-id=\"c5aa0f6\" data-element_type=\"container\" data-e-type=\"container\" data-settings=\"{&quot;background_background&quot;:&quot;classic&quot;,&quot;animation&quot;:&quot;bounceIn&quot;}\" href=\"https:\/\/miurltemporal.com/main/elmonjelpa.es\/taberna-monje-carta\/taberna-esp\/\">\n\t\t\t\t<div class=\"elementor-element elementor-element-210d2c3 elementor-widget elementor-widget-image\" data-id=\"210d2c3\" data-element_type=\"widget\" data-e-type=\"widget\" data-widget_type=\"image.default\">\n\t\t\t\t<div class=\"elementor-widget-container\">\n\t\t\t\t\t\t\t\t\t\t\t\t\t\t\t<img decoding=\"async\" width=\"512\" height=\"512\" src=\"https:\/\/miurltemporal.com/main/elmonjelpa.es\/wp-content\/uploads\/2024\/02\/espana.png\" class=\"attachment-large size-large wp-image-4393\" alt=\"\" srcset=\"https:\/\/miurltemporal.com/main/elmonjelpa.es\/wp-content\/uploads\/2024\/02\/espana.png 512w, https:\/\/miurltemporal.com/main/elmonjelpa.es\/wp-content\/uploads\/2024\/02\/espana-300x300.png 300w, https:\/\/miurltemporal.com/main/elmonjelpa.es\/wp-content\/uploads\/2024\/02\/espana-150x150.png 150w, https:\/\/miurltemporal.com/main/elmonjelpa.es\/wp-content\/uploads\/2024\/02\/espana-480x480.png 480w\" sizes=\"(max-width: 512px) 100vw, 512px\" \/>\t\t\t\t\t\t\t\t\t\t\t\t\t\t\t<\/div>\n\t\t\t\t<\/div>\n\t\t\t\t<div class=\"elementor-element elementor-element-7436872 elementor-widget elementor-widget-heading\" data-id=\"7436872\" data-element_type=\"widget\" data-e-type=\"widget\" data-widget_type=\"heading.default\">\n\t\t\t\t<div class=\"elementor-widget-container\">\n\t\t\t\t\t<h2 class=\"elementor-heading-title elementor-size-default\">Espa\u00f1ol<\/h2>\t\t\t\t<\/div>\n\t\t\t\t<\/div>\n\t\t\t\t<\/a>\n\t\t<a class=\"elementor-element elementor-element-5f59f21 e-con-full e-flex elementor-invisible e-con e-child\" data-id=\"5f59f21\" data-element_type=\"container\" data-e-type=\"container\" data-settings=\"{&quot;background_background&quot;:&quot;classic&quot;,&quot;animation&quot;:&quot;bounceIn&quot;}\" href=\"https:\/\/miurltemporal.com/main/elmonjelpa.es\/taberna-monje-carta\/taberna-ingles\/\">\n\t\t\t\t<div class=\"elementor-element elementor-element-26d65e1 elementor-widget elementor-widget-image\" data-id=\"26d65e1\" data-element_type=\"widget\" data-e-type=\"widget\" data-widget_type=\"image.default\">\n\t\t\t\t<div class=\"elementor-widget-container\">\n\t\t\t\t\t\t\t\t\t\t\t\t\t\t\t<img decoding=\"async\" width=\"512\" height=\"512\" src=\"https:\/\/miurltemporal.com/main/elmonjelpa.es\/wp-content\/uploads\/2024\/02\/reino-unido.png\" class=\"attachment-large size-large wp-image-4392\" alt=\"\" srcset=\"https:\/\/miurltemporal.com/main/elmonjelpa.es\/wp-content\/uploads\/2024\/02\/reino-unido.png 512w, https:\/\/miurltemporal.com/main/elmonjelpa.es\/wp-content\/uploads\/2024\/02\/reino-unido-300x300.png 300w, https:\/\/miurltemporal.com/main/elmonjelpa.es\/wp-content\/uploads\/2024\/02\/reino-unido-150x150.png 150w, https:\/\/miurltemporal.com/main/elmonjelpa.es\/wp-content\/uploads\/2024\/02\/reino-unido-480x480.png 480w\" sizes=\"(max-width: 512px) 100vw, 512px\" \/>\t\t\t\t\t\t\t\t\t\t\t\t\t\t\t<\/div>\n\t\t\t\t<\/div>\n\t\t\t\t<div class=\"elementor-element elementor-element-441d667 elementor-widget elementor-widget-heading\" data-id=\"441d667\" data-element_type=\"widget\" data-e-type=\"widget\" data-widget_type=\"heading.default\">\n\t\t\t\t<div class=\"elementor-widget-container\">\n\t\t\t\t\t<h2 class=\"elementor-heading-title elementor-size-default\">English<\/h2>\t\t\t\t<\/div>\n\t\t\t\t<\/div>\n\t\t\t\t<\/a>\n\t\t\t\t<\/div>\n\t\t<div class=\"elementor-element elementor-element-08cba45 e-con-full e-flex e-con e-child\" data-id=\"08cba45\" data-element_type=\"container\" data-e-type=\"container\" data-settings=\"{&quot;animation&quot;:&quot;none&quot;}\">\n\t\t<a class=\"elementor-element elementor-element-274fbc4 e-con-full e-flex elementor-invisible e-con e-child\" data-id=\"274fbc4\" data-element_type=\"container\" data-e-type=\"container\" data-settings=\"{&quot;background_background&quot;:&quot;classic&quot;,&quot;animation&quot;:&quot;bounceIn&quot;}\" href=\"https:\/\/miurltemporal.com/main/elmonjelpa.es\/taberna-monje-carta\/taberna-aleman\/\">\n\t\t\t\t<div class=\"elementor-element elementor-element-f71553b elementor-widget elementor-widget-image\" data-id=\"f71553b\" data-element_type=\"widget\" data-e-type=\"widget\" data-widget_type=\"image.default\">\n\t\t\t\t<div class=\"elementor-widget-container\">\n\t\t\t\t\t\t\t\t\t\t\t\t\t\t\t<img loading=\"lazy\" decoding=\"async\" width=\"512\" height=\"512\" src=\"https:\/\/miurltemporal.com/main/elmonjelpa.es\/wp-content\/uploads\/2024\/02\/alemania.png\" class=\"attachment-large size-large wp-image-4394\" alt=\"\" srcset=\"https:\/\/miurltemporal.com/main/elmonjelpa.es\/wp-content\/uploads\/2024\/02\/alemania.png 512w, https:\/\/miurltemporal.com/main/elmonjelpa.es\/wp-content\/uploads\/2024\/02\/alemania-300x300.png 300w, https:\/\/miurltemporal.com/main/elmonjelpa.es\/wp-content\/uploads\/2024\/02\/alemania-150x150.png 150w, https:\/\/miurltemporal.com/main/elmonjelpa.es\/wp-content\/uploads\/2024\/02\/alemania-480x480.png 480w\" sizes=\"(max-width: 512px) 100vw, 512px\" \/>\t\t\t\t\t\t\t\t\t\t\t\t\t\t\t<\/div>\n\t\t\t\t<\/div>\n\t\t\t\t<div class=\"elementor-element elementor-element-ed34887 elementor-widget elementor-widget-heading\" data-id=\"ed34887\" data-element_type=\"widget\" data-e-type=\"widget\" data-widget_type=\"heading.default\">\n\t\t\t\t<div class=\"elementor-widget-container\">\n\t\t\t\t\t<h2 class=\"elementor-heading-title elementor-size-default\">Deutsch<\/h2>\t\t\t\t<\/div>\n\t\t\t\t<\/div>\n\t\t\t\t<\/a>\n\t\t<a class=\"elementor-element elementor-element-19d9ac0 e-con-full e-flex elementor-invisible e-con e-child\" data-id=\"19d9ac0\" data-element_type=\"container\" data-e-type=\"container\" data-settings=\"{&quot;background_background&quot;:&quot;classic&quot;,&quot;animation&quot;:&quot;bounceIn&quot;}\" href=\"https:\/\/miurltemporal.com/main/elmonjelpa.es\/taberna-monje-carta\/taberna-frances\/\">\n\t\t\t\t<div class=\"elementor-element elementor-element-33b51d8 elementor-widget elementor-widget-image\" data-id=\"33b51d8\" data-element_type=\"widget\" data-e-type=\"widget\" data-widget_type=\"image.default\">\n\t\t\t\t<div class=\"elementor-widget-container\">\n\t\t\t\t\t\t\t\t\t\t\t\t\t\t\t<img loading=\"lazy\" decoding=\"async\" width=\"512\" height=\"512\" src=\"https:\/\/miurltemporal.com/main/elmonjelpa.es\/wp-content\/uploads\/2024\/02\/francia.png\" class=\"attachment-large size-large wp-image-4395\" alt=\"\" srcset=\"https:\/\/miurltemporal.com/main/elmonjelpa.es\/wp-content\/uploads\/2024\/02\/francia.png 512w, https:\/\/miurltemporal.com/main/elmonjelpa.es\/wp-content\/uploads\/2024\/02\/francia-300x300.png 300w, https:\/\/miurltemporal.com/main/elmonjelpa.es\/wp-content\/uploads\/2024\/02\/francia-150x150.png 150w, https:\/\/miurltemporal.com/main/elmonjelpa.es\/wp-content\/uploads\/2024\/02\/francia-480x480.png 480w\" sizes=\"(max-width: 512px) 100vw, 512px\" \/>\t\t\t\t\t\t\t\t\t\t\t\t\t\t\t<\/div>\n\t\t\t\t<\/div>\n\t\t\t\t<div class=\"elementor-element elementor-element-66e3129 elementor-widget elementor-widget-heading\" data-id=\"66e3129\" data-element_type=\"widget\" data-e-type=\"widget\" data-widget_type=\"heading.default\">\n\t\t\t\t<div class=\"elementor-widget-container\">\n\t\t\t\t\t<h2 class=\"elementor-heading-title elementor-size-default\">Fran\u00e7ais<\/h2>\t\t\t\t<\/div>\n\t\t\t\t<\/div>\n\t\t\t\t<\/a>\n\t\t\t\t<\/div>\n\t\t\t\t<\/div>\n\t\t\t\t<\/div>\n\t\t","protected":false},"excerpt":{"rendered":"<p>Selecciona tu idioma para visualizar el men\u00fa: Espa\u00f1ol English Deutsch Fran\u00e7ais<\/p>\n","protected":false},"author":2,"featured_media":0,"parent":0,"menu_order":9,"comment_status":"closed","ping_status":"closed","template":"elementor_canvas","meta":{"footnotes":""},"class_list":["post-4323","page","type-page","status-publish","hentry"],"yoast_head":"<!-- This site is optimized with the Yoast SEO plugin v27.3 - https:\/\/yoast.com\/product\/yoast-seo-wordpress\/ -->\n<title>Selector Idiomas La Taberna de El Monje - El Monje Restaurante en Vegueta<\/title>\n<meta name=\"robots\" content=\"index, follow, max-snippet:-1, max-image-preview:large, max-video-preview:-1\" \/>\n<link rel=\"canonical\" href=\"https:\/\/miurltemporal.com/main/elmonjelpa.es\/taberna-monje-carta\/\" \/>\n<meta property=\"og:locale\" content=\"es_ES\" \/>\n<meta property=\"og:type\" content=\"article\" \/>\n<meta property=\"og:title\" content=\"Selector Idiomas La Taberna de El Monje - El Monje Restaurante en Vegueta\" \/>\n<meta property=\"og:description\" content=\"Selecciona tu idioma para visualizar el men\u00fa: Espa\u00f1ol English Deutsch Fran\u00e7ais\" \/>\n<meta property=\"og:url\" content=\"https:\/\/miurltemporal.com/main/elmonjelpa.es\/taberna-monje-carta\/\" \/>\n<meta property=\"og:site_name\" content=\"El Monje Restaurante en Vegueta\" \/>\n<meta property=\"article:publisher\" content=\"https:\/\/www.facebook.com\/elmonjevegueta\" \/>\n<meta property=\"article:modified_time\" content=\"2024-03-18T19:51:40+00:00\" \/>\n<meta property=\"og:image\" content=\"http:\/\/miurltemporal.com/main/elmonjelpa.es\/wp-content\/uploads\/2021\/01\/LA-TABERNA-DEL-MONJE-LOGO-SIN-FONDO.webp\" \/>\n<meta name=\"twitter:card\" content=\"summary_large_image\" \/>\n<meta name=\"twitter:label1\" content=\"Tiempo de lectura\" \/>\n\t<meta name=\"twitter:data1\" content=\"2 minutos\" \/>\n<script type=\"application\/ld+json\" class=\"yoast-schema-graph\">{\"@context\":\"https:\\\/\\\/schema.org\",\"@graph\":[{\"@type\":\"WebPage\",\"@id\":\"https:\\\/\\\/elmonjelpa.es\\\/taberna-monje-carta\\\/\",\"url\":\"https:\\\/\\\/elmonjelpa.es\\\/taberna-monje-carta\\\/\",\"name\":\"Selector Idiomas La Taberna de El Monje - El Monje Restaurante en Vegueta\",\"isPartOf\":{\"@id\":\"https:\\\/\\\/elmonjelpa.es\\\/#website\"},\"primaryImageOfPage\":{\"@id\":\"https:\\\/\\\/elmonjelpa.es\\\/taberna-monje-carta\\\/#primaryimage\"},\"image\":{\"@id\":\"https:\\\/\\\/elmonjelpa.es\\\/taberna-monje-carta\\\/#primaryimage\"},\"thumbnailUrl\":\"http:\\\/\\\/elmonjelpa.es\\\/wp-content\\\/uploads\\\/2021\\\/01\\\/LA-TABERNA-DEL-MONJE-LOGO-SIN-FONDO.webp\",\"datePublished\":\"2024-02-20T05:13:51+00:00\",\"dateModified\":\"2024-03-18T19:51:40+00:00\",\"breadcrumb\":{\"@id\":\"https:\\\/\\\/elmonjelpa.es\\\/taberna-monje-carta\\\/#breadcrumb\"},\"inLanguage\":\"es\",\"potentialAction\":[{\"@type\":\"ReadAction\",\"target\":[\"https:\\\/\\\/elmonjelpa.es\\\/taberna-monje-carta\\\/\"]}]},{\"@type\":\"ImageObject\",\"inLanguage\":\"es\",\"@id\":\"https:\\\/\\\/elmonjelpa.es\\\/taberna-monje-carta\\\/#primaryimage\",\"url\":\"http:\\\/\\\/elmonjelpa.es\\\/wp-content\\\/uploads\\\/2021\\\/01\\\/LA-TABERNA-DEL-MONJE-LOGO-SIN-FONDO.webp\",\"contentUrl\":\"http:\\\/\\\/elmonjelpa.es\\\/wp-content\\\/uploads\\\/2021\\\/01\\\/LA-TABERNA-DEL-MONJE-LOGO-SIN-FONDO.webp\"},{\"@type\":\"BreadcrumbList\",\"@id\":\"https:\\\/\\\/elmonjelpa.es\\\/taberna-monje-carta\\\/#breadcrumb\",\"itemListElement\":[{\"@type\":\"ListItem\",\"position\":1,\"name\":\"Portada\",\"item\":\"https:\\\/\\\/elmonjelpa.es\\\/\"},{\"@type\":\"ListItem\",\"position\":2,\"name\":\"Selector Idiomas La Taberna de El Monje\"}]},{\"@type\":\"WebSite\",\"@id\":\"https:\\\/\\\/elmonjelpa.es\\\/#website\",\"url\":\"https:\\\/\\\/elmonjelpa.es\\\/\",\"name\":\"El Monje Restaurante en Vegueta\",\"description\":\"Restaurante en Vegueta con Terraza (Las Palmas de Gran Canaria)\",\"publisher\":{\"@id\":\"https:\\\/\\\/elmonjelpa.es\\\/#organization\"},\"potentialAction\":[{\"@type\":\"SearchAction\",\"target\":{\"@type\":\"EntryPoint\",\"urlTemplate\":\"https:\\\/\\\/elmonjelpa.es\\\/?s={search_term_string}\"},\"query-input\":{\"@type\":\"PropertyValueSpecification\",\"valueRequired\":true,\"valueName\":\"search_term_string\"}}],\"inLanguage\":\"es\"},{\"@type\":\"Organization\",\"@id\":\"https:\\\/\\\/elmonjelpa.es\\\/#organization\",\"name\":\"Restaurante El Monje\",\"url\":\"https:\\\/\\\/elmonjelpa.es\\\/\",\"logo\":{\"@type\":\"ImageObject\",\"inLanguage\":\"es\",\"@id\":\"https:\\\/\\\/elmonjelpa.es\\\/#\\\/schema\\\/logo\\\/image\\\/\",\"url\":\"https:\\\/\\\/elmonjelpa.es\\\/wp-content\\\/uploads\\\/2021\\\/01\\\/LOGO-PIE-DE-PAGINA-01.png\",\"contentUrl\":\"https:\\\/\\\/elmonjelpa.es\\\/wp-content\\\/uploads\\\/2021\\\/01\\\/LOGO-PIE-DE-PAGINA-01.png\",\"width\":1063,\"height\":650,\"caption\":\"Restaurante El Monje\"},\"image\":{\"@id\":\"https:\\\/\\\/elmonjelpa.es\\\/#\\\/schema\\\/logo\\\/image\\\/\"},\"sameAs\":[\"https:\\\/\\\/www.facebook.com\\\/elmonjevegueta\",\"https:\\\/\\\/www.instagram.com\\\/el_monje_\"]}]}<\/script>\n<!-- \/ Yoast SEO plugin. -->","yoast_head_json":{"title":"Selector Idiomas La Taberna de El Monje - El Monje Restaurante en Vegueta","robots":{"index":"index","follow":"follow","max-snippet":"max-snippet:-1","max-image-preview":"max-image-preview:large","max-video-preview":"max-video-preview:-1"},"canonical":"https:\/\/miurltemporal.com/main/elmonjelpa.es\/taberna-monje-carta\/","og_locale":"es_ES","og_type":"article","og_title":"Selector Idiomas La Taberna de El Monje - El Monje Restaurante en Vegueta","og_description":"Selecciona tu idioma para visualizar el men\u00fa: Espa\u00f1ol English Deutsch Fran\u00e7ais","og_url":"https:\/\/miurltemporal.com/main/elmonjelpa.es\/taberna-monje-carta\/","og_site_name":"El Monje Restaurante en Vegueta","article_publisher":"https:\/\/www.facebook.com\/elmonjevegueta","article_modified_time":"2024-03-18T19:51:40+00:00","og_image":[{"url":"http:\/\/miurltemporal.com/main/elmonjelpa.es\/wp-content\/uploads\/2021\/01\/LA-TABERNA-DEL-MONJE-LOGO-SIN-FONDO.webp","type":"","width":"","height":""}],"twitter_card":"summary_large_image","twitter_misc":{"Tiempo de lectura":"2 minutos"},"schema":{"@context":"https:\/\/schema.org","@graph":[{"@type":"WebPage","@id":"https:\/\/miurltemporal.com/main/elmonjelpa.es\/taberna-monje-carta\/","url":"https:\/\/miurltemporal.com/main/elmonjelpa.es\/taberna-monje-carta\/","name":"Selector Idiomas La Taberna de El Monje - El Monje Restaurante en Vegueta","isPartOf":{"@id":"https:\/\/miurltemporal.com/main/elmonjelpa.es\/#website"},"primaryImageOfPage":{"@id":"https:\/\/miurltemporal.com/main/elmonjelpa.es\/taberna-monje-carta\/#primaryimage"},"image":{"@id":"https:\/\/miurltemporal.com/main/elmonjelpa.es\/taberna-monje-carta\/#primaryimage"},"thumbnailUrl":"http:\/\/miurltemporal.com/main/elmonjelpa.es\/wp-content\/uploads\/2021\/01\/LA-TABERNA-DEL-MONJE-LOGO-SIN-FONDO.webp","datePublished":"2024-02-20T05:13:51+00:00","dateModified":"2024-03-18T19:51:40+00:00","breadcrumb":{"@id":"https:\/\/miurltemporal.com/main/elmonjelpa.es\/taberna-monje-carta\/#breadcrumb"},"inLanguage":"es","potentialAction":[{"@type":"ReadAction","target":["https:\/\/elmonjelpa.es\/taberna-monje-carta\/"]}]},{"@type":"ImageObject","inLanguage":"es","@id":"https:\/\/miurltemporal.com/main/elmonjelpa.es\/taberna-monje-carta\/#primaryimage","url":"http:\/\/miurltemporal.com/main/elmonjelpa.es\/wp-content\/uploads\/2021\/01\/LA-TABERNA-DEL-MONJE-LOGO-SIN-FONDO.webp","contentUrl":"http:\/\/miurltemporal.com/main/elmonjelpa.es\/wp-content\/uploads\/2021\/01\/LA-TABERNA-DEL-MONJE-LOGO-SIN-FONDO.webp"},{"@type":"BreadcrumbList","@id":"https:\/\/miurltemporal.com/main/elmonjelpa.es\/taberna-monje-carta\/#breadcrumb","itemListElement":[{"@type":"ListItem","position":1,"name":"Portada","item":"https:\/\/miurltemporal.com/main/elmonjelpa.es\/"},{"@type":"ListItem","position":2,"name":"Selector Idiomas La Taberna de El Monje"}]},{"@type":"WebSite","@id":"https:\/\/miurltemporal.com/main/elmonjelpa.es\/#website","url":"https:\/\/miurltemporal.com/main/elmonjelpa.es\/","name":"El Monje Restaurante en Vegueta","description":"Restaurante en Vegueta con Terraza (Las Palmas de Gran Canaria)","publisher":{"@id":"https:\/\/miurltemporal.com/main/elmonjelpa.es\/#organization"},"potentialAction":[{"@type":"SearchAction","target":{"@type":"EntryPoint","urlTemplate":"https:\/\/miurltemporal.com/main/elmonjelpa.es\/?s={search_term_string}"},"query-input":{"@type":"PropertyValueSpecification","valueRequired":true,"valueName":"search_term_string"}}],"inLanguage":"es"},{"@type":"Organization","@id":"https:\/\/miurltemporal.com/main/elmonjelpa.es\/#organization","name":"Restaurante El Monje","url":"https:\/\/miurltemporal.com/main/elmonjelpa.es\/","logo":{"@type":"ImageObject","inLanguage":"es","@id":"https:\/\/miurltemporal.com/main/elmonjelpa.es\/#\/schema\/logo\/image\/","url":"https:\/\/miurltemporal.com/main/elmonjelpa.es\/wp-content\/uploads\/2021\/01\/LOGO-PIE-DE-PAGINA-01.png","contentUrl":"https:\/\/miurltemporal.com/main/elmonjelpa.es\/wp-content\/uploads\/2021\/01\/LOGO-PIE-DE-PAGINA-01.png","width":1063,"height":650,"caption":"Restaurante El Monje"},"image":{"@id":"https:\/\/miurltemporal.com/main/elmonjelpa.es\/#\/schema\/logo\/image\/"},"sameAs":["https:\/\/www.facebook.com\/elmonjevegueta","https:\/\/www.instagram.com\/el_monje_"]}]}},"_links":{"self":[{"href":"https:\/\/miurltemporal.com/main/elmonjelpa.es\/wp-json\/wp\/v2\/pages\/4323","targetHints":{"allow":["GET"]}}],"collection":[{"href":"https:\/\/miurltemporal.com/main/elmonjelpa.es\/wp-json\/wp\/v2\/pages"}],"about":[{"href":"https:\/\/miurltemporal.com/main/elmonjelpa.es\/wp-json\/wp\/v2\/types\/page"}],"author":[{"embeddable":true,"href":"https:\/\/miurltemporal.com/main/elmonjelpa.es\/wp-json\/wp\/v2\/users\/2"}],"replies":[{"embeddable":true,"href":"https:\/\/miurltemporal.com/main/elmonjelpa.es\/wp-json\/wp\/v2\/comments?post=4323"}],"version-history":[{"count":385,"href":"https:\/\/miurltemporal.com/main/elmonjelpa.es\/wp-json\/wp\/v2\/pages\/4323\/revisions"}],"predecessor-version":[{"id":6367,"href":"https:\/\/miurltemporal.com/main/elmonjelpa.es\/wp-json\/wp\/v2\/pages\/4323\/revisions\/6367"}],"wp:attachment":[{"href":"https:\/\/miurltemporal.com/main/elmonjelpa.es\/wp-json\/wp\/v2\/media?parent=4323"}],"curies":[{"name":"wp","href":"https:\/\/api.w.org\/{rel}","templated":true}]}}