{"id":932,"date":"2022-11-08T16:40:01","date_gmt":"2022-11-08T15:40:01","guid":{"rendered":"https:\/\/miurltemporal.com/main/cuncial.es\/?post_type=product&#038;p=932"},"modified":"2023-10-25T13:02:11","modified_gmt":"2023-10-25T11:02:11","slug":"tendedero-pared-acordeon-ac-compact100","status":"publish","type":"product","link":"https:\/\/miurltemporal.com/main/cuncial.es\/tendido\/acordeon\/tendedero-pared-acordeon-ac-compact100\/","title":{"rendered":"Tendedero pared AC COMPACT 100"},"content":{"rendered":"<p>El tendedero pared Ac Compact es una gran elecci\u00f3n si buscas praticidad, sencillez y durabilidad.<\/p>\n<ul>\n<li style=\"list-style-type: none;\">\n<ul>\n<li>Tendedero Extensible: el Ac Compact te ahorra espacio gracias a que puedes adaptar su tama\u00f1o a tu espacio. Mientras que si no lo usas queda recogido ocupando muy poco sitio.<\/li>\n<li>Inoxidable: fabricado en <a href=\"https:\/\/perfilesdealuminio.net\/articulo\/ique-es-el-anodizado\/30\" target=\"_blank\" rel=\"noopener\">aluminio anodizado<\/a> de alta calidad que permite una resistencia total a la corrosi\u00f3n. Las inclemencias del tiempo no ser\u00e1n un problema para este tendedero de pared.<\/li>\n<li>Uso: gracias a sus componentes podr\u00e1s utilizarlo tanto en interior como exterior. Patios, balcones, sotanos, jardines, fachadas &#8230; Tiene 6 metros de tendido.<\/li>\n<li>Medidas: Sus reducidas medidas lo hacen ideal para peque\u00f1os espacios, 100 x 21 x 43 cm. F\u00e1cil de instalar ya que viene parcialmente montado.<\/li>\n<li>Marca Cuncial: garant\u00eda de una empresa lider en soluciones para el hogar. Son m\u00e1s de 70 a\u00f1os fabricando y distribuyendo a hogares de todo el mundo.\u00a0 <span class=\"a-list-item\">bricolaje, ferreter\u00eda, herraje, jardiner\u00eda, menaje y hogar, electricidad, l\u00ednea profesional y protecci\u00f3n y seguridad laboral. <\/span><\/li>\n<\/ul>\n<\/li>\n<\/ul>\n<p>Disponible en 3 medidas: 80, 100 y 120 cm. Puedes verlas haciendo <a href=\"https:\/\/miurltemporal.com/main/cuncial.es\/tendido\/?c=acordeon\">clic aqu\u00ed.<\/a><\/p>\n","protected":false},"excerpt":{"rendered":"<p>Fabricado en aluminio anodizado.<br \/>\nExtensible<br \/>\n6 varillas de aluminio de 8mm<br \/>\nPletinas de aluminio anodizado de 200 de alto\u00a0 por 12 mm de ancho<br \/>\nTotalmente inoxidable<br \/>\nFijaciones y tornillos incluidos<br \/>\n6 metros de tendido<br \/>\nColor met\u00e1lico<br \/>\nMedidas tendedero abierto: 100 x 21 x 43 cm<\/p>\n","protected":false},"featured_media":930,"comment_status":"open","ping_status":"closed","template":"","meta":[],"product_brand":[],"product_cat":[22,17],"product_tag":[148],"class_list":{"0":"post-932","1":"product","2":"type-product","3":"status-publish","4":"has-post-thumbnail","6":"product_cat-acordeon","7":"product_cat-tendido","8":"product_tag-tendedero-acordeon-epoxi","10":"first","11":"instock","12":"shipping-taxable","13":"product-type-simple"},"_links":{"self":[{"href":"https:\/\/miurltemporal.com/main/cuncial.es\/wp-json\/wp\/v2\/product\/932","targetHints":{"allow":["GET"]}}],"collection":[{"href":"https:\/\/miurltemporal.com/main/cuncial.es\/wp-json\/wp\/v2\/product"}],"about":[{"href":"https:\/\/miurltemporal.com/main/cuncial.es\/wp-json\/wp\/v2\/types\/product"}],"replies":[{"embeddable":true,"href":"https:\/\/miurltemporal.com/main/cuncial.es\/wp-json\/wp\/v2\/comments?post=932"}],"wp:featuredmedia":[{"embeddable":true,"href":"https:\/\/miurltemporal.com/main/cuncial.es\/wp-json\/wp\/v2\/media\/930"}],"wp:attachment":[{"href":"https:\/\/miurltemporal.com/main/cuncial.es\/wp-json\/wp\/v2\/media?parent=932"}],"wp:term":[{"taxonomy":"product_brand","embeddable":true,"href":"https:\/\/miurltemporal.com/main/cuncial.es\/wp-json\/wp\/v2\/product_brand?post=932"},{"taxonomy":"product_cat","embeddable":true,"href":"https:\/\/miurltemporal.com/main/cuncial.es\/wp-json\/wp\/v2\/product_cat?post=932"},{"taxonomy":"product_tag","embeddable":true,"href":"https:\/\/miurltemporal.com/main/cuncial.es\/wp-json\/wp\/v2\/product_tag?post=932"}],"curies":[{"name":"wp","href":"https:\/\/api.w.org\/{rel}","templated":true}]}}