{"id":865,"date":"2022-07-19T09:55:13","date_gmt":"2022-07-19T07:55:13","guid":{"rendered":"https:\/\/miurltemporal.com/main/cuncial.es\/?post_type=product&#038;p=865"},"modified":"2022-07-19T11:18:36","modified_gmt":"2022-07-19T09:18:36","slug":"tendedero-basico","status":"publish","type":"product","link":"https:\/\/miurltemporal.com/main/cuncial.es\/tendido\/pie-suelo-tendido\/tendedero-basico\/","title":{"rendered":"Tendedero Basico"},"content":{"rendered":"<p>El tendedero de pie P-2\/A B\u00e1sico de Cuncial te sorprender\u00e1 por su excelente relaci\u00f3n calidad precio.<br \/>\nLa estructura es de varillas de acero. Gracias a sus 18 metros de tendido no tendr\u00e1s problemas para colgar toda tu colada.<br \/>\nSe pliega de manera f\u00e1cil y ocupa poco espacio.<br \/>\nEs apto para utilizar en ba\u00f1era, tambi\u00e9n en cualquier otro lugar de la casa o en el exterior.<br \/>\nViene con tacos antideslizantes en el patas incorporado para que no tengas que preocuparte por su estabilidad.<\/p>\n","protected":false},"excerpt":{"rendered":"<p>Acero pintado<br \/>\n18 metros de tendido<br \/>\nMedidas 180 x 55 x 96cm<br \/>\nInterior \/ Exterior<br \/>\nApto para ba\u00f1era<\/p>\n","protected":false},"featured_media":819,"comment_status":"open","ping_status":"closed","template":"","meta":[],"product_brand":[],"product_cat":[127],"product_tag":[],"class_list":{"0":"post-865","1":"product","2":"type-product","3":"status-publish","4":"has-post-thumbnail","6":"product_cat-pie-suelo-tendido","8":"first","9":"instock","10":"shipping-taxable","11":"product-type-simple"},"_links":{"self":[{"href":"https:\/\/miurltemporal.com/main/cuncial.es\/wp-json\/wp\/v2\/product\/865","targetHints":{"allow":["GET"]}}],"collection":[{"href":"https:\/\/miurltemporal.com/main/cuncial.es\/wp-json\/wp\/v2\/product"}],"about":[{"href":"https:\/\/miurltemporal.com/main/cuncial.es\/wp-json\/wp\/v2\/types\/product"}],"replies":[{"embeddable":true,"href":"https:\/\/miurltemporal.com/main/cuncial.es\/wp-json\/wp\/v2\/comments?post=865"}],"wp:featuredmedia":[{"embeddable":true,"href":"https:\/\/miurltemporal.com/main/cuncial.es\/wp-json\/wp\/v2\/media\/819"}],"wp:attachment":[{"href":"https:\/\/miurltemporal.com/main/cuncial.es\/wp-json\/wp\/v2\/media?parent=865"}],"wp:term":[{"taxonomy":"product_brand","embeddable":true,"href":"https:\/\/miurltemporal.com/main/cuncial.es\/wp-json\/wp\/v2\/product_brand?post=865"},{"taxonomy":"product_cat","embeddable":true,"href":"https:\/\/miurltemporal.com/main/cuncial.es\/wp-json\/wp\/v2\/product_cat?post=865"},{"taxonomy":"product_tag","embeddable":true,"href":"https:\/\/miurltemporal.com/main/cuncial.es\/wp-json\/wp\/v2\/product_tag?post=865"}],"curies":[{"name":"wp","href":"https:\/\/api.w.org\/{rel}","templated":true}]}}