{"id":854,"date":"2022-07-11T13:12:11","date_gmt":"2022-07-11T11:12:11","guid":{"rendered":"https:\/\/miurltemporal.com/main/cuncial.es\/?post_type=product&#038;p=854"},"modified":"2022-07-11T13:40:09","modified_gmt":"2022-07-11T11:40:09","slug":"banera","status":"publish","type":"product","link":"https:\/\/miurltemporal.com/main/cuncial.es\/tendido\/pie-suelo-tendido\/banera\/","title":{"rendered":"Tendedero Ba\u00f1era"},"content":{"rendered":"<p>Con el tendedero Ba\u00f1era de Cuncial ahorrar\u00e1s mucho espacio, plegado solo ocupa 6 cm.<br \/>\nAdem\u00e1s podr\u00e1s llevarlo de un lado a otro sin dificultad gracias a su redcido peso.<br \/>\nTe permite una superficie de tendido de 10 m. Es muy vers\u00e1til ya que puede colocarse en distintas posiciones, adapt\u00e1ndose a la mayor\u00eda de ba\u00f1eras del mercado. <\/p>\n","protected":false},"excerpt":{"rendered":"<p>Plegable<br \/>\n10 metros de tendido<br \/>\nAcero pintado<br \/>\nMedidas 130 x 65 cm<\/p>\n","protected":false},"featured_media":828,"comment_status":"open","ping_status":"closed","template":"","meta":[],"product_brand":[],"product_cat":[127],"product_tag":[],"class_list":{"0":"post-854","1":"product","2":"type-product","3":"status-publish","4":"has-post-thumbnail","6":"product_cat-pie-suelo-tendido","8":"first","9":"instock","10":"shipping-taxable","11":"product-type-simple"},"_links":{"self":[{"href":"https:\/\/miurltemporal.com/main/cuncial.es\/wp-json\/wp\/v2\/product\/854","targetHints":{"allow":["GET"]}}],"collection":[{"href":"https:\/\/miurltemporal.com/main/cuncial.es\/wp-json\/wp\/v2\/product"}],"about":[{"href":"https:\/\/miurltemporal.com/main/cuncial.es\/wp-json\/wp\/v2\/types\/product"}],"replies":[{"embeddable":true,"href":"https:\/\/miurltemporal.com/main/cuncial.es\/wp-json\/wp\/v2\/comments?post=854"}],"wp:featuredmedia":[{"embeddable":true,"href":"https:\/\/miurltemporal.com/main/cuncial.es\/wp-json\/wp\/v2\/media\/828"}],"wp:attachment":[{"href":"https:\/\/miurltemporal.com/main/cuncial.es\/wp-json\/wp\/v2\/media?parent=854"}],"wp:term":[{"taxonomy":"product_brand","embeddable":true,"href":"https:\/\/miurltemporal.com/main/cuncial.es\/wp-json\/wp\/v2\/product_brand?post=854"},{"taxonomy":"product_cat","embeddable":true,"href":"https:\/\/miurltemporal.com/main/cuncial.es\/wp-json\/wp\/v2\/product_cat?post=854"},{"taxonomy":"product_tag","embeddable":true,"href":"https:\/\/miurltemporal.com/main/cuncial.es\/wp-json\/wp\/v2\/product_tag?post=854"}],"curies":[{"name":"wp","href":"https:\/\/api.w.org\/{rel}","templated":true}]}}