{"id":730,"date":"2022-04-22T13:24:59","date_gmt":"2022-04-22T11:24:59","guid":{"rendered":"https:\/\/miurltemporal.com/main/cuncial.es\/?post_type=product&#038;p=730"},"modified":"2023-05-11T10:12:32","modified_gmt":"2023-05-11T08:12:32","slug":"tendedero-pared-tz-s-4","status":"publish","type":"product","link":"https:\/\/miurltemporal.com/main/cuncial.es\/tendido\/automaticos\/tendedero-pared-tz-s-4\/","title":{"rendered":"Tendedero pared TZ S-4"},"content":{"rendered":"<p>Este tendedero pared fue el primer tendedero fabricado en serie en Espa\u00f1a, cuya patente fue declarada por oficio n\u00ba 7967, de utilidad en la edificaci\u00f3n por la <a href=\"https:\/\/www.mitma.gob.es\/el-ministerio\/organizacion-y-funciones\/secretaria-de-estado-de-infraestructuras-transportes-y-vivienda\/direccion-general-de-arquitectura-vivienda-suelo\" target=\"_blank\" rel=\"noopener\">Direcci\u00f3n General de Arquitectura.<\/a><\/p>\n<p>El tendedero autom\u00e1tico extensible TZ-S-4 de Cuncial dispone de cuatro cuerdas. Es extensible, cada cuerda puede extenderse hasta 5 metros o menos para que aproveches todo el espacio disponible.<\/p>\n<p>Tiene una capacidad de tendido de 20 metros. Para tu seguridad, cada cuerda tiene un blocaje individual.<\/p>\n<p>Este tendedero pared es f\u00e1cil de montar ya que incluye el kit de instalaci\u00f3n con el material de fijaci\u00f3n (tornillos) y la plantilla de montaje. Una vez utilizado el tendedero autom\u00e1tico pueden recogerse las cuerdas para que s\u00f3lo ocupe espacio al momento de ser utilizado.<\/p>\n<p>&nbsp;<\/p>\n<p><a href=\"https:\/\/miurltemporal.com/main/cuncial.es\/wp-content\/uploads\/Ficha-tecnica-TZ-S-4.pdf\"><strong>VER FICHA T\u00c9CNICA<\/strong><\/a><\/p>\n","protected":false},"excerpt":{"rendered":"<p>Fabricado en Espa\u00f1a<br \/>\nPrimer\u00a0 tendedero fabricado en serie Autom\u00e1tico<br \/>\n4 cuerdas de 5 metros cada una<br \/>\nKit de montaje incluido; fijaciones y plantilla.<br \/>\n20 metros de tendido<br \/>\nBlocaje individual de cada cuerda<\/p>\n","protected":false},"featured_media":731,"comment_status":"closed","ping_status":"closed","template":"","meta":[],"product_brand":[],"product_cat":[21,17],"product_tag":[],"class_list":{"0":"post-730","1":"product","2":"type-product","3":"status-publish","4":"has-post-thumbnail","6":"product_cat-automaticos","7":"product_cat-tendido","9":"first","10":"instock","11":"shipping-taxable","12":"product-type-simple"},"_links":{"self":[{"href":"https:\/\/miurltemporal.com/main/cuncial.es\/wp-json\/wp\/v2\/product\/730","targetHints":{"allow":["GET"]}}],"collection":[{"href":"https:\/\/miurltemporal.com/main/cuncial.es\/wp-json\/wp\/v2\/product"}],"about":[{"href":"https:\/\/miurltemporal.com/main/cuncial.es\/wp-json\/wp\/v2\/types\/product"}],"replies":[{"embeddable":true,"href":"https:\/\/miurltemporal.com/main/cuncial.es\/wp-json\/wp\/v2\/comments?post=730"}],"wp:featuredmedia":[{"embeddable":true,"href":"https:\/\/miurltemporal.com/main/cuncial.es\/wp-json\/wp\/v2\/media\/731"}],"wp:attachment":[{"href":"https:\/\/miurltemporal.com/main/cuncial.es\/wp-json\/wp\/v2\/media?parent=730"}],"wp:term":[{"taxonomy":"product_brand","embeddable":true,"href":"https:\/\/miurltemporal.com/main/cuncial.es\/wp-json\/wp\/v2\/product_brand?post=730"},{"taxonomy":"product_cat","embeddable":true,"href":"https:\/\/miurltemporal.com/main/cuncial.es\/wp-json\/wp\/v2\/product_cat?post=730"},{"taxonomy":"product_tag","embeddable":true,"href":"https:\/\/miurltemporal.com/main/cuncial.es\/wp-json\/wp\/v2\/product_tag?post=730"}],"curies":[{"name":"wp","href":"https:\/\/api.w.org\/{rel}","templated":true}]}}