{"id":431,"date":"2021-11-03T09:49:30","date_gmt":"2021-11-03T08:49:30","guid":{"rendered":"https:\/\/miurltemporal.com/main/cuncial.es\/?post_type=product&#038;p=431"},"modified":"2023-05-11T09:03:58","modified_gmt":"2023-05-11T07:03:58","slug":"tendedero-pared-tz-s-2","status":"publish","type":"product","link":"https:\/\/miurltemporal.com/main/cuncial.es\/tendido\/automaticos\/tendedero-pared-tz-s-2\/","title":{"rendered":"Tendedero pared TZ S-2"},"content":{"rendered":"<p>El tendedero pared TZ fue el primer tendedero fabricado en serie en Espa\u00f1a. La patente fue declarada por oficio n\u00ba 7967, de utilidad en la edificaci\u00f3n por la <a href=\"https:\/\/www.mitma.gob.es\/el-ministerio\/organizacion-y-funciones\/secretaria-de-estado-de-infraestructuras-transportes-y-vivienda\/direccion-general-de-arquitectura-vivienda-suelo\" target=\"_blank\" rel=\"noopener\">Direcci\u00f3n General de Arquitectura.<\/a><\/p>\n<p>El tendedero autom\u00e1tico extensible TZ S2 de Cuncial dispone de dos cuerdas. Cada cuerda puede extenderse hasta 5 metros o menos para que aproveches todo el espacio disponible. Tiene una capacidad de tendido de 10 metros. Para tu seguridad, cada cuerda tiene un blocaje individual.<\/p>\n<p>Es un tendedero interior y exterior puedes usarlo donde quieras. Est\u00e1 fabricado en Espa\u00f1a y su durabilidad est\u00e1 m\u00e1s que probada despu\u00e9s de m\u00e1s de medio mill\u00f3n de unidades vendidas. Puedes encontrar m\u00e1s medidas y modelos aqu\u00ed: <a href=\"https:\/\/miurltemporal.com/main/cuncial.es\/tendido\/?wpf_filter_cat_0=21\">https:\/\/cuncial.es\/tendido\/?wpf_filter_cat_0=21<\/a><\/p>\n<p>F\u00e1cil de montar ya que Incluye el kit de instalaci\u00f3n con el material de fijaci\u00f3n (tornillos) y la plantilla de montaje. Una vez utilizado el tendedero autom\u00e1tico pueden recogerse las cuerdas para que s\u00f3lo ocupe espacio al momento de ser utilizado.<\/p>\n<p>&nbsp;<\/p>\n<p><a href=\"https:\/\/miurltemporal.com/main/cuncial.es\/wp-content\/uploads\/Ficha-tecnica-TZ-S-2.pdf\"><strong>VER FICHA T\u00c9CNICA<\/strong><\/a><\/p>\n","protected":false},"excerpt":{"rendered":"<p>Fabricado en Espa\u00f1a<br \/>\nPrimer\u00a0 tendedero fabricado en serie Autom\u00e1tico<br \/>\n2 cuerdas de 5 metros cada una<br \/>\nKit de montaje incluido; fijaciones y plantilla.<br \/>\n10 metros de tendido<br \/>\nBlocaje individual de cada cuerda<\/p>\n<p>&nbsp;<\/p>\n","protected":false},"featured_media":432,"comment_status":"closed","ping_status":"closed","template":"","meta":[],"product_brand":[],"product_cat":[21,17],"product_tag":[],"class_list":{"0":"post-431","1":"product","2":"type-product","3":"status-publish","4":"has-post-thumbnail","6":"product_cat-automaticos","7":"product_cat-tendido","9":"first","10":"instock","11":"shipping-taxable","12":"product-type-simple"},"_links":{"self":[{"href":"https:\/\/miurltemporal.com/main/cuncial.es\/wp-json\/wp\/v2\/product\/431","targetHints":{"allow":["GET"]}}],"collection":[{"href":"https:\/\/miurltemporal.com/main/cuncial.es\/wp-json\/wp\/v2\/product"}],"about":[{"href":"https:\/\/miurltemporal.com/main/cuncial.es\/wp-json\/wp\/v2\/types\/product"}],"replies":[{"embeddable":true,"href":"https:\/\/miurltemporal.com/main/cuncial.es\/wp-json\/wp\/v2\/comments?post=431"}],"wp:featuredmedia":[{"embeddable":true,"href":"https:\/\/miurltemporal.com/main/cuncial.es\/wp-json\/wp\/v2\/media\/432"}],"wp:attachment":[{"href":"https:\/\/miurltemporal.com/main/cuncial.es\/wp-json\/wp\/v2\/media?parent=431"}],"wp:term":[{"taxonomy":"product_brand","embeddable":true,"href":"https:\/\/miurltemporal.com/main/cuncial.es\/wp-json\/wp\/v2\/product_brand?post=431"},{"taxonomy":"product_cat","embeddable":true,"href":"https:\/\/miurltemporal.com/main/cuncial.es\/wp-json\/wp\/v2\/product_cat?post=431"},{"taxonomy":"product_tag","embeddable":true,"href":"https:\/\/miurltemporal.com/main/cuncial.es\/wp-json\/wp\/v2\/product_tag?post=431"}],"curies":[{"name":"wp","href":"https:\/\/api.w.org\/{rel}","templated":true}]}}