{"id":1461,"date":"2023-07-26T12:42:40","date_gmt":"2023-07-26T10:42:40","guid":{"rendered":"https:\/\/miurltemporal.com/main/cuncial.es\/?post_type=product&#038;p=1461"},"modified":"2023-07-27T08:33:49","modified_gmt":"2023-07-27T06:33:49","slug":"pinzas-de-madera-mad-90","status":"publish","type":"product","link":"https:\/\/miurltemporal.com/main/cuncial.es\/tendido\/pinzas\/pinzas-de-madera-mad-90\/","title":{"rendered":"Pinzas Madera MAD-90"},"content":{"rendered":"<p>La pinzas de madera para ropa PZ MAD 90 de Cuncial son la soluci\u00f3n perfecta para mantener tu ropa en su lugar de manera segura y con estilo. Es una pinza grande de 90mm de largo y que viene en packs de 50 unidades.<\/p>\n<p>\nFabricada con madera de alta calidad, esta pinza garantiza una resistencia duradera y un dise\u00f1o elegante que se adapta a cualquier estilo de hogar.<\/p>\n<p>Las pinzas de madera para ropa PZ MAD 90 de Cuncial est\u00e1n dise\u00f1adas para sujetar firmemente. Est\u00e1n fabricadas con madera de abedul y tiene sello <a href=\"https:\/\/es.fsc.org\" target=\"_blank\" rel=\"noopener\">FSC<\/a>.<\/p>\n<p>Adem\u00e1s de su funcionalidad, estas pinzas para ropa de madera destacan por su est\u00e9tica natural y atemporal. Aportan un toque r\u00fastico y elegante a tu tendedero, armario o cualquier espacio donde las utilices.<\/p>\n<p>Puedes ver otras pinzas en este enlace: <a href=\"https:\/\/miurltemporal.com/main/cuncial.es\/tendido\/?wpf_filter_cat_0=26\">https:\/\/cuncial.es\/tendido\/?wpf_filter_cat_0=26<\/a><P><\/p>\n","protected":false},"excerpt":{"rendered":"<p>Medidas 90 x 12 x 19 mm<\/p>\n<p>Pack 50 uds<\/p>\n<p>Certificado <a href=\"http:\/\/www.fsc.org\">FSC<\/a><\/p>\n","protected":false},"featured_media":1466,"comment_status":"open","ping_status":"closed","template":"","meta":[],"product_brand":[],"product_cat":[26,17],"product_tag":[],"class_list":{"0":"post-1461","1":"product","2":"type-product","3":"status-publish","4":"has-post-thumbnail","6":"product_cat-pinzas","7":"product_cat-tendido","9":"first","10":"instock","11":"shipping-taxable","12":"product-type-simple"},"_links":{"self":[{"href":"https:\/\/miurltemporal.com/main/cuncial.es\/wp-json\/wp\/v2\/product\/1461","targetHints":{"allow":["GET"]}}],"collection":[{"href":"https:\/\/miurltemporal.com/main/cuncial.es\/wp-json\/wp\/v2\/product"}],"about":[{"href":"https:\/\/miurltemporal.com/main/cuncial.es\/wp-json\/wp\/v2\/types\/product"}],"replies":[{"embeddable":true,"href":"https:\/\/miurltemporal.com/main/cuncial.es\/wp-json\/wp\/v2\/comments?post=1461"}],"wp:featuredmedia":[{"embeddable":true,"href":"https:\/\/miurltemporal.com/main/cuncial.es\/wp-json\/wp\/v2\/media\/1466"}],"wp:attachment":[{"href":"https:\/\/miurltemporal.com/main/cuncial.es\/wp-json\/wp\/v2\/media?parent=1461"}],"wp:term":[{"taxonomy":"product_brand","embeddable":true,"href":"https:\/\/miurltemporal.com/main/cuncial.es\/wp-json\/wp\/v2\/product_brand?post=1461"},{"taxonomy":"product_cat","embeddable":true,"href":"https:\/\/miurltemporal.com/main/cuncial.es\/wp-json\/wp\/v2\/product_cat?post=1461"},{"taxonomy":"product_tag","embeddable":true,"href":"https:\/\/miurltemporal.com/main/cuncial.es\/wp-json\/wp\/v2\/product_tag?post=1461"}],"curies":[{"name":"wp","href":"https:\/\/api.w.org\/{rel}","templated":true}]}}